
{"id":7247,"date":"2023-09-22T10:15:56","date_gmt":"2023-09-22T10:15:56","guid":{"rendered":"http:\/\/hyphen.archi\/sektoren\/"},"modified":"2024-08-14T10:13:15","modified_gmt":"2024-08-14T10:13:15","slug":"sektoren","status":"publish","type":"page","link":"https:\/\/hyphen.archi\/de\/sektoren\/","title":{"rendered":"Sektoren"},"content":{"rendered":"\n<div class=\"wp-block-boldblocks-group cbb-block background-image-animation is-layout-flow wp-block-boldblocks-group-is-layout-flow bb:has-overlay bb:has-background bb:has-background--image\" style=\"min-height:75vh;margin-bottom:var(--wp--preset--spacing--40);padding-top:0;padding-right:var(--wp--preset--spacing--40);padding-bottom:0;padding-left:var(--wp--preset--spacing--40)\"><div class=\"bb:block-background bb:block-background--image cbb-bg-image\" style=\"background-image:url(https:\/\/hyphen.archi\/app\/uploads\/2025\/07\/London-Institute_hero-banner_DT_02.jpg);background-position:63% 50%;background-repeat:no-repeat;background-size:cover;\"   data-src=\"https:\/\/hyphen.archi\/app\/uploads\/2025\/07\/London-Institute_hero-banner_DT_02.jpg\" data-width=\"1200\" data-height=\"483\"><\/div><div aria-hidden=\"true\" class=\"bb:block-overlay\" style=\"background:var(--wp--preset--color--contrast, #000000);opacity:0.3;\"><\/div>\n<h1 class=\"wp-block-heading has-base-color has-text-color\" style=\"margin-top:70vh;margin-right:0;margin-bottom:var(--wp--preset--spacing--40);margin-left:0\">Sektoren<\/h1>\n<\/div>\n\n\n\n<div class=\"wp-block-group alignwide is-layout-flow wp-block-group-is-layout-flow\" style=\"padding-right:var(--wp--preset--spacing--40);padding-left:var(--wp--preset--spacing--40)\">\n<div data-wp-context=\"{}\" data-wp-interactive=\"core\/query\" data-wp-key=\"0\" data-wp-router-region=\"query-0\" class=\"wp-block-query alignwide is-layout-flow wp-block-query-is-layout-flow cbb-query-0-1\"><ul id=\"\" class=\"wp-block-post-template is-layout-flow wp-block-post-template-is-layout-flow\"><li data-wp-key=\"post-template-item-7300\" class=\"wp-block-post post-7300 page type-page status-publish has-post-thumbnail hentry\">\n<figure style=\"aspect-ratio:3\/2;width:100%;height:clamp(15vw, 30vh, 400px); margin-top:0;margin-bottom:0;\" class=\"alignwide wp-block-post-featured-image\"><a href=\"https:\/\/hyphen.archi\/de\/sektoren\/rechenzentren-technologie\/\" target=\"_self\"  style=\"height:clamp(15vw, 30vh, 400px)\"><img decoding=\"async\" width=\"1920\" height=\"857\" src=\"https:\/\/hyphen.archi\/app\/uploads\/2025\/05\/20250505_HYPHEN_ELEA_AIC_EXT_1_V5_Website-banner.jpg\" class=\"attachment-post-thumbnail size-post-thumbnail wp-post-image\" alt=\"Rechenzentren &amp; Technologie\" style=\"width:100%;height:100%;object-fit:cover;\" srcset=\"https:\/\/hyphen.archi\/app\/uploads\/2025\/05\/20250505_HYPHEN_ELEA_AIC_EXT_1_V5_Website-banner.jpg 1920w, https:\/\/hyphen.archi\/app\/uploads\/2025\/05\/20250505_HYPHEN_ELEA_AIC_EXT_1_V5_Website-banner-300x134.jpg 300w, https:\/\/hyphen.archi\/app\/uploads\/2025\/05\/20250505_HYPHEN_ELEA_AIC_EXT_1_V5_Website-banner-1024x457.jpg 1024w, https:\/\/hyphen.archi\/app\/uploads\/2025\/05\/20250505_HYPHEN_ELEA_AIC_EXT_1_V5_Website-banner-768x343.jpg 768w, https:\/\/hyphen.archi\/app\/uploads\/2025\/05\/20250505_HYPHEN_ELEA_AIC_EXT_1_V5_Website-banner-1536x686.jpg 1536w\" sizes=\"(max-width: 1920px) 100vw, 1920px\" \/><\/a><\/figure>\n\n<h2 style=\"padding-top:0;padding-bottom:0;margin-left:0;margin-right:0;margin-top:1rem;margin-bottom:1rem;\" class=\"has-link-color wp-elements-6b75a533ad7e153d9974542dc1e339b6 wp-block-post-title has-medium-font-size\"><a href=\"https:\/\/hyphen.archi\/de\/sektoren\/rechenzentren-technologie\/\" target=\"_self\" >Rechenzentren &amp; Technologie<\/a><\/h2>\n\n<div style=\"margin-bottom:var(--wp--preset--spacing--30);\" class=\"wp-elements-777842574ceb1ab9872d7d10c2d6722f wp-block-post-excerpt\"><p class=\"wp-block-post-excerpt__excerpt\">Wir k\u00f6nnen Sie bei jedem Schritt Ihres Rechenzentrumsprojekts unterst\u00fctzen, unabh\u00e4ngig vom Standort. Wir arbeiten seit mehr&hellip;<\/p><p class=\"wp-block-post-excerpt__more-text\"><a class=\"wp-block-post-excerpt__more-link\" href=\"https:\/\/hyphen.archi\/de\/sektoren\/rechenzentren-technologie\/\">Mehr lesen<\/a><\/p><\/div>\n<\/li><li data-wp-key=\"post-template-item-7309\" class=\"wp-block-post post-7309 page type-page status-publish has-post-thumbnail hentry\">\n<figure style=\"aspect-ratio:3\/2;width:100%;height:clamp(15vw, 30vh, 400px); margin-top:0;margin-bottom:0;\" class=\"alignwide wp-block-post-featured-image\"><a href=\"https:\/\/hyphen.archi\/de\/sektoren\/einzelhandel\/\" target=\"_self\"  style=\"height:clamp(15vw, 30vh, 400px)\"><img decoding=\"async\" width=\"1920\" height=\"1213\" src=\"https:\/\/hyphen.archi\/app\/uploads\/2024\/07\/GA367_Madrid_GFL_GreatRoom_Byron_LTOak_V2_002_MKGALLERY-1.jpg\" class=\"attachment-post-thumbnail size-post-thumbnail wp-post-image\" alt=\"Einzelhandel\" style=\"width:100%;height:100%;object-fit:cover;\" srcset=\"https:\/\/hyphen.archi\/app\/uploads\/2024\/07\/GA367_Madrid_GFL_GreatRoom_Byron_LTOak_V2_002_MKGALLERY-1.jpg 1920w, https:\/\/hyphen.archi\/app\/uploads\/2024\/07\/GA367_Madrid_GFL_GreatRoom_Byron_LTOak_V2_002_MKGALLERY-1-300x190.jpg 300w, https:\/\/hyphen.archi\/app\/uploads\/2024\/07\/GA367_Madrid_GFL_GreatRoom_Byron_LTOak_V2_002_MKGALLERY-1-1024x647.jpg 1024w, https:\/\/hyphen.archi\/app\/uploads\/2024\/07\/GA367_Madrid_GFL_GreatRoom_Byron_LTOak_V2_002_MKGALLERY-1-768x485.jpg 768w, https:\/\/hyphen.archi\/app\/uploads\/2024\/07\/GA367_Madrid_GFL_GreatRoom_Byron_LTOak_V2_002_MKGALLERY-1-1536x970.jpg 1536w\" sizes=\"(max-width: 1920px) 100vw, 1920px\" \/><\/a><\/figure>\n\n<h2 style=\"padding-top:0;padding-bottom:0;margin-left:0;margin-right:0;margin-top:1rem;margin-bottom:1rem;\" class=\"has-link-color wp-elements-6b75a533ad7e153d9974542dc1e339b6 wp-block-post-title has-medium-font-size\"><a href=\"https:\/\/hyphen.archi\/de\/sektoren\/einzelhandel\/\" target=\"_self\" >Einzelhandel<\/a><\/h2>\n\n<div style=\"margin-bottom:var(--wp--preset--spacing--30);\" class=\"wp-elements-777842574ceb1ab9872d7d10c2d6722f wp-block-post-excerpt\"><p class=\"wp-block-post-excerpt__excerpt\">Ben\u00f6tigen Sie Hilfe bei Ihrem n\u00e4chsten Einzelhandels-Rollout? Seit Jahrzehnten erm\u00f6glichen wir exzellente Markenerlebnisse auf der ganzen&hellip;<\/p><p class=\"wp-block-post-excerpt__more-text\"><a class=\"wp-block-post-excerpt__more-link\" href=\"https:\/\/hyphen.archi\/de\/sektoren\/einzelhandel\/\">Mehr lesen<\/a><\/p><\/div>\n<\/li><li data-wp-key=\"post-template-item-7237\" class=\"wp-block-post post-7237 page type-page status-publish has-post-thumbnail hentry\">\n<figure style=\"aspect-ratio:3\/2;width:100%;height:clamp(15vw, 30vh, 400px); margin-top:0;margin-bottom:0;\" class=\"alignwide wp-block-post-featured-image\"><a href=\"https:\/\/hyphen.archi\/de\/sektoren\/logistik\/\" target=\"_self\"  style=\"height:clamp(15vw, 30vh, 400px)\"><img decoding=\"async\" width=\"1920\" height=\"1240\" src=\"https:\/\/hyphen.archi\/app\/uploads\/2023\/12\/Logistics.jpg\" class=\"attachment-post-thumbnail size-post-thumbnail wp-post-image\" alt=\"Logistik\" style=\"width:100%;height:100%;object-fit:cover;\" srcset=\"https:\/\/hyphen.archi\/app\/uploads\/2023\/12\/Logistics.jpg 1920w, https:\/\/hyphen.archi\/app\/uploads\/2023\/12\/Logistics-300x194.jpg 300w, https:\/\/hyphen.archi\/app\/uploads\/2023\/12\/Logistics-1024x661.jpg 1024w, https:\/\/hyphen.archi\/app\/uploads\/2023\/12\/Logistics-768x496.jpg 768w, https:\/\/hyphen.archi\/app\/uploads\/2023\/12\/Logistics-1536x992.jpg 1536w\" sizes=\"(max-width: 1920px) 100vw, 1920px\" \/><\/a><\/figure>\n\n<h2 style=\"padding-top:0;padding-bottom:0;margin-left:0;margin-right:0;margin-top:1rem;margin-bottom:1rem;\" class=\"has-link-color wp-elements-6b75a533ad7e153d9974542dc1e339b6 wp-block-post-title has-medium-font-size\"><a href=\"https:\/\/hyphen.archi\/de\/sektoren\/logistik\/\" target=\"_self\" >Logistik<\/a><\/h2>\n\n<div style=\"margin-bottom:var(--wp--preset--spacing--30);\" class=\"wp-elements-777842574ceb1ab9872d7d10c2d6722f wp-block-post-excerpt\"><p class=\"wp-block-post-excerpt__excerpt\">Sind Sie ein:e globale:r Logistikbetreiber:in oder -entwickler:in, der:die das gesamte Spektrum an Architektur- und Managementdienstleistungen ben\u00f6tigt?&hellip;<\/p><p class=\"wp-block-post-excerpt__more-text\"><a class=\"wp-block-post-excerpt__more-link\" href=\"https:\/\/hyphen.archi\/de\/sektoren\/logistik\/\">Mehr lesen<\/a><\/p><\/div>\n<\/li><li data-wp-key=\"post-template-item-7243\" class=\"wp-block-post post-7243 page type-page status-publish has-post-thumbnail hentry\">\n<figure style=\"aspect-ratio:3\/2;width:100%;height:clamp(15vw, 30vh, 400px); margin-top:0;margin-bottom:0;\" class=\"alignwide wp-block-post-featured-image\"><a href=\"https:\/\/hyphen.archi\/de\/sektoren\/bueroraeume\/\" target=\"_self\"  style=\"height:clamp(15vw, 30vh, 400px)\"><img decoding=\"async\" width=\"1920\" height=\"1240\" src=\"https:\/\/hyphen.archi\/app\/uploads\/2023\/12\/Offices.jpg\" class=\"attachment-post-thumbnail size-post-thumbnail wp-post-image\" alt=\"B\u00fcro\" style=\"width:100%;height:100%;object-fit:cover;\" srcset=\"https:\/\/hyphen.archi\/app\/uploads\/2023\/12\/Offices.jpg 1920w, https:\/\/hyphen.archi\/app\/uploads\/2023\/12\/Offices-300x194.jpg 300w, https:\/\/hyphen.archi\/app\/uploads\/2023\/12\/Offices-1024x661.jpg 1024w, https:\/\/hyphen.archi\/app\/uploads\/2023\/12\/Offices-768x496.jpg 768w, https:\/\/hyphen.archi\/app\/uploads\/2023\/12\/Offices-1536x992.jpg 1536w\" sizes=\"(max-width: 1920px) 100vw, 1920px\" \/><\/a><\/figure>\n\n<h2 style=\"padding-top:0;padding-bottom:0;margin-left:0;margin-right:0;margin-top:1rem;margin-bottom:1rem;\" class=\"has-link-color wp-elements-6b75a533ad7e153d9974542dc1e339b6 wp-block-post-title has-medium-font-size\"><a href=\"https:\/\/hyphen.archi\/de\/sektoren\/bueroraeume\/\" target=\"_self\" >B\u00fcro<\/a><\/h2>\n\n<div style=\"margin-bottom:var(--wp--preset--spacing--30);\" class=\"wp-elements-777842574ceb1ab9872d7d10c2d6722f wp-block-post-excerpt\"><p class=\"wp-block-post-excerpt__excerpt\">Wir arbeiten eng mit gewerblichen Kund:innen zusammen, um flexible Arbeitsbereiche mit Pers\u00f6nlichkeit und Zweck zu schaffen.&hellip;<\/p><p class=\"wp-block-post-excerpt__more-text\"><a class=\"wp-block-post-excerpt__more-link\" href=\"https:\/\/hyphen.archi\/de\/sektoren\/bueroraeume\/\">Mehr lesen<\/a><\/p><\/div>\n<\/li><li data-wp-key=\"post-template-item-7219\" class=\"wp-block-post post-7219 page type-page status-publish has-post-thumbnail hentry\">\n<figure style=\"aspect-ratio:3\/2;width:100%;height:clamp(15vw, 30vh, 400px); margin-top:0;margin-bottom:0;\" class=\"alignwide wp-block-post-featured-image\"><a href=\"https:\/\/hyphen.archi\/de\/sektoren\/gastfreundschaft\/\" target=\"_self\"  style=\"height:clamp(15vw, 30vh, 400px)\"><img decoding=\"async\" width=\"1200\" height=\"483\" src=\"https:\/\/hyphen.archi\/app\/uploads\/2025\/07\/London-Institute_hero-banner_DT_02-1.jpg\" class=\"attachment-post-thumbnail size-post-thumbnail wp-post-image\" alt=\"Gastfreundschaft\" style=\"width:100%;height:100%;object-fit:cover;\" srcset=\"https:\/\/hyphen.archi\/app\/uploads\/2025\/07\/London-Institute_hero-banner_DT_02-1.jpg 1200w, https:\/\/hyphen.archi\/app\/uploads\/2025\/07\/London-Institute_hero-banner_DT_02-1-300x121.jpg 300w, https:\/\/hyphen.archi\/app\/uploads\/2025\/07\/London-Institute_hero-banner_DT_02-1-1024x412.jpg 1024w, https:\/\/hyphen.archi\/app\/uploads\/2025\/07\/London-Institute_hero-banner_DT_02-1-768x309.jpg 768w\" sizes=\"(max-width: 1200px) 100vw, 1200px\" \/><\/a><\/figure>\n\n<h2 style=\"padding-top:0;padding-bottom:0;margin-left:0;margin-right:0;margin-top:1rem;margin-bottom:1rem;\" class=\"has-link-color wp-elements-6b75a533ad7e153d9974542dc1e339b6 wp-block-post-title has-medium-font-size\"><a href=\"https:\/\/hyphen.archi\/de\/sektoren\/gastfreundschaft\/\" target=\"_self\" >Gastfreundschaft<\/a><\/h2>\n\n<div style=\"margin-bottom:var(--wp--preset--spacing--30);\" class=\"wp-elements-777842574ceb1ab9872d7d10c2d6722f wp-block-post-excerpt\"><p class=\"wp-block-post-excerpt__excerpt\">Ein au\u00dfergew\u00f6hnliches Bersucher:innenerlebnis ist wesentlich im Gastgewerbe, und wir helfen unseren Kund:innen seit mehr als 30&hellip;<\/p><p class=\"wp-block-post-excerpt__more-text\"><a class=\"wp-block-post-excerpt__more-link\" href=\"https:\/\/hyphen.archi\/de\/sektoren\/gastfreundschaft\/\">Mehr lesen<\/a><\/p><\/div>\n<\/li><li data-wp-key=\"post-template-item-7228\" class=\"wp-block-post post-7228 page type-page status-publish has-post-thumbnail hentry\">\n<figure style=\"aspect-ratio:3\/2;width:100%;height:clamp(15vw, 30vh, 400px); margin-top:0;margin-bottom:0;\" class=\"alignwide wp-block-post-featured-image\"><a href=\"https:\/\/hyphen.archi\/de\/sektoren\/wohnen-gemischte-nutzung\/\" target=\"_self\"  style=\"height:clamp(15vw, 30vh, 400px)\"><img decoding=\"async\" width=\"1920\" height=\"1240\" src=\"https:\/\/hyphen.archi\/app\/uploads\/2023\/12\/Residential_Mix.jpg\" class=\"attachment-post-thumbnail size-post-thumbnail wp-post-image\" alt=\"Wohnen &amp; gemischte Nutzung\" style=\"width:100%;height:100%;object-fit:cover;\" srcset=\"https:\/\/hyphen.archi\/app\/uploads\/2023\/12\/Residential_Mix.jpg 1920w, https:\/\/hyphen.archi\/app\/uploads\/2023\/12\/Residential_Mix-300x194.jpg 300w, https:\/\/hyphen.archi\/app\/uploads\/2023\/12\/Residential_Mix-1024x661.jpg 1024w, https:\/\/hyphen.archi\/app\/uploads\/2023\/12\/Residential_Mix-768x496.jpg 768w, https:\/\/hyphen.archi\/app\/uploads\/2023\/12\/Residential_Mix-1536x992.jpg 1536w\" sizes=\"(max-width: 1920px) 100vw, 1920px\" \/><\/a><\/figure>\n\n<h2 style=\"padding-top:0;padding-bottom:0;margin-left:0;margin-right:0;margin-top:1rem;margin-bottom:1rem;\" class=\"has-link-color wp-elements-6b75a533ad7e153d9974542dc1e339b6 wp-block-post-title has-medium-font-size\"><a href=\"https:\/\/hyphen.archi\/de\/sektoren\/wohnen-gemischte-nutzung\/\" target=\"_self\" >Wohnen &amp; gemischte Nutzung<\/a><\/h2>\n\n<div style=\"margin-bottom:var(--wp--preset--spacing--30);\" class=\"wp-elements-777842574ceb1ab9872d7d10c2d6722f wp-block-post-excerpt\"><p class=\"wp-block-post-excerpt__excerpt\">Unsere Teams nutzen ihre kombinierte Erfahrung, um gemischt genutzte Projekte zu realisieren, die Einzelhandel, B\u00fcros, Gastronomie&hellip;<\/p><p class=\"wp-block-post-excerpt__more-text\"><a class=\"wp-block-post-excerpt__more-link\" href=\"https:\/\/hyphen.archi\/de\/sektoren\/wohnen-gemischte-nutzung\/\">Mehr lesen<\/a><\/p><\/div>\n<\/li><\/ul><\/div>\n<\/div>\n","protected":false},"excerpt":{"rendered":"","protected":false},"author":1,"featured_media":14574,"parent":0,"menu_order":0,"comment_status":"closed","ping_status":"closed","template":"page-epic","meta":{"_acf_changed":false,"CBBTypography":[],"footnotes":""},"expertise":[],"location":[],"sector":[],"class_list":["post-7247","page","type-page","status-publish","has-post-thumbnail","hentry"],"acf":[],"mb":[],"yoast_head":"<!-- This site is optimized with the Yoast SEO Premium plugin v25.9 (Yoast SEO v27.4) - https:\/\/yoast.com\/product\/yoast-seo-premium-wordpress\/ -->\n<title>Sektoren - Hyphen<\/title>\n<meta name=\"description\" content=\"Unser umfassendes Design- und Technik-Know-how sowie unsere Branchenkenntnisse erm\u00f6glichen uns, unseren Kund:innen auf der ganzen Welt die h\u00f6chste Qualit\u00e4t zu bieten.\" \/>\n<meta name=\"robots\" content=\"index, follow, max-snippet:-1, max-image-preview:large, max-video-preview:-1\" \/>\n<link rel=\"canonical\" href=\"https:\/\/hyphen.archi\/de\/sektoren\/\" \/>\n<meta property=\"og:locale\" content=\"de_DE\" \/>\n<meta property=\"og:type\" content=\"article\" \/>\n<meta property=\"og:title\" content=\"Sektoren\" \/>\n<meta property=\"og:description\" content=\"Unser umfassendes Design- und Technik-Know-how sowie unsere Branchenkenntnisse erm\u00f6glichen uns, unseren Kund:innen auf der ganzen Welt die h\u00f6chste Qualit\u00e4t zu bieten.\" \/>\n<meta property=\"og:url\" content=\"https:\/\/hyphen.archi\/de\/sektoren\/\" \/>\n<meta property=\"og:site_name\" content=\"Hyphen\" \/>\n<meta property=\"article:modified_time\" content=\"2024-08-14T10:13:15+00:00\" \/>\n<meta property=\"og:image\" content=\"http:\/\/hyphen.archi\/app\/uploads\/2024\/04\/ER1.jpg\" \/>\n\t<meta property=\"og:image:width\" content=\"1920\" \/>\n\t<meta property=\"og:image:height\" content=\"960\" \/>\n\t<meta property=\"og:image:type\" content=\"image\/jpeg\" \/>\n<meta name=\"twitter:card\" content=\"summary_large_image\" \/>\n<meta name=\"twitter:label1\" content=\"Est. reading time\" \/>\n\t<meta name=\"twitter:data1\" content=\"1 minute\" \/>\n<script type=\"application\/ld+json\" class=\"yoast-schema-graph\">{\"@context\":\"https:\\\/\\\/schema.org\",\"@graph\":[{\"@type\":\"WebPage\",\"@id\":\"https:\\\/\\\/hyphen.archi\\\/de\\\/sektoren\\\/\",\"url\":\"https:\\\/\\\/hyphen.archi\\\/de\\\/sektoren\\\/\",\"name\":\"Sektoren - Hyphen\",\"isPartOf\":{\"@id\":\"https:\\\/\\\/hyphen.archi\\\/de\\\/#website\"},\"primaryImageOfPage\":{\"@id\":\"https:\\\/\\\/hyphen.archi\\\/de\\\/sektoren\\\/#primaryimage\"},\"image\":{\"@id\":\"https:\\\/\\\/hyphen.archi\\\/de\\\/sektoren\\\/#primaryimage\"},\"thumbnailUrl\":\"https:\\\/\\\/hyphen.archi\\\/app\\\/uploads\\\/2025\\\/07\\\/London-Institute_hero-banner_DT_02.jpg\",\"datePublished\":\"2023-09-22T10:15:56+00:00\",\"dateModified\":\"2024-08-14T10:13:15+00:00\",\"description\":\"Unser umfassendes Design- und Technik-Know-how sowie unsere Branchenkenntnisse erm\u00f6glichen uns, unseren Kund:innen auf der ganzen Welt die h\u00f6chste Qualit\u00e4t zu bieten.\",\"breadcrumb\":{\"@id\":\"https:\\\/\\\/hyphen.archi\\\/de\\\/sektoren\\\/#breadcrumb\"},\"inLanguage\":\"de-DE\",\"potentialAction\":[{\"@type\":\"ReadAction\",\"target\":[\"https:\\\/\\\/hyphen.archi\\\/de\\\/sektoren\\\/\"]}]},{\"@type\":\"ImageObject\",\"inLanguage\":\"de-DE\",\"@id\":\"https:\\\/\\\/hyphen.archi\\\/de\\\/sektoren\\\/#primaryimage\",\"url\":\"https:\\\/\\\/hyphen.archi\\\/app\\\/uploads\\\/2025\\\/07\\\/London-Institute_hero-banner_DT_02.jpg\",\"contentUrl\":\"https:\\\/\\\/hyphen.archi\\\/app\\\/uploads\\\/2025\\\/07\\\/London-Institute_hero-banner_DT_02.jpg\",\"width\":1200,\"height\":483},{\"@type\":\"BreadcrumbList\",\"@id\":\"https:\\\/\\\/hyphen.archi\\\/de\\\/sektoren\\\/#breadcrumb\",\"itemListElement\":[{\"@type\":\"ListItem\",\"position\":1,\"name\":\"Home\",\"item\":\"https:\\\/\\\/hyphen.archi\\\/de\\\/\"},{\"@type\":\"ListItem\",\"position\":2,\"name\":\"Sektoren\"}]},{\"@type\":\"WebSite\",\"@id\":\"https:\\\/\\\/hyphen.archi\\\/de\\\/#website\",\"url\":\"https:\\\/\\\/hyphen.archi\\\/de\\\/\",\"name\":\"Hyphen\",\"description\":\"International Architecture Firm\",\"publisher\":{\"@id\":\"https:\\\/\\\/hyphen.archi\\\/de\\\/#organization\"},\"potentialAction\":[{\"@type\":\"SearchAction\",\"target\":{\"@type\":\"EntryPoint\",\"urlTemplate\":\"https:\\\/\\\/hyphen.archi\\\/de\\\/?s={search_term_string}\"},\"query-input\":{\"@type\":\"PropertyValueSpecification\",\"valueRequired\":true,\"valueName\":\"search_term_string\"}}],\"inLanguage\":\"de-DE\"},{\"@type\":\"Organization\",\"@id\":\"https:\\\/\\\/hyphen.archi\\\/de\\\/#organization\",\"name\":\"Hyphen\",\"url\":\"https:\\\/\\\/hyphen.archi\\\/de\\\/\",\"logo\":{\"@type\":\"ImageObject\",\"inLanguage\":\"de-DE\",\"@id\":\"https:\\\/\\\/hyphen.archi\\\/de\\\/#\\\/schema\\\/logo\\\/image\\\/\",\"url\":\"https:\\\/\\\/hyphen.archi\\\/app\\\/uploads\\\/2024\\\/03\\\/Favicon-no_BG.png\",\"contentUrl\":\"https:\\\/\\\/hyphen.archi\\\/app\\\/uploads\\\/2024\\\/03\\\/Favicon-no_BG.png\",\"width\":792,\"height\":793,\"caption\":\"Hyphen\"},\"image\":{\"@id\":\"https:\\\/\\\/hyphen.archi\\\/de\\\/#\\\/schema\\\/logo\\\/image\\\/\"},\"sameAs\":[\"https:\\\/\\\/www.linkedin.com\\\/company\\\/hyphen.archi\\\/\",\"https:\\\/\\\/www.instagram.com\\\/hyphen_archi\\\/\"]}]}<\/script>\n<!-- \/ Yoast SEO Premium plugin. -->","yoast_head_json":{"title":"Sektoren - Hyphen","description":"Unser umfassendes Design- und Technik-Know-how sowie unsere Branchenkenntnisse erm\u00f6glichen uns, unseren Kund:innen auf der ganzen Welt die h\u00f6chste Qualit\u00e4t zu bieten.","robots":{"index":"index","follow":"follow","max-snippet":"max-snippet:-1","max-image-preview":"max-image-preview:large","max-video-preview":"max-video-preview:-1"},"canonical":"https:\/\/hyphen.archi\/de\/sektoren\/","og_locale":"de_DE","og_type":"article","og_title":"Sektoren","og_description":"Unser umfassendes Design- und Technik-Know-how sowie unsere Branchenkenntnisse erm\u00f6glichen uns, unseren Kund:innen auf der ganzen Welt die h\u00f6chste Qualit\u00e4t zu bieten.","og_url":"https:\/\/hyphen.archi\/de\/sektoren\/","og_site_name":"Hyphen","article_modified_time":"2024-08-14T10:13:15+00:00","og_image":[{"width":1920,"height":960,"url":"http:\/\/hyphen.archi\/app\/uploads\/2024\/04\/ER1.jpg","type":"image\/jpeg"}],"twitter_card":"summary_large_image","twitter_misc":{"Est. reading time":"1 minute"},"schema":{"@context":"https:\/\/schema.org","@graph":[{"@type":"WebPage","@id":"https:\/\/hyphen.archi\/de\/sektoren\/","url":"https:\/\/hyphen.archi\/de\/sektoren\/","name":"Sektoren - Hyphen","isPartOf":{"@id":"https:\/\/hyphen.archi\/de\/#website"},"primaryImageOfPage":{"@id":"https:\/\/hyphen.archi\/de\/sektoren\/#primaryimage"},"image":{"@id":"https:\/\/hyphen.archi\/de\/sektoren\/#primaryimage"},"thumbnailUrl":"https:\/\/hyphen.archi\/app\/uploads\/2025\/07\/London-Institute_hero-banner_DT_02.jpg","datePublished":"2023-09-22T10:15:56+00:00","dateModified":"2024-08-14T10:13:15+00:00","description":"Unser umfassendes Design- und Technik-Know-how sowie unsere Branchenkenntnisse erm\u00f6glichen uns, unseren Kund:innen auf der ganzen Welt die h\u00f6chste Qualit\u00e4t zu bieten.","breadcrumb":{"@id":"https:\/\/hyphen.archi\/de\/sektoren\/#breadcrumb"},"inLanguage":"de-DE","potentialAction":[{"@type":"ReadAction","target":["https:\/\/hyphen.archi\/de\/sektoren\/"]}]},{"@type":"ImageObject","inLanguage":"de-DE","@id":"https:\/\/hyphen.archi\/de\/sektoren\/#primaryimage","url":"https:\/\/hyphen.archi\/app\/uploads\/2025\/07\/London-Institute_hero-banner_DT_02.jpg","contentUrl":"https:\/\/hyphen.archi\/app\/uploads\/2025\/07\/London-Institute_hero-banner_DT_02.jpg","width":1200,"height":483},{"@type":"BreadcrumbList","@id":"https:\/\/hyphen.archi\/de\/sektoren\/#breadcrumb","itemListElement":[{"@type":"ListItem","position":1,"name":"Home","item":"https:\/\/hyphen.archi\/de\/"},{"@type":"ListItem","position":2,"name":"Sektoren"}]},{"@type":"WebSite","@id":"https:\/\/hyphen.archi\/de\/#website","url":"https:\/\/hyphen.archi\/de\/","name":"Hyphen","description":"International Architecture Firm","publisher":{"@id":"https:\/\/hyphen.archi\/de\/#organization"},"potentialAction":[{"@type":"SearchAction","target":{"@type":"EntryPoint","urlTemplate":"https:\/\/hyphen.archi\/de\/?s={search_term_string}"},"query-input":{"@type":"PropertyValueSpecification","valueRequired":true,"valueName":"search_term_string"}}],"inLanguage":"de-DE"},{"@type":"Organization","@id":"https:\/\/hyphen.archi\/de\/#organization","name":"Hyphen","url":"https:\/\/hyphen.archi\/de\/","logo":{"@type":"ImageObject","inLanguage":"de-DE","@id":"https:\/\/hyphen.archi\/de\/#\/schema\/logo\/image\/","url":"https:\/\/hyphen.archi\/app\/uploads\/2024\/03\/Favicon-no_BG.png","contentUrl":"https:\/\/hyphen.archi\/app\/uploads\/2024\/03\/Favicon-no_BG.png","width":792,"height":793,"caption":"Hyphen"},"image":{"@id":"https:\/\/hyphen.archi\/de\/#\/schema\/logo\/image\/"},"sameAs":["https:\/\/www.linkedin.com\/company\/hyphen.archi\/","https:\/\/www.instagram.com\/hyphen_archi\/"]}]}},"mfb_rest_fields":["title","yoast_head","yoast_head_json"],"_links":{"self":[{"href":"https:\/\/hyphen.archi\/de\/wp-json\/wp\/v2\/pages\/7247","targetHints":{"allow":["GET"]}}],"collection":[{"href":"https:\/\/hyphen.archi\/de\/wp-json\/wp\/v2\/pages"}],"about":[{"href":"https:\/\/hyphen.archi\/de\/wp-json\/wp\/v2\/types\/page"}],"author":[{"embeddable":true,"href":"https:\/\/hyphen.archi\/de\/wp-json\/wp\/v2\/users\/1"}],"replies":[{"embeddable":true,"href":"https:\/\/hyphen.archi\/de\/wp-json\/wp\/v2\/comments?post=7247"}],"version-history":[{"count":4,"href":"https:\/\/hyphen.archi\/de\/wp-json\/wp\/v2\/pages\/7247\/revisions"}],"predecessor-version":[{"id":10535,"href":"https:\/\/hyphen.archi\/de\/wp-json\/wp\/v2\/pages\/7247\/revisions\/10535"}],"wp:featuredmedia":[{"embeddable":true,"href":"https:\/\/hyphen.archi\/de\/wp-json\/wp\/v2\/media\/14574"}],"wp:attachment":[{"href":"https:\/\/hyphen.archi\/de\/wp-json\/wp\/v2\/media?parent=7247"}],"wp:term":[{"taxonomy":"expertise","embeddable":true,"href":"https:\/\/hyphen.archi\/de\/wp-json\/wp\/v2\/expertise?post=7247"},{"taxonomy":"location","embeddable":true,"href":"https:\/\/hyphen.archi\/de\/wp-json\/wp\/v2\/location?post=7247"},{"taxonomy":"sector","embeddable":true,"href":"https:\/\/hyphen.archi\/de\/wp-json\/wp\/v2\/sector?post=7247"}],"curies":[{"name":"wp","href":"https:\/\/api.w.org\/{rel}","templated":true}]}}