
{"id":7319,"date":"2023-11-08T10:48:32","date_gmt":"2023-11-08T10:48:32","guid":{"rendered":"http:\/\/hyphen.archi\/dienstleistungen\/"},"modified":"2024-08-14T10:30:01","modified_gmt":"2024-08-14T10:30:01","slug":"dienstleistungen","status":"publish","type":"page","link":"https:\/\/hyphen.archi\/de\/dienstleistungen\/","title":{"rendered":"Dienstleistungen"},"content":{"rendered":"\n<div class=\"wp-block-boldblocks-group cbb-block background-image-animation is-layout-flow wp-block-boldblocks-group-is-layout-flow bb:has-overlay bb:has-background bb:has-background--image\" style=\"min-height:75vh;margin-bottom:var(--wp--preset--spacing--40);padding-top:0;padding-right:var(--wp--preset--spacing--40);padding-bottom:0;padding-left:var(--wp--preset--spacing--40)\"><div class=\"bb:block-background bb:block-background--image cbb-bg-image\" style=\"background-image:url(https:\/\/hyphen.archi\/app\/uploads\/2026\/03\/TEST003_N3_medium.jpg);background-position:63% 43%;background-repeat:no-repeat;background-size:cover;\"   data-src=\"https:\/\/hyphen.archi\/app\/uploads\/2026\/03\/TEST003_N3_medium.jpg\" data-width=\"1500\" data-height=\"844\"><\/div><div aria-hidden=\"true\" class=\"bb:block-overlay\" style=\"background:var(--wp--preset--color--contrast, #000000);opacity:0.3;\"><\/div>\n<h1 class=\"wp-block-heading has-base-color has-text-color\" style=\"margin-top:70vh;margin-right:0;margin-bottom:var(--wp--preset--spacing--40);margin-left:0\">Dienstleistungen<\/h1>\n<\/div>\n\n\n\n<div class=\"wp-block-group is-layout-flow wp-block-group-is-layout-flow\" style=\"margin-top:var(--wp--preset--spacing--40);margin-bottom:var(--wp--preset--spacing--40);padding-top:0;padding-right:var(--wp--preset--spacing--40);padding-bottom:0;padding-left:var(--wp--preset--spacing--40)\">\n<div class=\"wp-block-columns is-layout-flex wp-container-core-columns-is-layout-28f84493 wp-block-columns-is-layout-flex\">\n<div class=\"wp-block-column is-layout-flow wp-block-column-is-layout-flow\">\n<p class=\"has-large-font-size\">Wir sind flexibel in Bezug auf die von uns angebotenen Dienstleistungen, von einem traditionellen vollst\u00e4ndigen Architekturservice bis hin zu speziellen Auftr\u00e4gen oder fachlicher Beratung.<\/p>\n\n\n\n<p>Wir verf\u00fcgen \u00fcber das n\u00f6tige Fachwissen, um Projekte aller Gr\u00f6\u00dfen und Arten \u00fcberall auf der Welt zu realisieren. <\/p>\n\n\n\n<p>Unsere Rolle f\u00e4llt in der Regel in diese gro\u00dfen Kategorien:<\/p>\n<\/div>\n\n\n\n<div class=\"wp-block-column is-layout-flow wp-block-column-is-layout-flow\"><\/div>\n<\/div>\n<\/div>\n\n\n\n<div class=\"wp-block-group is-layout-flow wp-block-group-is-layout-flow\" style=\"padding-right:var(--wp--preset--spacing--40);padding-left:var(--wp--preset--spacing--40)\">\n<div class=\"wp-block-boldblocks-accordion-item-repeater cbb-block-parent is-accordion is-style-boldblocks-accordion-item-repeater-variation-NZ1Ek39WGM has-border-color has-base-border-color js-accordion-layout cbb-g-7 sm-cbb-a-no-border md-cbb-a-no-border lg-cbb-a-no-border sm-cbb-accordion-gap sm-cbb-accordion-padding\" style=\"border-width:1px;--bb--accordion-title-color:var(--wp--preset--color--contrast, #000000);--bb--accordion-icon-color:var(--wp--preset--color--contrast, #000000)\" data-multiple-opens=\"false\">\n<div class=\"wp-block-boldblocks-accordion-item cbb-block is-accordion-item has-parent has-border-color has-base-border-color\" style=\"border-width:1px\"><h3 class=\"accordion-header\" data-toggle-target=\"#accordion-1-item-1\" data-toggle-state=\"hidden\" data-toggle-state-hidden=\"hidden\" data-toggle-state-shown=\"shown\" data-toggle-collapse-transition-property=\"height\" aria-controls=\"accordion-1-item-1\"><a class=\"accordion-link\" href=\"#accordion-1-item-1\"><span class=\"title\">Strategische Definition<\/span><\/a><\/h3><div role=\"region\" id=\"accordion-1-item-1\" class=\"accordion-collapse collapse\"><div class=\"accordion-body\">\n<ul class=\"wp-block-list\">\n<li class=\"has-medium-font-size\">Strategische Beratung<\/li>\n\n\n\n<li class=\"has-medium-font-size\">Standortauswahl und -bewertung <\/li>\n\n\n\n<li class=\"has-medium-font-size\">Berichte \u00fcber Standortinformationen und Umfragen<\/li>\n\n\n\n<li class=\"has-medium-font-size\">Bewertung des Geb\u00e4udezustands <\/li>\n\n\n\n<li class=\"has-medium-font-size\">Machbarkeitsstudien<\/li>\n\n\n\n<li class=\"has-medium-font-size\">Technische Due Diligence<\/li>\n\n\n\n<li class=\"has-medium-font-size\">Projektbriefing und Planung<\/li>\n\n\n\n<li class=\"has-medium-font-size\">Risikobewertung<\/li>\n\n\n\n<li class=\"has-medium-font-size\">Strategie zur Erhaltung der Natur<\/li>\n\n\n\n<li class=\"has-medium-font-size\">Lokalisierung<\/li>\n<\/ul>\n<\/div><\/div><\/div>\n\n\n\n<div class=\"wp-block-boldblocks-accordion-item cbb-block is-accordion-item has-parent has-border-color has-base-border-color\" style=\"border-width:1px\"><h3 class=\"accordion-header\" data-toggle-target=\"#accordion-1-item-2\" data-toggle-state=\"hidden\" data-toggle-state-hidden=\"hidden\" data-toggle-state-shown=\"shown\" data-toggle-collapse-transition-property=\"height\" aria-controls=\"accordion-1-item-2\"><a class=\"accordion-link\" href=\"#accordion-1-item-2\"><span class=\"title\">Designentwicklung<\/span><\/a><\/h3><div role=\"region\" id=\"accordion-1-item-2\" class=\"accordion-collapse collapse\"><div class=\"accordion-body\">\n<ul class=\"wp-block-list\">\n<li class=\"has-medium-font-size\">Architektonische Beratung  <\/li>\n\n\n\n<li class=\"has-medium-font-size\">Beratung zum Denkmalschutz<\/li>\n\n\n\n<li class=\"has-medium-font-size\">Test-fits <\/li>\n\n\n\n<li class=\"has-medium-font-size\">Masterplanung  <\/li>\n\n\n\n<li class=\"has-medium-font-size\">Konzeptentwurf  <\/li>\n\n\n\n<li class=\"has-medium-font-size\">Detaillierter Entwurf  <\/li>\n\n\n\n<li class=\"has-medium-font-size\">Exekutive Architektur  <\/li>\n\n\n\n<li class=\"has-medium-font-size\">Innenarchitektur  <\/li>\n\n\n\n<li class=\"has-medium-font-size\">Kostenplan und Beschaffungsstrategie<\/li>\n\n\n\n<li class=\"has-medium-font-size\">Projekt-Programm<\/li>\n\n\n\n<li class=\"has-medium-font-size\">Geb\u00e4udedatenmodellierung (BIM)<\/li>\n\n\n\n<li class=\"has-medium-font-size\">Denkmalgesch\u00fctze Architektur <\/li>\n\n\n\n<li class=\"has-medium-font-size\">Wertanalyse<\/li>\n<\/ul>\n<\/div><\/div><\/div>\n\n\n\n<div class=\"wp-block-boldblocks-accordion-item cbb-block is-accordion-item has-parent has-border-color has-base-border-color\" style=\"border-width:1px\"><h3 class=\"accordion-header\" data-toggle-target=\"#accordion-1-item-3\" data-toggle-state=\"hidden\" data-toggle-state-hidden=\"hidden\" data-toggle-state-shown=\"shown\" data-toggle-collapse-transition-property=\"height\" aria-controls=\"accordion-1-item-3\"><a class=\"accordion-link\" href=\"#accordion-1-item-3\"><span class=\"title\">Genehmigungen und Vorschriften<\/span><\/a><\/h3><div role=\"region\" id=\"accordion-1-item-3\" class=\"accordion-collapse collapse\"><div class=\"accordion-body\">\n<ul class=\"wp-block-list\">\n<li class=\"has-medium-font-size\">Beratung zur Genehmigungsstrategie<\/li>\n\n\n\n<li class=\"has-medium-font-size\">Berichte \u00fcber die Einhaltung von Gesetzen und Vorschriften<\/li>\n\n\n\n<li class=\"has-medium-font-size\">Beratung bei der Planung<\/li>\n\n\n\n<li class=\"has-medium-font-size\">Kontakt zu den lokalen Beh\u00f6rden<\/li>\n\n\n\n<li class=\"has-medium-font-size\">Baugenehmigungsantr\u00e4ge und Verwaltung<\/li>\n<\/ul>\n<\/div><\/div><\/div>\n\n\n\n<div class=\"wp-block-boldblocks-accordion-item cbb-block is-accordion-item has-parent has-border-color has-base-border-color\" style=\"border-width:1px\"><h3 class=\"accordion-header\" data-toggle-target=\"#accordion-1-item-4\" data-toggle-state=\"hidden\" data-toggle-state-hidden=\"hidden\" data-toggle-state-shown=\"shown\" data-toggle-collapse-transition-property=\"height\" aria-controls=\"accordion-1-item-4\"><a class=\"accordion-link\" href=\"#accordion-1-item-4\"><span class=\"title\">Bauvorbereitung und -management<\/span><\/a><\/h3><div role=\"region\" id=\"accordion-1-item-4\" class=\"accordion-collapse collapse\"><div class=\"accordion-body\">\n<ul class=\"wp-block-list\">\n<li class=\"has-medium-font-size\">Baudokumentation<\/li>\n\n\n\n<li class=\"has-medium-font-size\">Bauvertr\u00e4ge<\/li>\n\n\n\n<li class=\"has-medium-font-size\">Informationen und Verwaltung von Ausschreibungen<\/li>\n\n\n\n<li class=\"has-medium-font-size\">Planung der Bauphase<\/li>\n\n\n\n<li class=\"has-medium-font-size\">Verwaltung von Bauvertr\u00e4gen<\/li>\n\n\n\n<li class=\"has-medium-font-size\">Projektleitung <\/li>\n\n\n\n<li class=\"has-medium-font-size\">Baumanagement <\/li>\n\n\n\n<li class=\"has-medium-font-size\">Bauqualit\u00e4t und Einhaltung der Vorschriften<\/li>\n\n\n\n<li class=\"has-medium-font-size\">Informationen \u00fcber den Bauzustand<\/li>\n\n\n\n<li class=\"has-medium-font-size\">Dokumentationsabzeichnung<\/li>\n\n\n\n<li class=\"has-medium-font-size\">\u00dcberwachung der Inbetriebnahme<\/li>\n\n\n\n<li class=\"has-medium-font-size\">Post-Construction <\/li>\n\n\n\n<li class=\"has-medium-font-size\">Bewertung nach der Nutzung<\/li>\n<\/ul>\n<\/div><\/div><\/div>\n\n\n\n<div class=\"wp-block-boldblocks-accordion-item cbb-block is-accordion-item has-parent has-border-color has-base-border-color\" style=\"border-width:1px\"><h3 class=\"accordion-header\" data-toggle-target=\"#accordion-1-item-5\" data-toggle-state=\"hidden\" data-toggle-state-hidden=\"hidden\" data-toggle-state-shown=\"shown\" data-toggle-collapse-transition-property=\"height\" aria-controls=\"accordion-1-item-5\"><a class=\"accordion-link\" href=\"#accordion-1-item-5\"><span class=\"title\">Andere Dienstleistungen<\/span><\/a><\/h3><div role=\"region\" id=\"accordion-1-item-5\" class=\"accordion-collapse collapse\"><div class=\"accordion-body\">\n<ul class=\"wp-block-list\">\n<li class=\"has-medium-font-size\">Nachhaltigkeit<\/li>\n\n\n\n<li class=\"has-medium-font-size\">Visualisierung<\/li>\n\n\n\n<li class=\"has-medium-font-size\">MEP-Design (Einzelhandel und Gewerbe)<\/li>\n<\/ul>\n<\/div><\/div><\/div>\n<\/div>\n<\/div>\n","protected":false},"excerpt":{"rendered":"<p>Wir sind flexibel in Bezug auf die von uns angebotenen Dienstleistungen, von einem traditionellen vollst\u00e4ndigen Architekturservice bis hin zu speziellen Auftr\u00e4gen oder fachlicher Beratung. Wir verf\u00fcgen \u00fcber das n\u00f6tige Fachwissen, um Projekte aller Gr\u00f6\u00dfen und Arten \u00fcberall auf der Welt zu realisieren. Unsere Rolle f\u00e4llt in der Regel in diese gro\u00dfen Kategorien:<\/p>\n","protected":false},"author":1,"featured_media":15810,"parent":0,"menu_order":0,"comment_status":"closed","ping_status":"closed","template":"page-epic","meta":{"_acf_changed":false,"CBBTypography":[],"footnotes":""},"expertise":[],"location":[],"sector":[],"class_list":["post-7319","page","type-page","status-publish","has-post-thumbnail","hentry"],"acf":[],"mb":[],"yoast_head":"<!-- This site is optimized with the Yoast SEO Premium plugin v25.9 (Yoast SEO v27.0) - https:\/\/yoast.com\/product\/yoast-seo-premium-wordpress\/ -->\n<title>Dienstleistungen - Hyphen<\/title>\n<meta name=\"description\" content=\"Wir sind flexibel in Bezug auf die von uns angebotenen Dienstleistungen, von einem traditionellen vollst\u00e4ndigen Architekturservice bis hin zu speziellen Auftr\u00e4gen oder fachlicher Beratung.\" \/>\n<meta name=\"robots\" content=\"index, follow, max-snippet:-1, max-image-preview:large, max-video-preview:-1\" \/>\n<link rel=\"canonical\" href=\"https:\/\/hyphen.archi\/de\/dienstleistungen\/\" \/>\n<meta property=\"og:locale\" content=\"de_DE\" \/>\n<meta property=\"og:type\" content=\"article\" \/>\n<meta property=\"og:title\" content=\"Dienstleistungen\" \/>\n<meta property=\"og:description\" content=\"Wir sind flexibel in Bezug auf die von uns angebotenen Dienstleistungen, von einem traditionellen vollst\u00e4ndigen Architekturservice bis hin zu speziellen Auftr\u00e4gen oder fachlicher Beratung.\" \/>\n<meta property=\"og:url\" content=\"https:\/\/hyphen.archi\/de\/dienstleistungen\/\" \/>\n<meta property=\"og:site_name\" content=\"Hyphen\" \/>\n<meta property=\"article:modified_time\" content=\"2024-08-14T10:30:01+00:00\" \/>\n<meta property=\"og:image\" content=\"http:\/\/hyphen.archi\/app\/uploads\/2024\/04\/AR-Cover-image-edited.jpg\" \/>\n\t<meta property=\"og:image:width\" content=\"1142\" \/>\n\t<meta property=\"og:image:height\" content=\"713\" \/>\n\t<meta property=\"og:image:type\" content=\"image\/jpeg\" \/>\n<meta name=\"twitter:card\" content=\"summary_large_image\" \/>\n<meta name=\"twitter:label1\" content=\"Est. reading time\" \/>\n\t<meta name=\"twitter:data1\" content=\"1 minute\" \/>\n<script type=\"application\/ld+json\" class=\"yoast-schema-graph\">{\"@context\":\"https:\/\/schema.org\",\"@graph\":[{\"@type\":\"WebPage\",\"@id\":\"https:\/\/hyphen.archi\/de\/dienstleistungen\/\",\"url\":\"https:\/\/hyphen.archi\/de\/dienstleistungen\/\",\"name\":\"Dienstleistungen - Hyphen\",\"isPartOf\":{\"@id\":\"https:\/\/hyphen.archi\/de\/#website\"},\"primaryImageOfPage\":{\"@id\":\"https:\/\/hyphen.archi\/de\/dienstleistungen\/#primaryimage\"},\"image\":{\"@id\":\"https:\/\/hyphen.archi\/de\/dienstleistungen\/#primaryimage\"},\"thumbnailUrl\":\"https:\/\/hyphen.archi\/app\/uploads\/2026\/03\/TEST003_N3_medium.jpg\",\"datePublished\":\"2023-11-08T10:48:32+00:00\",\"dateModified\":\"2024-08-14T10:30:01+00:00\",\"description\":\"Wir sind flexibel in Bezug auf die von uns angebotenen Dienstleistungen, von einem traditionellen vollst\u00e4ndigen Architekturservice bis hin zu speziellen Auftr\u00e4gen oder fachlicher Beratung.\",\"breadcrumb\":{\"@id\":\"https:\/\/hyphen.archi\/de\/dienstleistungen\/#breadcrumb\"},\"inLanguage\":\"de-DE\",\"potentialAction\":[{\"@type\":\"ReadAction\",\"target\":[\"https:\/\/hyphen.archi\/de\/dienstleistungen\/\"]}]},{\"@type\":\"ImageObject\",\"inLanguage\":\"de-DE\",\"@id\":\"https:\/\/hyphen.archi\/de\/dienstleistungen\/#primaryimage\",\"url\":\"https:\/\/hyphen.archi\/app\/uploads\/2026\/03\/TEST003_N3_medium.jpg\",\"contentUrl\":\"https:\/\/hyphen.archi\/app\/uploads\/2026\/03\/TEST003_N3_medium.jpg\",\"width\":1500,\"height\":844,\"caption\":\"Street-level view of a modern glass-fronted building entrance with the \u201cElea Digital\u201d logo, beside a large vertical green wall with climbing plants and flowers threaded through white slats, while three people stand and walk along the pavement.\"},{\"@type\":\"BreadcrumbList\",\"@id\":\"https:\/\/hyphen.archi\/de\/dienstleistungen\/#breadcrumb\",\"itemListElement\":[{\"@type\":\"ListItem\",\"position\":1,\"name\":\"Home\",\"item\":\"https:\/\/hyphen.archi\/de\/\"},{\"@type\":\"ListItem\",\"position\":2,\"name\":\"Dienstleistungen\"}]},{\"@type\":\"WebSite\",\"@id\":\"https:\/\/hyphen.archi\/de\/#website\",\"url\":\"https:\/\/hyphen.archi\/de\/\",\"name\":\"Hyphen\",\"description\":\"International Architecture Firm\",\"publisher\":{\"@id\":\"https:\/\/hyphen.archi\/de\/#organization\"},\"potentialAction\":[{\"@type\":\"SearchAction\",\"target\":{\"@type\":\"EntryPoint\",\"urlTemplate\":\"https:\/\/hyphen.archi\/de\/?s={search_term_string}\"},\"query-input\":{\"@type\":\"PropertyValueSpecification\",\"valueRequired\":true,\"valueName\":\"search_term_string\"}}],\"inLanguage\":\"de-DE\"},{\"@type\":\"Organization\",\"@id\":\"https:\/\/hyphen.archi\/de\/#organization\",\"name\":\"Hyphen\",\"url\":\"https:\/\/hyphen.archi\/de\/\",\"logo\":{\"@type\":\"ImageObject\",\"inLanguage\":\"de-DE\",\"@id\":\"https:\/\/hyphen.archi\/de\/#\/schema\/logo\/image\/\",\"url\":\"https:\/\/hyphen.archi\/app\/uploads\/2024\/03\/Favicon-no_BG.png\",\"contentUrl\":\"https:\/\/hyphen.archi\/app\/uploads\/2024\/03\/Favicon-no_BG.png\",\"width\":792,\"height\":793,\"caption\":\"Hyphen\"},\"image\":{\"@id\":\"https:\/\/hyphen.archi\/de\/#\/schema\/logo\/image\/\"},\"sameAs\":[\"https:\/\/www.linkedin.com\/company\/hyphen.archi\/\",\"https:\/\/www.instagram.com\/hyphen_archi\/\"]}]}<\/script>\n<!-- \/ Yoast SEO Premium plugin. -->","yoast_head_json":{"title":"Dienstleistungen - Hyphen","description":"Wir sind flexibel in Bezug auf die von uns angebotenen Dienstleistungen, von einem traditionellen vollst\u00e4ndigen Architekturservice bis hin zu speziellen Auftr\u00e4gen oder fachlicher Beratung.","robots":{"index":"index","follow":"follow","max-snippet":"max-snippet:-1","max-image-preview":"max-image-preview:large","max-video-preview":"max-video-preview:-1"},"canonical":"https:\/\/hyphen.archi\/de\/dienstleistungen\/","og_locale":"de_DE","og_type":"article","og_title":"Dienstleistungen","og_description":"Wir sind flexibel in Bezug auf die von uns angebotenen Dienstleistungen, von einem traditionellen vollst\u00e4ndigen Architekturservice bis hin zu speziellen Auftr\u00e4gen oder fachlicher Beratung.","og_url":"https:\/\/hyphen.archi\/de\/dienstleistungen\/","og_site_name":"Hyphen","article_modified_time":"2024-08-14T10:30:01+00:00","og_image":[{"width":1142,"height":713,"url":"http:\/\/hyphen.archi\/app\/uploads\/2024\/04\/AR-Cover-image-edited.jpg","type":"image\/jpeg"}],"twitter_card":"summary_large_image","twitter_misc":{"Est. reading time":"1 minute"},"schema":{"@context":"https:\/\/schema.org","@graph":[{"@type":"WebPage","@id":"https:\/\/hyphen.archi\/de\/dienstleistungen\/","url":"https:\/\/hyphen.archi\/de\/dienstleistungen\/","name":"Dienstleistungen - Hyphen","isPartOf":{"@id":"https:\/\/hyphen.archi\/de\/#website"},"primaryImageOfPage":{"@id":"https:\/\/hyphen.archi\/de\/dienstleistungen\/#primaryimage"},"image":{"@id":"https:\/\/hyphen.archi\/de\/dienstleistungen\/#primaryimage"},"thumbnailUrl":"https:\/\/hyphen.archi\/app\/uploads\/2026\/03\/TEST003_N3_medium.jpg","datePublished":"2023-11-08T10:48:32+00:00","dateModified":"2024-08-14T10:30:01+00:00","description":"Wir sind flexibel in Bezug auf die von uns angebotenen Dienstleistungen, von einem traditionellen vollst\u00e4ndigen Architekturservice bis hin zu speziellen Auftr\u00e4gen oder fachlicher Beratung.","breadcrumb":{"@id":"https:\/\/hyphen.archi\/de\/dienstleistungen\/#breadcrumb"},"inLanguage":"de-DE","potentialAction":[{"@type":"ReadAction","target":["https:\/\/hyphen.archi\/de\/dienstleistungen\/"]}]},{"@type":"ImageObject","inLanguage":"de-DE","@id":"https:\/\/hyphen.archi\/de\/dienstleistungen\/#primaryimage","url":"https:\/\/hyphen.archi\/app\/uploads\/2026\/03\/TEST003_N3_medium.jpg","contentUrl":"https:\/\/hyphen.archi\/app\/uploads\/2026\/03\/TEST003_N3_medium.jpg","width":1500,"height":844,"caption":"Street-level view of a modern glass-fronted building entrance with the \u201cElea Digital\u201d logo, beside a large vertical green wall with climbing plants and flowers threaded through white slats, while three people stand and walk along the pavement."},{"@type":"BreadcrumbList","@id":"https:\/\/hyphen.archi\/de\/dienstleistungen\/#breadcrumb","itemListElement":[{"@type":"ListItem","position":1,"name":"Home","item":"https:\/\/hyphen.archi\/de\/"},{"@type":"ListItem","position":2,"name":"Dienstleistungen"}]},{"@type":"WebSite","@id":"https:\/\/hyphen.archi\/de\/#website","url":"https:\/\/hyphen.archi\/de\/","name":"Hyphen","description":"International Architecture Firm","publisher":{"@id":"https:\/\/hyphen.archi\/de\/#organization"},"potentialAction":[{"@type":"SearchAction","target":{"@type":"EntryPoint","urlTemplate":"https:\/\/hyphen.archi\/de\/?s={search_term_string}"},"query-input":{"@type":"PropertyValueSpecification","valueRequired":true,"valueName":"search_term_string"}}],"inLanguage":"de-DE"},{"@type":"Organization","@id":"https:\/\/hyphen.archi\/de\/#organization","name":"Hyphen","url":"https:\/\/hyphen.archi\/de\/","logo":{"@type":"ImageObject","inLanguage":"de-DE","@id":"https:\/\/hyphen.archi\/de\/#\/schema\/logo\/image\/","url":"https:\/\/hyphen.archi\/app\/uploads\/2024\/03\/Favicon-no_BG.png","contentUrl":"https:\/\/hyphen.archi\/app\/uploads\/2024\/03\/Favicon-no_BG.png","width":792,"height":793,"caption":"Hyphen"},"image":{"@id":"https:\/\/hyphen.archi\/de\/#\/schema\/logo\/image\/"},"sameAs":["https:\/\/www.linkedin.com\/company\/hyphen.archi\/","https:\/\/www.instagram.com\/hyphen_archi\/"]}]}},"mfb_rest_fields":["title","yoast_head","yoast_head_json"],"_links":{"self":[{"href":"https:\/\/hyphen.archi\/de\/wp-json\/wp\/v2\/pages\/7319","targetHints":{"allow":["GET"]}}],"collection":[{"href":"https:\/\/hyphen.archi\/de\/wp-json\/wp\/v2\/pages"}],"about":[{"href":"https:\/\/hyphen.archi\/de\/wp-json\/wp\/v2\/types\/page"}],"author":[{"embeddable":true,"href":"https:\/\/hyphen.archi\/de\/wp-json\/wp\/v2\/users\/1"}],"replies":[{"embeddable":true,"href":"https:\/\/hyphen.archi\/de\/wp-json\/wp\/v2\/comments?post=7319"}],"version-history":[{"count":7,"href":"https:\/\/hyphen.archi\/de\/wp-json\/wp\/v2\/pages\/7319\/revisions"}],"predecessor-version":[{"id":10870,"href":"https:\/\/hyphen.archi\/de\/wp-json\/wp\/v2\/pages\/7319\/revisions\/10870"}],"wp:featuredmedia":[{"embeddable":true,"href":"https:\/\/hyphen.archi\/de\/wp-json\/wp\/v2\/media\/15810"}],"wp:attachment":[{"href":"https:\/\/hyphen.archi\/de\/wp-json\/wp\/v2\/media?parent=7319"}],"wp:term":[{"taxonomy":"expertise","embeddable":true,"href":"https:\/\/hyphen.archi\/de\/wp-json\/wp\/v2\/expertise?post=7319"},{"taxonomy":"location","embeddable":true,"href":"https:\/\/hyphen.archi\/de\/wp-json\/wp\/v2\/location?post=7319"},{"taxonomy":"sector","embeddable":true,"href":"https:\/\/hyphen.archi\/de\/wp-json\/wp\/v2\/sector?post=7319"}],"curies":[{"name":"wp","href":"https:\/\/api.w.org\/{rel}","templated":true}]}}