
{"id":8130,"date":"2024-02-28T12:36:02","date_gmt":"2024-02-28T12:36:02","guid":{"rendered":"http:\/\/hyphen.archi\/rechtliche-informationen\/"},"modified":"2024-05-15T17:08:35","modified_gmt":"2024-05-15T17:08:35","slug":"rechtliche-informationen","status":"publish","type":"page","link":"https:\/\/hyphen.archi\/de\/rechtliche-informationen\/","title":{"rendered":"Rechtliche Informationen"},"content":{"rendered":"\n<h2 class=\"wp-block-heading has-large-font-size\">Informationen zum Unternehmen  <\/h2>\n\n<p>\u00a9 Hyphen Group Ltd  <\/p>\n\n<p>Hyphen ist der Handelsname des Unternehmens, das als Hyphen Group Ltd. eingetragen ist.<\/p>\n\n<p>Hyphen ist eine eingetragene Marke in Gro\u00dfbritannien, der EU, Norwegen, der Schweiz, Chile und Mexiko.<\/p>\n\n<p><strong>Adresse des eingetragenen Firmensitzes:<\/strong><br\/><strong>3 Charlecote Mews<\/strong><br\/><strong>Staple Gardens<\/strong><br\/><strong>Winchester<\/strong><br\/><strong>Hampshire<\/strong><br\/><strong>SO23 8SR<\/strong><\/p>\n\n<p>Eingetragene Firma Nr.: 3694027<br\/>Handelsstatus: Gesellschaft mit beschr\u00e4nkter Haftung<\/p>\n\n<p>The Hyphen Group Ltd h\u00e4lt 100% des ausgegebenen Aktienkapitals des Unternehmens in Gro\u00dfbritannien.<\/p>\n\n<p><strong>Die Unternehmen, die The Hyphen Group bilden, sind:<\/strong><br\/>UK: Hyphen Archi Ltd Firmennummer 2763353<br\/>IE: Hyphen Archi Ireland Ltd Register Nr. 685478<br\/>DE: Hyphen A GmbH Nr. HRB 72991<br\/>FR: Hyphen Archi SELARL SIRET 437 627 631 00033\/ APE 7111Z\/ONA SO4810<br\/>ES: Hyphen Archi SLU Nr. B-82782566<br\/>IT: Hyphen Archi Srl Nr. 09797440964<br\/>CL: Hyphen Archi SpA RUT 76.454.825-6<br\/>MX: Hyphen Arq MX HAM230921QU8<\/p>\n\n<p><\/p>\n\n<h2 class=\"wp-block-heading has-large-font-size\">Haftungsausschluss<\/h2>\n\n<p>Alle Artikel, Blogs oder Ver\u00f6ffentlichungen auf dieser Website sind nicht dazu gedacht, spezifische Gesch\u00e4fts- oder Anlageberatung zu leisten. Bevor Sie eine gesch\u00e4ftliche oder investitionsbezogene Entscheidung treffen, sollten Sie eine spezielle unabh\u00e4ngige Beratung in Anspruch nehmen.<\/p>\n","protected":false},"excerpt":{"rendered":"<p>Informationen zum Unternehmen \u00a9 Hyphen Group Ltd Hyphen ist der Handelsname des Unternehmens, das als Hyphen Group Ltd. eingetragen ist. Hyphen ist eine eingetragene Marke in Gro\u00dfbritannien, der EU, Norwegen, der Schweiz, Chile und Mexiko. Adresse des eingetragenen Firmensitzes:3 Charlecote MewsStaple GardensWinchesterHampshireSO23 8SR Eingetragene Firma Nr.: 3694027Handelsstatus: Gesellschaft mit beschr\u00e4nkter Haftung The Hyphen Group Ltd [&hellip;]<\/p>\n","protected":false},"author":1,"featured_media":0,"parent":0,"menu_order":0,"comment_status":"closed","ping_status":"closed","template":"","meta":{"_acf_changed":false,"CBBTypography":[],"footnotes":""},"expertise":[],"location":[],"sector":[],"class_list":["post-8130","page","type-page","status-publish","hentry"],"acf":[],"mb":[],"yoast_head":"<!-- This site is optimized with the Yoast SEO Premium plugin v25.9 (Yoast SEO v27.0) - https:\/\/yoast.com\/product\/yoast-seo-premium-wordpress\/ -->\n<title>Rechtliche Informationen - Hyphen<\/title>\n<meta name=\"robots\" content=\"index, follow, max-snippet:-1, max-image-preview:large, max-video-preview:-1\" \/>\n<link rel=\"canonical\" href=\"https:\/\/hyphen.archi\/de\/rechtliche-informationen\/\" \/>\n<meta property=\"og:locale\" content=\"de_DE\" \/>\n<meta property=\"og:type\" content=\"article\" \/>\n<meta property=\"og:title\" content=\"Rechtliche Informationen\" \/>\n<meta property=\"og:description\" content=\"Informationen zum Unternehmen \u00a9 Hyphen Group Ltd Hyphen ist der Handelsname des Unternehmens, das als Hyphen Group Ltd. eingetragen ist. Hyphen ist eine eingetragene Marke in Gro\u00dfbritannien, der EU, Norwegen, der Schweiz, Chile und Mexiko. Adresse des eingetragenen Firmensitzes:3 Charlecote MewsStaple GardensWinchesterHampshireSO23 8SR Eingetragene Firma Nr.: 3694027Handelsstatus: Gesellschaft mit beschr\u00e4nkter Haftung The Hyphen Group Ltd [&hellip;]\" \/>\n<meta property=\"og:url\" content=\"https:\/\/hyphen.archi\/de\/rechtliche-informationen\/\" \/>\n<meta property=\"og:site_name\" content=\"Hyphen\" \/>\n<meta property=\"article:modified_time\" content=\"2024-05-15T17:08:35+00:00\" \/>\n<meta name=\"twitter:card\" content=\"summary_large_image\" \/>\n<meta name=\"twitter:label1\" content=\"Est. reading time\" \/>\n\t<meta name=\"twitter:data1\" content=\"1 minute\" \/>\n<script type=\"application\/ld+json\" class=\"yoast-schema-graph\">{\"@context\":\"https:\/\/schema.org\",\"@graph\":[{\"@type\":\"WebPage\",\"@id\":\"https:\/\/hyphen.archi\/de\/rechtliche-informationen\/\",\"url\":\"https:\/\/hyphen.archi\/de\/rechtliche-informationen\/\",\"name\":\"Rechtliche Informationen - Hyphen\",\"isPartOf\":{\"@id\":\"https:\/\/hyphen.archi\/de\/#website\"},\"datePublished\":\"2024-02-28T12:36:02+00:00\",\"dateModified\":\"2024-05-15T17:08:35+00:00\",\"breadcrumb\":{\"@id\":\"https:\/\/hyphen.archi\/de\/rechtliche-informationen\/#breadcrumb\"},\"inLanguage\":\"de-DE\",\"potentialAction\":[{\"@type\":\"ReadAction\",\"target\":[\"https:\/\/hyphen.archi\/de\/rechtliche-informationen\/\"]}]},{\"@type\":\"BreadcrumbList\",\"@id\":\"https:\/\/hyphen.archi\/de\/rechtliche-informationen\/#breadcrumb\",\"itemListElement\":[{\"@type\":\"ListItem\",\"position\":1,\"name\":\"Home\",\"item\":\"https:\/\/hyphen.archi\/de\/\"},{\"@type\":\"ListItem\",\"position\":2,\"name\":\"Rechtliche Informationen\"}]},{\"@type\":\"WebSite\",\"@id\":\"https:\/\/hyphen.archi\/de\/#website\",\"url\":\"https:\/\/hyphen.archi\/de\/\",\"name\":\"Hyphen\",\"description\":\"International Architecture Firm\",\"publisher\":{\"@id\":\"https:\/\/hyphen.archi\/de\/#organization\"},\"potentialAction\":[{\"@type\":\"SearchAction\",\"target\":{\"@type\":\"EntryPoint\",\"urlTemplate\":\"https:\/\/hyphen.archi\/de\/?s={search_term_string}\"},\"query-input\":{\"@type\":\"PropertyValueSpecification\",\"valueRequired\":true,\"valueName\":\"search_term_string\"}}],\"inLanguage\":\"de-DE\"},{\"@type\":\"Organization\",\"@id\":\"https:\/\/hyphen.archi\/de\/#organization\",\"name\":\"Hyphen\",\"url\":\"https:\/\/hyphen.archi\/de\/\",\"logo\":{\"@type\":\"ImageObject\",\"inLanguage\":\"de-DE\",\"@id\":\"https:\/\/hyphen.archi\/de\/#\/schema\/logo\/image\/\",\"url\":\"https:\/\/hyphen.archi\/app\/uploads\/2024\/03\/Favicon-no_BG.png\",\"contentUrl\":\"https:\/\/hyphen.archi\/app\/uploads\/2024\/03\/Favicon-no_BG.png\",\"width\":792,\"height\":793,\"caption\":\"Hyphen\"},\"image\":{\"@id\":\"https:\/\/hyphen.archi\/de\/#\/schema\/logo\/image\/\"},\"sameAs\":[\"https:\/\/www.linkedin.com\/company\/hyphen.archi\/\",\"https:\/\/www.instagram.com\/hyphen_archi\/\"]}]}<\/script>\n<!-- \/ Yoast SEO Premium plugin. -->","yoast_head_json":{"title":"Rechtliche Informationen - Hyphen","robots":{"index":"index","follow":"follow","max-snippet":"max-snippet:-1","max-image-preview":"max-image-preview:large","max-video-preview":"max-video-preview:-1"},"canonical":"https:\/\/hyphen.archi\/de\/rechtliche-informationen\/","og_locale":"de_DE","og_type":"article","og_title":"Rechtliche Informationen","og_description":"Informationen zum Unternehmen \u00a9 Hyphen Group Ltd Hyphen ist der Handelsname des Unternehmens, das als Hyphen Group Ltd. eingetragen ist. Hyphen ist eine eingetragene Marke in Gro\u00dfbritannien, der EU, Norwegen, der Schweiz, Chile und Mexiko. Adresse des eingetragenen Firmensitzes:3 Charlecote MewsStaple GardensWinchesterHampshireSO23 8SR Eingetragene Firma Nr.: 3694027Handelsstatus: Gesellschaft mit beschr\u00e4nkter Haftung The Hyphen Group Ltd [&hellip;]","og_url":"https:\/\/hyphen.archi\/de\/rechtliche-informationen\/","og_site_name":"Hyphen","article_modified_time":"2024-05-15T17:08:35+00:00","twitter_card":"summary_large_image","twitter_misc":{"Est. reading time":"1 minute"},"schema":{"@context":"https:\/\/schema.org","@graph":[{"@type":"WebPage","@id":"https:\/\/hyphen.archi\/de\/rechtliche-informationen\/","url":"https:\/\/hyphen.archi\/de\/rechtliche-informationen\/","name":"Rechtliche Informationen - Hyphen","isPartOf":{"@id":"https:\/\/hyphen.archi\/de\/#website"},"datePublished":"2024-02-28T12:36:02+00:00","dateModified":"2024-05-15T17:08:35+00:00","breadcrumb":{"@id":"https:\/\/hyphen.archi\/de\/rechtliche-informationen\/#breadcrumb"},"inLanguage":"de-DE","potentialAction":[{"@type":"ReadAction","target":["https:\/\/hyphen.archi\/de\/rechtliche-informationen\/"]}]},{"@type":"BreadcrumbList","@id":"https:\/\/hyphen.archi\/de\/rechtliche-informationen\/#breadcrumb","itemListElement":[{"@type":"ListItem","position":1,"name":"Home","item":"https:\/\/hyphen.archi\/de\/"},{"@type":"ListItem","position":2,"name":"Rechtliche Informationen"}]},{"@type":"WebSite","@id":"https:\/\/hyphen.archi\/de\/#website","url":"https:\/\/hyphen.archi\/de\/","name":"Hyphen","description":"International Architecture Firm","publisher":{"@id":"https:\/\/hyphen.archi\/de\/#organization"},"potentialAction":[{"@type":"SearchAction","target":{"@type":"EntryPoint","urlTemplate":"https:\/\/hyphen.archi\/de\/?s={search_term_string}"},"query-input":{"@type":"PropertyValueSpecification","valueRequired":true,"valueName":"search_term_string"}}],"inLanguage":"de-DE"},{"@type":"Organization","@id":"https:\/\/hyphen.archi\/de\/#organization","name":"Hyphen","url":"https:\/\/hyphen.archi\/de\/","logo":{"@type":"ImageObject","inLanguage":"de-DE","@id":"https:\/\/hyphen.archi\/de\/#\/schema\/logo\/image\/","url":"https:\/\/hyphen.archi\/app\/uploads\/2024\/03\/Favicon-no_BG.png","contentUrl":"https:\/\/hyphen.archi\/app\/uploads\/2024\/03\/Favicon-no_BG.png","width":792,"height":793,"caption":"Hyphen"},"image":{"@id":"https:\/\/hyphen.archi\/de\/#\/schema\/logo\/image\/"},"sameAs":["https:\/\/www.linkedin.com\/company\/hyphen.archi\/","https:\/\/www.instagram.com\/hyphen_archi\/"]}]}},"mfb_rest_fields":["title","yoast_head","yoast_head_json"],"_links":{"self":[{"href":"https:\/\/hyphen.archi\/de\/wp-json\/wp\/v2\/pages\/8130","targetHints":{"allow":["GET"]}}],"collection":[{"href":"https:\/\/hyphen.archi\/de\/wp-json\/wp\/v2\/pages"}],"about":[{"href":"https:\/\/hyphen.archi\/de\/wp-json\/wp\/v2\/types\/page"}],"author":[{"embeddable":true,"href":"https:\/\/hyphen.archi\/de\/wp-json\/wp\/v2\/users\/1"}],"replies":[{"embeddable":true,"href":"https:\/\/hyphen.archi\/de\/wp-json\/wp\/v2\/comments?post=8130"}],"version-history":[{"count":6,"href":"https:\/\/hyphen.archi\/de\/wp-json\/wp\/v2\/pages\/8130\/revisions"}],"predecessor-version":[{"id":10892,"href":"https:\/\/hyphen.archi\/de\/wp-json\/wp\/v2\/pages\/8130\/revisions\/10892"}],"wp:attachment":[{"href":"https:\/\/hyphen.archi\/de\/wp-json\/wp\/v2\/media?parent=8130"}],"wp:term":[{"taxonomy":"expertise","embeddable":true,"href":"https:\/\/hyphen.archi\/de\/wp-json\/wp\/v2\/expertise?post=8130"},{"taxonomy":"location","embeddable":true,"href":"https:\/\/hyphen.archi\/de\/wp-json\/wp\/v2\/location?post=8130"},{"taxonomy":"sector","embeddable":true,"href":"https:\/\/hyphen.archi\/de\/wp-json\/wp\/v2\/sector?post=8130"}],"curies":[{"name":"wp","href":"https:\/\/api.w.org\/{rel}","templated":true}]}}