
{"id":8395,"date":"2024-01-10T12:53:59","date_gmt":"2024-01-10T12:53:59","guid":{"rendered":"http:\/\/hyphen.archi\/qualitaetspolitik\/"},"modified":"2024-08-01T14:17:09","modified_gmt":"2024-08-01T14:17:09","slug":"qualitaetspolitik","status":"publish","type":"page","link":"https:\/\/hyphen.archi\/de\/politiken\/qualitaetspolitik\/","title":{"rendered":"Qualit\u00e4tspolitik"},"content":{"rendered":"\n<p>Hyphen hat sich zum Ziel gesetzt, das weltweit am besten vernetzte Netzwerk inhabergef\u00fchrter Architekturb\u00fcros zu werden, das seinen Kunden weltweit ein H\u00f6chstma\u00df an Service bietet und in den von uns gew\u00e4hlten Sektoren auf globaler Ebene konkurrenzf\u00e4hig ist. Dieses Engagement wird durch unsere Werte unterst\u00fctzt und ist f\u00fcr unser kontinuierliches Wachstum und unseren Erfolg unerl\u00e4sslich.<\/p>\n\n\n\n<p>Wir stehen f\u00fcr Qualit\u00e4t. Unsere Verantwortung f\u00fcr Qualit\u00e4t ist bei allem, was wir tun, von entscheidender Bedeutung. Wir verpflichten uns zur kontinuierlichen Verbesserung unserer Dienstleistungen und zur Erf\u00fcllung aller geltenden Anforderungen unserer Zertifizierung nach ISO 9001:2015, die auch unser Qualit\u00e4tsmanagementsystem (QMS) unterst\u00fctzt.<\/p>\n\n\n\n<p>Wir sind nicht nur bestrebt, die Anforderungen unserer Kunden und anderer wichtiger Interessengruppen zu erf\u00fcllen oder zu \u00fcbertreffen, sondern wir gehen noch einen Schritt weiter, indem wir unser QMS st\u00e4ndig \u00fcberpr\u00fcfen und verbessern, um die Leistung zu steigern, die Kundenzufriedenheit zu erh\u00f6hen und die Ziele und Qualit\u00e4tsvorgaben unseres Unternehmens zu erreichen. Wir achten auf die Details, und bei allem, was wir tun, sind wir stolz darauf, sagen zu k\u00f6nnen: &#8220;Das haben wir gemacht&#8221;.<\/p>\n\n\n\n<p>Der Geltungsbereich des QMS deckt die Kerndienstleistungen ab, die wir anbieten, einschlie\u00dflich der vollst\u00e4ndigen Architektur-, Projektmanagement- und Hauptdesignerleistungen.<\/p>\n\n\n\n<p>Durch unser QMS \u00fcberpr\u00fcfen wir, dass in jedem Aspekt der von uns erbrachten Dienstleistungen ein angemessenes Ma\u00df an Kompetenz, Sorgfalt und Effizienz angewandt wird. Das QMS wird kontinuierlich von unseren Qualit\u00e4tsmanagern, unserem Associate &#8211; Technical Standards und dem COO \u00fcberwacht, um seine Effektivit\u00e4t durch Audits, Berichte und \u00dcberpr\u00fcfungen sicherzustellen. Berichte \u00fcber die Qualit\u00e4tsmanagementpr\u00fcfung werden in geplanten Abst\u00e4nden durchgef\u00fchrt und dem Vorstand vorgelegt. Alle Empfehlungen f\u00fcr \u00c4nderungen oder Verbesserungen werden dann dem Vorstand mitgeteilt. Wir streben st\u00e4ndig danach, besser zu werden und aus unseren Erfahrungen zu lernen.<\/p>\n\n\n\n<p>Spezifische Verfahren legen fest, wie das QMS umgesetzt wird. Diese sind im Qualit\u00e4tsrahmen festgelegt.<\/p>\n\n\n\n<p>Unsere Qualit\u00e4tsziele sind:<\/p>\n\n\n\n<ul class=\"wp-block-list\">\n<li>Um sicherzustellen, dass alle unsere Dienstleistungen den h\u00f6chsten professionellen Standards entsprechen.<\/li>\n\n\n\n<li>Sicherstellen, dass Kontrollsysteme zur \u00dcberwachung von Qualit\u00e4t und Konsistenz vorhanden sind.<\/li>\n\n\n\n<li>Einhaltung des vereinbarten Zeitrahmens.<\/li>\n\n\n\n<li>Alle Dienstleistungen im Rahmen der vereinbarten Budgets zu erbringen.<\/li>\n\n\n\n<li>Sicherstellen, dass die Erwartungen der Kunden durch einen Prozess der Auswertung von Feedback erf\u00fcllt werden, der zu einer kontinuierlichen Verbesserung f\u00fchrt.<\/li>\n<\/ul>\n\n\n\n<p>Wir versuchen auch, j\u00e4hrliche Qualit\u00e4tsziele festzulegen, und die Qualit\u00e4tsmanager messen unsere Fortschritte an diesen Zielen.<\/p>\n\n\n\n<p>Die Direktoren von Hyphen tragen die letztendliche Verantwortung f\u00fcr die \u00dcberpr\u00fcfung des QMS, die Formulierung dieser Politik und die Bereitstellung der notwendigen Ressourcen, um sie effektiv umzusetzen. Die Qualit\u00e4tsmanager stellen sicher, dass das QMS der BS EN ISO 9001:2015 entspricht. Wir stellen sicher, dass wir alle geltenden gesetzlichen und beh\u00f6rdlichen Anforderungen einhalten und dass dies von jedem bei Hyphen verstanden wird. Wir \u00fcbernehmen Verantwortung und erwarten von jedem Mitarbeiter, dass er dieses Engagement f\u00fcr Qualit\u00e4t teilt und seinen Teil zur Erhaltung und Verbesserung der Qualit\u00e4t beitr\u00e4gt.<\/p>\n\n\n\n<p>Die Qualit\u00e4tspolitik ist f\u00fcr alle Mitarbeiter \u00fcber unser Intranet &#8216;Hi&#8217; und f\u00fcr alle externen Parteien \u00fcber unsere Website zug\u00e4nglich. Alle Mitarbeiter erhalten regelm\u00e4\u00dfig Schulungen und Sensibilisierungsma\u00dfnahmen zur Qualit\u00e4tspolitik und zum QMS. Die Einhaltung der Anforderungen des QMS ist f\u00fcr Mitarbeiter und f\u00fcr externe Lieferanten verpflichtend, wenn deren Dienstleistungen unser QMS betreffen.<\/p>\n\n\n\n<p>Wir arbeiten mit den Besten zusammen. Unsere Lieferanten sind sich ihres effektiven Beitrags zum Erfolg der von uns erbrachten Dienstleistung bewusst. Sie werden unter der Voraussetzung ernannt, dass ihre Leistung \u00fcberpr\u00fcft und \u00fcberwacht wird und dass ihr Ernennungsstatus bei Nichteinhaltung der relevanten Anforderungen unseres QMS beeintr\u00e4chtigt werden kann.<\/p>\n\n\n\n<p>Unser kompromissloses Engagement f\u00fcr Qualit\u00e4t ist eine wesentliche Voraussetzung f\u00fcr unseren Erfolg. Wir arbeiten in einem Umfeld, das durch kontinuierliche Verbesserung motiviert ist und mit unseren Werten im Einklang steht.<\/p>\n","protected":false},"excerpt":{"rendered":"<p>Hyphen hat sich zum Ziel gesetzt, das weltweit am besten vernetzte Netzwerk inhabergef\u00fchrter Architekturb\u00fcros zu werden, das seinen Kunden weltweit ein H\u00f6chstma\u00df an Service bietet und in den von uns gew\u00e4hlten Sektoren auf globaler Ebene konkurrenzf\u00e4hig ist. Dieses Engagement wird durch unsere Werte unterst\u00fctzt und ist f\u00fcr unser kontinuierliches Wachstum und unseren Erfolg unerl\u00e4sslich. Wir [&hellip;]<\/p>\n","protected":false},"author":1,"featured_media":0,"parent":8565,"menu_order":0,"comment_status":"closed","ping_status":"closed","template":"","meta":{"_acf_changed":false,"CBBTypography":[],"footnotes":""},"expertise":[],"location":[],"sector":[],"class_list":["post-8395","page","type-page","status-publish","hentry"],"acf":[],"mb":[],"yoast_head":"<!-- This site is optimized with the Yoast SEO Premium plugin v25.9 (Yoast SEO v27.0) - https:\/\/yoast.com\/product\/yoast-seo-premium-wordpress\/ -->\n<title>Qualit\u00e4tspolitik - Hyphen<\/title>\n<meta name=\"robots\" content=\"index, follow, max-snippet:-1, max-image-preview:large, max-video-preview:-1\" \/>\n<link rel=\"canonical\" href=\"https:\/\/hyphen.archi\/de\/politiken\/qualitaetspolitik\/\" \/>\n<meta property=\"og:locale\" content=\"de_DE\" \/>\n<meta property=\"og:type\" content=\"article\" \/>\n<meta property=\"og:title\" content=\"Qualit\u00e4tspolitik\" \/>\n<meta property=\"og:description\" content=\"Hyphen hat sich zum Ziel gesetzt, das weltweit am besten vernetzte Netzwerk inhabergef\u00fchrter Architekturb\u00fcros zu werden, das seinen Kunden weltweit ein H\u00f6chstma\u00df an Service bietet und in den von uns gew\u00e4hlten Sektoren auf globaler Ebene konkurrenzf\u00e4hig ist. Dieses Engagement wird durch unsere Werte unterst\u00fctzt und ist f\u00fcr unser kontinuierliches Wachstum und unseren Erfolg unerl\u00e4sslich. Wir [&hellip;]\" \/>\n<meta property=\"og:url\" content=\"https:\/\/hyphen.archi\/de\/politiken\/qualitaetspolitik\/\" \/>\n<meta property=\"og:site_name\" content=\"Hyphen\" \/>\n<meta property=\"article:modified_time\" content=\"2024-08-01T14:17:09+00:00\" \/>\n<meta name=\"twitter:card\" content=\"summary_large_image\" \/>\n<meta name=\"twitter:label1\" content=\"Est. reading time\" \/>\n\t<meta name=\"twitter:data1\" content=\"3 minutes\" \/>\n<script type=\"application\/ld+json\" class=\"yoast-schema-graph\">{\"@context\":\"https:\/\/schema.org\",\"@graph\":[{\"@type\":\"WebPage\",\"@id\":\"https:\/\/hyphen.archi\/de\/politiken\/qualitaetspolitik\/\",\"url\":\"https:\/\/hyphen.archi\/de\/politiken\/qualitaetspolitik\/\",\"name\":\"Qualit\u00e4tspolitik - Hyphen\",\"isPartOf\":{\"@id\":\"https:\/\/hyphen.archi\/de\/#website\"},\"datePublished\":\"2024-01-10T12:53:59+00:00\",\"dateModified\":\"2024-08-01T14:17:09+00:00\",\"breadcrumb\":{\"@id\":\"https:\/\/hyphen.archi\/de\/politiken\/qualitaetspolitik\/#breadcrumb\"},\"inLanguage\":\"de-DE\",\"potentialAction\":[{\"@type\":\"ReadAction\",\"target\":[\"https:\/\/hyphen.archi\/de\/politiken\/qualitaetspolitik\/\"]}]},{\"@type\":\"BreadcrumbList\",\"@id\":\"https:\/\/hyphen.archi\/de\/politiken\/qualitaetspolitik\/#breadcrumb\",\"itemListElement\":[{\"@type\":\"ListItem\",\"position\":1,\"name\":\"Home\",\"item\":\"https:\/\/hyphen.archi\/de\/\"},{\"@type\":\"ListItem\",\"position\":2,\"name\":\"Politiken\",\"item\":\"https:\/\/hyphen.archi\/de\/politiken\/\"},{\"@type\":\"ListItem\",\"position\":3,\"name\":\"Qualit\u00e4tspolitik\"}]},{\"@type\":\"WebSite\",\"@id\":\"https:\/\/hyphen.archi\/de\/#website\",\"url\":\"https:\/\/hyphen.archi\/de\/\",\"name\":\"Hyphen\",\"description\":\"International Architecture Firm\",\"publisher\":{\"@id\":\"https:\/\/hyphen.archi\/de\/#organization\"},\"potentialAction\":[{\"@type\":\"SearchAction\",\"target\":{\"@type\":\"EntryPoint\",\"urlTemplate\":\"https:\/\/hyphen.archi\/de\/?s={search_term_string}\"},\"query-input\":{\"@type\":\"PropertyValueSpecification\",\"valueRequired\":true,\"valueName\":\"search_term_string\"}}],\"inLanguage\":\"de-DE\"},{\"@type\":\"Organization\",\"@id\":\"https:\/\/hyphen.archi\/de\/#organization\",\"name\":\"Hyphen\",\"url\":\"https:\/\/hyphen.archi\/de\/\",\"logo\":{\"@type\":\"ImageObject\",\"inLanguage\":\"de-DE\",\"@id\":\"https:\/\/hyphen.archi\/de\/#\/schema\/logo\/image\/\",\"url\":\"https:\/\/hyphen.archi\/app\/uploads\/2024\/03\/Favicon-no_BG.png\",\"contentUrl\":\"https:\/\/hyphen.archi\/app\/uploads\/2024\/03\/Favicon-no_BG.png\",\"width\":792,\"height\":793,\"caption\":\"Hyphen\"},\"image\":{\"@id\":\"https:\/\/hyphen.archi\/de\/#\/schema\/logo\/image\/\"},\"sameAs\":[\"https:\/\/www.linkedin.com\/company\/hyphen.archi\/\",\"https:\/\/www.instagram.com\/hyphen_archi\/\"]}]}<\/script>\n<!-- \/ Yoast SEO Premium plugin. -->","yoast_head_json":{"title":"Qualit\u00e4tspolitik - Hyphen","robots":{"index":"index","follow":"follow","max-snippet":"max-snippet:-1","max-image-preview":"max-image-preview:large","max-video-preview":"max-video-preview:-1"},"canonical":"https:\/\/hyphen.archi\/de\/politiken\/qualitaetspolitik\/","og_locale":"de_DE","og_type":"article","og_title":"Qualit\u00e4tspolitik","og_description":"Hyphen hat sich zum Ziel gesetzt, das weltweit am besten vernetzte Netzwerk inhabergef\u00fchrter Architekturb\u00fcros zu werden, das seinen Kunden weltweit ein H\u00f6chstma\u00df an Service bietet und in den von uns gew\u00e4hlten Sektoren auf globaler Ebene konkurrenzf\u00e4hig ist. Dieses Engagement wird durch unsere Werte unterst\u00fctzt und ist f\u00fcr unser kontinuierliches Wachstum und unseren Erfolg unerl\u00e4sslich. Wir [&hellip;]","og_url":"https:\/\/hyphen.archi\/de\/politiken\/qualitaetspolitik\/","og_site_name":"Hyphen","article_modified_time":"2024-08-01T14:17:09+00:00","twitter_card":"summary_large_image","twitter_misc":{"Est. reading time":"3 minutes"},"schema":{"@context":"https:\/\/schema.org","@graph":[{"@type":"WebPage","@id":"https:\/\/hyphen.archi\/de\/politiken\/qualitaetspolitik\/","url":"https:\/\/hyphen.archi\/de\/politiken\/qualitaetspolitik\/","name":"Qualit\u00e4tspolitik - Hyphen","isPartOf":{"@id":"https:\/\/hyphen.archi\/de\/#website"},"datePublished":"2024-01-10T12:53:59+00:00","dateModified":"2024-08-01T14:17:09+00:00","breadcrumb":{"@id":"https:\/\/hyphen.archi\/de\/politiken\/qualitaetspolitik\/#breadcrumb"},"inLanguage":"de-DE","potentialAction":[{"@type":"ReadAction","target":["https:\/\/hyphen.archi\/de\/politiken\/qualitaetspolitik\/"]}]},{"@type":"BreadcrumbList","@id":"https:\/\/hyphen.archi\/de\/politiken\/qualitaetspolitik\/#breadcrumb","itemListElement":[{"@type":"ListItem","position":1,"name":"Home","item":"https:\/\/hyphen.archi\/de\/"},{"@type":"ListItem","position":2,"name":"Politiken","item":"https:\/\/hyphen.archi\/de\/politiken\/"},{"@type":"ListItem","position":3,"name":"Qualit\u00e4tspolitik"}]},{"@type":"WebSite","@id":"https:\/\/hyphen.archi\/de\/#website","url":"https:\/\/hyphen.archi\/de\/","name":"Hyphen","description":"International Architecture Firm","publisher":{"@id":"https:\/\/hyphen.archi\/de\/#organization"},"potentialAction":[{"@type":"SearchAction","target":{"@type":"EntryPoint","urlTemplate":"https:\/\/hyphen.archi\/de\/?s={search_term_string}"},"query-input":{"@type":"PropertyValueSpecification","valueRequired":true,"valueName":"search_term_string"}}],"inLanguage":"de-DE"},{"@type":"Organization","@id":"https:\/\/hyphen.archi\/de\/#organization","name":"Hyphen","url":"https:\/\/hyphen.archi\/de\/","logo":{"@type":"ImageObject","inLanguage":"de-DE","@id":"https:\/\/hyphen.archi\/de\/#\/schema\/logo\/image\/","url":"https:\/\/hyphen.archi\/app\/uploads\/2024\/03\/Favicon-no_BG.png","contentUrl":"https:\/\/hyphen.archi\/app\/uploads\/2024\/03\/Favicon-no_BG.png","width":792,"height":793,"caption":"Hyphen"},"image":{"@id":"https:\/\/hyphen.archi\/de\/#\/schema\/logo\/image\/"},"sameAs":["https:\/\/www.linkedin.com\/company\/hyphen.archi\/","https:\/\/www.instagram.com\/hyphen_archi\/"]}]}},"mfb_rest_fields":["title","yoast_head","yoast_head_json"],"_links":{"self":[{"href":"https:\/\/hyphen.archi\/de\/wp-json\/wp\/v2\/pages\/8395","targetHints":{"allow":["GET"]}}],"collection":[{"href":"https:\/\/hyphen.archi\/de\/wp-json\/wp\/v2\/pages"}],"about":[{"href":"https:\/\/hyphen.archi\/de\/wp-json\/wp\/v2\/types\/page"}],"author":[{"embeddable":true,"href":"https:\/\/hyphen.archi\/de\/wp-json\/wp\/v2\/users\/1"}],"replies":[{"embeddable":true,"href":"https:\/\/hyphen.archi\/de\/wp-json\/wp\/v2\/comments?post=8395"}],"version-history":[{"count":2,"href":"https:\/\/hyphen.archi\/de\/wp-json\/wp\/v2\/pages\/8395\/revisions"}],"predecessor-version":[{"id":12794,"href":"https:\/\/hyphen.archi\/de\/wp-json\/wp\/v2\/pages\/8395\/revisions\/12794"}],"up":[{"embeddable":true,"href":"https:\/\/hyphen.archi\/de\/wp-json\/wp\/v2\/pages\/8565"}],"wp:attachment":[{"href":"https:\/\/hyphen.archi\/de\/wp-json\/wp\/v2\/media?parent=8395"}],"wp:term":[{"taxonomy":"expertise","embeddable":true,"href":"https:\/\/hyphen.archi\/de\/wp-json\/wp\/v2\/expertise?post=8395"},{"taxonomy":"location","embeddable":true,"href":"https:\/\/hyphen.archi\/de\/wp-json\/wp\/v2\/location?post=8395"},{"taxonomy":"sector","embeddable":true,"href":"https:\/\/hyphen.archi\/de\/wp-json\/wp\/v2\/sector?post=8395"}],"curies":[{"name":"wp","href":"https:\/\/api.w.org\/{rel}","templated":true}]}}