
{"id":8565,"date":"2023-09-19T15:44:04","date_gmt":"2023-09-19T15:44:04","guid":{"rendered":"http:\/\/hyphen.archi\/politiken\/"},"modified":"2024-04-30T10:06:15","modified_gmt":"2024-04-30T10:06:15","slug":"politiken","status":"publish","type":"page","link":"https:\/\/hyphen.archi\/de\/politiken\/","title":{"rendered":"Politiken"},"content":{"rendered":"\n<h2 class=\"wp-block-heading has-large-font-size\">Erkl\u00e4rung zur BIM-Politik<\/h2>\n\n<p>Diese Erkl\u00e4rung legt die Building Information Modelling (BIM)-Politik von Hyphen dar. Es umfasst die von The Hyphen Group Ltd. erbrachten Architekturleistungen von der Planung bis zur Fertigstellung unserer Projekte. Diese Erkl\u00e4rung wird j\u00e4hrlich \u00fcberpr\u00fcft und \u00c4nderungen werden unternehmensweit \u00fcbernommen.<\/p>\n\n<p><a href=\"https:\/\/hyphen.archi\/de\/politiken\/erklaerung-zur-bim-politik\/\" data-type=\"page\" data-id=\"2878\">Mehr lesen<\/a><\/p>\n\n<h2 class=\"wp-block-heading has-large-font-size\">Ethische Gesch\u00e4ftspolitik<\/h2>\n\n<p>Diese Richtlinie gilt f\u00fcr alle Hyphen-Gesch\u00e4ftsf\u00fchrer und -Mitarbeiter in der gesamten Hyphen Group of Companies. Wir streben in jedem Aspekt unseres Gesch\u00e4fts nach Exzellenz. Wir glauben, dass wir die Verantwortung haben, die h\u00f6chsten Standards f\u00fcr Verhalten und Pflege einzuhalten. Wir sind uns unserer Verantwortung als internationales Unternehmen bewusst und streben danach, die h\u00f6chsten Standards f\u00fcr unternehmerische Verantwortung in allen Bereichen unserer T\u00e4tigkeit zu setzen, zu f\u00f6rdern und zu erhalten. Wir sind davon \u00fcberzeugt, dass dies nicht nur gesch\u00e4ftlich sinnvoll ist, sondern auch das Potenzial hat, unsere Arbeitsbeziehungen zu unseren Kunden, Lieferanten, untereinander und mit der Gesellschaft um uns herum zu verbessern.<\/p>\n\n<p><a href=\"https:\/\/hyphen.archi\/de\/politiken\/ethische-geschaeftspolitik\/\" data-type=\"page\" data-id=\"2880\">Mehr lesen<\/a><\/p>\n\n<h2 class=\"wp-block-heading has-large-font-size\">Netto-Null-Erkl\u00e4rung<\/h2>\n\n<p>In unserem <a href=\"https:\/\/hyphen.archi\/de\/politiken\/netto-null-erklaerung\/\" data-type=\"page\" data-id=\"2882\">Net Zero Statement<\/a> verpflichten wir uns, unsere Treibhausgasemissionen bis 2030 zu halbieren und vor 2050 netto null zu erreichen. Auch wenn das Jahr 2050 noch in weiter Ferne zu liegen scheint, basiert diese Verpflichtung auf dem <a href=\"https:\/\/businessclimatehub.org\/\" target=\"_blank\" rel=\"noreferrer noopener\">SME Climate Hub<\/a> Framework, das kleine und mittlere Unternehmen wie Hyphen dabei unterst\u00fctzt, sich zu Netto-Null-Zielen zu verpflichten, und das von der <a href=\"https:\/\/unfccc.int\/climate-action\/race-to-zero-campaign\" target=\"_blank\" rel=\"noreferrer noopener\">Race to Zero-Kampagne<\/a> der Vereinten Nationen anerkannt wird.<\/p>\n\n<p><a href=\"https:\/\/hyphen.archi\/de\/politiken\/netto-null-erklaerung\/\" data-type=\"page\" data-id=\"2882\">Mehr lesen<\/a><\/p>\n\n<h2 class=\"wp-block-heading has-large-font-size\">Qualit\u00e4tspolitik<\/h2>\n\n<p>Hyphen hat sich zum Ziel gesetzt, das weltweit am besten vernetzte Netzwerk inhabergef\u00fchrter Architekturb\u00fcros zu werden, das seinen Kunden weltweit ein H\u00f6chstma\u00df an Service bietet und in den von uns gew\u00e4hlten Sektoren auf globaler Ebene konkurrenzf\u00e4hig ist. Dieses Engagement wird durch unsere Werte unterst\u00fctzt und ist f\u00fcr unser kontinuierliches Wachstum und unseren Erfolg unerl\u00e4sslich.<\/p>\n\n<p>Wir stehen f\u00fcr Qualit\u00e4t. Unsere Verantwortung f\u00fcr Qualit\u00e4t ist bei allem, was wir tun, von entscheidender Bedeutung. Wir verpflichten uns zur kontinuierlichen Verbesserung unserer Dienstleistungen und zur Erf\u00fcllung aller geltenden Anforderungen unserer Zertifizierung nach ISO 9001:2015, die auch unser Qualit\u00e4tsmanagementsystem (QMS) unterst\u00fctzt.<\/p>\n\n<p><a href=\"https:\/\/hyphen.archi\/de\/politiken\/qualitaetspolitik\/\" data-type=\"page\" data-id=\"2884\">Mehr lesen<\/a><\/p>\n","protected":false},"excerpt":{"rendered":"<p>Erkl\u00e4rung zur BIM-Politik Diese Erkl\u00e4rung legt die Building Information Modelling (BIM)-Politik von Hyphen dar. Es umfasst die von The Hyphen Group Ltd. erbrachten Architekturleistungen von der Planung bis zur Fertigstellung unserer Projekte. Diese Erkl\u00e4rung wird j\u00e4hrlich \u00fcberpr\u00fcft und \u00c4nderungen werden unternehmensweit \u00fcbernommen. Mehr lesen Ethische Gesch\u00e4ftspolitik Diese Richtlinie gilt f\u00fcr alle Hyphen-Gesch\u00e4ftsf\u00fchrer und -Mitarbeiter in [&hellip;]<\/p>\n","protected":false},"author":1,"featured_media":0,"parent":0,"menu_order":0,"comment_status":"closed","ping_status":"open","template":"","meta":{"_acf_changed":false,"CBBTypography":[],"footnotes":""},"expertise":[],"location":[],"sector":[],"class_list":["post-8565","page","type-page","status-publish","hentry"],"acf":[],"mb":[],"yoast_head":"<!-- This site is optimized with the Yoast SEO Premium plugin v25.9 (Yoast SEO v27.0) - https:\/\/yoast.com\/product\/yoast-seo-premium-wordpress\/ -->\n<title>Politiken - Hyphen<\/title>\n<meta name=\"robots\" content=\"index, follow, max-snippet:-1, max-image-preview:large, max-video-preview:-1\" \/>\n<link rel=\"canonical\" href=\"https:\/\/hyphen.archi\/de\/politiken\/\" \/>\n<meta property=\"og:locale\" content=\"de_DE\" \/>\n<meta property=\"og:type\" content=\"article\" \/>\n<meta property=\"og:title\" content=\"Politiken\" \/>\n<meta property=\"og:description\" content=\"Erkl\u00e4rung zur BIM-Politik Diese Erkl\u00e4rung legt die Building Information Modelling (BIM)-Politik von Hyphen dar. Es umfasst die von The Hyphen Group Ltd. erbrachten Architekturleistungen von der Planung bis zur Fertigstellung unserer Projekte. Diese Erkl\u00e4rung wird j\u00e4hrlich \u00fcberpr\u00fcft und \u00c4nderungen werden unternehmensweit \u00fcbernommen. Mehr lesen Ethische Gesch\u00e4ftspolitik Diese Richtlinie gilt f\u00fcr alle Hyphen-Gesch\u00e4ftsf\u00fchrer und -Mitarbeiter in [&hellip;]\" \/>\n<meta property=\"og:url\" content=\"https:\/\/hyphen.archi\/de\/politiken\/\" \/>\n<meta property=\"og:site_name\" content=\"Hyphen\" \/>\n<meta property=\"article:modified_time\" content=\"2024-04-30T10:06:15+00:00\" \/>\n<meta name=\"twitter:card\" content=\"summary_large_image\" \/>\n<meta name=\"twitter:label1\" content=\"Est. reading time\" \/>\n\t<meta name=\"twitter:data1\" content=\"2 minutes\" \/>\n<script type=\"application\/ld+json\" class=\"yoast-schema-graph\">{\"@context\":\"https:\/\/schema.org\",\"@graph\":[{\"@type\":\"WebPage\",\"@id\":\"https:\/\/hyphen.archi\/de\/politiken\/\",\"url\":\"https:\/\/hyphen.archi\/de\/politiken\/\",\"name\":\"Politiken - Hyphen\",\"isPartOf\":{\"@id\":\"https:\/\/hyphen.archi\/de\/#website\"},\"datePublished\":\"2023-09-19T15:44:04+00:00\",\"dateModified\":\"2024-04-30T10:06:15+00:00\",\"breadcrumb\":{\"@id\":\"https:\/\/hyphen.archi\/de\/politiken\/#breadcrumb\"},\"inLanguage\":\"de-DE\",\"potentialAction\":[{\"@type\":\"ReadAction\",\"target\":[\"https:\/\/hyphen.archi\/de\/politiken\/\"]}]},{\"@type\":\"BreadcrumbList\",\"@id\":\"https:\/\/hyphen.archi\/de\/politiken\/#breadcrumb\",\"itemListElement\":[{\"@type\":\"ListItem\",\"position\":1,\"name\":\"Home\",\"item\":\"https:\/\/hyphen.archi\/de\/\"},{\"@type\":\"ListItem\",\"position\":2,\"name\":\"Politiken\"}]},{\"@type\":\"WebSite\",\"@id\":\"https:\/\/hyphen.archi\/de\/#website\",\"url\":\"https:\/\/hyphen.archi\/de\/\",\"name\":\"Hyphen\",\"description\":\"International Architecture Firm\",\"publisher\":{\"@id\":\"https:\/\/hyphen.archi\/de\/#organization\"},\"potentialAction\":[{\"@type\":\"SearchAction\",\"target\":{\"@type\":\"EntryPoint\",\"urlTemplate\":\"https:\/\/hyphen.archi\/de\/?s={search_term_string}\"},\"query-input\":{\"@type\":\"PropertyValueSpecification\",\"valueRequired\":true,\"valueName\":\"search_term_string\"}}],\"inLanguage\":\"de-DE\"},{\"@type\":\"Organization\",\"@id\":\"https:\/\/hyphen.archi\/de\/#organization\",\"name\":\"Hyphen\",\"url\":\"https:\/\/hyphen.archi\/de\/\",\"logo\":{\"@type\":\"ImageObject\",\"inLanguage\":\"de-DE\",\"@id\":\"https:\/\/hyphen.archi\/de\/#\/schema\/logo\/image\/\",\"url\":\"https:\/\/hyphen.archi\/app\/uploads\/2024\/03\/Favicon-no_BG.png\",\"contentUrl\":\"https:\/\/hyphen.archi\/app\/uploads\/2024\/03\/Favicon-no_BG.png\",\"width\":792,\"height\":793,\"caption\":\"Hyphen\"},\"image\":{\"@id\":\"https:\/\/hyphen.archi\/de\/#\/schema\/logo\/image\/\"},\"sameAs\":[\"https:\/\/www.linkedin.com\/company\/hyphen.archi\/\",\"https:\/\/www.instagram.com\/hyphen_archi\/\"]}]}<\/script>\n<!-- \/ Yoast SEO Premium plugin. -->","yoast_head_json":{"title":"Politiken - Hyphen","robots":{"index":"index","follow":"follow","max-snippet":"max-snippet:-1","max-image-preview":"max-image-preview:large","max-video-preview":"max-video-preview:-1"},"canonical":"https:\/\/hyphen.archi\/de\/politiken\/","og_locale":"de_DE","og_type":"article","og_title":"Politiken","og_description":"Erkl\u00e4rung zur BIM-Politik Diese Erkl\u00e4rung legt die Building Information Modelling (BIM)-Politik von Hyphen dar. Es umfasst die von The Hyphen Group Ltd. erbrachten Architekturleistungen von der Planung bis zur Fertigstellung unserer Projekte. Diese Erkl\u00e4rung wird j\u00e4hrlich \u00fcberpr\u00fcft und \u00c4nderungen werden unternehmensweit \u00fcbernommen. Mehr lesen Ethische Gesch\u00e4ftspolitik Diese Richtlinie gilt f\u00fcr alle Hyphen-Gesch\u00e4ftsf\u00fchrer und -Mitarbeiter in [&hellip;]","og_url":"https:\/\/hyphen.archi\/de\/politiken\/","og_site_name":"Hyphen","article_modified_time":"2024-04-30T10:06:15+00:00","twitter_card":"summary_large_image","twitter_misc":{"Est. reading time":"2 minutes"},"schema":{"@context":"https:\/\/schema.org","@graph":[{"@type":"WebPage","@id":"https:\/\/hyphen.archi\/de\/politiken\/","url":"https:\/\/hyphen.archi\/de\/politiken\/","name":"Politiken - Hyphen","isPartOf":{"@id":"https:\/\/hyphen.archi\/de\/#website"},"datePublished":"2023-09-19T15:44:04+00:00","dateModified":"2024-04-30T10:06:15+00:00","breadcrumb":{"@id":"https:\/\/hyphen.archi\/de\/politiken\/#breadcrumb"},"inLanguage":"de-DE","potentialAction":[{"@type":"ReadAction","target":["https:\/\/hyphen.archi\/de\/politiken\/"]}]},{"@type":"BreadcrumbList","@id":"https:\/\/hyphen.archi\/de\/politiken\/#breadcrumb","itemListElement":[{"@type":"ListItem","position":1,"name":"Home","item":"https:\/\/hyphen.archi\/de\/"},{"@type":"ListItem","position":2,"name":"Politiken"}]},{"@type":"WebSite","@id":"https:\/\/hyphen.archi\/de\/#website","url":"https:\/\/hyphen.archi\/de\/","name":"Hyphen","description":"International Architecture Firm","publisher":{"@id":"https:\/\/hyphen.archi\/de\/#organization"},"potentialAction":[{"@type":"SearchAction","target":{"@type":"EntryPoint","urlTemplate":"https:\/\/hyphen.archi\/de\/?s={search_term_string}"},"query-input":{"@type":"PropertyValueSpecification","valueRequired":true,"valueName":"search_term_string"}}],"inLanguage":"de-DE"},{"@type":"Organization","@id":"https:\/\/hyphen.archi\/de\/#organization","name":"Hyphen","url":"https:\/\/hyphen.archi\/de\/","logo":{"@type":"ImageObject","inLanguage":"de-DE","@id":"https:\/\/hyphen.archi\/de\/#\/schema\/logo\/image\/","url":"https:\/\/hyphen.archi\/app\/uploads\/2024\/03\/Favicon-no_BG.png","contentUrl":"https:\/\/hyphen.archi\/app\/uploads\/2024\/03\/Favicon-no_BG.png","width":792,"height":793,"caption":"Hyphen"},"image":{"@id":"https:\/\/hyphen.archi\/de\/#\/schema\/logo\/image\/"},"sameAs":["https:\/\/www.linkedin.com\/company\/hyphen.archi\/","https:\/\/www.instagram.com\/hyphen_archi\/"]}]}},"mfb_rest_fields":["title","yoast_head","yoast_head_json"],"_links":{"self":[{"href":"https:\/\/hyphen.archi\/de\/wp-json\/wp\/v2\/pages\/8565","targetHints":{"allow":["GET"]}}],"collection":[{"href":"https:\/\/hyphen.archi\/de\/wp-json\/wp\/v2\/pages"}],"about":[{"href":"https:\/\/hyphen.archi\/de\/wp-json\/wp\/v2\/types\/page"}],"author":[{"embeddable":true,"href":"https:\/\/hyphen.archi\/de\/wp-json\/wp\/v2\/users\/1"}],"replies":[{"embeddable":true,"href":"https:\/\/hyphen.archi\/de\/wp-json\/wp\/v2\/comments?post=8565"}],"version-history":[{"count":2,"href":"https:\/\/hyphen.archi\/de\/wp-json\/wp\/v2\/pages\/8565\/revisions"}],"predecessor-version":[{"id":10523,"href":"https:\/\/hyphen.archi\/de\/wp-json\/wp\/v2\/pages\/8565\/revisions\/10523"}],"wp:attachment":[{"href":"https:\/\/hyphen.archi\/de\/wp-json\/wp\/v2\/media?parent=8565"}],"wp:term":[{"taxonomy":"expertise","embeddable":true,"href":"https:\/\/hyphen.archi\/de\/wp-json\/wp\/v2\/expertise?post=8565"},{"taxonomy":"location","embeddable":true,"href":"https:\/\/hyphen.archi\/de\/wp-json\/wp\/v2\/location?post=8565"},{"taxonomy":"sector","embeddable":true,"href":"https:\/\/hyphen.archi\/de\/wp-json\/wp\/v2\/sector?post=8565"}],"curies":[{"name":"wp","href":"https:\/\/api.w.org\/{rel}","templated":true}]}}