
{"id":10602,"date":"2024-05-01T07:58:32","date_gmt":"2024-05-01T07:58:32","guid":{"rendered":"https:\/\/hyphen.archi\/declaracion-de-privacidad\/"},"modified":"2024-06-20T11:54:24","modified_gmt":"2024-06-20T11:54:24","slug":"declaracion-de-privacidad","status":"publish","type":"page","link":"https:\/\/hyphen.archi\/es\/declaracion-de-privacidad\/","title":{"rendered":"Aviso de privacidad"},"content":{"rendered":"\n<p>The Hyphen Group Ltd<\/p>\n\n<h2 class=\"wp-block-heading has-large-font-size\">\u00bfPor qu\u00e9 tenemos este aviso?<\/h2>\n\n<p>Esta informaci\u00f3n se ha elaborado para ayudarte a comprender todo lo que necesitas saber sobre la forma en que Hyphen recopila, utiliza y comparte los datos personales, cu\u00e1les son tus derechos legales y c\u00f3mo ejercerlos.<\/p>\n\n<p>Hyphen se toma muy en serio su responsabilidad de proteger tus datos y te invitamos a que te pongas en contacto con nosotros si tienes alguna pregunta o duda sobre el uso que hacemos de tus datos personales.<\/p>\n\n<p><\/p>\n\n<h2 class=\"wp-block-heading has-large-font-size\">\u00bfQui\u00e9n es el Responsable del Tratamiento?<\/h2>\n\n<ul class=\"wp-block-list\">\n<li>Hyphen<\/li>\n\n\n\n<li>Domicilio social: 3 Charlecote Mews, Staple Gardens, Winchester, Hampshire, SO23 8SR.<\/li>\n\n\n\n<li>N\u00famero de registro: 2763353<\/li>\n\n\n\n<li>En esta p\u00e1gina podemos referirnos a The Hyphen Group Ltd como &#8220;nosotros&#8221; o &#8220;nuestro&#8221;.<\/li>\n<\/ul>\n\n<p><\/p>\n\n<h2 class=\"wp-block-heading has-large-font-size\">\u00bfQu\u00e9 tipo de Datos Personales trata Hyphen?<\/h2>\n\n<p>Hyphen recopila datos personales para diversos fines; teniendo esto en cuenta, hemos creado una lista de los tipos de datos personales que podemos recopilar, ya sea directamente de ti mismo o de otras fuentes. Los tipos de datos personales que podemos recopilar incluyen:<\/p>\n\n<figure class=\"wp-block-table\"><table><tbody><tr><td><strong>De los que recogemos datos<\/strong><\/td><td><strong>Qu\u00e9 datos recogemos<\/strong><\/td><\/tr><tr><td>Cliente<\/td><td>Nombre, direcci\u00f3n de correo electr\u00f3nico. direcci\u00f3n postal, n\u00famero de tel\u00e9fono, fotograf\u00edas.<\/td><\/tr><tr><td>Aspirante \/ Temporal \/ Voluntario \/ Estudiante en pr\u00e1cticas<\/td><td>Datos de contacto, CV, perfil de LinkedIn.<\/td><\/tr><tr><td>Candidato<\/td><td>Datos de contacto, CV, perfil de LinkedIn.<\/td><\/tr><tr><td>Contacto profesional<\/td><td>Nombre, direcci\u00f3n de correo electr\u00f3nico, direcci\u00f3n postal y n\u00famero de tel\u00e9fono.<\/td><\/tr><tr><td>Proveedor \/ Comerciante<\/td><td>Nombre, direcci\u00f3n de correo electr\u00f3nico, direcci\u00f3n postal, n\u00famero de tel\u00e9fono, cuenta bancaria profesional.<\/td><\/tr><tr><td>Subcontratista<\/td><td>Nombre, direcci\u00f3n de correo electr\u00f3nico, direcci\u00f3n postal, n\u00famero de tel\u00e9fono, cuenta bancaria profesional.<\/td><\/tr><tr><td>Antiguos empleados<\/td><td>Nombre, direcci\u00f3n de correo electr\u00f3nico, direcci\u00f3n postal, n\u00famero de tel\u00e9fono, fotograf\u00edas.<\/td><\/tr><\/tbody><\/table><\/figure>\n\n<p><\/p>\n\n<h2 class=\"wp-block-heading has-large-font-size\">\u00bfCu\u00e1les son las razones por las que el Grupo Hyphen recopila Datos Personales?<\/h2>\n\n<p><strong>Obligaciones legales<\/strong><\/p>\n\n<p>El Grupo Hyphen utiliza los datos personales en primer lugar para cumplir cualquier obligaci\u00f3n contractual que exista entre nosotros y t\u00fa. Cuando solicitemos datos personales para celebrar o cumplir las condiciones de un contrato de este tipo, se te pedir\u00e1 que facilites los datos personales pertinentes o no podremos prestarte los servicios que deseas. En tales casos, la base legal para que procesemos los datos personales es que es necesario para la ejecuci\u00f3n de un contrato.<\/p>\n\n<p>La ley nos obliga a tratar datos personales para fines relacionados con nuestras obligaciones legales. Entre ellas est\u00e1n:<\/p>\n\n<ul class=\"wp-block-list\">\n<li>Para hacer frente a nuestros compromisos financieros, o ante las autoridades financieras pertinentes.<\/li>\n\n\n\n<li>Cumplir los requisitos reglamentarios y cualquier sistema de autorregulaci\u00f3n.<\/li>\n\n\n\n<li>Para llevar a cabo las operaciones comerciales y la diligencia debida necesarias.<\/li>\n\n\n\n<li>Para cooperar con las autoridades pertinentes en la denuncia de actividades delictivas, o para detectar y prevenir el fraude.<\/li>\n\n\n\n<li>Investigar cualquier reclamaci\u00f3n de seguros, reclamaciones por cualquier tipo de acoso o discriminaci\u00f3n, o cualquier otra reclamaci\u00f3n por la que la organizaci\u00f3n pueda tener que defenderse.<\/li>\n<\/ul>\n\n<p><strong>Consentimiento<\/strong><\/p>\n\n<p>El Grupo Hyphen puede tratar Datos Personales para los siguientes fines cuando haya recibido consentimiento para ello:<\/p>\n\n<ul class=\"wp-block-list\">\n<li>Para supervisar las actividades de las personas, ya sea a trav\u00e9s de medios en l\u00ednea o de otro modo, para identificar tendencias y\/o pautas de comportamiento, o para la elaboraci\u00f3n de perfiles.<\/li>\n\n\n\n<li>Datos relacionados con actividades de marketing: en particular, inclusi\u00f3n y exclusi\u00f3n de boletines, invitaciones y participaci\u00f3n en eventos y actividades especiales, preferencias e intereses personales, protocolos de consulta.<\/li>\n\n\n\n<li>Puedes retirar tu consentimiento para que procesemos tus datos personales para estos fines en cualquier momento; despu\u00e9s de recibir una solicitud de retirada del consentimiento, es posible que tengamos que ponernos en contacto contigo para verificar la solicitud.<\/li>\n\n\n\n<li>Retirar tu consentimiento para que procesemos tus datos personales no afectar\u00e1 a la legalidad del procesamiento previo.<\/li>\n<\/ul>\n\n<p><strong>Intereses leg\u00edtimos<\/strong><\/p>\n\n<p>Hyphen puede procesar Datos Personales para cualquiera de los siguientes fines, que se consideran dentro de nuestros intereses comerciales leg\u00edtimos:<\/p>\n\n<ul class=\"wp-block-list\">\n<li>Para prestar servicios cuando se hayan solicitado,<\/li>\n\n\n\n<li>Para informar a las personas de servicios que prestamos u ofertas que puedan interesarles,<\/li>\n\n\n\n<li>Enviar notificaciones sobre temas a las personas que hayan solicitado que se les mantenga informadas,<\/li>\n\n\n\n<li>Para mejorar la calidad de los servicios que ofrecemos, y para comprender mejor las necesidades de los clientes solicitando opiniones, o revisiones de los servicios prestados, o enviando formularios de encuestas,<\/li>\n\n\n\n<li>Para enviar notificaciones sobre cualquier cambio en los servicios prestados que pueda afectar a las personas,<\/li>\n\n\n\n<li>Para comprender la escala de la base de clientes; para an\u00e1lisis estad\u00edsticos e investigaci\u00f3n de mercado,<\/li>\n\n\n\n<li>Reconocer cuando las personas vuelven a involucrarse con nuestra organizaci\u00f3n,<\/li>\n\n\n\n<li>Proporcionar informaci\u00f3n de referencia a terceras organizaciones cuando sea necesario,<\/li>\n\n\n\n<li>Mejorar el sitio web de la organizaci\u00f3n para que el contenido se ofrezca de forma m\u00e1s eficaz,<\/li>\n\n\n\n<li>Mejorar las medidas de seguridad que protegen los datos de los que somos responsables,<\/li>\n\n\n\n<li>Proteger los activos de la organizaci\u00f3n<\/li>\n<\/ul>\n\n<p><\/p>\n\n<h2 class=\"wp-block-heading has-large-font-size\">\u00bfDe d\u00f3nde obtiene el Grupo Hyphen los Datos Personales?<\/h2>\n\n<p>Recogeremos datos personales directamente de ti de varias formas. Esto podr\u00eda incluir cuando rellenas un formulario online, o si proporcionas los datos directamente a un representante de Hyphen.<\/p>\n\n<p>Recogemos algunos datos personales de fuentes de acceso p\u00fablico, como:<\/p>\n\n<ul class=\"wp-block-list\">\n<li>Registros de ejecuci\u00f3n de deudas o directorios de deudores, registros de la propiedad, registros mercantiles y de asociaciones, prensa, Internet.<\/li>\n\n\n\n<li>Tambi\u00e9n podemos recopilar datos personales por cualquiera de los siguientes m\u00e9todos:<\/li>\n\n\n\n<li>De funcionalidades t\u00e9cnicas que recopilan datos autom\u00e1ticamente de equipos inform\u00e1ticos cuando las personas visitan nuestras plataformas en l\u00ednea.<\/li>\n\n\n\n<li>Desde plataformas que hacen uso de configuraciones del dispositivo que permiten el seguimiento de la ubicaci\u00f3n geogr\u00e1fica, como el mapeo de direcciones IP, WiFi, se\u00f1ales GPS y posicionamiento de torres de telefon\u00eda m\u00f3vil.<\/li>\n\n\n\n<li>De organizaciones de terceros proporcionadas para un fin espec\u00edfico.<\/li>\n\n\n\n<li>De autoridades locales o nacionales proporcionadas para fines espec\u00edficos.<\/li>\n\n\n\n<li>Agencias de cr\u00e9dito, redes sociales, otras empresas de Hyphen.<\/li>\n<\/ul>\n\n<p><\/p>\n\n<h2 class=\"wp-block-heading has-large-font-size\">\u00bfCon qui\u00e9n compartir\u00e1 Hyphen tus Datos Personales?<\/h2>\n\n<p>Para lograr los fines arriba indicados para los que procesamos tus datos personales, es posible que tengamos que compartir tus datos personales con determinados terceros.<\/p>\n\n<p>Haremos todos los esfuerzos razonables para garantizar que cualquier tercero con el que compartamos tus datos personales tambi\u00e9n cumpla la ley de protecci\u00f3n de datos.<\/p>\n\n<p>Los tipos de terceros con los que podemos compartir tus datos personales incluyen:<\/p>\n\n<ul class=\"wp-block-list\">\n<li>Otros miembros de un grupo de empresas al que pertenece el Grupo Hyphen.<\/li>\n\n\n\n<li>Organizaci\u00f3n en la que es necesario proporcionar bienes o servicios.<\/li>\n\n\n\n<li>Organizaciones en las que es necesario establecer diversos recursos.<\/li>\n\n\n\n<li>Autoridades gubernamentales regionales y\/o locales.<\/li>\n<\/ul>\n\n<p><\/p>\n\n<h2 class=\"wp-block-heading has-large-font-size\">\u00bfD\u00f3nde almacenar\u00e1 el Grupo Hyphen tus Datos Personales?<\/h2>\n\n<p>Como parte de nuestras pr\u00e1cticas empresariales habituales, podemos transferir tus datos personales a organizaciones con sede en pa\u00edses a los que no se les ha concedido una decisi\u00f3n de adecuaci\u00f3n en virtud del Reglamento General de Protecci\u00f3n de Datos.<\/p>\n\n<p>Cuando se transfieran datos a dichos pa\u00edses, nos aseguraremos de que se hayan establecido salvaguardias o excepciones espec\u00edficas.<\/p>\n\n<p>Por ejemplo, cuando la transferencia de datos sea necesaria para cumplir un contrato entre nosotros y t\u00fa, cuando hayamos recibido tu consentimiento espec\u00edfico tras haberte informado de los riesgos que conlleva, o cuando existan contratos entre nosotros y los terceros implicados que garanticen que la organizaci\u00f3n receptora cuenta con un nivel adecuado de protecci\u00f3n de datos.<\/p>\n\n<p>Cuando los datos se transfieran entre las propias oficinas de Hyphen (o entre un grupo de empresas dedicadas a una actividad econ\u00f3mica conjunta), mantendremos Normas Corporativas Vinculantes (BCR) que se apliquen a cada organizaci\u00f3n miembro afectada.<\/p>\n\n<p>Estas BCR garantizar\u00e1n que todas las partes implicadas con las que compartamos tus datos personales tengan un nivel similar de cumplimiento de la protecci\u00f3n de datos.<\/p>\n\n<p><\/p>\n\n<h2 class=\"wp-block-heading has-large-font-size\">\u00bfCu\u00e1nto tiempo conservar\u00e1 el Grupo Hyphen tus Datos Personales?<\/h2>\n\n<p>Conservaremos tus datos personales s\u00f3lo durante el tiempo necesario para alcanzar los fines para los que fueron recogidos, de acuerdo con este aviso de privacidad.<\/p>\n\n<p>Los siguientes criterios son los que determinan el periodo durante el cual conservaremos tus datos personales:<\/p>\n\n<ul class=\"wp-block-list\">\n<li>Hasta que dejemos de estar obligados a hacerlo para cumplir los requisitos reglamentarios o las obligaciones financieras.<\/li>\n\n\n\n<li>Hasta que dejemos de estar obligados a ello por cualquier ley a la que estemos sujetos.<\/li>\n\n\n\n<li>Hasta que todos los fines para los que se recopilaron originalmente los datos hayan dejado de ser pertinentes u obsoletos.<\/li>\n<\/ul>\n\n<p><\/p>\n\n<h2 class=\"wp-block-heading has-large-font-size\">Tus derechos, nuestra responsabilidad<\/h2>\n\n<p>Hay varios derechos que se te conceden inmediatamente despu\u00e9s de facilitarnos tus datos personales; algunos de ellos se mencionan m\u00e1s arriba. Nos gustar\u00eda que supieras que en Hyphen nos tomamos en serio tus derechos y siempre nos comportaremos de forma considerada con nuestra responsabilidad de servir a tus derechos legales.<\/p>\n\n<p><strong>Derecho de acceso<\/strong><\/p>\n\n<p>Esto te otorga el derecho a confirmar si se est\u00e1n tratando o no tus datos personales, y a que se te faciliten los detalles pertinentes sobre cu\u00e1les son esas operaciones de tratamiento y qu\u00e9 datos personales tuyos se est\u00e1n tratando.<\/p>\n\n<p>Si deseas acceder a los datos personales que tenemos sobre ti, te rogamos que te pongas en contacto con nosotros utilizando los datos que figuran a continuaci\u00f3n.<\/p>\n\n<p><strong>Derecho de rectificaci\u00f3n<\/strong><\/p>\n\n<p>Esto es bastante sencillo; si observas que los datos que tenemos sobre ti son inexactos o incompletos, puedes solicitar que rectifiquemos el error. Haremos todo lo posible por responder inmediatamente a las solicitudes de este tipo.<\/p>\n\n<p><strong>El derecho a la supresi\u00f3n<\/strong><\/p>\n\n<p>Tambi\u00e9n conocido como &#8220;derecho al olvido&#8221;, te da derecho a solicitar la supresi\u00f3n de tus datos personales.<\/p>\n\n<p>No se trata de un derecho absoluto; si nos pidieras que borremos tus datos personales, borrar\u00edamos la mayor parte posible de esos datos, pero puede que tengamos que conservar alguna informaci\u00f3n si es necesario.<\/p>\n\n<p>Cuando hayamos recibido una solicitud de supresi\u00f3n de datos personales, si es necesario que conservemos parte de esa informaci\u00f3n, nos aseguraremos de que los datos restantes s\u00f3lo se utilicen cuando y donde sea absolutamente necesario.<\/p>\n\n<p><strong>El derecho de oposici\u00f3n<\/strong><\/p>\n\n<p>El derecho de oposici\u00f3n es una libertad b\u00e1sica de la que gozan todas las democracias. Si deseas oponerte a la forma en que utilizamos o hemos utilizado tus datos personales, puedes hacerlo libremente.<\/p>\n\n<p><strong>Derecho a reclamar<\/strong><\/p>\n\n<p>Siempre intentaremos mantener los niveles m\u00e1s altos y fomentar la confianza que nuestros clientes tienen en nosotros como organizaci\u00f3n. Para lograrlo, pedimos que se nos comunique primero cualquier queja para que podamos investigar adecuadamente los asuntos. Si quieres presentar una queja sobre Hyphen ante un organismo regulador, puedes hacerlo poni\u00e9ndote en contacto con la autoridad supervisora de protecci\u00f3n de datos local.<\/p>\n\n<p><\/p>\n\n<h2 class=\"wp-block-heading has-large-font-size\">Datos de contacto de Hyphen<\/h2>\n\n<p>The Hyphen Group Ltd<\/p>\n\n<p>3 Charlecote Mews<\/p>\n\n<p>Staple Gardens<\/p>\n\n<p>Winchester<\/p>\n\n<p>Hampshire<\/p>\n\n<p>SO23 8SR.<\/p>\n\n<p><a href=\"mailto:info@hyphen.archi?subject=Website%20GDPR\">info@hyphen.archi<\/a><\/p>\n\n<h2 class=\"wp-block-heading has-large-font-size\">\u00bfQui\u00e9n es el Responsable de Protecci\u00f3n de Datos de Hyphen?<\/h2>\n\n<p>Ametros Group Ltd<\/p>\n\n<p>Lakeside Offices, Thorn Business Park<\/p>\n\n<p>Rotherwas Industrial Estate<\/p>\n\n<p>Hereford<\/p>\n\n<p>Herefordshire<\/p>\n\n<p>England<\/p>\n\n<p>HR2 6JT<\/p>\n\n<p>0330 223 2246<\/p>\n\n<p>dpo@ametrosgroup.com<\/p>\n\n<p>www.ametrosgroup.com<\/p>\n\n<p><a id=\"_msocom_1\"><\/a><\/p>\n\n<h2 class=\"wp-block-heading has-large-font-size\">Cookies<\/h2>\n\n<p><strong>\u00bfQu\u00e9 son las cookies?<br\/><\/strong>Las cookies son peque\u00f1os archivos de texto que contienen una cadena de caracteres que se pueden colocar en tu ordenador o dispositivo m\u00f3vil y que identifican de forma exclusiva tu navegador o dispositivo.<\/p>\n\n<p><strong>\u00bfPara qu\u00e9 se utilizan las cookies?<\/strong><br\/>Las cookies permiten a un sitio o servicio saber si tu ordenador o dispositivo ha visitado antes ese sitio o servicio. Las cookies pueden utilizarse para ayudar a comprender c\u00f3mo se utiliza el sitio o el servicio, ayudarte a navegar entre las p\u00e1ginas de manera eficiente, ayudar a recordar tus preferencias y, en general, mejorar tu experiencia de navegaci\u00f3n. Las cookies tambi\u00e9n pueden ayudar a garantizar que un anuncio que veas en Internet sea m\u00e1s relevante para ti y tus intereses.<\/p>\n\n<p><strong>\u00bfQu\u00e9 tipo de cookies utiliza Hyphen?<\/strong><br\/>Hyphen utiliza cookies de rendimiento de terceros (Google Analytics, Google Maps y Hotjar). Estas cookies nos permiten contabilizar las visitas y las fuentes de tr\u00e1fico, y realizar un seguimiento de los viajes de los usuarios mediante la tecnolog\u00eda de mapas de calor, para que podamos medir y mejorar el rendimiento de nuestro sitio. Nos ayudan a saber qu\u00e9 p\u00e1ginas son las m\u00e1s y las menos populares, y a ver c\u00f3mo se mueven los visitantes por el sitio. Toda la informaci\u00f3n que recopilan estas cookies es an\u00f3nima. Si no permites estas cookies, no sabremos cu\u00e1ndo has visitado nuestro sitio.<\/p>\n","protected":false},"excerpt":{"rendered":"<p>The Hyphen Group Ltd \u00bfPor qu\u00e9 tenemos este aviso? Esta informaci\u00f3n se ha elaborado para ayudarte a comprender todo lo que necesitas saber sobre la forma en que Hyphen recopila, utiliza y comparte los datos personales, cu\u00e1les son tus derechos legales y c\u00f3mo ejercerlos. Hyphen se toma muy en serio su responsabilidad de proteger tus [&hellip;]<\/p>\n","protected":false},"author":1,"featured_media":0,"parent":0,"menu_order":0,"comment_status":"closed","ping_status":"closed","template":"","meta":{"_acf_changed":false,"CBBTypography":[],"footnotes":""},"expertise":[],"location":[],"sector":[],"class_list":["post-10602","page","type-page","status-publish","hentry"],"acf":[],"mb":[],"yoast_head":"<!-- This site is optimized with the Yoast SEO Premium plugin v25.9 (Yoast SEO v27.0) - https:\/\/yoast.com\/product\/yoast-seo-premium-wordpress\/ -->\n<title>Aviso de privacidad - Hyphen<\/title>\n<meta name=\"description\" content=\"Esta informaci\u00f3n se ha elaborado para ayudarte a comprender todo lo que necesitas saber sobre la forma en que Hyphen recopila, utiliza y comparte los datos personales, cu\u00e1les son tus derechos legales y c\u00f3mo ejercerlos.\" \/>\n<meta name=\"robots\" content=\"index, follow, max-snippet:-1, max-image-preview:large, max-video-preview:-1\" \/>\n<link rel=\"canonical\" href=\"https:\/\/hyphen.archi\/es\/declaracion-de-privacidad\/\" \/>\n<meta property=\"og:locale\" content=\"es_ES\" \/>\n<meta property=\"og:type\" content=\"article\" \/>\n<meta property=\"og:title\" content=\"Aviso de privacidad\" \/>\n<meta property=\"og:description\" content=\"Esta informaci\u00f3n se ha elaborado para ayudarte a comprender todo lo que necesitas saber sobre la forma en que Hyphen recopila, utiliza y comparte los datos personales, cu\u00e1les son tus derechos legales y c\u00f3mo ejercerlos.\" \/>\n<meta property=\"og:url\" content=\"https:\/\/hyphen.archi\/es\/declaracion-de-privacidad\/\" \/>\n<meta property=\"og:site_name\" content=\"Hyphen\" \/>\n<meta property=\"article:modified_time\" content=\"2024-06-20T11:54:24+00:00\" \/>\n<meta name=\"twitter:card\" content=\"summary_large_image\" \/>\n<meta name=\"twitter:label1\" content=\"Est. reading time\" \/>\n\t<meta name=\"twitter:data1\" content=\"10 minutes\" \/>\n<script type=\"application\/ld+json\" class=\"yoast-schema-graph\">{\"@context\":\"https:\/\/schema.org\",\"@graph\":[{\"@type\":\"WebPage\",\"@id\":\"https:\/\/hyphen.archi\/es\/declaracion-de-privacidad\/\",\"url\":\"https:\/\/hyphen.archi\/es\/declaracion-de-privacidad\/\",\"name\":\"Aviso de privacidad - Hyphen\",\"isPartOf\":{\"@id\":\"https:\/\/hyphen.archi\/es\/#website\"},\"datePublished\":\"2024-05-01T07:58:32+00:00\",\"dateModified\":\"2024-06-20T11:54:24+00:00\",\"description\":\"Esta informaci\u00f3n se ha elaborado para ayudarte a comprender todo lo que necesitas saber sobre la forma en que Hyphen recopila, utiliza y comparte los datos personales, cu\u00e1les son tus derechos legales y c\u00f3mo ejercerlos.\",\"breadcrumb\":{\"@id\":\"https:\/\/hyphen.archi\/es\/declaracion-de-privacidad\/#breadcrumb\"},\"inLanguage\":\"es-ES\",\"potentialAction\":[{\"@type\":\"ReadAction\",\"target\":[\"https:\/\/hyphen.archi\/es\/declaracion-de-privacidad\/\"]}]},{\"@type\":\"BreadcrumbList\",\"@id\":\"https:\/\/hyphen.archi\/es\/declaracion-de-privacidad\/#breadcrumb\",\"itemListElement\":[{\"@type\":\"ListItem\",\"position\":1,\"name\":\"Home\",\"item\":\"https:\/\/hyphen.archi\/es\/\"},{\"@type\":\"ListItem\",\"position\":2,\"name\":\"Aviso de privacidad\"}]},{\"@type\":\"WebSite\",\"@id\":\"https:\/\/hyphen.archi\/es\/#website\",\"url\":\"https:\/\/hyphen.archi\/es\/\",\"name\":\"Hyphen\",\"description\":\"International Architecture Firm\",\"publisher\":{\"@id\":\"https:\/\/hyphen.archi\/es\/#organization\"},\"potentialAction\":[{\"@type\":\"SearchAction\",\"target\":{\"@type\":\"EntryPoint\",\"urlTemplate\":\"https:\/\/hyphen.archi\/es\/?s={search_term_string}\"},\"query-input\":{\"@type\":\"PropertyValueSpecification\",\"valueRequired\":true,\"valueName\":\"search_term_string\"}}],\"inLanguage\":\"es-ES\"},{\"@type\":\"Organization\",\"@id\":\"https:\/\/hyphen.archi\/es\/#organization\",\"name\":\"Hyphen\",\"url\":\"https:\/\/hyphen.archi\/es\/\",\"logo\":{\"@type\":\"ImageObject\",\"inLanguage\":\"es-ES\",\"@id\":\"https:\/\/hyphen.archi\/es\/#\/schema\/logo\/image\/\",\"url\":\"https:\/\/hyphen.archi\/app\/uploads\/2024\/03\/Favicon-no_BG.png\",\"contentUrl\":\"https:\/\/hyphen.archi\/app\/uploads\/2024\/03\/Favicon-no_BG.png\",\"width\":792,\"height\":793,\"caption\":\"Hyphen\"},\"image\":{\"@id\":\"https:\/\/hyphen.archi\/es\/#\/schema\/logo\/image\/\"},\"sameAs\":[\"https:\/\/www.linkedin.com\/company\/hyphen.archi\/\",\"https:\/\/www.instagram.com\/hyphen_archi\/\"]}]}<\/script>\n<!-- \/ Yoast SEO Premium plugin. -->","yoast_head_json":{"title":"Aviso de privacidad - Hyphen","description":"Esta informaci\u00f3n se ha elaborado para ayudarte a comprender todo lo que necesitas saber sobre la forma en que Hyphen recopila, utiliza y comparte los datos personales, cu\u00e1les son tus derechos legales y c\u00f3mo ejercerlos.","robots":{"index":"index","follow":"follow","max-snippet":"max-snippet:-1","max-image-preview":"max-image-preview:large","max-video-preview":"max-video-preview:-1"},"canonical":"https:\/\/hyphen.archi\/es\/declaracion-de-privacidad\/","og_locale":"es_ES","og_type":"article","og_title":"Aviso de privacidad","og_description":"Esta informaci\u00f3n se ha elaborado para ayudarte a comprender todo lo que necesitas saber sobre la forma en que Hyphen recopila, utiliza y comparte los datos personales, cu\u00e1les son tus derechos legales y c\u00f3mo ejercerlos.","og_url":"https:\/\/hyphen.archi\/es\/declaracion-de-privacidad\/","og_site_name":"Hyphen","article_modified_time":"2024-06-20T11:54:24+00:00","twitter_card":"summary_large_image","twitter_misc":{"Est. reading time":"10 minutes"},"schema":{"@context":"https:\/\/schema.org","@graph":[{"@type":"WebPage","@id":"https:\/\/hyphen.archi\/es\/declaracion-de-privacidad\/","url":"https:\/\/hyphen.archi\/es\/declaracion-de-privacidad\/","name":"Aviso de privacidad - Hyphen","isPartOf":{"@id":"https:\/\/hyphen.archi\/es\/#website"},"datePublished":"2024-05-01T07:58:32+00:00","dateModified":"2024-06-20T11:54:24+00:00","description":"Esta informaci\u00f3n se ha elaborado para ayudarte a comprender todo lo que necesitas saber sobre la forma en que Hyphen recopila, utiliza y comparte los datos personales, cu\u00e1les son tus derechos legales y c\u00f3mo ejercerlos.","breadcrumb":{"@id":"https:\/\/hyphen.archi\/es\/declaracion-de-privacidad\/#breadcrumb"},"inLanguage":"es-ES","potentialAction":[{"@type":"ReadAction","target":["https:\/\/hyphen.archi\/es\/declaracion-de-privacidad\/"]}]},{"@type":"BreadcrumbList","@id":"https:\/\/hyphen.archi\/es\/declaracion-de-privacidad\/#breadcrumb","itemListElement":[{"@type":"ListItem","position":1,"name":"Home","item":"https:\/\/hyphen.archi\/es\/"},{"@type":"ListItem","position":2,"name":"Aviso de privacidad"}]},{"@type":"WebSite","@id":"https:\/\/hyphen.archi\/es\/#website","url":"https:\/\/hyphen.archi\/es\/","name":"Hyphen","description":"International Architecture Firm","publisher":{"@id":"https:\/\/hyphen.archi\/es\/#organization"},"potentialAction":[{"@type":"SearchAction","target":{"@type":"EntryPoint","urlTemplate":"https:\/\/hyphen.archi\/es\/?s={search_term_string}"},"query-input":{"@type":"PropertyValueSpecification","valueRequired":true,"valueName":"search_term_string"}}],"inLanguage":"es-ES"},{"@type":"Organization","@id":"https:\/\/hyphen.archi\/es\/#organization","name":"Hyphen","url":"https:\/\/hyphen.archi\/es\/","logo":{"@type":"ImageObject","inLanguage":"es-ES","@id":"https:\/\/hyphen.archi\/es\/#\/schema\/logo\/image\/","url":"https:\/\/hyphen.archi\/app\/uploads\/2024\/03\/Favicon-no_BG.png","contentUrl":"https:\/\/hyphen.archi\/app\/uploads\/2024\/03\/Favicon-no_BG.png","width":792,"height":793,"caption":"Hyphen"},"image":{"@id":"https:\/\/hyphen.archi\/es\/#\/schema\/logo\/image\/"},"sameAs":["https:\/\/www.linkedin.com\/company\/hyphen.archi\/","https:\/\/www.instagram.com\/hyphen_archi\/"]}]}},"mfb_rest_fields":["title","yoast_head","yoast_head_json"],"_links":{"self":[{"href":"https:\/\/hyphen.archi\/es\/wp-json\/wp\/v2\/pages\/10602","targetHints":{"allow":["GET"]}}],"collection":[{"href":"https:\/\/hyphen.archi\/es\/wp-json\/wp\/v2\/pages"}],"about":[{"href":"https:\/\/hyphen.archi\/es\/wp-json\/wp\/v2\/types\/page"}],"author":[{"embeddable":true,"href":"https:\/\/hyphen.archi\/es\/wp-json\/wp\/v2\/users\/1"}],"replies":[{"embeddable":true,"href":"https:\/\/hyphen.archi\/es\/wp-json\/wp\/v2\/comments?post=10602"}],"version-history":[{"count":5,"href":"https:\/\/hyphen.archi\/es\/wp-json\/wp\/v2\/pages\/10602\/revisions"}],"predecessor-version":[{"id":11438,"href":"https:\/\/hyphen.archi\/es\/wp-json\/wp\/v2\/pages\/10602\/revisions\/11438"}],"wp:attachment":[{"href":"https:\/\/hyphen.archi\/es\/wp-json\/wp\/v2\/media?parent=10602"}],"wp:term":[{"taxonomy":"expertise","embeddable":true,"href":"https:\/\/hyphen.archi\/es\/wp-json\/wp\/v2\/expertise?post=10602"},{"taxonomy":"location","embeddable":true,"href":"https:\/\/hyphen.archi\/es\/wp-json\/wp\/v2\/location?post=10602"},{"taxonomy":"sector","embeddable":true,"href":"https:\/\/hyphen.archi\/es\/wp-json\/wp\/v2\/sector?post=10602"}],"curies":[{"name":"wp","href":"https:\/\/api.w.org\/{rel}","templated":true}]}}