
{"id":7254,"date":"2023-09-22T10:15:56","date_gmt":"2023-09-22T10:15:56","guid":{"rendered":"http:\/\/hyphen.archi\/sectores\/"},"modified":"2024-08-14T10:21:33","modified_gmt":"2024-08-14T10:21:33","slug":"sectores","status":"publish","type":"page","link":"https:\/\/hyphen.archi\/es\/sectores\/","title":{"rendered":"Sectores"},"content":{"rendered":"\n<div class=\"wp-block-boldblocks-group cbb-block background-image-animation is-layout-flow wp-block-boldblocks-group-is-layout-flow bb:has-overlay bb:has-background bb:has-background--image\" style=\"min-height:75vh;margin-bottom:var(--wp--preset--spacing--40);padding-top:0;padding-right:var(--wp--preset--spacing--40);padding-bottom:0;padding-left:var(--wp--preset--spacing--40)\"><div class=\"bb:block-background bb:block-background--image cbb-bg-image\" style=\"background-image:url(https:\/\/hyphen.archi\/app\/uploads\/2025\/07\/London-Institute_hero-banner_DT_02.jpg);background-position:63% 50%;background-repeat:no-repeat;background-size:cover;\"   data-src=\"https:\/\/hyphen.archi\/app\/uploads\/2025\/07\/London-Institute_hero-banner_DT_02.jpg\" data-width=\"1200\" data-height=\"483\"><\/div><div aria-hidden=\"true\" class=\"bb:block-overlay\" style=\"background:var(--wp--preset--color--contrast, #000000);opacity:0.3;\"><\/div>\n<h1 class=\"wp-block-heading has-base-color has-text-color\" style=\"margin-top:70vh;margin-right:0;margin-bottom:var(--wp--preset--spacing--40);margin-left:0\">Sectores<\/h1>\n<\/div>\n\n\n\n<div class=\"wp-block-group alignwide is-layout-flow wp-block-group-is-layout-flow\" style=\"padding-right:var(--wp--preset--spacing--40);padding-left:var(--wp--preset--spacing--40)\">\n<div data-wp-context=\"{}\" data-wp-interactive=\"core\/query\" data-wp-key=\"0\" data-wp-router-region=\"query-0\" class=\"wp-block-query alignwide is-layout-flow wp-block-query-is-layout-flow cbb-query-0-1\"><ul id=\"\" class=\"wp-block-post-template is-layout-flow wp-block-post-template-is-layout-flow\"><li data-wp-key=\"post-template-item-7278\" class=\"wp-block-post post-7278 page type-page status-publish has-post-thumbnail hentry\">\n<figure style=\"aspect-ratio:3\/2;width:100%;height:clamp(15vw, 30vh, 400px); margin-top:0;margin-bottom:0;\" class=\"alignwide wp-block-post-featured-image\"><a href=\"https:\/\/hyphen.archi\/es\/sectores\/centros-de-datos-y-tecnologia\/\" target=\"_self\"  style=\"height:clamp(15vw, 30vh, 400px)\"><img decoding=\"async\" width=\"1920\" height=\"857\" src=\"https:\/\/hyphen.archi\/app\/uploads\/2025\/05\/20250505_HYPHEN_ELEA_AIC_EXT_1_V5_Website-banner.jpg\" class=\"attachment-post-thumbnail size-post-thumbnail wp-post-image\" alt=\"Data center y tecnolog\u00eda\" style=\"width:100%;height:100%;object-fit:cover;\" srcset=\"https:\/\/hyphen.archi\/app\/uploads\/2025\/05\/20250505_HYPHEN_ELEA_AIC_EXT_1_V5_Website-banner.jpg 1920w, https:\/\/hyphen.archi\/app\/uploads\/2025\/05\/20250505_HYPHEN_ELEA_AIC_EXT_1_V5_Website-banner-300x134.jpg 300w, https:\/\/hyphen.archi\/app\/uploads\/2025\/05\/20250505_HYPHEN_ELEA_AIC_EXT_1_V5_Website-banner-1024x457.jpg 1024w, https:\/\/hyphen.archi\/app\/uploads\/2025\/05\/20250505_HYPHEN_ELEA_AIC_EXT_1_V5_Website-banner-768x343.jpg 768w, https:\/\/hyphen.archi\/app\/uploads\/2025\/05\/20250505_HYPHEN_ELEA_AIC_EXT_1_V5_Website-banner-1536x686.jpg 1536w\" sizes=\"(max-width: 1920px) 100vw, 1920px\" \/><\/a><\/figure>\n\n<h2 style=\"padding-top:0;padding-bottom:0;margin-left:0;margin-right:0;margin-top:1rem;margin-bottom:1rem;\" class=\"has-link-color wp-elements-6b75a533ad7e153d9974542dc1e339b6 wp-block-post-title has-medium-font-size\"><a href=\"https:\/\/hyphen.archi\/es\/sectores\/centros-de-datos-y-tecnologia\/\" target=\"_self\" >Data center y tecnolog\u00eda<\/a><\/h2>\n\n<div style=\"margin-bottom:var(--wp--preset--spacing--30);\" class=\"wp-elements-af463417d5fa7273aa0d3c9b42e03bc8 wp-block-post-excerpt\"><p class=\"wp-block-post-excerpt__excerpt\">Podemos ayudarte en cada paso de tu proyecto de data center, independientemente de su ubicaci\u00f3n. Llevamos&hellip;<\/p><p class=\"wp-block-post-excerpt__more-text\"><a class=\"wp-block-post-excerpt__more-link\" href=\"https:\/\/hyphen.archi\/es\/sectores\/centros-de-datos-y-tecnologia\/\">Leer m\u00e1s<\/a><\/p><\/div>\n<\/li><li data-wp-key=\"post-template-item-7283\" class=\"wp-block-post post-7283 page type-page status-publish has-post-thumbnail hentry\">\n<figure style=\"aspect-ratio:3\/2;width:100%;height:clamp(15vw, 30vh, 400px); margin-top:0;margin-bottom:0;\" class=\"alignwide wp-block-post-featured-image\"><a href=\"https:\/\/hyphen.archi\/es\/sectores\/venta-al-por-menor\/\" target=\"_self\"  style=\"height:clamp(15vw, 30vh, 400px)\"><img decoding=\"async\" width=\"1920\" height=\"1213\" src=\"https:\/\/hyphen.archi\/app\/uploads\/2024\/07\/GA367_Madrid_GFL_GreatRoom_Byron_LTOak_V2_002_MKGALLERY-1.jpg\" class=\"attachment-post-thumbnail size-post-thumbnail wp-post-image\" alt=\"Venta al por menor\" style=\"width:100%;height:100%;object-fit:cover;\" srcset=\"https:\/\/hyphen.archi\/app\/uploads\/2024\/07\/GA367_Madrid_GFL_GreatRoom_Byron_LTOak_V2_002_MKGALLERY-1.jpg 1920w, https:\/\/hyphen.archi\/app\/uploads\/2024\/07\/GA367_Madrid_GFL_GreatRoom_Byron_LTOak_V2_002_MKGALLERY-1-300x190.jpg 300w, https:\/\/hyphen.archi\/app\/uploads\/2024\/07\/GA367_Madrid_GFL_GreatRoom_Byron_LTOak_V2_002_MKGALLERY-1-1024x647.jpg 1024w, https:\/\/hyphen.archi\/app\/uploads\/2024\/07\/GA367_Madrid_GFL_GreatRoom_Byron_LTOak_V2_002_MKGALLERY-1-768x485.jpg 768w, https:\/\/hyphen.archi\/app\/uploads\/2024\/07\/GA367_Madrid_GFL_GreatRoom_Byron_LTOak_V2_002_MKGALLERY-1-1536x970.jpg 1536w\" sizes=\"(max-width: 1920px) 100vw, 1920px\" \/><\/a><\/figure>\n\n<h2 style=\"padding-top:0;padding-bottom:0;margin-left:0;margin-right:0;margin-top:1rem;margin-bottom:1rem;\" class=\"has-link-color wp-elements-6b75a533ad7e153d9974542dc1e339b6 wp-block-post-title has-medium-font-size\"><a href=\"https:\/\/hyphen.archi\/es\/sectores\/venta-al-por-menor\/\" target=\"_self\" >Venta al por menor<\/a><\/h2>\n\n<div style=\"margin-bottom:var(--wp--preset--spacing--30);\" class=\"wp-elements-af463417d5fa7273aa0d3c9b42e03bc8 wp-block-post-excerpt\"><p class=\"wp-block-post-excerpt__excerpt\">\u00bfNecesitas ayuda con tu pr\u00f3xima implantaci\u00f3n comercial? Llevamos d\u00e9cadas ofreciendo excelentes experiencias de marca en todo&hellip;<\/p><p class=\"wp-block-post-excerpt__more-text\"><a class=\"wp-block-post-excerpt__more-link\" href=\"https:\/\/hyphen.archi\/es\/sectores\/venta-al-por-menor\/\">Leer m\u00e1s<\/a><\/p><\/div>\n<\/li><li data-wp-key=\"post-template-item-7295\" class=\"wp-block-post post-7295 page type-page status-publish has-post-thumbnail hentry\">\n<figure style=\"aspect-ratio:3\/2;width:100%;height:clamp(15vw, 30vh, 400px); margin-top:0;margin-bottom:0;\" class=\"alignwide wp-block-post-featured-image\"><a href=\"https:\/\/hyphen.archi\/es\/sectores\/logistica\/\" target=\"_self\"  style=\"height:clamp(15vw, 30vh, 400px)\"><img decoding=\"async\" width=\"1920\" height=\"1240\" src=\"https:\/\/hyphen.archi\/app\/uploads\/2023\/12\/Logistics.jpg\" class=\"attachment-post-thumbnail size-post-thumbnail wp-post-image\" alt=\"Log\u00edstica\" style=\"width:100%;height:100%;object-fit:cover;\" srcset=\"https:\/\/hyphen.archi\/app\/uploads\/2023\/12\/Logistics.jpg 1920w, https:\/\/hyphen.archi\/app\/uploads\/2023\/12\/Logistics-300x194.jpg 300w, https:\/\/hyphen.archi\/app\/uploads\/2023\/12\/Logistics-1024x661.jpg 1024w, https:\/\/hyphen.archi\/app\/uploads\/2023\/12\/Logistics-768x496.jpg 768w, https:\/\/hyphen.archi\/app\/uploads\/2023\/12\/Logistics-1536x992.jpg 1536w\" sizes=\"(max-width: 1920px) 100vw, 1920px\" \/><\/a><\/figure>\n\n<h2 style=\"padding-top:0;padding-bottom:0;margin-left:0;margin-right:0;margin-top:1rem;margin-bottom:1rem;\" class=\"has-link-color wp-elements-6b75a533ad7e153d9974542dc1e339b6 wp-block-post-title has-medium-font-size\"><a href=\"https:\/\/hyphen.archi\/es\/sectores\/logistica\/\" target=\"_self\" >Log\u00edstica<\/a><\/h2>\n\n<div style=\"margin-bottom:var(--wp--preset--spacing--30);\" class=\"wp-elements-af463417d5fa7273aa0d3c9b42e03bc8 wp-block-post-excerpt\"><p class=\"wp-block-post-excerpt__excerpt\">\u00bfEres un operador y promotor log\u00edstico global que necesita una gama completa de servicios de arquitectura&hellip;<\/p><p class=\"wp-block-post-excerpt__more-text\"><a class=\"wp-block-post-excerpt__more-link\" href=\"https:\/\/hyphen.archi\/es\/sectores\/logistica\/\">Leer m\u00e1s<\/a><\/p><\/div>\n<\/li><li data-wp-key=\"post-template-item-7233\" class=\"wp-block-post post-7233 page type-page status-publish has-post-thumbnail hentry\">\n<figure style=\"aspect-ratio:3\/2;width:100%;height:clamp(15vw, 30vh, 400px); margin-top:0;margin-bottom:0;\" class=\"alignwide wp-block-post-featured-image\"><a href=\"https:\/\/hyphen.archi\/es\/sectores\/oficinas\/\" target=\"_self\"  style=\"height:clamp(15vw, 30vh, 400px)\"><img decoding=\"async\" width=\"1920\" height=\"1240\" src=\"https:\/\/hyphen.archi\/app\/uploads\/2023\/12\/Offices.jpg\" class=\"attachment-post-thumbnail size-post-thumbnail wp-post-image\" alt=\"Oficinas\" style=\"width:100%;height:100%;object-fit:cover;\" srcset=\"https:\/\/hyphen.archi\/app\/uploads\/2023\/12\/Offices.jpg 1920w, https:\/\/hyphen.archi\/app\/uploads\/2023\/12\/Offices-300x194.jpg 300w, https:\/\/hyphen.archi\/app\/uploads\/2023\/12\/Offices-1024x661.jpg 1024w, https:\/\/hyphen.archi\/app\/uploads\/2023\/12\/Offices-768x496.jpg 768w, https:\/\/hyphen.archi\/app\/uploads\/2023\/12\/Offices-1536x992.jpg 1536w\" sizes=\"(max-width: 1920px) 100vw, 1920px\" \/><\/a><\/figure>\n\n<h2 style=\"padding-top:0;padding-bottom:0;margin-left:0;margin-right:0;margin-top:1rem;margin-bottom:1rem;\" class=\"has-link-color wp-elements-6b75a533ad7e153d9974542dc1e339b6 wp-block-post-title has-medium-font-size\"><a href=\"https:\/\/hyphen.archi\/es\/sectores\/oficinas\/\" target=\"_self\" >Oficinas<\/a><\/h2>\n\n<div style=\"margin-bottom:var(--wp--preset--spacing--30);\" class=\"wp-elements-af463417d5fa7273aa0d3c9b42e03bc8 wp-block-post-excerpt\"><p class=\"wp-block-post-excerpt__excerpt\">Trabajamos en estrecha colaboraci\u00f3n con clientes comerciales para crear espacios de trabajo flexibles con personalidad y&hellip;<\/p><p class=\"wp-block-post-excerpt__more-text\"><a class=\"wp-block-post-excerpt__more-link\" href=\"https:\/\/hyphen.archi\/es\/sectores\/oficinas\/\">Leer m\u00e1s<\/a><\/p><\/div>\n<\/li><li data-wp-key=\"post-template-item-7222\" class=\"wp-block-post post-7222 page type-page status-publish has-post-thumbnail hentry\">\n<figure style=\"aspect-ratio:3\/2;width:100%;height:clamp(15vw, 30vh, 400px); margin-top:0;margin-bottom:0;\" class=\"alignwide wp-block-post-featured-image\"><a href=\"https:\/\/hyphen.archi\/es\/sectores\/hosteleria\/\" target=\"_self\"  style=\"height:clamp(15vw, 30vh, 400px)\"><img decoding=\"async\" width=\"1200\" height=\"483\" src=\"https:\/\/hyphen.archi\/app\/uploads\/2025\/07\/London-Institute_hero-banner_DT_02-1.jpg\" class=\"attachment-post-thumbnail size-post-thumbnail wp-post-image\" alt=\"Hosteler\u00eda\" style=\"width:100%;height:100%;object-fit:cover;\" srcset=\"https:\/\/hyphen.archi\/app\/uploads\/2025\/07\/London-Institute_hero-banner_DT_02-1.jpg 1200w, https:\/\/hyphen.archi\/app\/uploads\/2025\/07\/London-Institute_hero-banner_DT_02-1-300x121.jpg 300w, https:\/\/hyphen.archi\/app\/uploads\/2025\/07\/London-Institute_hero-banner_DT_02-1-1024x412.jpg 1024w, https:\/\/hyphen.archi\/app\/uploads\/2025\/07\/London-Institute_hero-banner_DT_02-1-768x309.jpg 768w\" sizes=\"(max-width: 1200px) 100vw, 1200px\" \/><\/a><\/figure>\n\n<h2 style=\"padding-top:0;padding-bottom:0;margin-left:0;margin-right:0;margin-top:1rem;margin-bottom:1rem;\" class=\"has-link-color wp-elements-6b75a533ad7e153d9974542dc1e339b6 wp-block-post-title has-medium-font-size\"><a href=\"https:\/\/hyphen.archi\/es\/sectores\/hosteleria\/\" target=\"_self\" >Hosteler\u00eda<\/a><\/h2>\n\n<div style=\"margin-bottom:var(--wp--preset--spacing--30);\" class=\"wp-elements-af463417d5fa7273aa0d3c9b42e03bc8 wp-block-post-excerpt\"><p class=\"wp-block-post-excerpt__excerpt\">Ofrecer una experiencia extraordinaria a los hu\u00e9spedes es clave en hosteler\u00eda, y llevamos m\u00e1s de 30&hellip;<\/p><p class=\"wp-block-post-excerpt__more-text\"><a class=\"wp-block-post-excerpt__more-link\" href=\"https:\/\/hyphen.archi\/es\/sectores\/hosteleria\/\">Leer m\u00e1s<\/a><\/p><\/div>\n<\/li><li data-wp-key=\"post-template-item-7227\" class=\"wp-block-post post-7227 page type-page status-publish has-post-thumbnail hentry\">\n<figure style=\"aspect-ratio:3\/2;width:100%;height:clamp(15vw, 30vh, 400px); margin-top:0;margin-bottom:0;\" class=\"alignwide wp-block-post-featured-image\"><a href=\"https:\/\/hyphen.archi\/es\/sectores\/residencial-y-de-uso-mixto\/\" target=\"_self\"  style=\"height:clamp(15vw, 30vh, 400px)\"><img decoding=\"async\" width=\"1920\" height=\"1240\" src=\"https:\/\/hyphen.archi\/app\/uploads\/2023\/12\/Residential_Mix.jpg\" class=\"attachment-post-thumbnail size-post-thumbnail wp-post-image\" alt=\"Residencial y de uso mixto\" style=\"width:100%;height:100%;object-fit:cover;\" srcset=\"https:\/\/hyphen.archi\/app\/uploads\/2023\/12\/Residential_Mix.jpg 1920w, https:\/\/hyphen.archi\/app\/uploads\/2023\/12\/Residential_Mix-300x194.jpg 300w, https:\/\/hyphen.archi\/app\/uploads\/2023\/12\/Residential_Mix-1024x661.jpg 1024w, https:\/\/hyphen.archi\/app\/uploads\/2023\/12\/Residential_Mix-768x496.jpg 768w, https:\/\/hyphen.archi\/app\/uploads\/2023\/12\/Residential_Mix-1536x992.jpg 1536w\" sizes=\"(max-width: 1920px) 100vw, 1920px\" \/><\/a><\/figure>\n\n<h2 style=\"padding-top:0;padding-bottom:0;margin-left:0;margin-right:0;margin-top:1rem;margin-bottom:1rem;\" class=\"has-link-color wp-elements-6b75a533ad7e153d9974542dc1e339b6 wp-block-post-title has-medium-font-size\"><a href=\"https:\/\/hyphen.archi\/es\/sectores\/residencial-y-de-uso-mixto\/\" target=\"_self\" >Residencial y de uso mixto<\/a><\/h2>\n\n<div style=\"margin-bottom:var(--wp--preset--spacing--30);\" class=\"wp-elements-af463417d5fa7273aa0d3c9b42e03bc8 wp-block-post-excerpt\"><p class=\"wp-block-post-excerpt__excerpt\">Nuestros equipos utilizan su experiencia combinada para crear desarrollos de uso mixto que combinan con \u00e9xito&hellip;<\/p><p class=\"wp-block-post-excerpt__more-text\"><a class=\"wp-block-post-excerpt__more-link\" href=\"https:\/\/hyphen.archi\/es\/sectores\/residencial-y-de-uso-mixto\/\">Leer m\u00e1s<\/a><\/p><\/div>\n<\/li><\/ul><\/div>\n<\/div>\n","protected":false},"excerpt":{"rendered":"","protected":false},"author":1,"featured_media":14576,"parent":0,"menu_order":0,"comment_status":"closed","ping_status":"closed","template":"page-epic","meta":{"_acf_changed":false,"CBBTypography":[],"footnotes":""},"expertise":[],"location":[],"sector":[],"class_list":["post-7254","page","type-page","status-publish","has-post-thumbnail","hentry"],"acf":[],"mb":[],"yoast_head":"<!-- This site is optimized with the Yoast SEO Premium plugin v25.9 (Yoast SEO v27.0) - https:\/\/yoast.com\/product\/yoast-seo-premium-wordpress\/ -->\n<title>Sectores - Hyphen<\/title>\n<meta name=\"description\" content=\"Nuestros profundos conocimientos t\u00e9cnicos y de dise\u00f1o y nuestra visi\u00f3n especializada del sector impulsan la excelencia para nuestros clientes de todo el mundo.\" \/>\n<meta name=\"robots\" content=\"index, follow, max-snippet:-1, max-image-preview:large, max-video-preview:-1\" \/>\n<link rel=\"canonical\" href=\"https:\/\/hyphen.archi\/es\/sectores\/\" \/>\n<meta property=\"og:locale\" content=\"es_ES\" \/>\n<meta property=\"og:type\" content=\"article\" \/>\n<meta property=\"og:title\" content=\"Sectores\" \/>\n<meta property=\"og:description\" content=\"Nuestros profundos conocimientos t\u00e9cnicos y de dise\u00f1o y nuestra visi\u00f3n especializada del sector impulsan la excelencia para nuestros clientes de todo el mundo.\" \/>\n<meta property=\"og:url\" content=\"https:\/\/hyphen.archi\/es\/sectores\/\" \/>\n<meta property=\"og:site_name\" content=\"Hyphen\" \/>\n<meta property=\"article:modified_time\" content=\"2024-08-14T10:21:33+00:00\" \/>\n<meta property=\"og:image\" content=\"http:\/\/hyphen.archi\/app\/uploads\/2024\/04\/ER1.jpg\" \/>\n\t<meta property=\"og:image:width\" content=\"1920\" \/>\n\t<meta property=\"og:image:height\" content=\"960\" \/>\n\t<meta property=\"og:image:type\" content=\"image\/jpeg\" \/>\n<meta name=\"twitter:card\" content=\"summary_large_image\" \/>\n<meta name=\"twitter:label1\" content=\"Est. reading time\" \/>\n\t<meta name=\"twitter:data1\" content=\"1 minute\" \/>\n<script type=\"application\/ld+json\" class=\"yoast-schema-graph\">{\"@context\":\"https:\/\/schema.org\",\"@graph\":[{\"@type\":\"WebPage\",\"@id\":\"https:\/\/hyphen.archi\/es\/sectores\/\",\"url\":\"https:\/\/hyphen.archi\/es\/sectores\/\",\"name\":\"Sectores - Hyphen\",\"isPartOf\":{\"@id\":\"https:\/\/hyphen.archi\/es\/#website\"},\"primaryImageOfPage\":{\"@id\":\"https:\/\/hyphen.archi\/es\/sectores\/#primaryimage\"},\"image\":{\"@id\":\"https:\/\/hyphen.archi\/es\/sectores\/#primaryimage\"},\"thumbnailUrl\":\"https:\/\/hyphen.archi\/app\/uploads\/2025\/07\/London-Institute_hero-banner_DT_02.jpg\",\"datePublished\":\"2023-09-22T10:15:56+00:00\",\"dateModified\":\"2024-08-14T10:21:33+00:00\",\"description\":\"Nuestros profundos conocimientos t\u00e9cnicos y de dise\u00f1o y nuestra visi\u00f3n especializada del sector impulsan la excelencia para nuestros clientes de todo el mundo.\",\"breadcrumb\":{\"@id\":\"https:\/\/hyphen.archi\/es\/sectores\/#breadcrumb\"},\"inLanguage\":\"es-ES\",\"potentialAction\":[{\"@type\":\"ReadAction\",\"target\":[\"https:\/\/hyphen.archi\/es\/sectores\/\"]}]},{\"@type\":\"ImageObject\",\"inLanguage\":\"es-ES\",\"@id\":\"https:\/\/hyphen.archi\/es\/sectores\/#primaryimage\",\"url\":\"https:\/\/hyphen.archi\/app\/uploads\/2025\/07\/London-Institute_hero-banner_DT_02.jpg\",\"contentUrl\":\"https:\/\/hyphen.archi\/app\/uploads\/2025\/07\/London-Institute_hero-banner_DT_02.jpg\",\"width\":1200,\"height\":483},{\"@type\":\"BreadcrumbList\",\"@id\":\"https:\/\/hyphen.archi\/es\/sectores\/#breadcrumb\",\"itemListElement\":[{\"@type\":\"ListItem\",\"position\":1,\"name\":\"Home\",\"item\":\"https:\/\/hyphen.archi\/es\/\"},{\"@type\":\"ListItem\",\"position\":2,\"name\":\"Sectores\"}]},{\"@type\":\"WebSite\",\"@id\":\"https:\/\/hyphen.archi\/es\/#website\",\"url\":\"https:\/\/hyphen.archi\/es\/\",\"name\":\"Hyphen\",\"description\":\"International Architecture Firm\",\"publisher\":{\"@id\":\"https:\/\/hyphen.archi\/es\/#organization\"},\"potentialAction\":[{\"@type\":\"SearchAction\",\"target\":{\"@type\":\"EntryPoint\",\"urlTemplate\":\"https:\/\/hyphen.archi\/es\/?s={search_term_string}\"},\"query-input\":{\"@type\":\"PropertyValueSpecification\",\"valueRequired\":true,\"valueName\":\"search_term_string\"}}],\"inLanguage\":\"es-ES\"},{\"@type\":\"Organization\",\"@id\":\"https:\/\/hyphen.archi\/es\/#organization\",\"name\":\"Hyphen\",\"url\":\"https:\/\/hyphen.archi\/es\/\",\"logo\":{\"@type\":\"ImageObject\",\"inLanguage\":\"es-ES\",\"@id\":\"https:\/\/hyphen.archi\/es\/#\/schema\/logo\/image\/\",\"url\":\"https:\/\/hyphen.archi\/app\/uploads\/2024\/03\/Favicon-no_BG.png\",\"contentUrl\":\"https:\/\/hyphen.archi\/app\/uploads\/2024\/03\/Favicon-no_BG.png\",\"width\":792,\"height\":793,\"caption\":\"Hyphen\"},\"image\":{\"@id\":\"https:\/\/hyphen.archi\/es\/#\/schema\/logo\/image\/\"},\"sameAs\":[\"https:\/\/www.linkedin.com\/company\/hyphen.archi\/\",\"https:\/\/www.instagram.com\/hyphen_archi\/\"]}]}<\/script>\n<!-- \/ Yoast SEO Premium plugin. -->","yoast_head_json":{"title":"Sectores - Hyphen","description":"Nuestros profundos conocimientos t\u00e9cnicos y de dise\u00f1o y nuestra visi\u00f3n especializada del sector impulsan la excelencia para nuestros clientes de todo el mundo.","robots":{"index":"index","follow":"follow","max-snippet":"max-snippet:-1","max-image-preview":"max-image-preview:large","max-video-preview":"max-video-preview:-1"},"canonical":"https:\/\/hyphen.archi\/es\/sectores\/","og_locale":"es_ES","og_type":"article","og_title":"Sectores","og_description":"Nuestros profundos conocimientos t\u00e9cnicos y de dise\u00f1o y nuestra visi\u00f3n especializada del sector impulsan la excelencia para nuestros clientes de todo el mundo.","og_url":"https:\/\/hyphen.archi\/es\/sectores\/","og_site_name":"Hyphen","article_modified_time":"2024-08-14T10:21:33+00:00","og_image":[{"width":1920,"height":960,"url":"http:\/\/hyphen.archi\/app\/uploads\/2024\/04\/ER1.jpg","type":"image\/jpeg"}],"twitter_card":"summary_large_image","twitter_misc":{"Est. reading time":"1 minute"},"schema":{"@context":"https:\/\/schema.org","@graph":[{"@type":"WebPage","@id":"https:\/\/hyphen.archi\/es\/sectores\/","url":"https:\/\/hyphen.archi\/es\/sectores\/","name":"Sectores - Hyphen","isPartOf":{"@id":"https:\/\/hyphen.archi\/es\/#website"},"primaryImageOfPage":{"@id":"https:\/\/hyphen.archi\/es\/sectores\/#primaryimage"},"image":{"@id":"https:\/\/hyphen.archi\/es\/sectores\/#primaryimage"},"thumbnailUrl":"https:\/\/hyphen.archi\/app\/uploads\/2025\/07\/London-Institute_hero-banner_DT_02.jpg","datePublished":"2023-09-22T10:15:56+00:00","dateModified":"2024-08-14T10:21:33+00:00","description":"Nuestros profundos conocimientos t\u00e9cnicos y de dise\u00f1o y nuestra visi\u00f3n especializada del sector impulsan la excelencia para nuestros clientes de todo el mundo.","breadcrumb":{"@id":"https:\/\/hyphen.archi\/es\/sectores\/#breadcrumb"},"inLanguage":"es-ES","potentialAction":[{"@type":"ReadAction","target":["https:\/\/hyphen.archi\/es\/sectores\/"]}]},{"@type":"ImageObject","inLanguage":"es-ES","@id":"https:\/\/hyphen.archi\/es\/sectores\/#primaryimage","url":"https:\/\/hyphen.archi\/app\/uploads\/2025\/07\/London-Institute_hero-banner_DT_02.jpg","contentUrl":"https:\/\/hyphen.archi\/app\/uploads\/2025\/07\/London-Institute_hero-banner_DT_02.jpg","width":1200,"height":483},{"@type":"BreadcrumbList","@id":"https:\/\/hyphen.archi\/es\/sectores\/#breadcrumb","itemListElement":[{"@type":"ListItem","position":1,"name":"Home","item":"https:\/\/hyphen.archi\/es\/"},{"@type":"ListItem","position":2,"name":"Sectores"}]},{"@type":"WebSite","@id":"https:\/\/hyphen.archi\/es\/#website","url":"https:\/\/hyphen.archi\/es\/","name":"Hyphen","description":"International Architecture Firm","publisher":{"@id":"https:\/\/hyphen.archi\/es\/#organization"},"potentialAction":[{"@type":"SearchAction","target":{"@type":"EntryPoint","urlTemplate":"https:\/\/hyphen.archi\/es\/?s={search_term_string}"},"query-input":{"@type":"PropertyValueSpecification","valueRequired":true,"valueName":"search_term_string"}}],"inLanguage":"es-ES"},{"@type":"Organization","@id":"https:\/\/hyphen.archi\/es\/#organization","name":"Hyphen","url":"https:\/\/hyphen.archi\/es\/","logo":{"@type":"ImageObject","inLanguage":"es-ES","@id":"https:\/\/hyphen.archi\/es\/#\/schema\/logo\/image\/","url":"https:\/\/hyphen.archi\/app\/uploads\/2024\/03\/Favicon-no_BG.png","contentUrl":"https:\/\/hyphen.archi\/app\/uploads\/2024\/03\/Favicon-no_BG.png","width":792,"height":793,"caption":"Hyphen"},"image":{"@id":"https:\/\/hyphen.archi\/es\/#\/schema\/logo\/image\/"},"sameAs":["https:\/\/www.linkedin.com\/company\/hyphen.archi\/","https:\/\/www.instagram.com\/hyphen_archi\/"]}]}},"mfb_rest_fields":["title","yoast_head","yoast_head_json"],"_links":{"self":[{"href":"https:\/\/hyphen.archi\/es\/wp-json\/wp\/v2\/pages\/7254","targetHints":{"allow":["GET"]}}],"collection":[{"href":"https:\/\/hyphen.archi\/es\/wp-json\/wp\/v2\/pages"}],"about":[{"href":"https:\/\/hyphen.archi\/es\/wp-json\/wp\/v2\/types\/page"}],"author":[{"embeddable":true,"href":"https:\/\/hyphen.archi\/es\/wp-json\/wp\/v2\/users\/1"}],"replies":[{"embeddable":true,"href":"https:\/\/hyphen.archi\/es\/wp-json\/wp\/v2\/comments?post=7254"}],"version-history":[{"count":2,"href":"https:\/\/hyphen.archi\/es\/wp-json\/wp\/v2\/pages\/7254\/revisions"}],"predecessor-version":[{"id":10533,"href":"https:\/\/hyphen.archi\/es\/wp-json\/wp\/v2\/pages\/7254\/revisions\/10533"}],"wp:featuredmedia":[{"embeddable":true,"href":"https:\/\/hyphen.archi\/es\/wp-json\/wp\/v2\/media\/14576"}],"wp:attachment":[{"href":"https:\/\/hyphen.archi\/es\/wp-json\/wp\/v2\/media?parent=7254"}],"wp:term":[{"taxonomy":"expertise","embeddable":true,"href":"https:\/\/hyphen.archi\/es\/wp-json\/wp\/v2\/expertise?post=7254"},{"taxonomy":"location","embeddable":true,"href":"https:\/\/hyphen.archi\/es\/wp-json\/wp\/v2\/location?post=7254"},{"taxonomy":"sector","embeddable":true,"href":"https:\/\/hyphen.archi\/es\/wp-json\/wp\/v2\/sector?post=7254"}],"curies":[{"name":"wp","href":"https:\/\/api.w.org\/{rel}","templated":true}]}}