
{"id":7325,"date":"2023-11-08T10:48:32","date_gmt":"2023-11-08T10:48:32","guid":{"rendered":"http:\/\/hyphen.archi\/servicios\/"},"modified":"2024-08-14T10:31:04","modified_gmt":"2024-08-14T10:31:04","slug":"servicios","status":"publish","type":"page","link":"https:\/\/hyphen.archi\/es\/servicios\/","title":{"rendered":"Servicios"},"content":{"rendered":"\n<div class=\"wp-block-boldblocks-group cbb-block background-image-animation is-layout-flow wp-block-boldblocks-group-is-layout-flow bb:has-overlay bb:has-background bb:has-background--image\" style=\"min-height:75vh;margin-bottom:var(--wp--preset--spacing--40);padding-top:0;padding-right:var(--wp--preset--spacing--40);padding-bottom:0;padding-left:var(--wp--preset--spacing--40)\"><div class=\"bb:block-background bb:block-background--image cbb-bg-image\" style=\"background-image:url(https:\/\/hyphen.archi\/app\/uploads\/2026\/03\/TEST003_N3_medium.jpg);background-position:63% 43%;background-repeat:no-repeat;background-size:cover;\"   data-src=\"https:\/\/hyphen.archi\/app\/uploads\/2026\/03\/TEST003_N3_medium.jpg\" data-width=\"1500\" data-height=\"844\"><\/div><div aria-hidden=\"true\" class=\"bb:block-overlay\" style=\"background:var(--wp--preset--color--contrast, #000000);opacity:0.3;\"><\/div>\n<h1 class=\"wp-block-heading has-base-color has-text-color\" style=\"margin-top:70vh;margin-right:0;margin-bottom:var(--wp--preset--spacing--40);margin-left:0\">Servicios<\/h1>\n<\/div>\n\n<div class=\"wp-block-group is-layout-flow wp-block-group-is-layout-flow\" style=\"margin-top:var(--wp--preset--spacing--40);margin-bottom:var(--wp--preset--spacing--40);padding-top:0;padding-right:var(--wp--preset--spacing--40);padding-bottom:0;padding-left:var(--wp--preset--spacing--40)\">\n<div class=\"wp-block-columns is-layout-flex wp-container-core-columns-is-layout-28f84493 wp-block-columns-is-layout-flex\">\n<div class=\"wp-block-column is-layout-flow wp-block-column-is-layout-flow\">\n<p class=\"has-large-font-size\">Somos flexibles en cuanto a los servicios que ofrecemos, desde un servicio arquitect\u00f3nico completo tradicional hasta encargos espec\u00edficos de la fase de trabajo o asesoramiento especializado.<\/p>\n\n\n\n<p>Tenemos los conocimientos necesarios para realizar proyectos de todos los tama\u00f1os y tipos, en cualquier parte del mundo.  <\/p>\n\n\n\n<p>Nuestro papel suele encuadrarse en estas amplias categor\u00edas:<\/p>\n<\/div>\n\n\n\n<div class=\"wp-block-column is-layout-flow wp-block-column-is-layout-flow\"><\/div>\n<\/div>\n<\/div>\n\n<div class=\"wp-block-group is-layout-flow wp-block-group-is-layout-flow\" style=\"padding-right:var(--wp--preset--spacing--40);padding-left:var(--wp--preset--spacing--40)\">\n<div class=\"wp-block-boldblocks-accordion-item-repeater cbb-block-parent is-accordion is-style-boldblocks-accordion-item-repeater-variation-NZ1Ek39WGM has-border-color has-base-border-color js-accordion-layout cbb-g-7 sm-cbb-a-no-border md-cbb-a-no-border lg-cbb-a-no-border sm-cbb-accordion-gap sm-cbb-accordion-padding\" style=\"border-width:1px;--bb--accordion-title-color:var(--wp--preset--color--contrast, #000000);--bb--accordion-icon-color:var(--wp--preset--color--contrast, #000000)\" data-multiple-opens=\"false\">\n<div class=\"wp-block-boldblocks-accordion-item cbb-block is-accordion-item has-parent has-border-color has-base-border-color\" style=\"border-width:1px\"><h3 class=\"accordion-header\" data-toggle-target=\"#accordion-1-item-1\" data-toggle-state=\"hidden\" data-toggle-state-hidden=\"hidden\" data-toggle-state-shown=\"shown\" data-toggle-collapse-transition-property=\"height\" aria-controls=\"accordion-1-item-1\"><a class=\"accordion-link\" href=\"#accordion-1-item-1\"><span class=\"title\">Strategic definition<\/span><\/a><\/h3><div role=\"region\" id=\"accordion-1-item-1\" class=\"accordion-collapse collapse\"><div class=\"accordion-body\">\n<ul class=\"wp-block-list\">\n<li class=\"has-medium-font-size\">Asesoramiento estrat\u00e9gico<\/li>\n\n\n\n<li class=\"has-medium-font-size\">Selecci\u00f3n y evaluaci\u00f3n del emplazamiento  <\/li>\n\n\n\n<li class=\"has-medium-font-size\">Informes y encuestas sobre el terreno<\/li>\n\n\n\n<li class=\"has-medium-font-size\">Evaluaci\u00f3n del estado del edificio  <\/li>\n\n\n\n<li class=\"has-medium-font-size\">Estudios de viabilidad<\/li>\n\n\n\n<li class=\"has-medium-font-size\">Diligencia debida t\u00e9cnica<\/li>\n\n\n\n<li class=\"has-medium-font-size\">Informaci\u00f3n y planificaci\u00f3n del proyecto<\/li>\n\n\n\n<li class=\"has-medium-font-size\">Evaluaci\u00f3n de riesgos<\/li>\n\n\n\n<li class=\"has-medium-font-size\">Estrategia de conservaci\u00f3n<\/li>\n\n\n\n<li class=\"has-medium-font-size\">Localizaci\u00f3n<\/li>\n<\/ul>\n<\/div><\/div><\/div>\n\n\n\n<div class=\"wp-block-boldblocks-accordion-item cbb-block is-accordion-item has-parent has-border-color has-base-border-color\" style=\"border-width:1px\"><h3 class=\"accordion-header\" data-toggle-target=\"#accordion-1-item-2\" data-toggle-state=\"hidden\" data-toggle-state-hidden=\"hidden\" data-toggle-state-shown=\"shown\" data-toggle-collapse-transition-property=\"height\" aria-controls=\"accordion-1-item-2\"><a class=\"accordion-link\" href=\"#accordion-1-item-2\"><span class=\"title\">Design development<\/span><\/a><\/h3><div role=\"region\" id=\"accordion-1-item-2\" class=\"accordion-collapse collapse\"><div class=\"accordion-body\">\n<ul class=\"wp-block-list\">\n<li class=\"has-medium-font-size\">Consultor\u00eda arquitect\u00f3nica  <\/li>\n\n\n\n<li class=\"has-medium-font-size\">Consultor\u00eda de patrimonio<\/li>\n\n\n\n<li class=\"has-medium-font-size\">Ajustes de prueba  <\/li>\n\n\n\n<li class=\"has-medium-font-size\">Planificaci\u00f3n general  <\/li>\n\n\n\n<li class=\"has-medium-font-size\">Dise\u00f1o conceptual  <\/li>\n\n\n\n<li class=\"has-medium-font-size\">Dise\u00f1o detallado  <\/li>\n\n\n\n<li class=\"has-medium-font-size\">Arquitectura ejecutiva  <\/li>\n\n\n\n<li class=\"has-medium-font-size\">Dise\u00f1o interior  <\/li>\n\n\n\n<li class=\"has-medium-font-size\">Plan de costes y estrategia de adquisiciones<\/li>\n\n\n\n<li class=\"has-medium-font-size\">Programa del proyecto<\/li>\n\n\n\n<li class=\"has-medium-font-size\">Modelizaci\u00f3n de la informaci\u00f3n para la construcci\u00f3n (BIM)<\/li>\n\n\n\n<li class=\"has-medium-font-size\">Arquitectura de conservaci\u00f3n  <\/li>\n\n\n\n<li class=\"has-medium-font-size\">Ingenier\u00eda del valor<\/li>\n<\/ul>\n<\/div><\/div><\/div>\n\n\n\n<div class=\"wp-block-boldblocks-accordion-item cbb-block is-accordion-item has-parent has-border-color has-base-border-color\" style=\"border-width:1px\"><h3 class=\"accordion-header\" data-toggle-target=\"#accordion-1-item-3\" data-toggle-state=\"hidden\" data-toggle-state-hidden=\"hidden\" data-toggle-state-shown=\"shown\" data-toggle-collapse-transition-property=\"height\" aria-controls=\"accordion-1-item-3\"><a class=\"accordion-link\" href=\"#accordion-1-item-3\"><span class=\"title\">Permitting and regulations<\/span><\/a><\/h3><div role=\"region\" id=\"accordion-1-item-3\" class=\"accordion-collapse collapse\"><div class=\"accordion-body\">\n<ul class=\"wp-block-list\">\n<li class=\"has-medium-font-size\">Asesoramiento sobre la estrategia de permisos<\/li>\n\n\n\n<li class=\"has-medium-font-size\">Informes de cumplimiento de c\u00f3digos y reglamentos<\/li>\n\n\n\n<li class=\"has-medium-font-size\">Asesoramiento sobre planificaci\u00f3n<\/li>\n\n\n\n<li class=\"has-medium-font-size\">Enlace con las autoridades locales<\/li>\n\n\n\n<li class=\"has-medium-font-size\">Solicitud y gesti\u00f3n de licencias de obras<\/li>\n<\/ul>\n<\/div><\/div><\/div>\n\n\n\n<div class=\"wp-block-boldblocks-accordion-item cbb-block is-accordion-item has-parent has-border-color has-base-border-color\" style=\"border-width:1px\"><h3 class=\"accordion-header\" data-toggle-target=\"#accordion-1-item-4\" data-toggle-state=\"hidden\" data-toggle-state-hidden=\"hidden\" data-toggle-state-shown=\"shown\" data-toggle-collapse-transition-property=\"height\" aria-controls=\"accordion-1-item-4\"><a class=\"accordion-link\" href=\"#accordion-1-item-4\"><span class=\"title\">Construction preparation and management<\/span><\/a><\/h3><div role=\"region\" id=\"accordion-1-item-4\" class=\"accordion-collapse collapse\"><div class=\"accordion-body\">\n<ul class=\"wp-block-list\">\n<li class=\"has-medium-font-size\">Documentaci\u00f3n de la construcci\u00f3n<\/li>\n\n\n\n<li class=\"has-medium-font-size\">Contratos de obras<\/li>\n\n\n\n<li class=\"has-medium-font-size\">Informaci\u00f3n y gesti\u00f3n de licitaciones<\/li>\n\n\n\n<li class=\"has-medium-font-size\">Planificaci\u00f3n de la fase de construcci\u00f3n<\/li>\n\n\n\n<li class=\"has-medium-font-size\">Administraci\u00f3n de contratos de construcci\u00f3n<\/li>\n\n\n\n<li class=\"has-medium-font-size\">Gesti\u00f3n de proyectos  <\/li>\n\n\n\n<li class=\"has-medium-font-size\">Gesti\u00f3n de la construcci\u00f3n  <\/li>\n\n\n\n<li class=\"has-medium-font-size\">Calidad y conformidad de la construcci\u00f3n<\/li>\n\n\n\n<li class=\"has-medium-font-size\">Informaci\u00f3n &#8220;As built<\/li>\n\n\n\n<li class=\"has-medium-font-size\">Firma la documentaci\u00f3n<\/li>\n\n\n\n<li class=\"has-medium-font-size\">Supervisi\u00f3n de la puesta en marcha<\/li>\n\n\n\n<li class=\"has-medium-font-size\">Post construcci\u00f3n  <\/li>\n\n\n\n<li class=\"has-medium-font-size\">Evaluaci\u00f3n posterior a la ocupaci\u00f3n<\/li>\n<\/ul>\n<\/div><\/div><\/div>\n\n\n\n<div class=\"wp-block-boldblocks-accordion-item cbb-block is-accordion-item has-parent has-border-color has-base-border-color\" style=\"border-width:1px\"><h3 class=\"accordion-header\" data-toggle-target=\"#accordion-1-item-5\" data-toggle-state=\"hidden\" data-toggle-state-hidden=\"hidden\" data-toggle-state-shown=\"shown\" data-toggle-collapse-transition-property=\"height\" aria-controls=\"accordion-1-item-5\"><a class=\"accordion-link\" href=\"#accordion-1-item-5\"><span class=\"title\">Other services<\/span><\/a><\/h3><div role=\"region\" id=\"accordion-1-item-5\" class=\"accordion-collapse collapse\"><div class=\"accordion-body\">\n<ul class=\"wp-block-list\">\n<li class=\"has-medium-font-size\">Sostenibilidad<\/li>\n\n\n\n<li class=\"has-medium-font-size\">Visualizaci\u00f3n<\/li>\n\n\n\n<li class=\"has-medium-font-size\">Dise\u00f1o MEP (minorista y comercial)<\/li>\n<\/ul>\n<\/div><\/div><\/div>\n<\/div>\n<\/div>\n","protected":false},"excerpt":{"rendered":"<p>Somos flexibles en cuanto a los servicios que ofrecemos, desde un servicio arquitect\u00f3nico completo tradicional hasta encargos espec\u00edficos de la fase de trabajo o asesoramiento especializado. Tenemos los conocimientos necesarios para realizar proyectos de todos los tama\u00f1os y tipos, en cualquier parte del mundo. Nuestro papel suele encuadrarse en estas amplias categor\u00edas:<\/p>\n","protected":false},"author":1,"featured_media":15812,"parent":0,"menu_order":0,"comment_status":"closed","ping_status":"closed","template":"page-epic","meta":{"_acf_changed":false,"CBBTypography":[],"footnotes":""},"expertise":[],"location":[],"sector":[],"class_list":["post-7325","page","type-page","status-publish","has-post-thumbnail","hentry"],"acf":[],"mb":[],"yoast_head":"<!-- This site is optimized with the Yoast SEO Premium plugin v25.9 (Yoast SEO v27.0) - https:\/\/yoast.com\/product\/yoast-seo-premium-wordpress\/ -->\n<title>Servicios - Hyphen<\/title>\n<meta name=\"description\" content=\"Somos flexibles en cuanto a los servicios que ofrecemos, desde un servicio arquitect\u00f3nico completo tradicional hasta encargos espec\u00edficos de la fase de trabajo o asesoramiento especializado.\" \/>\n<meta name=\"robots\" content=\"index, follow, max-snippet:-1, max-image-preview:large, max-video-preview:-1\" \/>\n<link rel=\"canonical\" href=\"https:\/\/hyphen.archi\/es\/servicios\/\" \/>\n<meta property=\"og:locale\" content=\"es_ES\" \/>\n<meta property=\"og:type\" content=\"article\" \/>\n<meta property=\"og:title\" content=\"Servicios\" \/>\n<meta property=\"og:description\" content=\"Somos flexibles en cuanto a los servicios que ofrecemos, desde un servicio arquitect\u00f3nico completo tradicional hasta encargos espec\u00edficos de la fase de trabajo o asesoramiento especializado.\" \/>\n<meta property=\"og:url\" content=\"https:\/\/hyphen.archi\/es\/servicios\/\" \/>\n<meta property=\"og:site_name\" content=\"Hyphen\" \/>\n<meta property=\"article:modified_time\" content=\"2024-08-14T10:31:04+00:00\" \/>\n<meta property=\"og:image\" content=\"http:\/\/hyphen.archi\/app\/uploads\/2024\/04\/AR-Cover-image-edited.jpg\" \/>\n\t<meta property=\"og:image:width\" content=\"1142\" \/>\n\t<meta property=\"og:image:height\" content=\"713\" \/>\n\t<meta property=\"og:image:type\" content=\"image\/jpeg\" \/>\n<meta name=\"twitter:card\" content=\"summary_large_image\" \/>\n<meta name=\"twitter:label1\" content=\"Est. reading time\" \/>\n\t<meta name=\"twitter:data1\" content=\"2 minutes\" \/>\n<script type=\"application\/ld+json\" class=\"yoast-schema-graph\">{\"@context\":\"https:\/\/schema.org\",\"@graph\":[{\"@type\":\"WebPage\",\"@id\":\"https:\/\/hyphen.archi\/es\/servicios\/\",\"url\":\"https:\/\/hyphen.archi\/es\/servicios\/\",\"name\":\"Servicios - Hyphen\",\"isPartOf\":{\"@id\":\"https:\/\/hyphen.archi\/es\/#website\"},\"primaryImageOfPage\":{\"@id\":\"https:\/\/hyphen.archi\/es\/servicios\/#primaryimage\"},\"image\":{\"@id\":\"https:\/\/hyphen.archi\/es\/servicios\/#primaryimage\"},\"thumbnailUrl\":\"https:\/\/hyphen.archi\/app\/uploads\/2026\/03\/TEST003_N3_medium.jpg\",\"datePublished\":\"2023-11-08T10:48:32+00:00\",\"dateModified\":\"2024-08-14T10:31:04+00:00\",\"description\":\"Somos flexibles en cuanto a los servicios que ofrecemos, desde un servicio arquitect\u00f3nico completo tradicional hasta encargos espec\u00edficos de la fase de trabajo o asesoramiento especializado.\",\"breadcrumb\":{\"@id\":\"https:\/\/hyphen.archi\/es\/servicios\/#breadcrumb\"},\"inLanguage\":\"es-ES\",\"potentialAction\":[{\"@type\":\"ReadAction\",\"target\":[\"https:\/\/hyphen.archi\/es\/servicios\/\"]}]},{\"@type\":\"ImageObject\",\"inLanguage\":\"es-ES\",\"@id\":\"https:\/\/hyphen.archi\/es\/servicios\/#primaryimage\",\"url\":\"https:\/\/hyphen.archi\/app\/uploads\/2026\/03\/TEST003_N3_medium.jpg\",\"contentUrl\":\"https:\/\/hyphen.archi\/app\/uploads\/2026\/03\/TEST003_N3_medium.jpg\",\"width\":1500,\"height\":844,\"caption\":\"Street-level view of a modern glass-fronted building entrance with the \u201cElea Digital\u201d logo, beside a large vertical green wall with climbing plants and flowers threaded through white slats, while three people stand and walk along the pavement.\"},{\"@type\":\"BreadcrumbList\",\"@id\":\"https:\/\/hyphen.archi\/es\/servicios\/#breadcrumb\",\"itemListElement\":[{\"@type\":\"ListItem\",\"position\":1,\"name\":\"Home\",\"item\":\"https:\/\/hyphen.archi\/es\/\"},{\"@type\":\"ListItem\",\"position\":2,\"name\":\"Servicios\"}]},{\"@type\":\"WebSite\",\"@id\":\"https:\/\/hyphen.archi\/es\/#website\",\"url\":\"https:\/\/hyphen.archi\/es\/\",\"name\":\"Hyphen\",\"description\":\"International Architecture Firm\",\"publisher\":{\"@id\":\"https:\/\/hyphen.archi\/es\/#organization\"},\"potentialAction\":[{\"@type\":\"SearchAction\",\"target\":{\"@type\":\"EntryPoint\",\"urlTemplate\":\"https:\/\/hyphen.archi\/es\/?s={search_term_string}\"},\"query-input\":{\"@type\":\"PropertyValueSpecification\",\"valueRequired\":true,\"valueName\":\"search_term_string\"}}],\"inLanguage\":\"es-ES\"},{\"@type\":\"Organization\",\"@id\":\"https:\/\/hyphen.archi\/es\/#organization\",\"name\":\"Hyphen\",\"url\":\"https:\/\/hyphen.archi\/es\/\",\"logo\":{\"@type\":\"ImageObject\",\"inLanguage\":\"es-ES\",\"@id\":\"https:\/\/hyphen.archi\/es\/#\/schema\/logo\/image\/\",\"url\":\"https:\/\/hyphen.archi\/app\/uploads\/2024\/03\/Favicon-no_BG.png\",\"contentUrl\":\"https:\/\/hyphen.archi\/app\/uploads\/2024\/03\/Favicon-no_BG.png\",\"width\":792,\"height\":793,\"caption\":\"Hyphen\"},\"image\":{\"@id\":\"https:\/\/hyphen.archi\/es\/#\/schema\/logo\/image\/\"},\"sameAs\":[\"https:\/\/www.linkedin.com\/company\/hyphen.archi\/\",\"https:\/\/www.instagram.com\/hyphen_archi\/\"]}]}<\/script>\n<!-- \/ Yoast SEO Premium plugin. -->","yoast_head_json":{"title":"Servicios - Hyphen","description":"Somos flexibles en cuanto a los servicios que ofrecemos, desde un servicio arquitect\u00f3nico completo tradicional hasta encargos espec\u00edficos de la fase de trabajo o asesoramiento especializado.","robots":{"index":"index","follow":"follow","max-snippet":"max-snippet:-1","max-image-preview":"max-image-preview:large","max-video-preview":"max-video-preview:-1"},"canonical":"https:\/\/hyphen.archi\/es\/servicios\/","og_locale":"es_ES","og_type":"article","og_title":"Servicios","og_description":"Somos flexibles en cuanto a los servicios que ofrecemos, desde un servicio arquitect\u00f3nico completo tradicional hasta encargos espec\u00edficos de la fase de trabajo o asesoramiento especializado.","og_url":"https:\/\/hyphen.archi\/es\/servicios\/","og_site_name":"Hyphen","article_modified_time":"2024-08-14T10:31:04+00:00","og_image":[{"width":1142,"height":713,"url":"http:\/\/hyphen.archi\/app\/uploads\/2024\/04\/AR-Cover-image-edited.jpg","type":"image\/jpeg"}],"twitter_card":"summary_large_image","twitter_misc":{"Est. reading time":"2 minutes"},"schema":{"@context":"https:\/\/schema.org","@graph":[{"@type":"WebPage","@id":"https:\/\/hyphen.archi\/es\/servicios\/","url":"https:\/\/hyphen.archi\/es\/servicios\/","name":"Servicios - Hyphen","isPartOf":{"@id":"https:\/\/hyphen.archi\/es\/#website"},"primaryImageOfPage":{"@id":"https:\/\/hyphen.archi\/es\/servicios\/#primaryimage"},"image":{"@id":"https:\/\/hyphen.archi\/es\/servicios\/#primaryimage"},"thumbnailUrl":"https:\/\/hyphen.archi\/app\/uploads\/2026\/03\/TEST003_N3_medium.jpg","datePublished":"2023-11-08T10:48:32+00:00","dateModified":"2024-08-14T10:31:04+00:00","description":"Somos flexibles en cuanto a los servicios que ofrecemos, desde un servicio arquitect\u00f3nico completo tradicional hasta encargos espec\u00edficos de la fase de trabajo o asesoramiento especializado.","breadcrumb":{"@id":"https:\/\/hyphen.archi\/es\/servicios\/#breadcrumb"},"inLanguage":"es-ES","potentialAction":[{"@type":"ReadAction","target":["https:\/\/hyphen.archi\/es\/servicios\/"]}]},{"@type":"ImageObject","inLanguage":"es-ES","@id":"https:\/\/hyphen.archi\/es\/servicios\/#primaryimage","url":"https:\/\/hyphen.archi\/app\/uploads\/2026\/03\/TEST003_N3_medium.jpg","contentUrl":"https:\/\/hyphen.archi\/app\/uploads\/2026\/03\/TEST003_N3_medium.jpg","width":1500,"height":844,"caption":"Street-level view of a modern glass-fronted building entrance with the \u201cElea Digital\u201d logo, beside a large vertical green wall with climbing plants and flowers threaded through white slats, while three people stand and walk along the pavement."},{"@type":"BreadcrumbList","@id":"https:\/\/hyphen.archi\/es\/servicios\/#breadcrumb","itemListElement":[{"@type":"ListItem","position":1,"name":"Home","item":"https:\/\/hyphen.archi\/es\/"},{"@type":"ListItem","position":2,"name":"Servicios"}]},{"@type":"WebSite","@id":"https:\/\/hyphen.archi\/es\/#website","url":"https:\/\/hyphen.archi\/es\/","name":"Hyphen","description":"International Architecture Firm","publisher":{"@id":"https:\/\/hyphen.archi\/es\/#organization"},"potentialAction":[{"@type":"SearchAction","target":{"@type":"EntryPoint","urlTemplate":"https:\/\/hyphen.archi\/es\/?s={search_term_string}"},"query-input":{"@type":"PropertyValueSpecification","valueRequired":true,"valueName":"search_term_string"}}],"inLanguage":"es-ES"},{"@type":"Organization","@id":"https:\/\/hyphen.archi\/es\/#organization","name":"Hyphen","url":"https:\/\/hyphen.archi\/es\/","logo":{"@type":"ImageObject","inLanguage":"es-ES","@id":"https:\/\/hyphen.archi\/es\/#\/schema\/logo\/image\/","url":"https:\/\/hyphen.archi\/app\/uploads\/2024\/03\/Favicon-no_BG.png","contentUrl":"https:\/\/hyphen.archi\/app\/uploads\/2024\/03\/Favicon-no_BG.png","width":792,"height":793,"caption":"Hyphen"},"image":{"@id":"https:\/\/hyphen.archi\/es\/#\/schema\/logo\/image\/"},"sameAs":["https:\/\/www.linkedin.com\/company\/hyphen.archi\/","https:\/\/www.instagram.com\/hyphen_archi\/"]}]}},"mfb_rest_fields":["title","yoast_head","yoast_head_json"],"_links":{"self":[{"href":"https:\/\/hyphen.archi\/es\/wp-json\/wp\/v2\/pages\/7325","targetHints":{"allow":["GET"]}}],"collection":[{"href":"https:\/\/hyphen.archi\/es\/wp-json\/wp\/v2\/pages"}],"about":[{"href":"https:\/\/hyphen.archi\/es\/wp-json\/wp\/v2\/types\/page"}],"author":[{"embeddable":true,"href":"https:\/\/hyphen.archi\/es\/wp-json\/wp\/v2\/users\/1"}],"replies":[{"embeddable":true,"href":"https:\/\/hyphen.archi\/es\/wp-json\/wp\/v2\/comments?post=7325"}],"version-history":[{"count":1,"href":"https:\/\/hyphen.archi\/es\/wp-json\/wp\/v2\/pages\/7325\/revisions"}],"predecessor-version":[{"id":7327,"href":"https:\/\/hyphen.archi\/es\/wp-json\/wp\/v2\/pages\/7325\/revisions\/7327"}],"wp:featuredmedia":[{"embeddable":true,"href":"https:\/\/hyphen.archi\/es\/wp-json\/wp\/v2\/media\/15812"}],"wp:attachment":[{"href":"https:\/\/hyphen.archi\/es\/wp-json\/wp\/v2\/media?parent=7325"}],"wp:term":[{"taxonomy":"expertise","embeddable":true,"href":"https:\/\/hyphen.archi\/es\/wp-json\/wp\/v2\/expertise?post=7325"},{"taxonomy":"location","embeddable":true,"href":"https:\/\/hyphen.archi\/es\/wp-json\/wp\/v2\/location?post=7325"},{"taxonomy":"sector","embeddable":true,"href":"https:\/\/hyphen.archi\/es\/wp-json\/wp\/v2\/sector?post=7325"}],"curies":[{"name":"wp","href":"https:\/\/api.w.org\/{rel}","templated":true}]}}