
{"id":8144,"date":"2024-02-28T12:36:02","date_gmt":"2024-02-28T12:36:02","guid":{"rendered":"http:\/\/hyphen.archi\/informacion-legal\/"},"modified":"2024-05-16T09:23:00","modified_gmt":"2024-05-16T09:23:00","slug":"informacion-legal","status":"publish","type":"page","link":"https:\/\/hyphen.archi\/es\/informacion-legal\/","title":{"rendered":"Informaci\u00f3n legal"},"content":{"rendered":"\n<h2 class=\"wp-block-heading has-large-font-size\">Informaci\u00f3n de la empresa  <\/h2>\n\n<p>\u00a9 Hyphen Group Ltd  <\/p>\n\n<p>Hyphen es el nombre comercial de la empresa registrada como Hyphen Group Ltd.<\/p>\n\n<p>Hyphen es una marca registrada en el Reino Unido, la UE, Noruega, Suiza, Chile y M\u00e9xico.<\/p>\n\n<p><strong>Direcci\u00f3n del domicilio social:<\/strong><br\/><strong>3 Charlecote Mews<\/strong><br\/><strong>Jardines de la Grapa<\/strong><br\/><strong>Winchester<\/strong><br\/><strong>Hampshire<\/strong><br\/><strong>SO23 8SR<\/strong><\/p>\n\n<p>Empresa registrada n\u00ba: 3694027<br\/>Forma jur\u00eddica: Sociedad Limitada<\/p>\n\n<p>The Hyphen Group Ltd posee el 100% del capital social emitido de la empresa en el Reino Unido.<\/p>\n\n<p><strong>Las empresas que forman el grupo empresarial The Hyphen Group son:<\/strong><br\/>REINO UNIDO: Hyphen Archi Ltd Sociedad n\u00ba 2763353<br\/>IE: Hyphen Archi Ireland Ltd N\u00ba de registro 685478<br\/>DE: Hyphen A GmbH No. HRB 72991<br\/>FR: Hyphen Archi SELARL SIRET 437 627 631 00033\/ APE 7111Z\/ONA SO4810<br\/>ES: Hyphen Archi N\u00ba SLU B-82782566<br\/>IT: Hyphen Archi Srl N\u00ba 09797440964<br\/>CL: Hyphen Archi SpA RUT 76.454.825-6<br\/>MX: Hyphen Arq MX HAM230921QU8<\/p>\n\n<p><\/p>\n\n<h2 class=\"wp-block-heading has-large-font-size\">Descargo de responsabilidad<\/h2>\n\n<p>Los art\u00edculos, blogs o publicaciones contenidos en este sitio web no pretenden proporcionar asesoramiento espec\u00edfico sobre negocios o inversiones. Debes asesorarte de forma espec\u00edfica e independiente antes de tomar cualquier decisi\u00f3n empresarial o de inversi\u00f3n.<\/p>\n","protected":false},"excerpt":{"rendered":"<p>Informaci\u00f3n de la empresa \u00a9 Hyphen Group Ltd Hyphen es el nombre comercial de la empresa registrada como Hyphen Group Ltd. Hyphen es una marca registrada en el Reino Unido, la UE, Noruega, Suiza, Chile y M\u00e9xico. Direcci\u00f3n del domicilio social:3 Charlecote MewsJardines de la GrapaWinchesterHampshireSO23 8SR Empresa registrada n\u00ba: 3694027Forma jur\u00eddica: Sociedad Limitada The [&hellip;]<\/p>\n","protected":false},"author":1,"featured_media":0,"parent":0,"menu_order":0,"comment_status":"closed","ping_status":"closed","template":"","meta":{"_acf_changed":false,"CBBTypography":[],"footnotes":""},"expertise":[],"location":[],"sector":[],"class_list":["post-8144","page","type-page","status-publish","hentry"],"acf":[],"mb":[],"yoast_head":"<!-- This site is optimized with the Yoast SEO Premium plugin v25.9 (Yoast SEO v27.0) - https:\/\/yoast.com\/product\/yoast-seo-premium-wordpress\/ -->\n<title>Informaci\u00f3n legal - Hyphen<\/title>\n<meta name=\"robots\" content=\"index, follow, max-snippet:-1, max-image-preview:large, max-video-preview:-1\" \/>\n<link rel=\"canonical\" href=\"https:\/\/hyphen.archi\/es\/informacion-legal\/\" \/>\n<meta property=\"og:locale\" content=\"es_ES\" \/>\n<meta property=\"og:type\" content=\"article\" \/>\n<meta property=\"og:title\" content=\"Informaci\u00f3n legal\" \/>\n<meta property=\"og:description\" content=\"Informaci\u00f3n de la empresa \u00a9 Hyphen Group Ltd Hyphen es el nombre comercial de la empresa registrada como Hyphen Group Ltd. Hyphen es una marca registrada en el Reino Unido, la UE, Noruega, Suiza, Chile y M\u00e9xico. Direcci\u00f3n del domicilio social:3 Charlecote MewsJardines de la GrapaWinchesterHampshireSO23 8SR Empresa registrada n\u00ba: 3694027Forma jur\u00eddica: Sociedad Limitada The [&hellip;]\" \/>\n<meta property=\"og:url\" content=\"https:\/\/hyphen.archi\/es\/informacion-legal\/\" \/>\n<meta property=\"og:site_name\" content=\"Hyphen\" \/>\n<meta property=\"article:modified_time\" content=\"2024-05-16T09:23:00+00:00\" \/>\n<meta name=\"twitter:card\" content=\"summary_large_image\" \/>\n<meta name=\"twitter:label1\" content=\"Est. reading time\" \/>\n\t<meta name=\"twitter:data1\" content=\"1 minute\" \/>\n<script type=\"application\/ld+json\" class=\"yoast-schema-graph\">{\"@context\":\"https:\/\/schema.org\",\"@graph\":[{\"@type\":\"WebPage\",\"@id\":\"https:\/\/hyphen.archi\/es\/informacion-legal\/\",\"url\":\"https:\/\/hyphen.archi\/es\/informacion-legal\/\",\"name\":\"Informaci\u00f3n legal - Hyphen\",\"isPartOf\":{\"@id\":\"https:\/\/hyphen.archi\/es\/#website\"},\"datePublished\":\"2024-02-28T12:36:02+00:00\",\"dateModified\":\"2024-05-16T09:23:00+00:00\",\"breadcrumb\":{\"@id\":\"https:\/\/hyphen.archi\/es\/informacion-legal\/#breadcrumb\"},\"inLanguage\":\"es-ES\",\"potentialAction\":[{\"@type\":\"ReadAction\",\"target\":[\"https:\/\/hyphen.archi\/es\/informacion-legal\/\"]}]},{\"@type\":\"BreadcrumbList\",\"@id\":\"https:\/\/hyphen.archi\/es\/informacion-legal\/#breadcrumb\",\"itemListElement\":[{\"@type\":\"ListItem\",\"position\":1,\"name\":\"Home\",\"item\":\"https:\/\/hyphen.archi\/es\/\"},{\"@type\":\"ListItem\",\"position\":2,\"name\":\"Informaci\u00f3n legal\"}]},{\"@type\":\"WebSite\",\"@id\":\"https:\/\/hyphen.archi\/es\/#website\",\"url\":\"https:\/\/hyphen.archi\/es\/\",\"name\":\"Hyphen\",\"description\":\"International Architecture Firm\",\"publisher\":{\"@id\":\"https:\/\/hyphen.archi\/es\/#organization\"},\"potentialAction\":[{\"@type\":\"SearchAction\",\"target\":{\"@type\":\"EntryPoint\",\"urlTemplate\":\"https:\/\/hyphen.archi\/es\/?s={search_term_string}\"},\"query-input\":{\"@type\":\"PropertyValueSpecification\",\"valueRequired\":true,\"valueName\":\"search_term_string\"}}],\"inLanguage\":\"es-ES\"},{\"@type\":\"Organization\",\"@id\":\"https:\/\/hyphen.archi\/es\/#organization\",\"name\":\"Hyphen\",\"url\":\"https:\/\/hyphen.archi\/es\/\",\"logo\":{\"@type\":\"ImageObject\",\"inLanguage\":\"es-ES\",\"@id\":\"https:\/\/hyphen.archi\/es\/#\/schema\/logo\/image\/\",\"url\":\"https:\/\/hyphen.archi\/app\/uploads\/2024\/03\/Favicon-no_BG.png\",\"contentUrl\":\"https:\/\/hyphen.archi\/app\/uploads\/2024\/03\/Favicon-no_BG.png\",\"width\":792,\"height\":793,\"caption\":\"Hyphen\"},\"image\":{\"@id\":\"https:\/\/hyphen.archi\/es\/#\/schema\/logo\/image\/\"},\"sameAs\":[\"https:\/\/www.linkedin.com\/company\/hyphen.archi\/\",\"https:\/\/www.instagram.com\/hyphen_archi\/\"]}]}<\/script>\n<!-- \/ Yoast SEO Premium plugin. -->","yoast_head_json":{"title":"Informaci\u00f3n legal - Hyphen","robots":{"index":"index","follow":"follow","max-snippet":"max-snippet:-1","max-image-preview":"max-image-preview:large","max-video-preview":"max-video-preview:-1"},"canonical":"https:\/\/hyphen.archi\/es\/informacion-legal\/","og_locale":"es_ES","og_type":"article","og_title":"Informaci\u00f3n legal","og_description":"Informaci\u00f3n de la empresa \u00a9 Hyphen Group Ltd Hyphen es el nombre comercial de la empresa registrada como Hyphen Group Ltd. Hyphen es una marca registrada en el Reino Unido, la UE, Noruega, Suiza, Chile y M\u00e9xico. Direcci\u00f3n del domicilio social:3 Charlecote MewsJardines de la GrapaWinchesterHampshireSO23 8SR Empresa registrada n\u00ba: 3694027Forma jur\u00eddica: Sociedad Limitada The [&hellip;]","og_url":"https:\/\/hyphen.archi\/es\/informacion-legal\/","og_site_name":"Hyphen","article_modified_time":"2024-05-16T09:23:00+00:00","twitter_card":"summary_large_image","twitter_misc":{"Est. reading time":"1 minute"},"schema":{"@context":"https:\/\/schema.org","@graph":[{"@type":"WebPage","@id":"https:\/\/hyphen.archi\/es\/informacion-legal\/","url":"https:\/\/hyphen.archi\/es\/informacion-legal\/","name":"Informaci\u00f3n legal - Hyphen","isPartOf":{"@id":"https:\/\/hyphen.archi\/es\/#website"},"datePublished":"2024-02-28T12:36:02+00:00","dateModified":"2024-05-16T09:23:00+00:00","breadcrumb":{"@id":"https:\/\/hyphen.archi\/es\/informacion-legal\/#breadcrumb"},"inLanguage":"es-ES","potentialAction":[{"@type":"ReadAction","target":["https:\/\/hyphen.archi\/es\/informacion-legal\/"]}]},{"@type":"BreadcrumbList","@id":"https:\/\/hyphen.archi\/es\/informacion-legal\/#breadcrumb","itemListElement":[{"@type":"ListItem","position":1,"name":"Home","item":"https:\/\/hyphen.archi\/es\/"},{"@type":"ListItem","position":2,"name":"Informaci\u00f3n legal"}]},{"@type":"WebSite","@id":"https:\/\/hyphen.archi\/es\/#website","url":"https:\/\/hyphen.archi\/es\/","name":"Hyphen","description":"International Architecture Firm","publisher":{"@id":"https:\/\/hyphen.archi\/es\/#organization"},"potentialAction":[{"@type":"SearchAction","target":{"@type":"EntryPoint","urlTemplate":"https:\/\/hyphen.archi\/es\/?s={search_term_string}"},"query-input":{"@type":"PropertyValueSpecification","valueRequired":true,"valueName":"search_term_string"}}],"inLanguage":"es-ES"},{"@type":"Organization","@id":"https:\/\/hyphen.archi\/es\/#organization","name":"Hyphen","url":"https:\/\/hyphen.archi\/es\/","logo":{"@type":"ImageObject","inLanguage":"es-ES","@id":"https:\/\/hyphen.archi\/es\/#\/schema\/logo\/image\/","url":"https:\/\/hyphen.archi\/app\/uploads\/2024\/03\/Favicon-no_BG.png","contentUrl":"https:\/\/hyphen.archi\/app\/uploads\/2024\/03\/Favicon-no_BG.png","width":792,"height":793,"caption":"Hyphen"},"image":{"@id":"https:\/\/hyphen.archi\/es\/#\/schema\/logo\/image\/"},"sameAs":["https:\/\/www.linkedin.com\/company\/hyphen.archi\/","https:\/\/www.instagram.com\/hyphen_archi\/"]}]}},"mfb_rest_fields":["title","yoast_head","yoast_head_json"],"_links":{"self":[{"href":"https:\/\/hyphen.archi\/es\/wp-json\/wp\/v2\/pages\/8144","targetHints":{"allow":["GET"]}}],"collection":[{"href":"https:\/\/hyphen.archi\/es\/wp-json\/wp\/v2\/pages"}],"about":[{"href":"https:\/\/hyphen.archi\/es\/wp-json\/wp\/v2\/types\/page"}],"author":[{"embeddable":true,"href":"https:\/\/hyphen.archi\/es\/wp-json\/wp\/v2\/users\/1"}],"replies":[{"embeddable":true,"href":"https:\/\/hyphen.archi\/es\/wp-json\/wp\/v2\/comments?post=8144"}],"version-history":[{"count":6,"href":"https:\/\/hyphen.archi\/es\/wp-json\/wp\/v2\/pages\/8144\/revisions"}],"predecessor-version":[{"id":10920,"href":"https:\/\/hyphen.archi\/es\/wp-json\/wp\/v2\/pages\/8144\/revisions\/10920"}],"wp:attachment":[{"href":"https:\/\/hyphen.archi\/es\/wp-json\/wp\/v2\/media?parent=8144"}],"wp:term":[{"taxonomy":"expertise","embeddable":true,"href":"https:\/\/hyphen.archi\/es\/wp-json\/wp\/v2\/expertise?post=8144"},{"taxonomy":"location","embeddable":true,"href":"https:\/\/hyphen.archi\/es\/wp-json\/wp\/v2\/location?post=8144"},{"taxonomy":"sector","embeddable":true,"href":"https:\/\/hyphen.archi\/es\/wp-json\/wp\/v2\/sector?post=8144"}],"curies":[{"name":"wp","href":"https:\/\/api.w.org\/{rel}","templated":true}]}}