
{"id":8249,"date":"2024-02-14T16:42:22","date_gmt":"2024-02-14T16:42:22","guid":{"rendered":"http:\/\/hyphen.archi\/italia\/"},"modified":"2024-09-20T13:18:50","modified_gmt":"2024-09-20T13:18:50","slug":"italia-es","status":"publish","type":"page","link":"https:\/\/hyphen.archi\/es\/ubicaciones\/italia-es\/","title":{"rendered":"Italia"},"content":{"rendered":"\n<p class=\"remove-gaps has-medium-font-size\">Alcance internacional<\/p>\n<h1 style=\"margin-top:0px;margin-left:0px;margin-right:0px;margin-bottom:0px;\" class=\"remove-gaps wp-block-post-title has-hyphen-stencil-font-family\">Italia<\/h1>\n<div class=\"wp-block-boldblocks-carousel-item-repeater cbb-block-parent is-carousel ection-carousel slider-bottom-nav-right-popup js-carousel-layout cbb-g-3 cbb-carousel-preload\" data-carousel-settings=\"{&amp;quot;speed&amp;quot;:300,&amp;quot;loop&amp;quot;:true,&amp;quot;rewind&amp;quot;:false,&amp;quot;autoplay&amp;quot;:false,&amp;quot;effect&amp;quot;:&amp;quot;slide&amp;quot;,&amp;quot;slidesPerView&amp;quot;:1,&amp;quot;spaceBetween&amp;quot;:10,&amp;quot;centeredSlides&amp;quot;:false,&amp;quot;pagination&amp;quot;:true,&amp;quot;paginationSettings&amp;quot;:{&amp;quot;enable&amp;quot;:true,&amp;quot;size&amp;quot;:&amp;quot;20px&amp;quot;,&amp;quot;spacing&amp;quot;:&amp;quot;-1px&amp;quot;,&amp;quot;color&amp;quot;:&amp;quot;&amp;quot;,&amp;quot;inactiveColor&amp;quot;:&amp;quot;&amp;quot;,&amp;quot;opacity&amp;quot;:0.3,&amp;quot;dynamicBullets&amp;quot;:false,&amp;quot;horizontalGap&amp;quot;:&amp;quot;5px&amp;quot;},&amp;quot;navigation&amp;quot;:true,&amp;quot;navigationSettings&amp;quot;:{&amp;quot;enable&amp;quot;:true,&amp;quot;size&amp;quot;:&amp;quot;44px&amp;quot;,&amp;quot;spacing&amp;quot;:&amp;quot;10px&amp;quot;,&amp;quot;color&amp;quot;:{&amp;quot;value&amp;quot;:&amp;quot;#000000&amp;quot;,&amp;quot;slug&amp;quot;:&amp;quot;contrast&amp;quot;},&amp;quot;nextIcon&amp;quot;:{&amp;quot;icon&amp;quot;:&amp;quot;custom&amp;quot;,&amp;quot;value&amp;quot;:&amp;quot;&amp;lt;svg version=\\&amp;quot;1.1\\&amp;quot; id=\\&amp;quot;Layer_1\\&amp;quot; xmlns=\\&amp;quot;http:\\\/\\\/www.w3.org\\\/2000\\\/svg\\&amp;quot; xmlns:xlink=\\&amp;quot;http:\\\/\\\/www.w3.org\\\/1999\\\/xlink\\&amp;quot; x=\\&amp;quot;0px\\&amp;quot; y=\\&amp;quot;0px\\&amp;quot; viewBox=\\&amp;quot;0 0 42 27\\&amp;quot; style=\\&amp;quot;enable-background:new 0 0 42 27;\\&amp;quot; xml:space=\\&amp;quot;preserve\\&amp;quot;&amp;gt;\\n&amp;lt;style type=\\&amp;quot;text\\\/css\\&amp;quot;&amp;gt;\\n\\t.st0{fill:none;stroke:#000000;stroke-miterlimit:10;}\\n&amp;lt;\\\/style&amp;gt;\\n&amp;lt;g&amp;gt;\\n\\t&amp;lt;line class=\\&amp;quot;st0\\&amp;quot; x1=\\&amp;quot;0\\&amp;quot; y1=\\&amp;quot;13.5\\&amp;quot; x2=\\&amp;quot;41\\&amp;quot; y2=\\&amp;quot;13.5\\&amp;quot;&amp;gt;&amp;lt;\\\/line&amp;gt;\\n\\t&amp;lt;polyline class=\\&amp;quot;st0\\&amp;quot; points=\\&amp;quot;28.3,1 40.8,13.5 28.3,26\\&amp;quot;&amp;gt;&amp;lt;\\\/polyline&amp;gt;\\n&amp;lt;\\\/g&amp;gt;\\n&amp;lt;\\\/svg&amp;gt;&amp;quot;},&amp;quot;prevIcon&amp;quot;:{&amp;quot;icon&amp;quot;:&amp;quot;custom&amp;quot;,&amp;quot;value&amp;quot;:&amp;quot;&amp;lt;svg version=\\&amp;quot;1.1\\&amp;quot; id=\\&amp;quot;Layer_1\\&amp;quot; xmlns=\\&amp;quot;http:\\\/\\\/www.w3.org\\\/2000\\\/svg\\&amp;quot; xmlns:xlink=\\&amp;quot;http:\\\/\\\/www.w3.org\\\/1999\\\/xlink\\&amp;quot; x=\\&amp;quot;0px\\&amp;quot; y=\\&amp;quot;0px\\&amp;quot; viewBox=\\&amp;quot;0 0 42 27\\&amp;quot; style=\\&amp;quot;enable-background:new 0 0 42 27;\\&amp;quot; xml:space=\\&amp;quot;preserve\\&amp;quot;&amp;gt;\\n&amp;lt;style type=\\&amp;quot;text\\\/css\\&amp;quot;&amp;gt;\\n\\t.st0{fill:none;stroke:#000000;stroke-miterlimit:10;}\\n&amp;lt;\\\/style&amp;gt;\\n&amp;lt;g&amp;gt;\\n\\t&amp;lt;line class=\\&amp;quot;st0\\&amp;quot; x1=\\&amp;quot;42\\&amp;quot; y1=\\&amp;quot;13.5\\&amp;quot; x2=\\&amp;quot;1\\&amp;quot; y2=\\&amp;quot;13.5\\&amp;quot;&amp;gt;&amp;lt;\\\/line&amp;gt;\\n\\t&amp;lt;polyline class=\\&amp;quot;st0\\&amp;quot; points=\\&amp;quot;13.7,26 1.2,13.5 13.7,1\\&amp;quot;&amp;gt;&amp;lt;\\\/polyline&amp;gt;\\n&amp;lt;\\\/g&amp;gt;\\n&amp;lt;\\\/svg&amp;gt;&amp;quot;}},&amp;quot;scrollbar&amp;quot;:false,&amp;quot;equalHeight&amp;quot;:true}\"><div class=\"carousel__inner\">\n<div class=\"wp-block-boldblocks-carousel-item cbb-block is-carousel-item has-parent carousel-item is-layout-flow wp-block-boldblocks-carousel-item-is-layout-flow\">\n<div style=\"height:6px\" aria-hidden=\"true\" class=\"wp-block-spacer\"><\/div>\n\n\n\n<p class=\"has-medium-font-size\">\u00a1Conecta con nuestro equipo en Mil\u00e1n!<\/p>\n\n\n\n<div style=\"height:10px\" aria-hidden=\"true\" class=\"wp-block-spacer\"><\/div>\n\n\n\n<div class=\"wp-block-boldblocks-grid-item-repeater cbb-block-parent is-grid cbb-g-2 sm-cbb-grid-columns sm-cbb-grid-gap-column sm-cbb-grid-gap-row\">\n<div class=\"wp-block-boldblocks-grid-item cbb-block is-grid-item has-parent is-layout-flow wp-block-boldblocks-grid-item-is-layout-flow cbb-g-1 sm-cbb-grid-item-column md-cbb-grid-item-row\">\n<div class=\"wp-block-query permit-contact is-layout-flow wp-block-query-is-layout-flow\"><ul id=\"\" class=\"wp-block-post-template is-layout-flow wp-block-post-template-is-layout-flow\"><li class=\"wp-block-post post-9634 person type-person status-publish has-post-thumbnail hentry expertise-arquitectura location-italia-es location-milan-es people-type-main sector-centros-de-datos-y-tecnologia sector-hosteleria sector-logistica-es sector-oficina sector-residencial-y-de-uso-mixto sector-venta-al-por-menor\">\n<figure style=\"aspect-ratio:1;\" class=\"wp-block-post-featured-image\"><a href=\"https:\/\/hyphen.archi\/es\/person\/giacomo-spinelli\/\" target=\"_blank\"  ><img decoding=\"async\" width=\"1667\" height=\"1667\" src=\"https:\/\/hyphen.archi\/app\/uploads\/2023\/11\/Giacomo.jpg\" class=\"attachment-post-thumbnail size-post-thumbnail wp-post-image\" alt=\"Giacomo Spinelli\" style=\"width:100%;height:100%;object-fit:cover;\" srcset=\"https:\/\/hyphen.archi\/app\/uploads\/2023\/11\/Giacomo.jpg 1667w, https:\/\/hyphen.archi\/app\/uploads\/2023\/11\/Giacomo-300x300.jpg 300w, https:\/\/hyphen.archi\/app\/uploads\/2023\/11\/Giacomo-1024x1024.jpg 1024w, https:\/\/hyphen.archi\/app\/uploads\/2023\/11\/Giacomo-150x150.jpg 150w, https:\/\/hyphen.archi\/app\/uploads\/2023\/11\/Giacomo-768x768.jpg 768w, https:\/\/hyphen.archi\/app\/uploads\/2023\/11\/Giacomo-1536x1536.jpg 1536w\" sizes=\"(max-width: 1667px) 100vw, 1667px\" \/><\/a><\/figure>\n\n\n<div class=\"wp-block-buttons has-custom-font-size has-x-small-font-size is-layout-flex wp-container-core-buttons-is-layout-7550426a wp-block-buttons-is-layout-flex\" style=\"margin-top:6px;margin-bottom:6px\">\n<div class=\"wp-block-button has-custom-width wp-block-button__width-100\"><a class=\"wp-block-button__link wp-element-button\" href=\"http:\/\/hyphen.archi\/person\/giacomo-spinelli\/\" target=\"_blank\" rel=\"noreferrer noopener\">Contactar con Giacomo<\/a><\/div>\n<\/div>\n\n<\/li><\/ul><\/div>\n<\/div>\n\n\n\n<div class=\"wp-block-boldblocks-grid-item cbb-block is-grid-item has-parent is-layout-flow wp-block-boldblocks-grid-item-is-layout-flow\">\n<div class=\"wp-block-columns is-not-stacked-on-mobile location-stats has-medium-font-size is-layout-flex wp-container-core-columns-is-layout-c7a9b2cc wp-block-columns-is-layout-flex\" style=\"margin-bottom:35px\">\n<div class=\"wp-block-column is-layout-flow wp-block-column-is-layout-flow\">\n<p class=\"has-medium-font-size\"><strong>01<\/strong> Oficina<\/p>\n<\/div>\n\n\n\n<div class=\"wp-block-column is-layout-flow wp-block-column-is-layout-flow\">\n<p class=\"has-medium-font-size\"><strong>M\u00e1s de 25<\/strong> ciudades<\/p>\n<\/div>\n<\/div>\n\n\n\n<div class=\"wp-block-columns is-not-stacked-on-mobile location-stats has-medium-font-size is-layout-flex wp-container-core-columns-is-layout-c7a9b2cc wp-block-columns-is-layout-flex\" style=\"margin-bottom:35px\">\n<div class=\"wp-block-column is-layout-flow wp-block-column-is-layout-flow\">\n<p class=\"has-medium-font-size\"><strong>M\u00e1s de 200<\/strong> proyectos<\/p>\n<\/div>\n\n\n\n<div class=\"wp-block-column is-layout-flow wp-block-column-is-layout-flow\">\n<p class=\"has-medium-font-size\"><strong>15<\/strong> a\u00f1os de experiencia  <\/p>\n<\/div>\n<\/div>\n<\/div>\n<\/div>\n<\/div>\n\n\n\n<div class=\"wp-block-boldblocks-carousel-item cbb-block is-carousel-item has-parent carousel-item is-layout-flow wp-block-boldblocks-carousel-item-is-layout-flow\">\n<div class=\"wp-block-boldblocks-carousel-item cbb-block is-carousel-item has-parent carousel-item is-layout-flow wp-block-boldblocks-carousel-item-is-layout-flow\">\n<div class=\"wp-block-boldblocks-carousel-item cbb-block is-carousel-item has-parent carousel-item is-layout-flow wp-block-boldblocks-carousel-item-is-layout-flow\">\n<p class=\"has-medium-font-size\"><strong>Permisos de obras<\/strong><\/p>\n\n\n\n<div class=\"wp-block-gutenberg-hyphen-hyphen-building-permit\"><div id=\"building-permit-ghraphic\"><div id=\"permit-row-1\"><div id=\"duration\"><p>Duraci\u00f3n<\/p><div class=\"flex-switch\" style=\"display: flex;\"><div class=\"empty-bar\"><div id=\"duration-fill\" style=\"width:84px;margin-left:84px\"><\/div><\/div><p id=\"duration-label\" class=\"bar-label\">12 &#8211; 24 semanas<\/p><\/div><\/div><div id=\"paperwork\"><p>La monta\u00f1a de papeles<\/p><div><img decoding=\"async\" class=\"paperwork-svg \" src=\"\/app\/plugins\/hyphen-permits-plugin\/assets\/paperwork-mountain.svg\" height=\"30\" width=\"30\"><img decoding=\"async\" class=\"paperwork-svg \" src=\"\/app\/plugins\/hyphen-permits-plugin\/assets\/paperwork-mountain.svg\" height=\"30\" width=\"30\"><img decoding=\"async\" class=\"paperwork-svg \" src=\"\/app\/plugins\/hyphen-permits-plugin\/assets\/paperwork-mountain.svg\" height=\"30\" width=\"30\"><img decoding=\"async\" class=\"paperwork-svg \" src=\"\/app\/plugins\/hyphen-permits-plugin\/assets\/paperwork-mountain.svg\" height=\"30\" width=\"30\"><img decoding=\"async\" class=\"paperwork-svg translucent_svg\" src=\"\/app\/plugins\/hyphen-permits-plugin\/assets\/paperwork-mountain.svg\" height=\"30\" width=\"30\"><\/div><\/div><\/div><div id=\"permit-row-2\"><div id=\"drawing\"><p>Planos necesarios<\/p><div style=\"display: flex;\"><div class=\"empty-bar\"><div id=\"drawing-fill\" style=\"width:75%\"><\/div><\/div><p id=\"drawing-label\" class=\"bar-label\">75%<\/p><\/div><\/div><div id=\"headache\"><p>Permitir dolor de cabeza<\/p><div><img decoding=\"async\" class=\"headache-svg \" src=\"\/app\/plugins\/hyphen-permits-plugin\/assets\/permit-headache.svg\" height=\"30\" width=\"30\"><img decoding=\"async\" class=\"headache-svg \" src=\"\/app\/plugins\/hyphen-permits-plugin\/assets\/permit-headache.svg\" height=\"30\" width=\"30\"><img decoding=\"async\" class=\"headache-svg \" src=\"\/app\/plugins\/hyphen-permits-plugin\/assets\/permit-headache.svg\" height=\"30\" width=\"30\"><img decoding=\"async\" class=\"headache-svg translucent_svg\" src=\"\/app\/plugins\/hyphen-permits-plugin\/assets\/permit-headache.svg\" height=\"30\" width=\"30\"><img decoding=\"async\" class=\"headache-svg translucent_svg\" src=\"\/app\/plugins\/hyphen-permits-plugin\/assets\/permit-headache.svg\" height=\"30\" width=\"30\"><\/div><\/div><\/div><\/div><\/div>\n\n\n\n<div class=\"wp-block-buttons has-custom-font-size has-x-small-font-size is-layout-flex wp-block-buttons-is-layout-flex\">\n<div class=\"wp-block-button\"><a class=\"wp-block-button__link wp-element-button\" href=\"https:\/\/hyphen.archi\/es\/ubicaciones\/#building-permits\" target=\"_blank\" rel=\"noreferrer noopener\">M\u00e1s informaci\u00f3n<\/a><\/div>\n<\/div>\n<\/div>\n<\/div>\n<\/div>\n\n\n\n<div class=\"wp-block-boldblocks-carousel-item cbb-block is-carousel-item has-parent carousel-item is-layout-flow wp-block-boldblocks-carousel-item-is-layout-flow\">\n<div class=\"wp-block-columns is-layout-flex wp-container-core-columns-is-layout-28f84493 wp-block-columns-is-layout-flex\">\n<div class=\"wp-block-column is-layout-flow wp-block-column-is-layout-flow\" style=\"flex-basis:66.66%\">\n<p class=\"test-class\" style=\"margin-top:16px\">Llevamos m\u00e1s de 15 a\u00f1os trabajando en Italia, y el crecimiento de este mercado nos llev\u00f3 a establecer nuestra oficina de Mil\u00e1n en 2016.  <\/p>\n\n\n\n<p class=\"test-class\" style=\"margin-top:16px\">Nuestro equipo italiano combina una amplia experiencia internacional con conocimientos locales para apoyar a los clientes con sede en Italia, as\u00ed como a los clientes internacionales que desean entrar en el mercado italiano.<br\/>Entre las colaboraciones con clientes m\u00e1s destacadas se incluyen trabajos en una serie de tiendas con Primark y Abercrombie &amp; Fitch, y en obras de construcci\u00f3n patrimonial dentro de la emblem\u00e1tica Galer\u00eda Vittorio Emanuele de Mil\u00e1n.  <\/p>\n<\/div>\n\n\n\n<div class=\"wp-block-column is-layout-flow wp-block-column-is-layout-flow\" style=\"flex-basis:33.33%\">\n<figure class=\"wp-block-image size-large is-resized\"><img decoding=\"async\" width=\"1573\" height=\"1179\" src=\"http:\/\/hyphen.archi\/app\/uploads\/2024\/04\/Milan-Group-photo-edited.jpg\" alt=\"\" class=\"wp-image-6692\" style=\"width:255px;height:auto\" srcset=\"https:\/\/hyphen.archi\/app\/uploads\/2024\/04\/Milan-Group-photo-edited.jpg 1573w, https:\/\/hyphen.archi\/app\/uploads\/2024\/04\/Milan-Group-photo-edited-300x225.jpg 300w, https:\/\/hyphen.archi\/app\/uploads\/2024\/04\/Milan-Group-photo-edited-1024x768.jpg 1024w, https:\/\/hyphen.archi\/app\/uploads\/2024\/04\/Milan-Group-photo-edited-768x576.jpg 768w, https:\/\/hyphen.archi\/app\/uploads\/2024\/04\/Milan-Group-photo-edited-1536x1151.jpg 1536w\" sizes=\"(max-width: 1573px) 100vw, 1573px\" \/><\/figure>\n<\/div>\n<\/div>\n<\/div>\n<\/div><\/div>\n","protected":false},"excerpt":{"rendered":"<p>Alcance internacional<\/p>\n","protected":false},"author":4,"featured_media":0,"parent":8521,"menu_order":0,"comment_status":"closed","ping_status":"closed","template":"wp-custom-template-mapbox-plugin","meta":{"_acf_changed":false,"CBBTypography":[],"footnotes":""},"expertise":[],"location":[405,374],"sector":[],"class_list":["post-8249","page","type-page","status-publish","hentry","location-italia-es","location-milan-es"],"acf":[],"mb":[],"yoast_head":"<!-- This site is optimized with the Yoast SEO Premium plugin v25.9 (Yoast SEO v27.0) - https:\/\/yoast.com\/product\/yoast-seo-premium-wordpress\/ -->\n<title>Italia - Hyphen<\/title>\n<meta name=\"robots\" content=\"index, follow, max-snippet:-1, max-image-preview:large, max-video-preview:-1\" \/>\n<link rel=\"canonical\" href=\"https:\/\/hyphen.archi\/es\/ubicaciones\/italia-es\/\" \/>\n<meta property=\"og:locale\" content=\"es_ES\" \/>\n<meta property=\"og:type\" content=\"article\" \/>\n<meta property=\"og:title\" content=\"Italia\" \/>\n<meta property=\"og:description\" content=\"Alcance internacional\" \/>\n<meta property=\"og:url\" content=\"https:\/\/hyphen.archi\/es\/ubicaciones\/italia-es\/\" \/>\n<meta property=\"og:site_name\" content=\"Hyphen\" \/>\n<meta property=\"article:modified_time\" content=\"2024-09-20T13:18:50+00:00\" \/>\n<meta property=\"og:image\" content=\"http:\/\/hyphen.archi\/app\/uploads\/2024\/04\/Milan-Group-photo-edited.jpg\" \/>\n<meta name=\"twitter:card\" content=\"summary_large_image\" \/>\n<meta name=\"twitter:label1\" content=\"Est. reading time\" \/>\n\t<meta name=\"twitter:data1\" content=\"3 minutes\" \/>\n<script type=\"application\/ld+json\" class=\"yoast-schema-graph\">{\"@context\":\"https:\/\/schema.org\",\"@graph\":[{\"@type\":\"WebPage\",\"@id\":\"https:\/\/hyphen.archi\/es\/ubicaciones\/italia-es\/\",\"url\":\"https:\/\/hyphen.archi\/es\/ubicaciones\/italia-es\/\",\"name\":\"Italia - Hyphen\",\"isPartOf\":{\"@id\":\"https:\/\/hyphen.archi\/es\/#website\"},\"primaryImageOfPage\":{\"@id\":\"https:\/\/hyphen.archi\/es\/ubicaciones\/italia-es\/#primaryimage\"},\"image\":{\"@id\":\"https:\/\/hyphen.archi\/es\/ubicaciones\/italia-es\/#primaryimage\"},\"thumbnailUrl\":\"http:\/\/hyphen.archi\/app\/uploads\/2024\/04\/Milan-Group-photo-edited.jpg\",\"datePublished\":\"2024-02-14T16:42:22+00:00\",\"dateModified\":\"2024-09-20T13:18:50+00:00\",\"breadcrumb\":{\"@id\":\"https:\/\/hyphen.archi\/es\/ubicaciones\/italia-es\/#breadcrumb\"},\"inLanguage\":\"es-ES\",\"potentialAction\":[{\"@type\":\"ReadAction\",\"target\":[\"https:\/\/hyphen.archi\/es\/ubicaciones\/italia-es\/\"]}]},{\"@type\":\"ImageObject\",\"inLanguage\":\"es-ES\",\"@id\":\"https:\/\/hyphen.archi\/es\/ubicaciones\/italia-es\/#primaryimage\",\"url\":\"http:\/\/hyphen.archi\/app\/uploads\/2024\/04\/Milan-Group-photo-edited.jpg\",\"contentUrl\":\"http:\/\/hyphen.archi\/app\/uploads\/2024\/04\/Milan-Group-photo-edited.jpg\"},{\"@type\":\"BreadcrumbList\",\"@id\":\"https:\/\/hyphen.archi\/es\/ubicaciones\/italia-es\/#breadcrumb\",\"itemListElement\":[{\"@type\":\"ListItem\",\"position\":1,\"name\":\"Home\",\"item\":\"https:\/\/hyphen.archi\/es\/\"},{\"@type\":\"ListItem\",\"position\":2,\"name\":\"Localizaciones\",\"item\":\"https:\/\/hyphen.archi\/es\/ubicaciones\/\"},{\"@type\":\"ListItem\",\"position\":3,\"name\":\"Italia\"}]},{\"@type\":\"WebSite\",\"@id\":\"https:\/\/hyphen.archi\/es\/#website\",\"url\":\"https:\/\/hyphen.archi\/es\/\",\"name\":\"Hyphen\",\"description\":\"International Architecture Firm\",\"publisher\":{\"@id\":\"https:\/\/hyphen.archi\/es\/#organization\"},\"potentialAction\":[{\"@type\":\"SearchAction\",\"target\":{\"@type\":\"EntryPoint\",\"urlTemplate\":\"https:\/\/hyphen.archi\/es\/?s={search_term_string}\"},\"query-input\":{\"@type\":\"PropertyValueSpecification\",\"valueRequired\":true,\"valueName\":\"search_term_string\"}}],\"inLanguage\":\"es-ES\"},{\"@type\":\"Organization\",\"@id\":\"https:\/\/hyphen.archi\/es\/#organization\",\"name\":\"Hyphen\",\"url\":\"https:\/\/hyphen.archi\/es\/\",\"logo\":{\"@type\":\"ImageObject\",\"inLanguage\":\"es-ES\",\"@id\":\"https:\/\/hyphen.archi\/es\/#\/schema\/logo\/image\/\",\"url\":\"https:\/\/hyphen.archi\/app\/uploads\/2024\/03\/Favicon-no_BG.png\",\"contentUrl\":\"https:\/\/hyphen.archi\/app\/uploads\/2024\/03\/Favicon-no_BG.png\",\"width\":792,\"height\":793,\"caption\":\"Hyphen\"},\"image\":{\"@id\":\"https:\/\/hyphen.archi\/es\/#\/schema\/logo\/image\/\"},\"sameAs\":[\"https:\/\/www.linkedin.com\/company\/hyphen.archi\/\",\"https:\/\/www.instagram.com\/hyphen_archi\/\"]}]}<\/script>\n<!-- \/ Yoast SEO Premium plugin. -->","yoast_head_json":{"title":"Italia - Hyphen","robots":{"index":"index","follow":"follow","max-snippet":"max-snippet:-1","max-image-preview":"max-image-preview:large","max-video-preview":"max-video-preview:-1"},"canonical":"https:\/\/hyphen.archi\/es\/ubicaciones\/italia-es\/","og_locale":"es_ES","og_type":"article","og_title":"Italia","og_description":"Alcance internacional","og_url":"https:\/\/hyphen.archi\/es\/ubicaciones\/italia-es\/","og_site_name":"Hyphen","article_modified_time":"2024-09-20T13:18:50+00:00","og_image":[{"url":"http:\/\/hyphen.archi\/app\/uploads\/2024\/04\/Milan-Group-photo-edited.jpg","type":"","width":"","height":""}],"twitter_card":"summary_large_image","twitter_misc":{"Est. reading time":"3 minutes"},"schema":{"@context":"https:\/\/schema.org","@graph":[{"@type":"WebPage","@id":"https:\/\/hyphen.archi\/es\/ubicaciones\/italia-es\/","url":"https:\/\/hyphen.archi\/es\/ubicaciones\/italia-es\/","name":"Italia - Hyphen","isPartOf":{"@id":"https:\/\/hyphen.archi\/es\/#website"},"primaryImageOfPage":{"@id":"https:\/\/hyphen.archi\/es\/ubicaciones\/italia-es\/#primaryimage"},"image":{"@id":"https:\/\/hyphen.archi\/es\/ubicaciones\/italia-es\/#primaryimage"},"thumbnailUrl":"http:\/\/hyphen.archi\/app\/uploads\/2024\/04\/Milan-Group-photo-edited.jpg","datePublished":"2024-02-14T16:42:22+00:00","dateModified":"2024-09-20T13:18:50+00:00","breadcrumb":{"@id":"https:\/\/hyphen.archi\/es\/ubicaciones\/italia-es\/#breadcrumb"},"inLanguage":"es-ES","potentialAction":[{"@type":"ReadAction","target":["https:\/\/hyphen.archi\/es\/ubicaciones\/italia-es\/"]}]},{"@type":"ImageObject","inLanguage":"es-ES","@id":"https:\/\/hyphen.archi\/es\/ubicaciones\/italia-es\/#primaryimage","url":"http:\/\/hyphen.archi\/app\/uploads\/2024\/04\/Milan-Group-photo-edited.jpg","contentUrl":"http:\/\/hyphen.archi\/app\/uploads\/2024\/04\/Milan-Group-photo-edited.jpg"},{"@type":"BreadcrumbList","@id":"https:\/\/hyphen.archi\/es\/ubicaciones\/italia-es\/#breadcrumb","itemListElement":[{"@type":"ListItem","position":1,"name":"Home","item":"https:\/\/hyphen.archi\/es\/"},{"@type":"ListItem","position":2,"name":"Localizaciones","item":"https:\/\/hyphen.archi\/es\/ubicaciones\/"},{"@type":"ListItem","position":3,"name":"Italia"}]},{"@type":"WebSite","@id":"https:\/\/hyphen.archi\/es\/#website","url":"https:\/\/hyphen.archi\/es\/","name":"Hyphen","description":"International Architecture Firm","publisher":{"@id":"https:\/\/hyphen.archi\/es\/#organization"},"potentialAction":[{"@type":"SearchAction","target":{"@type":"EntryPoint","urlTemplate":"https:\/\/hyphen.archi\/es\/?s={search_term_string}"},"query-input":{"@type":"PropertyValueSpecification","valueRequired":true,"valueName":"search_term_string"}}],"inLanguage":"es-ES"},{"@type":"Organization","@id":"https:\/\/hyphen.archi\/es\/#organization","name":"Hyphen","url":"https:\/\/hyphen.archi\/es\/","logo":{"@type":"ImageObject","inLanguage":"es-ES","@id":"https:\/\/hyphen.archi\/es\/#\/schema\/logo\/image\/","url":"https:\/\/hyphen.archi\/app\/uploads\/2024\/03\/Favicon-no_BG.png","contentUrl":"https:\/\/hyphen.archi\/app\/uploads\/2024\/03\/Favicon-no_BG.png","width":792,"height":793,"caption":"Hyphen"},"image":{"@id":"https:\/\/hyphen.archi\/es\/#\/schema\/logo\/image\/"},"sameAs":["https:\/\/www.linkedin.com\/company\/hyphen.archi\/","https:\/\/www.instagram.com\/hyphen_archi\/"]}]}},"mfb_rest_fields":["title","yoast_head","yoast_head_json"],"_links":{"self":[{"href":"https:\/\/hyphen.archi\/es\/wp-json\/wp\/v2\/pages\/8249","targetHints":{"allow":["GET"]}}],"collection":[{"href":"https:\/\/hyphen.archi\/es\/wp-json\/wp\/v2\/pages"}],"about":[{"href":"https:\/\/hyphen.archi\/es\/wp-json\/wp\/v2\/types\/page"}],"author":[{"embeddable":true,"href":"https:\/\/hyphen.archi\/es\/wp-json\/wp\/v2\/users\/4"}],"replies":[{"embeddable":true,"href":"https:\/\/hyphen.archi\/es\/wp-json\/wp\/v2\/comments?post=8249"}],"version-history":[{"count":11,"href":"https:\/\/hyphen.archi\/es\/wp-json\/wp\/v2\/pages\/8249\/revisions"}],"predecessor-version":[{"id":13035,"href":"https:\/\/hyphen.archi\/es\/wp-json\/wp\/v2\/pages\/8249\/revisions\/13035"}],"up":[{"embeddable":true,"href":"https:\/\/hyphen.archi\/es\/wp-json\/wp\/v2\/pages\/8521"}],"wp:attachment":[{"href":"https:\/\/hyphen.archi\/es\/wp-json\/wp\/v2\/media?parent=8249"}],"wp:term":[{"taxonomy":"expertise","embeddable":true,"href":"https:\/\/hyphen.archi\/es\/wp-json\/wp\/v2\/expertise?post=8249"},{"taxonomy":"location","embeddable":true,"href":"https:\/\/hyphen.archi\/es\/wp-json\/wp\/v2\/location?post=8249"},{"taxonomy":"sector","embeddable":true,"href":"https:\/\/hyphen.archi\/es\/wp-json\/wp\/v2\/sector?post=8249"}],"curies":[{"name":"wp","href":"https:\/\/api.w.org\/{rel}","templated":true}]}}