
{"id":8344,"date":"2024-02-06T15:50:44","date_gmt":"2024-02-06T15:50:44","guid":{"rendered":"http:\/\/hyphen.archi\/santiago-de-chile\/"},"modified":"2024-04-30T10:05:16","modified_gmt":"2024-04-30T10:05:16","slug":"santiago-de-chile","status":"publish","type":"page","link":"https:\/\/hyphen.archi\/es\/carreras-profesionales\/santiago-de-chile\/","title":{"rendered":"Santiago de Chile"},"content":{"rendered":"\n<div class=\"wp-block-group is-layout-flow wp-block-group-is-layout-flow\" style=\"padding-top:var(--wp--preset--spacing--40);padding-right:var(--wp--preset--spacing--40);padding-bottom:var(--wp--preset--spacing--40);padding-left:var(--wp--preset--spacing--40)\">\n<div class=\"wp-block-columns is-layout-flex wp-container-core-columns-is-layout-658170e2 wp-block-columns-is-layout-flex\">\n<div class=\"wp-block-column is-layout-flow wp-block-column-is-layout-flow\" style=\"flex-basis:40%\">\n<p class=\"has-large-font-size\">Nuestro equipo de Santiago es el primero fuera de Europa, y apoya principalmente a clientes internacionales en Sudam\u00e9rica y Centroam\u00e9rica, donde llevamos realizando proyectos desde 2013.<\/p>\n<\/div>\n\n\n\n<div class=\"wp-block-column is-layout-flow wp-block-column-is-layout-flow\"><\/div>\n<\/div>\n<\/div>\n\n<!--more-->\n\n<div class=\"wp-block-group has-global-padding is-layout-constrained wp-container-core-group-is-layout-33c2c85a wp-block-group-is-layout-constrained\" style=\"padding-top:var(--wp--preset--spacing--50);padding-bottom:var(--wp--preset--spacing--50)\">\n<p>Dirigido por su director, <a href=\"https:\/\/hyphen.archi\/es\/person\/matias-menichetti\/\" data-type=\"person\" data-id=\"1225\">Mat\u00edas Menichetti<\/a>, nuestro equipo de Santiago tiene su sede en un moderno espacio de trabajo en el coraz\u00f3n de la capital de Chile. Mat\u00edas cuenta con el apoyo de los asociados <a href=\"https:\/\/hyphen.archi\/es\/person\/sebastian-ravinet\/\" data-type=\"person\" data-id=\"1833\">Sebasti\u00e1n Ravinet<\/a>, <a href=\"https:\/\/hyphen.archi\/es\/person\/felipe-barrera\/\" data-type=\"person\" data-id=\"1821\">Felipe Barrera<\/a> y <a href=\"https:\/\/hyphen.archi\/es\/person\/pablo-letelier-swinburn\/\" data-type=\"person\" data-id=\"1830\">Pablo Letelier<\/a>, que han tenido la oportunidad de desarrollarse y progresar en sus carreras en Hyphen. A Mat\u00edas tambi\u00e9n se le une un equipo m\u00e1s amplio y amistoso de arquitectos, tecn\u00f3logos, ingenieros, profesionales del desarrollo empresarial, dise\u00f1adores y personal administrativo, que tienen la oportunidad de expresar su opini\u00f3n en un entorno solidario, integrador y abierto.<\/p>\n\n\n\n<p><br\/>El equipo latinoamericano de Hyphen trabaja en estrecha colaboraci\u00f3n con sus colegas en Europa, a pesar de los 10.700 km de distancia que lo separan de nuestra oficina europea m\u00e1s cercana (Madrid). Esto incluye un equipo de proyectos especiales de expertos en BIM altamente cualificados que trabajan exclusivamente en centros de datos en Europa.<\/p>\n\n\n\n<p><br\/>El equipo latinoamericano est\u00e1 especializado en centros de datos a hiperescala, espacios de oficinas y comercios de lujo. Como todos los equipos de Hyphen, tienen una experiencia \u00fanica debido a las condiciones locales. Am\u00e9rica Latina es especialmente variada debido a las enormes distancias y a los cambiantes entornos entre M\u00e9xico y el Cabo de Hornos, en el extremo sur de Chile. Incluso reciben formaci\u00f3n sobre c\u00f3mo hacer que un edificio sea resistente a los terremotos.<\/p>\n<\/div>\n\n<div class=\"wp-block-group has-global-padding is-layout-constrained wp-container-core-group-is-layout-e6bcf03e wp-block-group-is-layout-constrained\" style=\"padding-top:var(--wp--preset--spacing--40);padding-right:var(--wp--preset--spacing--40);padding-bottom:var(--wp--preset--spacing--40);padding-left:var(--wp--preset--spacing--40)\">\n<h2 class=\"wp-block-heading has-text-align-center has-x-large-font-size\" style=\"font-style:normal;font-weight:500\">Oportunidades actuales<\/h2>\n\n\n\n<div id=\"careers\" class=\"wp-block-group is-layout-flow wp-block-group-is-layout-flow\">\n<div class=\"wp-block-query ghub-query-id-6 is-layout-flow ghub-query-id-6-is-layout-flow cbb-query-0-1\"><ul id=\"6\" class=\"wp-block-post-template is-layout-flow wp-container-core-post-template-is-layout-3ee800f6 wp-block-post-template-is-layout-flow\"><li class=\"wp-block-post post-12320 job type-job status-publish has-post-thumbnail hentry location-chile-es location-santiago-es\">\n\n<div class=\"wp-block-group has-border-color has-dark-grey-border-color has-contrast-color has-text-color has-link-color wp-elements-81e04cbb35e579b4801df94fadcbf293 is-vertical is-layout-flex wp-container-core-group-is-layout-79d58207 wp-block-group-is-layout-flex\" style=\"border-width:1px;min-height:100%;padding-top:var(--wp--preset--spacing--30);padding-right:var(--wp--preset--spacing--30);padding-bottom:var(--wp--preset--spacing--30);padding-left:var(--wp--preset--spacing--30)\"><h2 class=\"wp-block-post-title has-medium-font-size\"><a href=\"https:\/\/hyphen.archi\/es\/job\/1686\/\" target=\"_self\" >Arquitecto\/a<\/a><\/h2>\n\n<\/div>\n\n<\/li><\/ul>\n\n<\/div>\n<\/div>\n<\/div>\n","protected":false},"excerpt":{"rendered":"<p>Nuestro equipo de Santiago es el primero fuera de Europa, y apoya principalmente a clientes internacionales en Sudam\u00e9rica y Centroam\u00e9rica, donde llevamos realizando proyectos desde 2013.<\/p>\n","protected":false},"author":1,"featured_media":3012,"parent":8530,"menu_order":0,"comment_status":"closed","ping_status":"closed","template":"template-location","meta":{"_acf_changed":false,"CBBTypography":[],"footnotes":""},"expertise":[],"location":[],"sector":[],"class_list":["post-8344","page","type-page","status-publish","has-post-thumbnail","hentry"],"acf":[],"mb":[],"yoast_head":"<!-- This site is optimized with the Yoast SEO Premium plugin v25.9 (Yoast SEO v27.0) - https:\/\/yoast.com\/product\/yoast-seo-premium-wordpress\/ -->\n<title>Santiago de Chile - Hyphen<\/title>\n<meta name=\"robots\" content=\"index, follow, max-snippet:-1, max-image-preview:large, max-video-preview:-1\" \/>\n<link rel=\"canonical\" href=\"https:\/\/hyphen.archi\/es\/carreras-profesionales\/santiago-de-chile\/\" \/>\n<meta property=\"og:locale\" content=\"es_ES\" \/>\n<meta property=\"og:type\" content=\"article\" \/>\n<meta property=\"og:title\" content=\"Santiago de Chile\" \/>\n<meta property=\"og:description\" content=\"Nuestro equipo de Santiago es el primero fuera de Europa, y apoya principalmente a clientes internacionales en Sudam\u00e9rica y Centroam\u00e9rica, donde llevamos realizando proyectos desde 2013.\" \/>\n<meta property=\"og:url\" content=\"https:\/\/hyphen.archi\/es\/carreras-profesionales\/santiago-de-chile\/\" \/>\n<meta property=\"og:site_name\" content=\"Hyphen\" \/>\n<meta property=\"article:modified_time\" content=\"2024-04-30T10:05:16+00:00\" \/>\n<meta property=\"og:image\" content=\"https:\/\/hyphen.archi\/app\/uploads\/2023\/11\/Santiago-de-Chile_V3-1020x1024.png\" \/>\n\t<meta property=\"og:image:width\" content=\"1020\" \/>\n\t<meta property=\"og:image:height\" content=\"1024\" \/>\n\t<meta property=\"og:image:type\" content=\"image\/png\" \/>\n<meta name=\"twitter:card\" content=\"summary_large_image\" \/>\n<meta name=\"twitter:label1\" content=\"Est. reading time\" \/>\n\t<meta name=\"twitter:data1\" content=\"1 minute\" \/>\n<script type=\"application\/ld+json\" class=\"yoast-schema-graph\">{\"@context\":\"https:\/\/schema.org\",\"@graph\":[{\"@type\":\"WebPage\",\"@id\":\"https:\/\/hyphen.archi\/es\/carreras-profesionales\/santiago-de-chile\/\",\"url\":\"https:\/\/hyphen.archi\/es\/carreras-profesionales\/santiago-de-chile\/\",\"name\":\"Santiago de Chile - Hyphen\",\"isPartOf\":{\"@id\":\"https:\/\/hyphen.archi\/es\/#website\"},\"primaryImageOfPage\":{\"@id\":\"https:\/\/hyphen.archi\/es\/carreras-profesionales\/santiago-de-chile\/#primaryimage\"},\"image\":{\"@id\":\"https:\/\/hyphen.archi\/es\/carreras-profesionales\/santiago-de-chile\/#primaryimage\"},\"thumbnailUrl\":\"https:\/\/hyphen.archi\/app\/uploads\/2023\/11\/Santiago-de-Chile_V3.png\",\"datePublished\":\"2024-02-06T15:50:44+00:00\",\"dateModified\":\"2024-04-30T10:05:16+00:00\",\"breadcrumb\":{\"@id\":\"https:\/\/hyphen.archi\/es\/carreras-profesionales\/santiago-de-chile\/#breadcrumb\"},\"inLanguage\":\"es-ES\",\"potentialAction\":[{\"@type\":\"ReadAction\",\"target\":[\"https:\/\/hyphen.archi\/es\/carreras-profesionales\/santiago-de-chile\/\"]}]},{\"@type\":\"ImageObject\",\"inLanguage\":\"es-ES\",\"@id\":\"https:\/\/hyphen.archi\/es\/carreras-profesionales\/santiago-de-chile\/#primaryimage\",\"url\":\"https:\/\/hyphen.archi\/app\/uploads\/2023\/11\/Santiago-de-Chile_V3.png\",\"contentUrl\":\"https:\/\/hyphen.archi\/app\/uploads\/2023\/11\/Santiago-de-Chile_V3.png\",\"width\":1912,\"height\":1920},{\"@type\":\"BreadcrumbList\",\"@id\":\"https:\/\/hyphen.archi\/es\/carreras-profesionales\/santiago-de-chile\/#breadcrumb\",\"itemListElement\":[{\"@type\":\"ListItem\",\"position\":1,\"name\":\"Home\",\"item\":\"https:\/\/hyphen.archi\/es\/\"},{\"@type\":\"ListItem\",\"position\":2,\"name\":\"Empleo\",\"item\":\"https:\/\/hyphen.archi\/es\/carreras-profesionales\/\"},{\"@type\":\"ListItem\",\"position\":3,\"name\":\"Santiago de Chile\"}]},{\"@type\":\"WebSite\",\"@id\":\"https:\/\/hyphen.archi\/es\/#website\",\"url\":\"https:\/\/hyphen.archi\/es\/\",\"name\":\"Hyphen\",\"description\":\"International Architecture Firm\",\"publisher\":{\"@id\":\"https:\/\/hyphen.archi\/es\/#organization\"},\"potentialAction\":[{\"@type\":\"SearchAction\",\"target\":{\"@type\":\"EntryPoint\",\"urlTemplate\":\"https:\/\/hyphen.archi\/es\/?s={search_term_string}\"},\"query-input\":{\"@type\":\"PropertyValueSpecification\",\"valueRequired\":true,\"valueName\":\"search_term_string\"}}],\"inLanguage\":\"es-ES\"},{\"@type\":\"Organization\",\"@id\":\"https:\/\/hyphen.archi\/es\/#organization\",\"name\":\"Hyphen\",\"url\":\"https:\/\/hyphen.archi\/es\/\",\"logo\":{\"@type\":\"ImageObject\",\"inLanguage\":\"es-ES\",\"@id\":\"https:\/\/hyphen.archi\/es\/#\/schema\/logo\/image\/\",\"url\":\"https:\/\/hyphen.archi\/app\/uploads\/2024\/03\/Favicon-no_BG.png\",\"contentUrl\":\"https:\/\/hyphen.archi\/app\/uploads\/2024\/03\/Favicon-no_BG.png\",\"width\":792,\"height\":793,\"caption\":\"Hyphen\"},\"image\":{\"@id\":\"https:\/\/hyphen.archi\/es\/#\/schema\/logo\/image\/\"},\"sameAs\":[\"https:\/\/www.linkedin.com\/company\/hyphen.archi\/\",\"https:\/\/www.instagram.com\/hyphen_archi\/\"]}]}<\/script>\n<!-- \/ Yoast SEO Premium plugin. -->","yoast_head_json":{"title":"Santiago de Chile - Hyphen","robots":{"index":"index","follow":"follow","max-snippet":"max-snippet:-1","max-image-preview":"max-image-preview:large","max-video-preview":"max-video-preview:-1"},"canonical":"https:\/\/hyphen.archi\/es\/carreras-profesionales\/santiago-de-chile\/","og_locale":"es_ES","og_type":"article","og_title":"Santiago de Chile","og_description":"Nuestro equipo de Santiago es el primero fuera de Europa, y apoya principalmente a clientes internacionales en Sudam\u00e9rica y Centroam\u00e9rica, donde llevamos realizando proyectos desde 2013.","og_url":"https:\/\/hyphen.archi\/es\/carreras-profesionales\/santiago-de-chile\/","og_site_name":"Hyphen","article_modified_time":"2024-04-30T10:05:16+00:00","og_image":[{"width":1020,"height":1024,"url":"https:\/\/hyphen.archi\/app\/uploads\/2023\/11\/Santiago-de-Chile_V3-1020x1024.png","type":"image\/png"}],"twitter_card":"summary_large_image","twitter_misc":{"Est. reading time":"1 minute"},"schema":{"@context":"https:\/\/schema.org","@graph":[{"@type":"WebPage","@id":"https:\/\/hyphen.archi\/es\/carreras-profesionales\/santiago-de-chile\/","url":"https:\/\/hyphen.archi\/es\/carreras-profesionales\/santiago-de-chile\/","name":"Santiago de Chile - Hyphen","isPartOf":{"@id":"https:\/\/hyphen.archi\/es\/#website"},"primaryImageOfPage":{"@id":"https:\/\/hyphen.archi\/es\/carreras-profesionales\/santiago-de-chile\/#primaryimage"},"image":{"@id":"https:\/\/hyphen.archi\/es\/carreras-profesionales\/santiago-de-chile\/#primaryimage"},"thumbnailUrl":"https:\/\/hyphen.archi\/app\/uploads\/2023\/11\/Santiago-de-Chile_V3.png","datePublished":"2024-02-06T15:50:44+00:00","dateModified":"2024-04-30T10:05:16+00:00","breadcrumb":{"@id":"https:\/\/hyphen.archi\/es\/carreras-profesionales\/santiago-de-chile\/#breadcrumb"},"inLanguage":"es-ES","potentialAction":[{"@type":"ReadAction","target":["https:\/\/hyphen.archi\/es\/carreras-profesionales\/santiago-de-chile\/"]}]},{"@type":"ImageObject","inLanguage":"es-ES","@id":"https:\/\/hyphen.archi\/es\/carreras-profesionales\/santiago-de-chile\/#primaryimage","url":"https:\/\/hyphen.archi\/app\/uploads\/2023\/11\/Santiago-de-Chile_V3.png","contentUrl":"https:\/\/hyphen.archi\/app\/uploads\/2023\/11\/Santiago-de-Chile_V3.png","width":1912,"height":1920},{"@type":"BreadcrumbList","@id":"https:\/\/hyphen.archi\/es\/carreras-profesionales\/santiago-de-chile\/#breadcrumb","itemListElement":[{"@type":"ListItem","position":1,"name":"Home","item":"https:\/\/hyphen.archi\/es\/"},{"@type":"ListItem","position":2,"name":"Empleo","item":"https:\/\/hyphen.archi\/es\/carreras-profesionales\/"},{"@type":"ListItem","position":3,"name":"Santiago de Chile"}]},{"@type":"WebSite","@id":"https:\/\/hyphen.archi\/es\/#website","url":"https:\/\/hyphen.archi\/es\/","name":"Hyphen","description":"International Architecture Firm","publisher":{"@id":"https:\/\/hyphen.archi\/es\/#organization"},"potentialAction":[{"@type":"SearchAction","target":{"@type":"EntryPoint","urlTemplate":"https:\/\/hyphen.archi\/es\/?s={search_term_string}"},"query-input":{"@type":"PropertyValueSpecification","valueRequired":true,"valueName":"search_term_string"}}],"inLanguage":"es-ES"},{"@type":"Organization","@id":"https:\/\/hyphen.archi\/es\/#organization","name":"Hyphen","url":"https:\/\/hyphen.archi\/es\/","logo":{"@type":"ImageObject","inLanguage":"es-ES","@id":"https:\/\/hyphen.archi\/es\/#\/schema\/logo\/image\/","url":"https:\/\/hyphen.archi\/app\/uploads\/2024\/03\/Favicon-no_BG.png","contentUrl":"https:\/\/hyphen.archi\/app\/uploads\/2024\/03\/Favicon-no_BG.png","width":792,"height":793,"caption":"Hyphen"},"image":{"@id":"https:\/\/hyphen.archi\/es\/#\/schema\/logo\/image\/"},"sameAs":["https:\/\/www.linkedin.com\/company\/hyphen.archi\/","https:\/\/www.instagram.com\/hyphen_archi\/"]}]}},"mfb_rest_fields":["title","yoast_head","yoast_head_json"],"_links":{"self":[{"href":"https:\/\/hyphen.archi\/es\/wp-json\/wp\/v2\/pages\/8344","targetHints":{"allow":["GET"]}}],"collection":[{"href":"https:\/\/hyphen.archi\/es\/wp-json\/wp\/v2\/pages"}],"about":[{"href":"https:\/\/hyphen.archi\/es\/wp-json\/wp\/v2\/types\/page"}],"author":[{"embeddable":true,"href":"https:\/\/hyphen.archi\/es\/wp-json\/wp\/v2\/users\/1"}],"replies":[{"embeddable":true,"href":"https:\/\/hyphen.archi\/es\/wp-json\/wp\/v2\/comments?post=8344"}],"version-history":[{"count":3,"href":"https:\/\/hyphen.archi\/es\/wp-json\/wp\/v2\/pages\/8344\/revisions"}],"predecessor-version":[{"id":10386,"href":"https:\/\/hyphen.archi\/es\/wp-json\/wp\/v2\/pages\/8344\/revisions\/10386"}],"up":[{"embeddable":true,"href":"https:\/\/hyphen.archi\/es\/wp-json\/wp\/v2\/pages\/8530"}],"wp:featuredmedia":[{"embeddable":true,"href":"https:\/\/hyphen.archi\/es\/wp-json\/wp\/v2\/media\/3012"}],"wp:attachment":[{"href":"https:\/\/hyphen.archi\/es\/wp-json\/wp\/v2\/media?parent=8344"}],"wp:term":[{"taxonomy":"expertise","embeddable":true,"href":"https:\/\/hyphen.archi\/es\/wp-json\/wp\/v2\/expertise?post=8344"},{"taxonomy":"location","embeddable":true,"href":"https:\/\/hyphen.archi\/es\/wp-json\/wp\/v2\/location?post=8344"},{"taxonomy":"sector","embeddable":true,"href":"https:\/\/hyphen.archi\/es\/wp-json\/wp\/v2\/sector?post=8344"}],"curies":[{"name":"wp","href":"https:\/\/api.w.org\/{rel}","templated":true}]}}