
{"id":8387,"date":"2024-02-06T15:16:52","date_gmt":"2024-02-06T15:16:52","guid":{"rendered":"http:\/\/hyphen.archi\/monaghan\/"},"modified":"2024-04-30T10:05:24","modified_gmt":"2024-04-30T10:05:24","slug":"monaghan","status":"publish","type":"page","link":"https:\/\/hyphen.archi\/es\/carreras-profesionales\/monaghan\/","title":{"rendered":"Monaghan"},"content":{"rendered":"\n<div class=\"wp-block-group is-layout-flow wp-block-group-is-layout-flow\" style=\"padding-top:var(--wp--preset--spacing--40);padding-right:var(--wp--preset--spacing--40);padding-bottom:var(--wp--preset--spacing--40);padding-left:var(--wp--preset--spacing--40)\">\n<div class=\"wp-block-columns is-layout-flex wp-container-core-columns-is-layout-658170e2 wp-block-columns-is-layout-flex\">\n<div class=\"wp-block-column is-layout-flow wp-block-column-is-layout-flow\" style=\"flex-basis:40%\">\n<p class=\"has-large-font-size\">Nuestras oficinas de Irlanda, en Monaghan y Belfast, se pusieron en marcha en enero de 2021 y abril de 2022, para mantener las s\u00f3lidas conexiones de Hyphen entre la UE y el Reino Unido tras el Brexit y aprovechar los boyantes mercados de centros de datos y log\u00edstica de la regi\u00f3n.<\/p>\n<\/div>\n\n\n\n<div class=\"wp-block-column is-layout-flow wp-block-column-is-layout-flow\"><\/div>\n<\/div>\n<\/div>\n\n<!--more-->\n\n<div class=\"wp-block-group has-global-padding is-layout-constrained wp-container-core-group-is-layout-33c2c85a wp-block-group-is-layout-constrained\" style=\"padding-top:var(--wp--preset--spacing--50);padding-bottom:var(--wp--preset--spacing--50)\">\n<p>Dirigido por el director Michael Mullen, la asociada s\u00e9nior Georgina Mullen y los asociados Rachel McCurry y Darragh Beggan, el equipo de Irlanda ha crecido considerablemente en sus tres primeros a\u00f1os. El equipo est\u00e1 bien integrado en el Grupo Hyphen y disfruta especialmente de una estrecha relaci\u00f3n de trabajo con nuestras oficinas en el Reino Unido.<\/p>\n\n\n\n<p><br\/>Trabajar en Monaghan o en Belfast te brinda la oportunidad de trabajar en estrecha colaboraci\u00f3n con compa\u00f1eros senior y junior en una oficina unida, abierta e integradora, donde podr\u00e1s desarrollar tu carrera en una oficina de r\u00e1pido crecimiento y, por supuesto, disfrutar del cachondeo.<\/p>\n\n\n\n<p><br\/>El equipo tiene experiencia en diversos sectores, centr\u00e1ndose actualmente en proyectos de comercio minorista, log\u00edstica y centros de datos. Nuestras oficinas de Monaghan y Belfast se benefician de su proximidad a Dubl\u00edn y al norte del Reino Unido.<\/p>\n<\/div>\n\n<div class=\"wp-block-group has-global-padding is-layout-constrained wp-container-core-group-is-layout-e6bcf03e wp-block-group-is-layout-constrained\" style=\"padding-top:var(--wp--preset--spacing--40);padding-right:var(--wp--preset--spacing--40);padding-bottom:var(--wp--preset--spacing--40);padding-left:var(--wp--preset--spacing--40)\">\n<h2 class=\"wp-block-heading has-text-align-center has-x-large-font-size\" style=\"font-style:normal;font-weight:500\">Oportunidades actuales<\/h2>\n\n\n\n<div id=\"careers\" class=\"wp-block-group is-layout-flow wp-block-group-is-layout-flow\">\n<div class=\"wp-block-query ghub-query-id-6 is-layout-flow ghub-query-id-6-is-layout-flow cbb-query-0-1\">\n\n<div class=\"wp-block-query ghub-query-id-6-no-results\">\n\n<p>Permanece atento a este espacio para conocer futuras oportunidades de empleo en Monaghan. Para oportunidades en otros lugares, <a href=\"https:\/\/hyphen.archi\/es\/carreras-profesionales\/\" data-type=\"link\" data-id=\"http:\/\/hyphen.archi\/architecture-jobs\/\">haz clic aqu\u00ed<\/a><\/p>\n\n<\/div><\/div>\n<\/div>\n<\/div>\n","protected":false},"excerpt":{"rendered":"<p>Nuestras oficinas de Irlanda, en Monaghan y Belfast, se pusieron en marcha en enero de 2021 y abril de 2022, para mantener las s\u00f3lidas conexiones de Hyphen entre la UE y el Reino Unido tras el Brexit y aprovechar los boyantes mercados de centros de datos y log\u00edstica de la regi\u00f3n.<\/p>\n","protected":false},"author":1,"featured_media":7891,"parent":8530,"menu_order":0,"comment_status":"closed","ping_status":"closed","template":"template-location","meta":{"_acf_changed":false,"CBBTypography":[],"footnotes":""},"expertise":[],"location":[],"sector":[],"class_list":["post-8387","page","type-page","status-publish","has-post-thumbnail","hentry"],"acf":[],"mb":[],"yoast_head":"<!-- This site is optimized with the Yoast SEO Premium plugin v25.9 (Yoast SEO v27.4) - https:\/\/yoast.com\/product\/yoast-seo-premium-wordpress\/ -->\n<title>Monaghan - Hyphen<\/title>\n<meta name=\"robots\" content=\"index, follow, max-snippet:-1, max-image-preview:large, max-video-preview:-1\" \/>\n<link rel=\"canonical\" href=\"https:\/\/hyphen.archi\/es\/carreras-profesionales\/monaghan\/\" \/>\n<meta property=\"og:locale\" content=\"es_ES\" \/>\n<meta property=\"og:type\" content=\"article\" \/>\n<meta property=\"og:title\" content=\"Monaghan\" \/>\n<meta property=\"og:description\" content=\"Nuestras oficinas de Irlanda, en Monaghan y Belfast, se pusieron en marcha en enero de 2021 y abril de 2022, para mantener las s\u00f3lidas conexiones de Hyphen entre la UE y el Reino Unido tras el Brexit y aprovechar los boyantes mercados de centros de datos y log\u00edstica de la regi\u00f3n.\" \/>\n<meta property=\"og:url\" content=\"https:\/\/hyphen.archi\/es\/carreras-profesionales\/monaghan\/\" \/>\n<meta property=\"og:site_name\" content=\"Hyphen\" \/>\n<meta property=\"article:modified_time\" content=\"2024-04-30T10:05:24+00:00\" \/>\n<meta property=\"og:image\" content=\"https:\/\/hyphen.archi\/app\/uploads\/2023\/12\/Ireland-800x800px-1024x1024.png\" \/>\n\t<meta property=\"og:image:width\" content=\"1024\" \/>\n\t<meta property=\"og:image:height\" content=\"1024\" \/>\n\t<meta property=\"og:image:type\" content=\"image\/png\" \/>\n<meta name=\"twitter:card\" content=\"summary_large_image\" \/>\n<meta name=\"twitter:label1\" content=\"Est. reading time\" \/>\n\t<meta name=\"twitter:data1\" content=\"1 minute\" \/>\n<script type=\"application\/ld+json\" class=\"yoast-schema-graph\">{\"@context\":\"https:\\\/\\\/schema.org\",\"@graph\":[{\"@type\":\"WebPage\",\"@id\":\"https:\\\/\\\/hyphen.archi\\\/es\\\/carreras-profesionales\\\/monaghan\\\/\",\"url\":\"https:\\\/\\\/hyphen.archi\\\/es\\\/carreras-profesionales\\\/monaghan\\\/\",\"name\":\"Monaghan - Hyphen\",\"isPartOf\":{\"@id\":\"https:\\\/\\\/hyphen.archi\\\/es\\\/#website\"},\"primaryImageOfPage\":{\"@id\":\"https:\\\/\\\/hyphen.archi\\\/es\\\/carreras-profesionales\\\/monaghan\\\/#primaryimage\"},\"image\":{\"@id\":\"https:\\\/\\\/hyphen.archi\\\/es\\\/carreras-profesionales\\\/monaghan\\\/#primaryimage\"},\"thumbnailUrl\":\"https:\\\/\\\/hyphen.archi\\\/app\\\/uploads\\\/2023\\\/12\\\/Ireland-800x800px.png\",\"datePublished\":\"2024-02-06T15:16:52+00:00\",\"dateModified\":\"2024-04-30T10:05:24+00:00\",\"breadcrumb\":{\"@id\":\"https:\\\/\\\/hyphen.archi\\\/es\\\/carreras-profesionales\\\/monaghan\\\/#breadcrumb\"},\"inLanguage\":\"es-ES\",\"potentialAction\":[{\"@type\":\"ReadAction\",\"target\":[\"https:\\\/\\\/hyphen.archi\\\/es\\\/carreras-profesionales\\\/monaghan\\\/\"]}]},{\"@type\":\"ImageObject\",\"inLanguage\":\"es-ES\",\"@id\":\"https:\\\/\\\/hyphen.archi\\\/es\\\/carreras-profesionales\\\/monaghan\\\/#primaryimage\",\"url\":\"https:\\\/\\\/hyphen.archi\\\/app\\\/uploads\\\/2023\\\/12\\\/Ireland-800x800px.png\",\"contentUrl\":\"https:\\\/\\\/hyphen.archi\\\/app\\\/uploads\\\/2023\\\/12\\\/Ireland-800x800px.png\",\"width\":1920,\"height\":1920,\"caption\":\"Collage of architecture, cityscapes, and people arranged in the shape of Ireland.\"},{\"@type\":\"BreadcrumbList\",\"@id\":\"https:\\\/\\\/hyphen.archi\\\/es\\\/carreras-profesionales\\\/monaghan\\\/#breadcrumb\",\"itemListElement\":[{\"@type\":\"ListItem\",\"position\":1,\"name\":\"Home\",\"item\":\"https:\\\/\\\/hyphen.archi\\\/es\\\/\"},{\"@type\":\"ListItem\",\"position\":2,\"name\":\"Empleo\",\"item\":\"https:\\\/\\\/hyphen.archi\\\/es\\\/carreras-profesionales\\\/\"},{\"@type\":\"ListItem\",\"position\":3,\"name\":\"Monaghan\"}]},{\"@type\":\"WebSite\",\"@id\":\"https:\\\/\\\/hyphen.archi\\\/es\\\/#website\",\"url\":\"https:\\\/\\\/hyphen.archi\\\/es\\\/\",\"name\":\"Hyphen\",\"description\":\"International Architecture Firm\",\"publisher\":{\"@id\":\"https:\\\/\\\/hyphen.archi\\\/es\\\/#organization\"},\"potentialAction\":[{\"@type\":\"SearchAction\",\"target\":{\"@type\":\"EntryPoint\",\"urlTemplate\":\"https:\\\/\\\/hyphen.archi\\\/es\\\/?s={search_term_string}\"},\"query-input\":{\"@type\":\"PropertyValueSpecification\",\"valueRequired\":true,\"valueName\":\"search_term_string\"}}],\"inLanguage\":\"es-ES\"},{\"@type\":\"Organization\",\"@id\":\"https:\\\/\\\/hyphen.archi\\\/es\\\/#organization\",\"name\":\"Hyphen\",\"url\":\"https:\\\/\\\/hyphen.archi\\\/es\\\/\",\"logo\":{\"@type\":\"ImageObject\",\"inLanguage\":\"es-ES\",\"@id\":\"https:\\\/\\\/hyphen.archi\\\/es\\\/#\\\/schema\\\/logo\\\/image\\\/\",\"url\":\"https:\\\/\\\/hyphen.archi\\\/app\\\/uploads\\\/2024\\\/03\\\/Favicon-no_BG.png\",\"contentUrl\":\"https:\\\/\\\/hyphen.archi\\\/app\\\/uploads\\\/2024\\\/03\\\/Favicon-no_BG.png\",\"width\":792,\"height\":793,\"caption\":\"Hyphen\"},\"image\":{\"@id\":\"https:\\\/\\\/hyphen.archi\\\/es\\\/#\\\/schema\\\/logo\\\/image\\\/\"},\"sameAs\":[\"https:\\\/\\\/www.linkedin.com\\\/company\\\/hyphen.archi\\\/\",\"https:\\\/\\\/www.instagram.com\\\/hyphen_archi\\\/\"]}]}<\/script>\n<!-- \/ Yoast SEO Premium plugin. -->","yoast_head_json":{"title":"Monaghan - Hyphen","robots":{"index":"index","follow":"follow","max-snippet":"max-snippet:-1","max-image-preview":"max-image-preview:large","max-video-preview":"max-video-preview:-1"},"canonical":"https:\/\/hyphen.archi\/es\/carreras-profesionales\/monaghan\/","og_locale":"es_ES","og_type":"article","og_title":"Monaghan","og_description":"Nuestras oficinas de Irlanda, en Monaghan y Belfast, se pusieron en marcha en enero de 2021 y abril de 2022, para mantener las s\u00f3lidas conexiones de Hyphen entre la UE y el Reino Unido tras el Brexit y aprovechar los boyantes mercados de centros de datos y log\u00edstica de la regi\u00f3n.","og_url":"https:\/\/hyphen.archi\/es\/carreras-profesionales\/monaghan\/","og_site_name":"Hyphen","article_modified_time":"2024-04-30T10:05:24+00:00","og_image":[{"width":1024,"height":1024,"url":"https:\/\/hyphen.archi\/app\/uploads\/2023\/12\/Ireland-800x800px-1024x1024.png","type":"image\/png"}],"twitter_card":"summary_large_image","twitter_misc":{"Est. reading time":"1 minute"},"schema":{"@context":"https:\/\/schema.org","@graph":[{"@type":"WebPage","@id":"https:\/\/hyphen.archi\/es\/carreras-profesionales\/monaghan\/","url":"https:\/\/hyphen.archi\/es\/carreras-profesionales\/monaghan\/","name":"Monaghan - Hyphen","isPartOf":{"@id":"https:\/\/hyphen.archi\/es\/#website"},"primaryImageOfPage":{"@id":"https:\/\/hyphen.archi\/es\/carreras-profesionales\/monaghan\/#primaryimage"},"image":{"@id":"https:\/\/hyphen.archi\/es\/carreras-profesionales\/monaghan\/#primaryimage"},"thumbnailUrl":"https:\/\/hyphen.archi\/app\/uploads\/2023\/12\/Ireland-800x800px.png","datePublished":"2024-02-06T15:16:52+00:00","dateModified":"2024-04-30T10:05:24+00:00","breadcrumb":{"@id":"https:\/\/hyphen.archi\/es\/carreras-profesionales\/monaghan\/#breadcrumb"},"inLanguage":"es-ES","potentialAction":[{"@type":"ReadAction","target":["https:\/\/hyphen.archi\/es\/carreras-profesionales\/monaghan\/"]}]},{"@type":"ImageObject","inLanguage":"es-ES","@id":"https:\/\/hyphen.archi\/es\/carreras-profesionales\/monaghan\/#primaryimage","url":"https:\/\/hyphen.archi\/app\/uploads\/2023\/12\/Ireland-800x800px.png","contentUrl":"https:\/\/hyphen.archi\/app\/uploads\/2023\/12\/Ireland-800x800px.png","width":1920,"height":1920,"caption":"Collage of architecture, cityscapes, and people arranged in the shape of Ireland."},{"@type":"BreadcrumbList","@id":"https:\/\/hyphen.archi\/es\/carreras-profesionales\/monaghan\/#breadcrumb","itemListElement":[{"@type":"ListItem","position":1,"name":"Home","item":"https:\/\/hyphen.archi\/es\/"},{"@type":"ListItem","position":2,"name":"Empleo","item":"https:\/\/hyphen.archi\/es\/carreras-profesionales\/"},{"@type":"ListItem","position":3,"name":"Monaghan"}]},{"@type":"WebSite","@id":"https:\/\/hyphen.archi\/es\/#website","url":"https:\/\/hyphen.archi\/es\/","name":"Hyphen","description":"International Architecture Firm","publisher":{"@id":"https:\/\/hyphen.archi\/es\/#organization"},"potentialAction":[{"@type":"SearchAction","target":{"@type":"EntryPoint","urlTemplate":"https:\/\/hyphen.archi\/es\/?s={search_term_string}"},"query-input":{"@type":"PropertyValueSpecification","valueRequired":true,"valueName":"search_term_string"}}],"inLanguage":"es-ES"},{"@type":"Organization","@id":"https:\/\/hyphen.archi\/es\/#organization","name":"Hyphen","url":"https:\/\/hyphen.archi\/es\/","logo":{"@type":"ImageObject","inLanguage":"es-ES","@id":"https:\/\/hyphen.archi\/es\/#\/schema\/logo\/image\/","url":"https:\/\/hyphen.archi\/app\/uploads\/2024\/03\/Favicon-no_BG.png","contentUrl":"https:\/\/hyphen.archi\/app\/uploads\/2024\/03\/Favicon-no_BG.png","width":792,"height":793,"caption":"Hyphen"},"image":{"@id":"https:\/\/hyphen.archi\/es\/#\/schema\/logo\/image\/"},"sameAs":["https:\/\/www.linkedin.com\/company\/hyphen.archi\/","https:\/\/www.instagram.com\/hyphen_archi\/"]}]}},"mfb_rest_fields":["title","yoast_head","yoast_head_json"],"_links":{"self":[{"href":"https:\/\/hyphen.archi\/es\/wp-json\/wp\/v2\/pages\/8387","targetHints":{"allow":["GET"]}}],"collection":[{"href":"https:\/\/hyphen.archi\/es\/wp-json\/wp\/v2\/pages"}],"about":[{"href":"https:\/\/hyphen.archi\/es\/wp-json\/wp\/v2\/types\/page"}],"author":[{"embeddable":true,"href":"https:\/\/hyphen.archi\/es\/wp-json\/wp\/v2\/users\/1"}],"replies":[{"embeddable":true,"href":"https:\/\/hyphen.archi\/es\/wp-json\/wp\/v2\/comments?post=8387"}],"version-history":[{"count":3,"href":"https:\/\/hyphen.archi\/es\/wp-json\/wp\/v2\/pages\/8387\/revisions"}],"predecessor-version":[{"id":10418,"href":"https:\/\/hyphen.archi\/es\/wp-json\/wp\/v2\/pages\/8387\/revisions\/10418"}],"up":[{"embeddable":true,"href":"https:\/\/hyphen.archi\/es\/wp-json\/wp\/v2\/pages\/8530"}],"wp:featuredmedia":[{"embeddable":true,"href":"https:\/\/hyphen.archi\/es\/wp-json\/wp\/v2\/media\/7891"}],"wp:attachment":[{"href":"https:\/\/hyphen.archi\/es\/wp-json\/wp\/v2\/media?parent=8387"}],"wp:term":[{"taxonomy":"expertise","embeddable":true,"href":"https:\/\/hyphen.archi\/es\/wp-json\/wp\/v2\/expertise?post=8387"},{"taxonomy":"location","embeddable":true,"href":"https:\/\/hyphen.archi\/es\/wp-json\/wp\/v2\/location?post=8387"},{"taxonomy":"sector","embeddable":true,"href":"https:\/\/hyphen.archi\/es\/wp-json\/wp\/v2\/sector?post=8387"}],"curies":[{"name":"wp","href":"https:\/\/api.w.org\/{rel}","templated":true}]}}