
{"id":8440,"date":"2024-01-10T12:52:45","date_gmt":"2024-01-10T12:52:45","guid":{"rendered":"http:\/\/hyphen.archi\/declaracion-politica-bim\/"},"modified":"2024-04-30T10:05:42","modified_gmt":"2024-04-30T10:05:42","slug":"declaracion-politica-bim","status":"publish","type":"page","link":"https:\/\/hyphen.archi\/es\/politicas\/declaracion-politica-bim\/","title":{"rendered":"Declaraci\u00f3n pol\u00edtica BIM"},"content":{"rendered":"\n<p>La ambici\u00f3n de Hyphen es convertirse en la red mejor conectada del mundo de estudios de arquitectura dirigidos por sus propietarios, ofreciendo el m\u00e1ximo nivel de servicio a nuestros clientes en todo el mundo y compitiendo en un escenario global en los sectores que elijamos. Este compromiso est\u00e1 respaldado por nuestros valores y es esencial para nuestro crecimiento y \u00e9xito continuados.<\/p>\n\n<p>Defendemos la calidad. Nuestra responsabilidad con la calidad es vital para todo lo que hacemos. Estamos comprometidos con la mejora continua de nuestros servicios y con el cumplimiento de todos los requisitos aplicables de nuestra certificaci\u00f3n ISO 9001:2015, que tambi\u00e9n respalda nuestro Sistema de Gesti\u00f3n de la Calidad (SGC).<\/p>\n\n<p>No s\u00f3lo nos esforzamos por satisfacer, o superar, las necesidades de nuestros clientes y otras partes interesadas principales, sino que vamos m\u00e1s all\u00e1 revisando y mejorando continuamente nuestro SGC para mejorar el rendimiento, aumentar la satisfacci\u00f3n del cliente y alcanzar las metas y los objetivos de calidad de nuestra empresa. Cuidamos los detalles y, en todo lo que hacemos, nos sentimos orgullosos de decir &#8220;eso lo hemos hecho nosotros&#8221;.<\/p>\n\n<p>El alcance del SGC abarca los servicios b\u00e1sicos que prestamos, incluidos los servicios completos de arquitectura, gesti\u00f3n de proyectos y dise\u00f1o principal.<\/p>\n\n<p>A trav\u00e9s de nuestro SGC comprobamos que se ejerce una habilidad, cuidado y eficacia razonables en todos los aspectos de los servicios que prestamos. El SGC es supervisado continuamente por nuestros Directores de Calidad, nuestro Asociado de Normas T\u00e9cnicas y el Director de Operaciones para garantizar su eficacia mediante auditor\u00edas, informes y revisiones. Los Informes de Revisi\u00f3n de la Gesti\u00f3n de la Calidad se realizan a intervalos planificados y se comunican al consejo de administraci\u00f3n. Las recomendaciones de cambios o mejoras se comunican a la Junta Directiva. Nos esforzamos continuamente por hacerlo mejor y aprender de nuestras experiencias.<\/p>\n\n<p>Los procedimientos espec\u00edficos identifican c\u00f3mo se implanta el SGC, y se identifican en el Marco de Calidad.<\/p>\n\n<p>Nuestros Objetivos de Calidad son:<\/p>\n\n<ul class=\"wp-block-list\">\n<li>Garantizar que todos nuestros servicios sean del m\u00e1s alto nivel profesional.<\/li>\n\n\n\n<li>Garantizar la existencia de sistemas de comprobaci\u00f3n para controlar la calidad y la coherencia.<\/li>\n\n\n\n<li>Cumplir los plazos acordados.<\/li>\n\n\n\n<li>Producir todos los servicios dentro de los presupuestos acordados.<\/li>\n\n\n\n<li>Garantizar que se cumplen las expectativas del Cliente mediante un proceso de evaluaci\u00f3n de los comentarios que conduzca a una mejora continua.<\/li>\n<\/ul>\n\n<p>Tambi\u00e9n procuramos establecer objetivos anuales de calidad, seg\u00fan proceda, y los responsables de calidad miden nuestros avances con respecto a ellos.<\/p>\n\n<p>Los directores de Hyphen tienen la responsabilidad \u00faltima de revisar el SGC, formular esta pol\u00edtica y proporcionar los recursos necesarios para aplicarla eficazmente. Los responsables de calidad garantizan que el SGC se ajusta a la norma BS EN ISO 9001:2015. Nos aseguramos de que cumplimos todos los requisitos legales y reglamentarios aplicables, y de que todo el mundo en Hyphen lo entiende. Asumimos la responsabilidad y esperamos que cada empleado comparta esta dedicaci\u00f3n a la calidad y desempe\u00f1e su papel en el mantenimiento y la mejora de la calidad.<\/p>\n\n<p>Todos los empleados pueden acceder a la Pol\u00edtica de Calidad a trav\u00e9s de nuestra intranet &#8220;Hola&#8221; y en nuestro sitio web para todas las partes externas. Todos reciben peri\u00f3dicamente formaci\u00f3n y concienciaci\u00f3n sobre la Pol\u00edtica de Calidad y el SGC. El cumplimiento de los requisitos del SGC es obligatorio para los empleados y para los proveedores externos cuando su servicio afecte a nuestro SGC.<\/p>\n\n<p>Trabajamos con los mejores. Nuestros proveedores son conscientes de su contribuci\u00f3n efectiva al \u00e9xito del servicio que les prestamos. Se les nombra en el entendimiento de que se revisa y supervisa su rendimiento y de que el estatus de su nombramiento puede verse afectado si no se ajustan a los requisitos pertinentes de nuestro SGC.<\/p>\n\n<p>Nuestro compromiso inflexible con la calidad es esencial para nuestro \u00e9xito y trabajamos en un entorno motivado por la mejora continua y coherente con nuestros valores.<\/p>\n\n<p>\u00daltima revisi\u00f3n de la pol\u00edtica: 28 de marzo de 2024<br\/>Fecha prevista para la pr\u00f3xima revisi\u00f3n: 28 de marzo de 2025<\/p>\n","protected":false},"excerpt":{"rendered":"<p>La ambici\u00f3n de Hyphen es convertirse en la red mejor conectada del mundo de estudios de arquitectura dirigidos por sus propietarios, ofreciendo el m\u00e1ximo nivel de servicio a nuestros clientes en todo el mundo y compitiendo en un escenario global en los sectores que elijamos. Este compromiso est\u00e1 respaldado por nuestros valores y es esencial [&hellip;]<\/p>\n","protected":false},"author":1,"featured_media":0,"parent":8571,"menu_order":0,"comment_status":"closed","ping_status":"closed","template":"","meta":{"_acf_changed":false,"CBBTypography":[],"footnotes":""},"expertise":[],"location":[],"sector":[],"class_list":["post-8440","page","type-page","status-publish","hentry"],"acf":[],"mb":[],"yoast_head":"<!-- This site is optimized with the Yoast SEO Premium plugin v25.9 (Yoast SEO v27.4) - https:\/\/yoast.com\/product\/yoast-seo-premium-wordpress\/ -->\n<title>Declaraci\u00f3n pol\u00edtica BIM - Hyphen<\/title>\n<meta name=\"robots\" content=\"index, follow, max-snippet:-1, max-image-preview:large, max-video-preview:-1\" \/>\n<link rel=\"canonical\" href=\"https:\/\/hyphen.archi\/es\/politicas\/declaracion-politica-bim\/\" \/>\n<meta property=\"og:locale\" content=\"es_ES\" \/>\n<meta property=\"og:type\" content=\"article\" \/>\n<meta property=\"og:title\" content=\"Declaraci\u00f3n pol\u00edtica BIM\" \/>\n<meta property=\"og:description\" content=\"La ambici\u00f3n de Hyphen es convertirse en la red mejor conectada del mundo de estudios de arquitectura dirigidos por sus propietarios, ofreciendo el m\u00e1ximo nivel de servicio a nuestros clientes en todo el mundo y compitiendo en un escenario global en los sectores que elijamos. Este compromiso est\u00e1 respaldado por nuestros valores y es esencial [&hellip;]\" \/>\n<meta property=\"og:url\" content=\"https:\/\/hyphen.archi\/es\/politicas\/declaracion-politica-bim\/\" \/>\n<meta property=\"og:site_name\" content=\"Hyphen\" \/>\n<meta property=\"article:modified_time\" content=\"2024-04-30T10:05:42+00:00\" \/>\n<meta name=\"twitter:card\" content=\"summary_large_image\" \/>\n<meta name=\"twitter:label1\" content=\"Est. reading time\" \/>\n\t<meta name=\"twitter:data1\" content=\"3 minutes\" \/>\n<script type=\"application\/ld+json\" class=\"yoast-schema-graph\">{\"@context\":\"https:\\\/\\\/schema.org\",\"@graph\":[{\"@type\":\"WebPage\",\"@id\":\"https:\\\/\\\/hyphen.archi\\\/es\\\/politicas\\\/declaracion-politica-bim\\\/\",\"url\":\"https:\\\/\\\/hyphen.archi\\\/es\\\/politicas\\\/declaracion-politica-bim\\\/\",\"name\":\"Declaraci\u00f3n pol\u00edtica BIM - Hyphen\",\"isPartOf\":{\"@id\":\"https:\\\/\\\/hyphen.archi\\\/es\\\/#website\"},\"datePublished\":\"2024-01-10T12:52:45+00:00\",\"dateModified\":\"2024-04-30T10:05:42+00:00\",\"breadcrumb\":{\"@id\":\"https:\\\/\\\/hyphen.archi\\\/es\\\/politicas\\\/declaracion-politica-bim\\\/#breadcrumb\"},\"inLanguage\":\"es-ES\",\"potentialAction\":[{\"@type\":\"ReadAction\",\"target\":[\"https:\\\/\\\/hyphen.archi\\\/es\\\/politicas\\\/declaracion-politica-bim\\\/\"]}]},{\"@type\":\"BreadcrumbList\",\"@id\":\"https:\\\/\\\/hyphen.archi\\\/es\\\/politicas\\\/declaracion-politica-bim\\\/#breadcrumb\",\"itemListElement\":[{\"@type\":\"ListItem\",\"position\":1,\"name\":\"Home\",\"item\":\"https:\\\/\\\/hyphen.archi\\\/es\\\/\"},{\"@type\":\"ListItem\",\"position\":2,\"name\":\"Pol\u00edticas\",\"item\":\"https:\\\/\\\/hyphen.archi\\\/es\\\/politicas\\\/\"},{\"@type\":\"ListItem\",\"position\":3,\"name\":\"Declaraci\u00f3n pol\u00edtica BIM\"}]},{\"@type\":\"WebSite\",\"@id\":\"https:\\\/\\\/hyphen.archi\\\/es\\\/#website\",\"url\":\"https:\\\/\\\/hyphen.archi\\\/es\\\/\",\"name\":\"Hyphen\",\"description\":\"International Architecture Firm\",\"publisher\":{\"@id\":\"https:\\\/\\\/hyphen.archi\\\/es\\\/#organization\"},\"potentialAction\":[{\"@type\":\"SearchAction\",\"target\":{\"@type\":\"EntryPoint\",\"urlTemplate\":\"https:\\\/\\\/hyphen.archi\\\/es\\\/?s={search_term_string}\"},\"query-input\":{\"@type\":\"PropertyValueSpecification\",\"valueRequired\":true,\"valueName\":\"search_term_string\"}}],\"inLanguage\":\"es-ES\"},{\"@type\":\"Organization\",\"@id\":\"https:\\\/\\\/hyphen.archi\\\/es\\\/#organization\",\"name\":\"Hyphen\",\"url\":\"https:\\\/\\\/hyphen.archi\\\/es\\\/\",\"logo\":{\"@type\":\"ImageObject\",\"inLanguage\":\"es-ES\",\"@id\":\"https:\\\/\\\/hyphen.archi\\\/es\\\/#\\\/schema\\\/logo\\\/image\\\/\",\"url\":\"https:\\\/\\\/hyphen.archi\\\/app\\\/uploads\\\/2024\\\/03\\\/Favicon-no_BG.png\",\"contentUrl\":\"https:\\\/\\\/hyphen.archi\\\/app\\\/uploads\\\/2024\\\/03\\\/Favicon-no_BG.png\",\"width\":792,\"height\":793,\"caption\":\"Hyphen\"},\"image\":{\"@id\":\"https:\\\/\\\/hyphen.archi\\\/es\\\/#\\\/schema\\\/logo\\\/image\\\/\"},\"sameAs\":[\"https:\\\/\\\/www.linkedin.com\\\/company\\\/hyphen.archi\\\/\",\"https:\\\/\\\/www.instagram.com\\\/hyphen_archi\\\/\"]}]}<\/script>\n<!-- \/ Yoast SEO Premium plugin. -->","yoast_head_json":{"title":"Declaraci\u00f3n pol\u00edtica BIM - Hyphen","robots":{"index":"index","follow":"follow","max-snippet":"max-snippet:-1","max-image-preview":"max-image-preview:large","max-video-preview":"max-video-preview:-1"},"canonical":"https:\/\/hyphen.archi\/es\/politicas\/declaracion-politica-bim\/","og_locale":"es_ES","og_type":"article","og_title":"Declaraci\u00f3n pol\u00edtica BIM","og_description":"La ambici\u00f3n de Hyphen es convertirse en la red mejor conectada del mundo de estudios de arquitectura dirigidos por sus propietarios, ofreciendo el m\u00e1ximo nivel de servicio a nuestros clientes en todo el mundo y compitiendo en un escenario global en los sectores que elijamos. Este compromiso est\u00e1 respaldado por nuestros valores y es esencial [&hellip;]","og_url":"https:\/\/hyphen.archi\/es\/politicas\/declaracion-politica-bim\/","og_site_name":"Hyphen","article_modified_time":"2024-04-30T10:05:42+00:00","twitter_card":"summary_large_image","twitter_misc":{"Est. reading time":"3 minutes"},"schema":{"@context":"https:\/\/schema.org","@graph":[{"@type":"WebPage","@id":"https:\/\/hyphen.archi\/es\/politicas\/declaracion-politica-bim\/","url":"https:\/\/hyphen.archi\/es\/politicas\/declaracion-politica-bim\/","name":"Declaraci\u00f3n pol\u00edtica BIM - Hyphen","isPartOf":{"@id":"https:\/\/hyphen.archi\/es\/#website"},"datePublished":"2024-01-10T12:52:45+00:00","dateModified":"2024-04-30T10:05:42+00:00","breadcrumb":{"@id":"https:\/\/hyphen.archi\/es\/politicas\/declaracion-politica-bim\/#breadcrumb"},"inLanguage":"es-ES","potentialAction":[{"@type":"ReadAction","target":["https:\/\/hyphen.archi\/es\/politicas\/declaracion-politica-bim\/"]}]},{"@type":"BreadcrumbList","@id":"https:\/\/hyphen.archi\/es\/politicas\/declaracion-politica-bim\/#breadcrumb","itemListElement":[{"@type":"ListItem","position":1,"name":"Home","item":"https:\/\/hyphen.archi\/es\/"},{"@type":"ListItem","position":2,"name":"Pol\u00edticas","item":"https:\/\/hyphen.archi\/es\/politicas\/"},{"@type":"ListItem","position":3,"name":"Declaraci\u00f3n pol\u00edtica BIM"}]},{"@type":"WebSite","@id":"https:\/\/hyphen.archi\/es\/#website","url":"https:\/\/hyphen.archi\/es\/","name":"Hyphen","description":"International Architecture Firm","publisher":{"@id":"https:\/\/hyphen.archi\/es\/#organization"},"potentialAction":[{"@type":"SearchAction","target":{"@type":"EntryPoint","urlTemplate":"https:\/\/hyphen.archi\/es\/?s={search_term_string}"},"query-input":{"@type":"PropertyValueSpecification","valueRequired":true,"valueName":"search_term_string"}}],"inLanguage":"es-ES"},{"@type":"Organization","@id":"https:\/\/hyphen.archi\/es\/#organization","name":"Hyphen","url":"https:\/\/hyphen.archi\/es\/","logo":{"@type":"ImageObject","inLanguage":"es-ES","@id":"https:\/\/hyphen.archi\/es\/#\/schema\/logo\/image\/","url":"https:\/\/hyphen.archi\/app\/uploads\/2024\/03\/Favicon-no_BG.png","contentUrl":"https:\/\/hyphen.archi\/app\/uploads\/2024\/03\/Favicon-no_BG.png","width":792,"height":793,"caption":"Hyphen"},"image":{"@id":"https:\/\/hyphen.archi\/es\/#\/schema\/logo\/image\/"},"sameAs":["https:\/\/www.linkedin.com\/company\/hyphen.archi\/","https:\/\/www.instagram.com\/hyphen_archi\/"]}]}},"mfb_rest_fields":["title","yoast_head","yoast_head_json"],"_links":{"self":[{"href":"https:\/\/hyphen.archi\/es\/wp-json\/wp\/v2\/pages\/8440","targetHints":{"allow":["GET"]}}],"collection":[{"href":"https:\/\/hyphen.archi\/es\/wp-json\/wp\/v2\/pages"}],"about":[{"href":"https:\/\/hyphen.archi\/es\/wp-json\/wp\/v2\/types\/page"}],"author":[{"embeddable":true,"href":"https:\/\/hyphen.archi\/es\/wp-json\/wp\/v2\/users\/1"}],"replies":[{"embeddable":true,"href":"https:\/\/hyphen.archi\/es\/wp-json\/wp\/v2\/comments?post=8440"}],"version-history":[{"count":1,"href":"https:\/\/hyphen.archi\/es\/wp-json\/wp\/v2\/pages\/8440\/revisions"}],"predecessor-version":[{"id":8442,"href":"https:\/\/hyphen.archi\/es\/wp-json\/wp\/v2\/pages\/8440\/revisions\/8442"}],"up":[{"embeddable":true,"href":"https:\/\/hyphen.archi\/es\/wp-json\/wp\/v2\/pages\/8571"}],"wp:attachment":[{"href":"https:\/\/hyphen.archi\/es\/wp-json\/wp\/v2\/media?parent=8440"}],"wp:term":[{"taxonomy":"expertise","embeddable":true,"href":"https:\/\/hyphen.archi\/es\/wp-json\/wp\/v2\/expertise?post=8440"},{"taxonomy":"location","embeddable":true,"href":"https:\/\/hyphen.archi\/es\/wp-json\/wp\/v2\/location?post=8440"},{"taxonomy":"sector","embeddable":true,"href":"https:\/\/hyphen.archi\/es\/wp-json\/wp\/v2\/sector?post=8440"}],"curies":[{"name":"wp","href":"https:\/\/api.w.org\/{rel}","templated":true}]}}