
{"id":8466,"date":"2023-12-20T11:41:29","date_gmt":"2023-12-20T11:41:29","guid":{"rendered":"http:\/\/hyphen.archi\/londres\/"},"modified":"2024-05-07T09:57:19","modified_gmt":"2024-05-07T09:57:19","slug":"londres","status":"publish","type":"page","link":"https:\/\/hyphen.archi\/es\/carreras-profesionales\/londres\/","title":{"rendered":"Londres"},"content":{"rendered":"\n<div class=\"wp-block-group is-layout-flow wp-block-group-is-layout-flow\" style=\"padding-top:var(--wp--preset--spacing--40);padding-right:var(--wp--preset--spacing--40);padding-bottom:var(--wp--preset--spacing--40);padding-left:var(--wp--preset--spacing--40)\">\n<div class=\"wp-block-columns is-layout-flex wp-container-core-columns-is-layout-658170e2 wp-block-columns-is-layout-flex\">\n<div class=\"wp-block-column is-layout-flow wp-block-column-is-layout-flow\" style=\"flex-basis:40%\">\n<p class=\"has-large-font-size\">Nuestra oficina de Londres se inaugur\u00f3 en 1997 y celebr\u00f3 su 25 aniversario en 2022. Londres es uno de los equipos m\u00e1s grandes de Hyphen, que disfruta de un entorno altamente multicultural con compa\u00f1eros de m\u00e1s de 15 nacionalidades distintas, todos ellos con nuevas perspectivas y especialidades como la arquitectura, la ingenier\u00eda, la inform\u00e1tica, la comunicaci\u00f3n y la administraci\u00f3n.<\/p>\n<\/div>\n\n\n\n<div class=\"wp-block-column is-layout-flow wp-block-column-is-layout-flow\"><\/div>\n<\/div>\n<\/div>\n\n<!--more-->\n\n<div class=\"wp-block-group has-global-padding is-layout-constrained wp-container-core-group-is-layout-33c2c85a wp-block-group-is-layout-constrained\" style=\"padding-top:var(--wp--preset--spacing--50);padding-bottom:var(--wp--preset--spacing--50)\">\n<p>Nuestra oficina de Londres est\u00e1 dirigida por el director general para el Reino Unido e Irlanda, Alan Cheyne, y los directores Wayne Taylor y Muhammad Khan. Cuentan con el apoyo del asociado principal, Jan Melichar, y de la asociada, Francesca Tedesco. El propio emplazamiento est\u00e1 situado en el coraz\u00f3n de los centros tecnol\u00f3gicos y creativos de la capital, muy cerca de Old Street y Shoreditch.<\/p>\n\n\n\n<p>Los equipos de arquitectura e ingenier\u00eda de esta oficina son expertos en normativa urban\u00edstica y en trabajar en edificios hist\u00f3ricos, en m\u00faltiples sectores, como comercio minorista, oficinas, log\u00edstica y centros de datos.  <\/p>\n\n\n\n<p>El equipo es muy sociable y le gusta pasar el almuerzo y el tiempo fuera del trabajo juntos, disfrutando de un activo calendario social. Entre los eventos m\u00e1s destacados figuran nuestro minitriatl\u00f3n, en el que competimos contra el equipo de Winchester con fines ben\u00e9ficos, y la celebraci\u00f3n de nuestro 25 aniversario en 2022.<\/p>\n<\/div>\n\n<div class=\"wp-block-group has-global-padding is-layout-constrained wp-container-core-group-is-layout-e6bcf03e wp-block-group-is-layout-constrained\" style=\"padding-top:var(--wp--preset--spacing--40);padding-right:var(--wp--preset--spacing--40);padding-bottom:var(--wp--preset--spacing--40);padding-left:var(--wp--preset--spacing--40)\">\n<h2 class=\"wp-block-heading has-text-align-center has-x-large-font-size\" style=\"font-style:normal;font-weight:500\">Oportunidades actuales<\/h2>\n\n\n\n<div id=\"careers\" class=\"wp-block-group is-layout-flow wp-block-group-is-layout-flow\">\n<div class=\"wp-block-query ghub-query-id-6 is-layout-flow ghub-query-id-6-is-layout-flow cbb-query-0-1\">\n\n<div class=\"wp-block-query ghub-query-id-6-no-results\">\n\n<p>Permanece atento a este espacio para conocer futuras oportunidades de trabajo en Londres. Para oportunidades en otros lugares, <a href=\"https:\/\/hyphen.archi\/es\/carreras-profesionales\/\" data-type=\"link\" data-id=\"http:\/\/hyphen.archi\/architecture-jobs\/\">haz clic aqu\u00ed<\/a><\/p>\n\n<\/div><\/div>\n<\/div>\n<\/div>\n","protected":false},"excerpt":{"rendered":"<p>Nuestra oficina de Londres se inaugur\u00f3 en 1997 y celebr\u00f3 su 25 aniversario en 2022. Londres es uno de los equipos m\u00e1s grandes de Hyphen, que disfruta de un entorno altamente multicultural con compa\u00f1eros de m\u00e1s de 15 nacionalidades distintas, todos ellos con nuevas perspectivas y especialidades como la arquitectura, la ingenier\u00eda, la inform\u00e1tica, la [&hellip;]<\/p>\n","protected":false},"author":1,"featured_media":7896,"parent":8530,"menu_order":0,"comment_status":"closed","ping_status":"closed","template":"template-location","meta":{"_acf_changed":false,"CBBTypography":[],"footnotes":""},"expertise":[],"location":[],"sector":[],"class_list":["post-8466","page","type-page","status-publish","has-post-thumbnail","hentry"],"acf":[],"mb":[],"yoast_head":"<!-- This site is optimized with the Yoast SEO Premium plugin v25.9 (Yoast SEO v27.4) - https:\/\/yoast.com\/product\/yoast-seo-premium-wordpress\/ -->\n<title>Londres - Hyphen<\/title>\n<meta name=\"robots\" content=\"index, follow, max-snippet:-1, max-image-preview:large, max-video-preview:-1\" \/>\n<link rel=\"canonical\" href=\"https:\/\/hyphen.archi\/es\/carreras-profesionales\/londres\/\" \/>\n<meta property=\"og:locale\" content=\"es_ES\" \/>\n<meta property=\"og:type\" content=\"article\" \/>\n<meta property=\"og:title\" content=\"Londres\" \/>\n<meta property=\"og:description\" content=\"Nuestra oficina de Londres se inaugur\u00f3 en 1997 y celebr\u00f3 su 25 aniversario en 2022. Londres es uno de los equipos m\u00e1s grandes de Hyphen, que disfruta de un entorno altamente multicultural con compa\u00f1eros de m\u00e1s de 15 nacionalidades distintas, todos ellos con nuevas perspectivas y especialidades como la arquitectura, la ingenier\u00eda, la inform\u00e1tica, la [&hellip;]\" \/>\n<meta property=\"og:url\" content=\"https:\/\/hyphen.archi\/es\/carreras-profesionales\/londres\/\" \/>\n<meta property=\"og:site_name\" content=\"Hyphen\" \/>\n<meta property=\"article:modified_time\" content=\"2024-05-07T09:57:19+00:00\" \/>\n<meta property=\"og:image\" content=\"https:\/\/hyphen.archi\/app\/uploads\/2023\/12\/London-800x800px-1024x1024.png\" \/>\n\t<meta property=\"og:image:width\" content=\"1024\" \/>\n\t<meta property=\"og:image:height\" content=\"1024\" \/>\n\t<meta property=\"og:image:type\" content=\"image\/png\" \/>\n<meta name=\"twitter:card\" content=\"summary_large_image\" \/>\n<meta name=\"twitter:label1\" content=\"Est. reading time\" \/>\n\t<meta name=\"twitter:data1\" content=\"1 minute\" \/>\n<script type=\"application\/ld+json\" class=\"yoast-schema-graph\">{\"@context\":\"https:\\\/\\\/schema.org\",\"@graph\":[{\"@type\":\"WebPage\",\"@id\":\"https:\\\/\\\/hyphen.archi\\\/es\\\/carreras-profesionales\\\/londres\\\/\",\"url\":\"https:\\\/\\\/hyphen.archi\\\/es\\\/carreras-profesionales\\\/londres\\\/\",\"name\":\"Londres - Hyphen\",\"isPartOf\":{\"@id\":\"https:\\\/\\\/hyphen.archi\\\/es\\\/#website\"},\"primaryImageOfPage\":{\"@id\":\"https:\\\/\\\/hyphen.archi\\\/es\\\/carreras-profesionales\\\/londres\\\/#primaryimage\"},\"image\":{\"@id\":\"https:\\\/\\\/hyphen.archi\\\/es\\\/carreras-profesionales\\\/londres\\\/#primaryimage\"},\"thumbnailUrl\":\"https:\\\/\\\/hyphen.archi\\\/app\\\/uploads\\\/2023\\\/12\\\/London-800x800px.png\",\"datePublished\":\"2023-12-20T11:41:29+00:00\",\"dateModified\":\"2024-05-07T09:57:19+00:00\",\"breadcrumb\":{\"@id\":\"https:\\\/\\\/hyphen.archi\\\/es\\\/carreras-profesionales\\\/londres\\\/#breadcrumb\"},\"inLanguage\":\"es-ES\",\"potentialAction\":[{\"@type\":\"ReadAction\",\"target\":[\"https:\\\/\\\/hyphen.archi\\\/es\\\/carreras-profesionales\\\/londres\\\/\"]}]},{\"@type\":\"ImageObject\",\"inLanguage\":\"es-ES\",\"@id\":\"https:\\\/\\\/hyphen.archi\\\/es\\\/carreras-profesionales\\\/londres\\\/#primaryimage\",\"url\":\"https:\\\/\\\/hyphen.archi\\\/app\\\/uploads\\\/2023\\\/12\\\/London-800x800px.png\",\"contentUrl\":\"https:\\\/\\\/hyphen.archi\\\/app\\\/uploads\\\/2023\\\/12\\\/London-800x800px.png\",\"width\":1920,\"height\":1920,\"caption\":\"Collage of architecture, cityscapes, and people arranged in the shape of London.\"},{\"@type\":\"BreadcrumbList\",\"@id\":\"https:\\\/\\\/hyphen.archi\\\/es\\\/carreras-profesionales\\\/londres\\\/#breadcrumb\",\"itemListElement\":[{\"@type\":\"ListItem\",\"position\":1,\"name\":\"Home\",\"item\":\"https:\\\/\\\/hyphen.archi\\\/es\\\/\"},{\"@type\":\"ListItem\",\"position\":2,\"name\":\"Empleo\",\"item\":\"https:\\\/\\\/hyphen.archi\\\/es\\\/carreras-profesionales\\\/\"},{\"@type\":\"ListItem\",\"position\":3,\"name\":\"Londres\"}]},{\"@type\":\"WebSite\",\"@id\":\"https:\\\/\\\/hyphen.archi\\\/es\\\/#website\",\"url\":\"https:\\\/\\\/hyphen.archi\\\/es\\\/\",\"name\":\"Hyphen\",\"description\":\"International Architecture Firm\",\"publisher\":{\"@id\":\"https:\\\/\\\/hyphen.archi\\\/es\\\/#organization\"},\"potentialAction\":[{\"@type\":\"SearchAction\",\"target\":{\"@type\":\"EntryPoint\",\"urlTemplate\":\"https:\\\/\\\/hyphen.archi\\\/es\\\/?s={search_term_string}\"},\"query-input\":{\"@type\":\"PropertyValueSpecification\",\"valueRequired\":true,\"valueName\":\"search_term_string\"}}],\"inLanguage\":\"es-ES\"},{\"@type\":\"Organization\",\"@id\":\"https:\\\/\\\/hyphen.archi\\\/es\\\/#organization\",\"name\":\"Hyphen\",\"url\":\"https:\\\/\\\/hyphen.archi\\\/es\\\/\",\"logo\":{\"@type\":\"ImageObject\",\"inLanguage\":\"es-ES\",\"@id\":\"https:\\\/\\\/hyphen.archi\\\/es\\\/#\\\/schema\\\/logo\\\/image\\\/\",\"url\":\"https:\\\/\\\/hyphen.archi\\\/app\\\/uploads\\\/2024\\\/03\\\/Favicon-no_BG.png\",\"contentUrl\":\"https:\\\/\\\/hyphen.archi\\\/app\\\/uploads\\\/2024\\\/03\\\/Favicon-no_BG.png\",\"width\":792,\"height\":793,\"caption\":\"Hyphen\"},\"image\":{\"@id\":\"https:\\\/\\\/hyphen.archi\\\/es\\\/#\\\/schema\\\/logo\\\/image\\\/\"},\"sameAs\":[\"https:\\\/\\\/www.linkedin.com\\\/company\\\/hyphen.archi\\\/\",\"https:\\\/\\\/www.instagram.com\\\/hyphen_archi\\\/\"]}]}<\/script>\n<!-- \/ Yoast SEO Premium plugin. -->","yoast_head_json":{"title":"Londres - Hyphen","robots":{"index":"index","follow":"follow","max-snippet":"max-snippet:-1","max-image-preview":"max-image-preview:large","max-video-preview":"max-video-preview:-1"},"canonical":"https:\/\/hyphen.archi\/es\/carreras-profesionales\/londres\/","og_locale":"es_ES","og_type":"article","og_title":"Londres","og_description":"Nuestra oficina de Londres se inaugur\u00f3 en 1997 y celebr\u00f3 su 25 aniversario en 2022. Londres es uno de los equipos m\u00e1s grandes de Hyphen, que disfruta de un entorno altamente multicultural con compa\u00f1eros de m\u00e1s de 15 nacionalidades distintas, todos ellos con nuevas perspectivas y especialidades como la arquitectura, la ingenier\u00eda, la inform\u00e1tica, la [&hellip;]","og_url":"https:\/\/hyphen.archi\/es\/carreras-profesionales\/londres\/","og_site_name":"Hyphen","article_modified_time":"2024-05-07T09:57:19+00:00","og_image":[{"width":1024,"height":1024,"url":"https:\/\/hyphen.archi\/app\/uploads\/2023\/12\/London-800x800px-1024x1024.png","type":"image\/png"}],"twitter_card":"summary_large_image","twitter_misc":{"Est. reading time":"1 minute"},"schema":{"@context":"https:\/\/schema.org","@graph":[{"@type":"WebPage","@id":"https:\/\/hyphen.archi\/es\/carreras-profesionales\/londres\/","url":"https:\/\/hyphen.archi\/es\/carreras-profesionales\/londres\/","name":"Londres - Hyphen","isPartOf":{"@id":"https:\/\/hyphen.archi\/es\/#website"},"primaryImageOfPage":{"@id":"https:\/\/hyphen.archi\/es\/carreras-profesionales\/londres\/#primaryimage"},"image":{"@id":"https:\/\/hyphen.archi\/es\/carreras-profesionales\/londres\/#primaryimage"},"thumbnailUrl":"https:\/\/hyphen.archi\/app\/uploads\/2023\/12\/London-800x800px.png","datePublished":"2023-12-20T11:41:29+00:00","dateModified":"2024-05-07T09:57:19+00:00","breadcrumb":{"@id":"https:\/\/hyphen.archi\/es\/carreras-profesionales\/londres\/#breadcrumb"},"inLanguage":"es-ES","potentialAction":[{"@type":"ReadAction","target":["https:\/\/hyphen.archi\/es\/carreras-profesionales\/londres\/"]}]},{"@type":"ImageObject","inLanguage":"es-ES","@id":"https:\/\/hyphen.archi\/es\/carreras-profesionales\/londres\/#primaryimage","url":"https:\/\/hyphen.archi\/app\/uploads\/2023\/12\/London-800x800px.png","contentUrl":"https:\/\/hyphen.archi\/app\/uploads\/2023\/12\/London-800x800px.png","width":1920,"height":1920,"caption":"Collage of architecture, cityscapes, and people arranged in the shape of London."},{"@type":"BreadcrumbList","@id":"https:\/\/hyphen.archi\/es\/carreras-profesionales\/londres\/#breadcrumb","itemListElement":[{"@type":"ListItem","position":1,"name":"Home","item":"https:\/\/hyphen.archi\/es\/"},{"@type":"ListItem","position":2,"name":"Empleo","item":"https:\/\/hyphen.archi\/es\/carreras-profesionales\/"},{"@type":"ListItem","position":3,"name":"Londres"}]},{"@type":"WebSite","@id":"https:\/\/hyphen.archi\/es\/#website","url":"https:\/\/hyphen.archi\/es\/","name":"Hyphen","description":"International Architecture Firm","publisher":{"@id":"https:\/\/hyphen.archi\/es\/#organization"},"potentialAction":[{"@type":"SearchAction","target":{"@type":"EntryPoint","urlTemplate":"https:\/\/hyphen.archi\/es\/?s={search_term_string}"},"query-input":{"@type":"PropertyValueSpecification","valueRequired":true,"valueName":"search_term_string"}}],"inLanguage":"es-ES"},{"@type":"Organization","@id":"https:\/\/hyphen.archi\/es\/#organization","name":"Hyphen","url":"https:\/\/hyphen.archi\/es\/","logo":{"@type":"ImageObject","inLanguage":"es-ES","@id":"https:\/\/hyphen.archi\/es\/#\/schema\/logo\/image\/","url":"https:\/\/hyphen.archi\/app\/uploads\/2024\/03\/Favicon-no_BG.png","contentUrl":"https:\/\/hyphen.archi\/app\/uploads\/2024\/03\/Favicon-no_BG.png","width":792,"height":793,"caption":"Hyphen"},"image":{"@id":"https:\/\/hyphen.archi\/es\/#\/schema\/logo\/image\/"},"sameAs":["https:\/\/www.linkedin.com\/company\/hyphen.archi\/","https:\/\/www.instagram.com\/hyphen_archi\/"]}]}},"mfb_rest_fields":["title","yoast_head","yoast_head_json"],"_links":{"self":[{"href":"https:\/\/hyphen.archi\/es\/wp-json\/wp\/v2\/pages\/8466","targetHints":{"allow":["GET"]}}],"collection":[{"href":"https:\/\/hyphen.archi\/es\/wp-json\/wp\/v2\/pages"}],"about":[{"href":"https:\/\/hyphen.archi\/es\/wp-json\/wp\/v2\/types\/page"}],"author":[{"embeddable":true,"href":"https:\/\/hyphen.archi\/es\/wp-json\/wp\/v2\/users\/1"}],"replies":[{"embeddable":true,"href":"https:\/\/hyphen.archi\/es\/wp-json\/wp\/v2\/comments?post=8466"}],"version-history":[{"count":4,"href":"https:\/\/hyphen.archi\/es\/wp-json\/wp\/v2\/pages\/8466\/revisions"}],"predecessor-version":[{"id":10670,"href":"https:\/\/hyphen.archi\/es\/wp-json\/wp\/v2\/pages\/8466\/revisions\/10670"}],"up":[{"embeddable":true,"href":"https:\/\/hyphen.archi\/es\/wp-json\/wp\/v2\/pages\/8530"}],"wp:featuredmedia":[{"embeddable":true,"href":"https:\/\/hyphen.archi\/es\/wp-json\/wp\/v2\/media\/7896"}],"wp:attachment":[{"href":"https:\/\/hyphen.archi\/es\/wp-json\/wp\/v2\/media?parent=8466"}],"wp:term":[{"taxonomy":"expertise","embeddable":true,"href":"https:\/\/hyphen.archi\/es\/wp-json\/wp\/v2\/expertise?post=8466"},{"taxonomy":"location","embeddable":true,"href":"https:\/\/hyphen.archi\/es\/wp-json\/wp\/v2\/location?post=8466"},{"taxonomy":"sector","embeddable":true,"href":"https:\/\/hyphen.archi\/es\/wp-json\/wp\/v2\/sector?post=8466"}],"curies":[{"name":"wp","href":"https:\/\/api.w.org\/{rel}","templated":true}]}}