
{"id":8521,"date":"2023-09-22T10:14:36","date_gmt":"2023-09-22T10:14:36","guid":{"rendered":"http:\/\/hyphen.archi\/ubicaciones\/"},"modified":"2024-08-14T10:38:37","modified_gmt":"2024-08-14T10:38:37","slug":"ubicaciones","status":"publish","type":"page","link":"https:\/\/hyphen.archi\/es\/ubicaciones\/","title":{"rendered":"Localizaciones"},"content":{"rendered":"\n<div class=\"wp-block-columns is-layout-flex wp-container-core-columns-is-layout-28f84493 wp-block-columns-is-layout-flex\">\n<div class=\"wp-block-column is-layout-flow wp-block-column-is-layout-flow\">\n<p class=\"has-large-font-size\">Con m\u00e1s de 200 <a href=\"https:\/\/hyphen.archi\/es\/personas\/\" data-type=\"link\" data-id=\"http:\/\/hyphen.archi\/our-people\/\">profesionales<\/a> que trabajan juntos como <strong>One Hyphen<\/strong>, nuestros equipos de <strong>Europa<\/strong> y <strong>Latinoam\u00e9rica<\/strong> son conocidos por su perspectiva internacional, sus conocimientos locales especializados y su atenci\u00f3n al detalle.  <\/p>\n<\/div>\n\n\n\n<div class=\"wp-block-column is-layout-flow wp-block-column-is-layout-flow\"><\/div>\n<\/div>\n\t<div id=\"mapbox-for-wp-69f6a56f6e6d0\"\n\t\tdata-longitude=\"-38.780772162371\"\n\t\tdata-latitude=\"15.826639777648\"\n\t\tdata-zoom=\"2.1203756770243\"\n\t\tdata-pitch=\"0\"\n\t\tdata-bearing=\"0\"\n\t\tdata-height=\"40\"\n\t\tdata-style=\"mapbox:\/\/styles\/ineedsurgery\/clsxetibl00b301qwftw78j46\"\n\t\tdata-hide-controls=\"\"\n\t\tdata-static-map=\"\"\n\t\tdata-map-type=\"reach\"\n\t\tdata-language=\"es\">\n\t<\/div>\n\t","protected":false},"excerpt":{"rendered":"<p>Con m\u00e1s de 200 profesionales que trabajan juntos como One Hyphen, nuestros equipos de Europa y Latinoam\u00e9rica son conocidos por su perspectiva internacional, sus conocimientos locales especializados y su atenci\u00f3n al detalle.<\/p>\n","protected":false},"author":1,"featured_media":0,"parent":0,"menu_order":0,"comment_status":"closed","ping_status":"closed","template":"","meta":{"_acf_changed":false,"CBBTypography":[],"footnotes":""},"expertise":[],"location":[],"sector":[],"class_list":["post-8521","page","type-page","status-publish","hentry"],"acf":[],"mb":[],"yoast_head":"<!-- This site is optimized with the Yoast SEO Premium plugin v25.9 (Yoast SEO v27.4) - https:\/\/yoast.com\/product\/yoast-seo-premium-wordpress\/ -->\n<title>Localizaciones - Hyphen<\/title>\n<meta name=\"description\" content=\"Con m\u00e1s de 200 profesionales que trabajan juntos como One Hyphen, nuestros equipos de Europa y Latinoam\u00e9rica son conocidos por su perspectiva internacional, sus conocimientos locales especializados y su atenci\u00f3n al detalle.\" \/>\n<meta name=\"robots\" content=\"index, follow, max-snippet:-1, max-image-preview:large, max-video-preview:-1\" \/>\n<link rel=\"canonical\" href=\"https:\/\/hyphen.archi\/es\/ubicaciones\/\" \/>\n<meta property=\"og:locale\" content=\"es_ES\" \/>\n<meta property=\"og:type\" content=\"article\" \/>\n<meta property=\"og:title\" content=\"Localizaciones\" \/>\n<meta property=\"og:description\" content=\"Con m\u00e1s de 200 profesionales que trabajan juntos como One Hyphen, nuestros equipos de Europa y Latinoam\u00e9rica son conocidos por su perspectiva internacional, sus conocimientos locales especializados y su atenci\u00f3n al detalle.\" \/>\n<meta property=\"og:url\" content=\"https:\/\/hyphen.archi\/es\/ubicaciones\/\" \/>\n<meta property=\"og:site_name\" content=\"Hyphen\" \/>\n<meta property=\"article:modified_time\" content=\"2024-08-14T10:38:37+00:00\" \/>\n<meta name=\"twitter:card\" content=\"summary_large_image\" \/>\n<meta name=\"twitter:label1\" content=\"Est. reading time\" \/>\n\t<meta name=\"twitter:data1\" content=\"1 minute\" \/>\n<script type=\"application\/ld+json\" class=\"yoast-schema-graph\">{\"@context\":\"https:\\\/\\\/schema.org\",\"@graph\":[{\"@type\":\"WebPage\",\"@id\":\"https:\\\/\\\/hyphen.archi\\\/es\\\/ubicaciones\\\/\",\"url\":\"https:\\\/\\\/hyphen.archi\\\/es\\\/ubicaciones\\\/\",\"name\":\"Localizaciones - Hyphen\",\"isPartOf\":{\"@id\":\"https:\\\/\\\/hyphen.archi\\\/es\\\/#website\"},\"datePublished\":\"2023-09-22T10:14:36+00:00\",\"dateModified\":\"2024-08-14T10:38:37+00:00\",\"description\":\"Con m\u00e1s de 200 profesionales que trabajan juntos como One Hyphen, nuestros equipos de Europa y Latinoam\u00e9rica son conocidos por su perspectiva internacional, sus conocimientos locales especializados y su atenci\u00f3n al detalle.\",\"breadcrumb\":{\"@id\":\"https:\\\/\\\/hyphen.archi\\\/es\\\/ubicaciones\\\/#breadcrumb\"},\"inLanguage\":\"es-ES\",\"potentialAction\":[{\"@type\":\"ReadAction\",\"target\":[\"https:\\\/\\\/hyphen.archi\\\/es\\\/ubicaciones\\\/\"]}]},{\"@type\":\"BreadcrumbList\",\"@id\":\"https:\\\/\\\/hyphen.archi\\\/es\\\/ubicaciones\\\/#breadcrumb\",\"itemListElement\":[{\"@type\":\"ListItem\",\"position\":1,\"name\":\"Home\",\"item\":\"https:\\\/\\\/hyphen.archi\\\/es\\\/\"},{\"@type\":\"ListItem\",\"position\":2,\"name\":\"Localizaciones\"}]},{\"@type\":\"WebSite\",\"@id\":\"https:\\\/\\\/hyphen.archi\\\/es\\\/#website\",\"url\":\"https:\\\/\\\/hyphen.archi\\\/es\\\/\",\"name\":\"Hyphen\",\"description\":\"International Architecture Firm\",\"publisher\":{\"@id\":\"https:\\\/\\\/hyphen.archi\\\/es\\\/#organization\"},\"potentialAction\":[{\"@type\":\"SearchAction\",\"target\":{\"@type\":\"EntryPoint\",\"urlTemplate\":\"https:\\\/\\\/hyphen.archi\\\/es\\\/?s={search_term_string}\"},\"query-input\":{\"@type\":\"PropertyValueSpecification\",\"valueRequired\":true,\"valueName\":\"search_term_string\"}}],\"inLanguage\":\"es-ES\"},{\"@type\":\"Organization\",\"@id\":\"https:\\\/\\\/hyphen.archi\\\/es\\\/#organization\",\"name\":\"Hyphen\",\"url\":\"https:\\\/\\\/hyphen.archi\\\/es\\\/\",\"logo\":{\"@type\":\"ImageObject\",\"inLanguage\":\"es-ES\",\"@id\":\"https:\\\/\\\/hyphen.archi\\\/es\\\/#\\\/schema\\\/logo\\\/image\\\/\",\"url\":\"https:\\\/\\\/hyphen.archi\\\/app\\\/uploads\\\/2024\\\/03\\\/Favicon-no_BG.png\",\"contentUrl\":\"https:\\\/\\\/hyphen.archi\\\/app\\\/uploads\\\/2024\\\/03\\\/Favicon-no_BG.png\",\"width\":792,\"height\":793,\"caption\":\"Hyphen\"},\"image\":{\"@id\":\"https:\\\/\\\/hyphen.archi\\\/es\\\/#\\\/schema\\\/logo\\\/image\\\/\"},\"sameAs\":[\"https:\\\/\\\/www.linkedin.com\\\/company\\\/hyphen.archi\\\/\",\"https:\\\/\\\/www.instagram.com\\\/hyphen_archi\\\/\"]}]}<\/script>\n<!-- \/ Yoast SEO Premium plugin. -->","yoast_head_json":{"title":"Localizaciones - Hyphen","description":"Con m\u00e1s de 200 profesionales que trabajan juntos como One Hyphen, nuestros equipos de Europa y Latinoam\u00e9rica son conocidos por su perspectiva internacional, sus conocimientos locales especializados y su atenci\u00f3n al detalle.","robots":{"index":"index","follow":"follow","max-snippet":"max-snippet:-1","max-image-preview":"max-image-preview:large","max-video-preview":"max-video-preview:-1"},"canonical":"https:\/\/hyphen.archi\/es\/ubicaciones\/","og_locale":"es_ES","og_type":"article","og_title":"Localizaciones","og_description":"Con m\u00e1s de 200 profesionales que trabajan juntos como One Hyphen, nuestros equipos de Europa y Latinoam\u00e9rica son conocidos por su perspectiva internacional, sus conocimientos locales especializados y su atenci\u00f3n al detalle.","og_url":"https:\/\/hyphen.archi\/es\/ubicaciones\/","og_site_name":"Hyphen","article_modified_time":"2024-08-14T10:38:37+00:00","twitter_card":"summary_large_image","twitter_misc":{"Est. reading time":"1 minute"},"schema":{"@context":"https:\/\/schema.org","@graph":[{"@type":"WebPage","@id":"https:\/\/hyphen.archi\/es\/ubicaciones\/","url":"https:\/\/hyphen.archi\/es\/ubicaciones\/","name":"Localizaciones - Hyphen","isPartOf":{"@id":"https:\/\/hyphen.archi\/es\/#website"},"datePublished":"2023-09-22T10:14:36+00:00","dateModified":"2024-08-14T10:38:37+00:00","description":"Con m\u00e1s de 200 profesionales que trabajan juntos como One Hyphen, nuestros equipos de Europa y Latinoam\u00e9rica son conocidos por su perspectiva internacional, sus conocimientos locales especializados y su atenci\u00f3n al detalle.","breadcrumb":{"@id":"https:\/\/hyphen.archi\/es\/ubicaciones\/#breadcrumb"},"inLanguage":"es-ES","potentialAction":[{"@type":"ReadAction","target":["https:\/\/hyphen.archi\/es\/ubicaciones\/"]}]},{"@type":"BreadcrumbList","@id":"https:\/\/hyphen.archi\/es\/ubicaciones\/#breadcrumb","itemListElement":[{"@type":"ListItem","position":1,"name":"Home","item":"https:\/\/hyphen.archi\/es\/"},{"@type":"ListItem","position":2,"name":"Localizaciones"}]},{"@type":"WebSite","@id":"https:\/\/hyphen.archi\/es\/#website","url":"https:\/\/hyphen.archi\/es\/","name":"Hyphen","description":"International Architecture Firm","publisher":{"@id":"https:\/\/hyphen.archi\/es\/#organization"},"potentialAction":[{"@type":"SearchAction","target":{"@type":"EntryPoint","urlTemplate":"https:\/\/hyphen.archi\/es\/?s={search_term_string}"},"query-input":{"@type":"PropertyValueSpecification","valueRequired":true,"valueName":"search_term_string"}}],"inLanguage":"es-ES"},{"@type":"Organization","@id":"https:\/\/hyphen.archi\/es\/#organization","name":"Hyphen","url":"https:\/\/hyphen.archi\/es\/","logo":{"@type":"ImageObject","inLanguage":"es-ES","@id":"https:\/\/hyphen.archi\/es\/#\/schema\/logo\/image\/","url":"https:\/\/hyphen.archi\/app\/uploads\/2024\/03\/Favicon-no_BG.png","contentUrl":"https:\/\/hyphen.archi\/app\/uploads\/2024\/03\/Favicon-no_BG.png","width":792,"height":793,"caption":"Hyphen"},"image":{"@id":"https:\/\/hyphen.archi\/es\/#\/schema\/logo\/image\/"},"sameAs":["https:\/\/www.linkedin.com\/company\/hyphen.archi\/","https:\/\/www.instagram.com\/hyphen_archi\/"]}]}},"mfb_rest_fields":["title","yoast_head","yoast_head_json"],"_links":{"self":[{"href":"https:\/\/hyphen.archi\/es\/wp-json\/wp\/v2\/pages\/8521","targetHints":{"allow":["GET"]}}],"collection":[{"href":"https:\/\/hyphen.archi\/es\/wp-json\/wp\/v2\/pages"}],"about":[{"href":"https:\/\/hyphen.archi\/es\/wp-json\/wp\/v2\/types\/page"}],"author":[{"embeddable":true,"href":"https:\/\/hyphen.archi\/es\/wp-json\/wp\/v2\/users\/1"}],"replies":[{"embeddable":true,"href":"https:\/\/hyphen.archi\/es\/wp-json\/wp\/v2\/comments?post=8521"}],"version-history":[{"count":4,"href":"https:\/\/hyphen.archi\/es\/wp-json\/wp\/v2\/pages\/8521\/revisions"}],"predecessor-version":[{"id":10515,"href":"https:\/\/hyphen.archi\/es\/wp-json\/wp\/v2\/pages\/8521\/revisions\/10515"}],"wp:attachment":[{"href":"https:\/\/hyphen.archi\/es\/wp-json\/wp\/v2\/media?parent=8521"}],"wp:term":[{"taxonomy":"expertise","embeddable":true,"href":"https:\/\/hyphen.archi\/es\/wp-json\/wp\/v2\/expertise?post=8521"},{"taxonomy":"location","embeddable":true,"href":"https:\/\/hyphen.archi\/es\/wp-json\/wp\/v2\/location?post=8521"},{"taxonomy":"sector","embeddable":true,"href":"https:\/\/hyphen.archi\/es\/wp-json\/wp\/v2\/sector?post=8521"}],"curies":[{"name":"wp","href":"https:\/\/api.w.org\/{rel}","templated":true}]}}