
{"id":8571,"date":"2023-09-19T15:44:04","date_gmt":"2023-09-19T15:44:04","guid":{"rendered":"http:\/\/hyphen.archi\/politicas\/"},"modified":"2024-04-30T10:06:20","modified_gmt":"2024-04-30T10:06:20","slug":"politicas","status":"publish","type":"page","link":"https:\/\/hyphen.archi\/es\/politicas\/","title":{"rendered":"Pol\u00edticas"},"content":{"rendered":"\n<h2 class=\"wp-block-heading has-large-font-size\">Declaraci\u00f3n pol\u00edtica BIM<\/h2>\n\n<p>Esta declaraci\u00f3n establece la pol\u00edtica de Modelado de Informaci\u00f3n para la Construcci\u00f3n (BIM) de Hyphen. Abarca los servicios arquitect\u00f3nicos prestados por The Hyphen Group Ltd desde el inicio hasta la finalizaci\u00f3n de nuestros proyectos. Esta declaraci\u00f3n se revisar\u00e1 anualmente y los cambios se adoptar\u00e1n en toda la empresa.<\/p>\n\n<p><a href=\"https:\/\/hyphen.archi\/es\/politicas\/declaracion-politica-bim\/\" data-type=\"page\" data-id=\"2878\">Leer m\u00e1s<\/a><\/p>\n\n<h2 class=\"wp-block-heading has-large-font-size\">Pol\u00edtica empresarial \u00e9tica<\/h2>\n\n<p>Esta pol\u00edtica cubre a todos los directores y personal de Hyphen en todo el Grupo de empresas Hyphen. Buscamos la excelencia en todos los aspectos de nuestro negocio. Creemos que tenemos la responsabilidad de cumplir las normas m\u00e1s estrictas de comportamiento y atenci\u00f3n. Reconocemos nuestras responsabilidades como empresa internacional y nos proponemos establecer, fomentar y mantener los m\u00e1s altos niveles de responsabilidad corporativa en todo lo que hacemos en todas nuestras operaciones. Creemos que esto no s\u00f3lo tiene sentido desde el punto de vista empresarial, sino que tambi\u00e9n tiene el potencial de mejorar nuestras relaciones laborales con nuestros clientes, proveedores, entre nosotros y con la comunidad en general que nos rodea.<\/p>\n\n<p><a href=\"https:\/\/hyphen.archi\/es\/politicas\/politica-empresarial-etica\/\" data-type=\"page\" data-id=\"2880\">Leer m\u00e1s<\/a><\/p>\n\n<h2 class=\"wp-block-heading has-large-font-size\">Declaraci\u00f3n Net Zero<\/h2>\n\n<p>En nuestra <a href=\"https:\/\/hyphen.archi\/es\/politicas\/declaracion-net-zero\/\" data-type=\"page\" data-id=\"2882\">Declaraci\u00f3n de Cero<\/a> Neto, nos comprometemos a reducir a la mitad nuestras emisiones de gases de efecto invernadero para 2030 y a alcanzar el cero neto antes de 2050. Aunque el a\u00f1o 2050 parece muy lejano, este compromiso se basa en el marco <a href=\"https:\/\/businessclimatehub.org\/\" target=\"_blank\" rel=\"noreferrer noopener\">SME Climate Hub<\/a>, que apoya a las peque\u00f1as y medianas empresas, como Hyphen, para que se comprometan con objetivos netos cero, y est\u00e1 reconocido por <a href=\"https:\/\/unfccc.int\/climate-action\/race-to-zero-campaign\" target=\"_blank\" rel=\"noreferrer noopener\">la campa\u00f1a Race to Zero<\/a> de Naciones Unidas.<\/p>\n\n<p><a href=\"https:\/\/hyphen.archi\/es\/politicas\/declaracion-net-zero\/\" data-type=\"page\" data-id=\"2882\">Leer m\u00e1s<\/a><\/p>\n\n<h2 class=\"wp-block-heading has-large-font-size\">Pol\u00edtica de calidad<\/h2>\n\n<p>La ambici\u00f3n de Hyphen es convertirse en la red mejor conectada del mundo de estudios de arquitectura dirigidos por sus propietarios, ofreciendo el m\u00e1ximo nivel de servicio a nuestros clientes en todo el mundo y compitiendo en un escenario global en los sectores que elijamos. Este compromiso est\u00e1 respaldado por nuestros valores y es esencial para nuestro crecimiento y \u00e9xito continuados.<\/p>\n\n<p>Defendemos la calidad. Nuestra responsabilidad con la calidad es vital para todo lo que hacemos. Estamos comprometidos con la mejora continua de nuestros servicios y con el cumplimiento de todos los requisitos aplicables de nuestra certificaci\u00f3n ISO 9001:2015, que tambi\u00e9n respalda nuestro Sistema de Gesti\u00f3n de la Calidad (SGC).<\/p>\n\n<p><a href=\"https:\/\/hyphen.archi\/es\/politicas\/politica-de-calidad\/\" data-type=\"page\" data-id=\"2884\">Leer m\u00e1s<\/a><\/p>\n","protected":false},"excerpt":{"rendered":"<p>Declaraci\u00f3n pol\u00edtica BIM Esta declaraci\u00f3n establece la pol\u00edtica de Modelado de Informaci\u00f3n para la Construcci\u00f3n (BIM) de Hyphen. Abarca los servicios arquitect\u00f3nicos prestados por The Hyphen Group Ltd desde el inicio hasta la finalizaci\u00f3n de nuestros proyectos. Esta declaraci\u00f3n se revisar\u00e1 anualmente y los cambios se adoptar\u00e1n en toda la empresa. Leer m\u00e1s Pol\u00edtica empresarial [&hellip;]<\/p>\n","protected":false},"author":1,"featured_media":0,"parent":0,"menu_order":0,"comment_status":"closed","ping_status":"open","template":"","meta":{"_acf_changed":false,"CBBTypography":[],"footnotes":""},"expertise":[],"location":[],"sector":[],"class_list":["post-8571","page","type-page","status-publish","hentry"],"acf":[],"mb":[],"yoast_head":"<!-- This site is optimized with the Yoast SEO Premium plugin v25.9 (Yoast SEO v27.4) - https:\/\/yoast.com\/product\/yoast-seo-premium-wordpress\/ -->\n<title>Pol\u00edticas - Hyphen<\/title>\n<meta name=\"robots\" content=\"index, follow, max-snippet:-1, max-image-preview:large, max-video-preview:-1\" \/>\n<link rel=\"canonical\" href=\"https:\/\/hyphen.archi\/es\/politicas\/\" \/>\n<meta property=\"og:locale\" content=\"es_ES\" \/>\n<meta property=\"og:type\" content=\"article\" \/>\n<meta property=\"og:title\" content=\"Pol\u00edticas\" \/>\n<meta property=\"og:description\" content=\"Declaraci\u00f3n pol\u00edtica BIM Esta declaraci\u00f3n establece la pol\u00edtica de Modelado de Informaci\u00f3n para la Construcci\u00f3n (BIM) de Hyphen. Abarca los servicios arquitect\u00f3nicos prestados por The Hyphen Group Ltd desde el inicio hasta la finalizaci\u00f3n de nuestros proyectos. Esta declaraci\u00f3n se revisar\u00e1 anualmente y los cambios se adoptar\u00e1n en toda la empresa. Leer m\u00e1s Pol\u00edtica empresarial [&hellip;]\" \/>\n<meta property=\"og:url\" content=\"https:\/\/hyphen.archi\/es\/politicas\/\" \/>\n<meta property=\"og:site_name\" content=\"Hyphen\" \/>\n<meta property=\"article:modified_time\" content=\"2024-04-30T10:06:20+00:00\" \/>\n<meta name=\"twitter:card\" content=\"summary_large_image\" \/>\n<meta name=\"twitter:label1\" content=\"Est. reading time\" \/>\n\t<meta name=\"twitter:data1\" content=\"2 minutes\" \/>\n<script type=\"application\/ld+json\" class=\"yoast-schema-graph\">{\"@context\":\"https:\\\/\\\/schema.org\",\"@graph\":[{\"@type\":\"WebPage\",\"@id\":\"https:\\\/\\\/hyphen.archi\\\/es\\\/politicas\\\/\",\"url\":\"https:\\\/\\\/hyphen.archi\\\/es\\\/politicas\\\/\",\"name\":\"Pol\u00edticas - Hyphen\",\"isPartOf\":{\"@id\":\"https:\\\/\\\/hyphen.archi\\\/es\\\/#website\"},\"datePublished\":\"2023-09-19T15:44:04+00:00\",\"dateModified\":\"2024-04-30T10:06:20+00:00\",\"breadcrumb\":{\"@id\":\"https:\\\/\\\/hyphen.archi\\\/es\\\/politicas\\\/#breadcrumb\"},\"inLanguage\":\"es-ES\",\"potentialAction\":[{\"@type\":\"ReadAction\",\"target\":[\"https:\\\/\\\/hyphen.archi\\\/es\\\/politicas\\\/\"]}]},{\"@type\":\"BreadcrumbList\",\"@id\":\"https:\\\/\\\/hyphen.archi\\\/es\\\/politicas\\\/#breadcrumb\",\"itemListElement\":[{\"@type\":\"ListItem\",\"position\":1,\"name\":\"Home\",\"item\":\"https:\\\/\\\/hyphen.archi\\\/es\\\/\"},{\"@type\":\"ListItem\",\"position\":2,\"name\":\"Pol\u00edticas\"}]},{\"@type\":\"WebSite\",\"@id\":\"https:\\\/\\\/hyphen.archi\\\/es\\\/#website\",\"url\":\"https:\\\/\\\/hyphen.archi\\\/es\\\/\",\"name\":\"Hyphen\",\"description\":\"International Architecture Firm\",\"publisher\":{\"@id\":\"https:\\\/\\\/hyphen.archi\\\/es\\\/#organization\"},\"potentialAction\":[{\"@type\":\"SearchAction\",\"target\":{\"@type\":\"EntryPoint\",\"urlTemplate\":\"https:\\\/\\\/hyphen.archi\\\/es\\\/?s={search_term_string}\"},\"query-input\":{\"@type\":\"PropertyValueSpecification\",\"valueRequired\":true,\"valueName\":\"search_term_string\"}}],\"inLanguage\":\"es-ES\"},{\"@type\":\"Organization\",\"@id\":\"https:\\\/\\\/hyphen.archi\\\/es\\\/#organization\",\"name\":\"Hyphen\",\"url\":\"https:\\\/\\\/hyphen.archi\\\/es\\\/\",\"logo\":{\"@type\":\"ImageObject\",\"inLanguage\":\"es-ES\",\"@id\":\"https:\\\/\\\/hyphen.archi\\\/es\\\/#\\\/schema\\\/logo\\\/image\\\/\",\"url\":\"https:\\\/\\\/hyphen.archi\\\/app\\\/uploads\\\/2024\\\/03\\\/Favicon-no_BG.png\",\"contentUrl\":\"https:\\\/\\\/hyphen.archi\\\/app\\\/uploads\\\/2024\\\/03\\\/Favicon-no_BG.png\",\"width\":792,\"height\":793,\"caption\":\"Hyphen\"},\"image\":{\"@id\":\"https:\\\/\\\/hyphen.archi\\\/es\\\/#\\\/schema\\\/logo\\\/image\\\/\"},\"sameAs\":[\"https:\\\/\\\/www.linkedin.com\\\/company\\\/hyphen.archi\\\/\",\"https:\\\/\\\/www.instagram.com\\\/hyphen_archi\\\/\"]}]}<\/script>\n<!-- \/ Yoast SEO Premium plugin. -->","yoast_head_json":{"title":"Pol\u00edticas - Hyphen","robots":{"index":"index","follow":"follow","max-snippet":"max-snippet:-1","max-image-preview":"max-image-preview:large","max-video-preview":"max-video-preview:-1"},"canonical":"https:\/\/hyphen.archi\/es\/politicas\/","og_locale":"es_ES","og_type":"article","og_title":"Pol\u00edticas","og_description":"Declaraci\u00f3n pol\u00edtica BIM Esta declaraci\u00f3n establece la pol\u00edtica de Modelado de Informaci\u00f3n para la Construcci\u00f3n (BIM) de Hyphen. Abarca los servicios arquitect\u00f3nicos prestados por The Hyphen Group Ltd desde el inicio hasta la finalizaci\u00f3n de nuestros proyectos. Esta declaraci\u00f3n se revisar\u00e1 anualmente y los cambios se adoptar\u00e1n en toda la empresa. Leer m\u00e1s Pol\u00edtica empresarial [&hellip;]","og_url":"https:\/\/hyphen.archi\/es\/politicas\/","og_site_name":"Hyphen","article_modified_time":"2024-04-30T10:06:20+00:00","twitter_card":"summary_large_image","twitter_misc":{"Est. reading time":"2 minutes"},"schema":{"@context":"https:\/\/schema.org","@graph":[{"@type":"WebPage","@id":"https:\/\/hyphen.archi\/es\/politicas\/","url":"https:\/\/hyphen.archi\/es\/politicas\/","name":"Pol\u00edticas - Hyphen","isPartOf":{"@id":"https:\/\/hyphen.archi\/es\/#website"},"datePublished":"2023-09-19T15:44:04+00:00","dateModified":"2024-04-30T10:06:20+00:00","breadcrumb":{"@id":"https:\/\/hyphen.archi\/es\/politicas\/#breadcrumb"},"inLanguage":"es-ES","potentialAction":[{"@type":"ReadAction","target":["https:\/\/hyphen.archi\/es\/politicas\/"]}]},{"@type":"BreadcrumbList","@id":"https:\/\/hyphen.archi\/es\/politicas\/#breadcrumb","itemListElement":[{"@type":"ListItem","position":1,"name":"Home","item":"https:\/\/hyphen.archi\/es\/"},{"@type":"ListItem","position":2,"name":"Pol\u00edticas"}]},{"@type":"WebSite","@id":"https:\/\/hyphen.archi\/es\/#website","url":"https:\/\/hyphen.archi\/es\/","name":"Hyphen","description":"International Architecture Firm","publisher":{"@id":"https:\/\/hyphen.archi\/es\/#organization"},"potentialAction":[{"@type":"SearchAction","target":{"@type":"EntryPoint","urlTemplate":"https:\/\/hyphen.archi\/es\/?s={search_term_string}"},"query-input":{"@type":"PropertyValueSpecification","valueRequired":true,"valueName":"search_term_string"}}],"inLanguage":"es-ES"},{"@type":"Organization","@id":"https:\/\/hyphen.archi\/es\/#organization","name":"Hyphen","url":"https:\/\/hyphen.archi\/es\/","logo":{"@type":"ImageObject","inLanguage":"es-ES","@id":"https:\/\/hyphen.archi\/es\/#\/schema\/logo\/image\/","url":"https:\/\/hyphen.archi\/app\/uploads\/2024\/03\/Favicon-no_BG.png","contentUrl":"https:\/\/hyphen.archi\/app\/uploads\/2024\/03\/Favicon-no_BG.png","width":792,"height":793,"caption":"Hyphen"},"image":{"@id":"https:\/\/hyphen.archi\/es\/#\/schema\/logo\/image\/"},"sameAs":["https:\/\/www.linkedin.com\/company\/hyphen.archi\/","https:\/\/www.instagram.com\/hyphen_archi\/"]}]}},"mfb_rest_fields":["title","yoast_head","yoast_head_json"],"_links":{"self":[{"href":"https:\/\/hyphen.archi\/es\/wp-json\/wp\/v2\/pages\/8571","targetHints":{"allow":["GET"]}}],"collection":[{"href":"https:\/\/hyphen.archi\/es\/wp-json\/wp\/v2\/pages"}],"about":[{"href":"https:\/\/hyphen.archi\/es\/wp-json\/wp\/v2\/types\/page"}],"author":[{"embeddable":true,"href":"https:\/\/hyphen.archi\/es\/wp-json\/wp\/v2\/users\/1"}],"replies":[{"embeddable":true,"href":"https:\/\/hyphen.archi\/es\/wp-json\/wp\/v2\/comments?post=8571"}],"version-history":[{"count":2,"href":"https:\/\/hyphen.archi\/es\/wp-json\/wp\/v2\/pages\/8571\/revisions"}],"predecessor-version":[{"id":10520,"href":"https:\/\/hyphen.archi\/es\/wp-json\/wp\/v2\/pages\/8571\/revisions\/10520"}],"wp:attachment":[{"href":"https:\/\/hyphen.archi\/es\/wp-json\/wp\/v2\/media?parent=8571"}],"wp:term":[{"taxonomy":"expertise","embeddable":true,"href":"https:\/\/hyphen.archi\/es\/wp-json\/wp\/v2\/expertise?post=8571"},{"taxonomy":"location","embeddable":true,"href":"https:\/\/hyphen.archi\/es\/wp-json\/wp\/v2\/location?post=8571"},{"taxonomy":"sector","embeddable":true,"href":"https:\/\/hyphen.archi\/es\/wp-json\/wp\/v2\/sector?post=8571"}],"curies":[{"name":"wp","href":"https:\/\/api.w.org\/{rel}","templated":true}]}}