
{"id":7316,"date":"2023-11-08T10:48:32","date_gmt":"2023-11-08T10:48:32","guid":{"rendered":"http:\/\/hyphen.archi\/services\/"},"modified":"2024-08-14T10:29:40","modified_gmt":"2024-08-14T10:29:40","slug":"services","status":"publish","type":"page","link":"https:\/\/hyphen.archi\/fr\/services\/","title":{"rendered":"Services"},"content":{"rendered":"\n<div class=\"wp-block-boldblocks-group cbb-block background-image-animation is-layout-flow wp-block-boldblocks-group-is-layout-flow bb:has-overlay bb:has-background bb:has-background--image\" style=\"min-height:75vh;margin-bottom:var(--wp--preset--spacing--40);padding-top:0;padding-right:var(--wp--preset--spacing--40);padding-bottom:0;padding-left:var(--wp--preset--spacing--40)\"><div class=\"bb:block-background bb:block-background--image cbb-bg-image\" style=\"background-image:url(https:\/\/hyphen.archi\/app\/uploads\/2026\/03\/TEST003_N3_medium.jpg);background-position:63% 43%;background-repeat:no-repeat;background-size:cover;\"   data-src=\"https:\/\/hyphen.archi\/app\/uploads\/2026\/03\/TEST003_N3_medium.jpg\" data-width=\"1500\" data-height=\"844\"><\/div><div aria-hidden=\"true\" class=\"bb:block-overlay\" style=\"background:var(--wp--preset--color--contrast, #000000);opacity:0.3;\"><\/div>\n<h1 class=\"wp-block-heading has-base-color has-text-color\" style=\"margin-top:70vh;margin-right:0;margin-bottom:var(--wp--preset--spacing--40);margin-left:0\">Services<\/h1>\n<\/div>\n\n<div class=\"wp-block-group is-layout-flow wp-block-group-is-layout-flow\" style=\"margin-top:var(--wp--preset--spacing--40);margin-bottom:var(--wp--preset--spacing--40);padding-top:0;padding-right:var(--wp--preset--spacing--40);padding-bottom:0;padding-left:var(--wp--preset--spacing--40)\">\n<div class=\"wp-block-columns is-layout-flex wp-container-core-columns-is-layout-28f84493 wp-block-columns-is-layout-flex\">\n<div class=\"wp-block-column is-layout-flow wp-block-column-is-layout-flow\">\n<p class=\"has-large-font-size\">Notre flexibilit\u00e9 s&#8217;\u00e9tend \u00e0 une gamme vari\u00e9e de services, allant d&#8217;une offre compl\u00e8te en architecture traditionnelle \u00e0 des prestations sp\u00e9cifiques pour une \u00e9tape particuli\u00e8re du projet, ainsi qu&#8217;\u00e0 des conseils sp\u00e9cialis\u00e9s.<\/p>\n\n\n\n<p>Nous disposons des connaissances approfondies n\u00e9cessaires pour mener \u00e0 bien des projets de toutes tailles et de tous types, partout dans le monde.  <\/p>\n\n\n\n<p>Notre r\u00f4le s&#8217;inscrit g\u00e9n\u00e9ralement dans ces grandes cat\u00e9gories :<\/p>\n<\/div>\n\n\n\n<div class=\"wp-block-column is-layout-flow wp-block-column-is-layout-flow\"><\/div>\n<\/div>\n<\/div>\n\n<div class=\"wp-block-group is-layout-flow wp-block-group-is-layout-flow\" style=\"padding-right:var(--wp--preset--spacing--40);padding-left:var(--wp--preset--spacing--40)\">\n<div class=\"wp-block-boldblocks-accordion-item-repeater cbb-block-parent is-accordion is-style-boldblocks-accordion-item-repeater-variation-NZ1Ek39WGM has-border-color has-base-border-color js-accordion-layout cbb-g-7 sm-cbb-a-no-border md-cbb-a-no-border lg-cbb-a-no-border sm-cbb-accordion-gap sm-cbb-accordion-padding\" style=\"border-width:1px;--bb--accordion-title-color:var(--wp--preset--color--contrast, #000000);--bb--accordion-icon-color:var(--wp--preset--color--contrast, #000000)\" data-multiple-opens=\"false\">\n<div class=\"wp-block-boldblocks-accordion-item cbb-block is-accordion-item has-parent has-border-color has-base-border-color\" style=\"border-width:1px\"><h3 class=\"accordion-header\" data-toggle-target=\"#accordion-1-item-1\" data-toggle-state=\"hidden\" data-toggle-state-hidden=\"hidden\" data-toggle-state-shown=\"shown\" data-toggle-collapse-transition-property=\"height\" aria-controls=\"accordion-1-item-1\"><a class=\"accordion-link\" href=\"#accordion-1-item-1\"><span class=\"title\">Strategic definition<\/span><\/a><\/h3><div role=\"region\" id=\"accordion-1-item-1\" class=\"accordion-collapse collapse\"><div class=\"accordion-body\">\n<ul class=\"wp-block-list\">\n<li class=\"has-medium-font-size\">Conseils strat\u00e9giques<\/li>\n\n\n\n<li class=\"has-medium-font-size\">S\u00e9lection et \u00e9valuation du site  <\/li>\n\n\n\n<li class=\"has-medium-font-size\">Rapports d&#8217;information et enqu\u00eates sur les sites<\/li>\n\n\n\n<li class=\"has-medium-font-size\">\u00c9valuation de l&#8217;\u00e9tat des b\u00e2timents  <\/li>\n\n\n\n<li class=\"has-medium-font-size\">\u00c9tudes de faisabilit\u00e9<\/li>\n\n\n\n<li class=\"has-medium-font-size\">Conformit\u00e9 technique<\/li>\n\n\n\n<li class=\"has-medium-font-size\">Briefing et planification du projet<\/li>\n\n\n\n<li class=\"has-medium-font-size\">\u00c9valuation des risques<\/li>\n\n\n\n<li class=\"has-medium-font-size\">Strat\u00e9gie de conservation<\/li>\n\n\n\n<li class=\"has-medium-font-size\">Localisation<\/li>\n<\/ul>\n<\/div><\/div><\/div>\n\n\n\n<div class=\"wp-block-boldblocks-accordion-item cbb-block is-accordion-item has-parent has-border-color has-base-border-color\" style=\"border-width:1px\"><h3 class=\"accordion-header\" data-toggle-target=\"#accordion-1-item-2\" data-toggle-state=\"hidden\" data-toggle-state-hidden=\"hidden\" data-toggle-state-shown=\"shown\" data-toggle-collapse-transition-property=\"height\" aria-controls=\"accordion-1-item-2\"><a class=\"accordion-link\" href=\"#accordion-1-item-2\"><span class=\"title\">Design development<\/span><\/a><\/h3><div role=\"region\" id=\"accordion-1-item-2\" class=\"accordion-collapse collapse\"><div class=\"accordion-body\">\n<ul class=\"wp-block-list\">\n<li class=\"has-medium-font-size\">Conseil en architecture  <\/li>\n\n\n\n<li class=\"has-medium-font-size\">Conseil en patrimoine<\/li>\n\n\n\n<li class=\"has-medium-font-size\">\u00c9tudes de faisabilit\u00e9 <\/li>\n\n\n\n<li class=\"has-medium-font-size\">Plan directeur <\/li>\n\n\n\n<li class=\"has-medium-font-size\">Conception  <\/li>\n\n\n\n<li class=\"has-medium-font-size\">Conception d\u00e9taill\u00e9e  <\/li>\n\n\n\n<li class=\"has-medium-font-size\">Architecture ex\u00e9cutive  <\/li>\n\n\n\n<li class=\"has-medium-font-size\">Am\u00e9nagement int\u00e9rieur  <\/li>\n\n\n\n<li class=\"has-medium-font-size\">Plan des co\u00fbts et strat\u00e9gie d&#8217;approvisionnement<\/li>\n\n\n\n<li class=\"has-medium-font-size\">Programme du projet<\/li>\n\n\n\n<li class=\"has-medium-font-size\">Mod\u00e9lisation des donn\u00e9es du b\u00e2timent (BIM)<\/li>\n\n\n\n<li class=\"has-medium-font-size\">Conservation du Patrimoine Historique <\/li>\n\n\n\n<li class=\"has-medium-font-size\">Analyse de rentabilit\u00e9<\/li>\n<\/ul>\n<\/div><\/div><\/div>\n\n\n\n<div class=\"wp-block-boldblocks-accordion-item cbb-block is-accordion-item has-parent has-border-color has-base-border-color\" style=\"border-width:1px\"><h3 class=\"accordion-header\" data-toggle-target=\"#accordion-1-item-3\" data-toggle-state=\"hidden\" data-toggle-state-hidden=\"hidden\" data-toggle-state-shown=\"shown\" data-toggle-collapse-transition-property=\"height\" aria-controls=\"accordion-1-item-3\"><a class=\"accordion-link\" href=\"#accordion-1-item-3\"><span class=\"title\">Permitting and regulations<\/span><\/a><\/h3><div role=\"region\" id=\"accordion-1-item-3\" class=\"accordion-collapse collapse\"><div class=\"accordion-body\">\n<ul class=\"wp-block-list\">\n<li class=\"has-medium-font-size\">conseils sur la strat\u00e9gie en mati\u00e8re de permis de construire et l&#8217;obtention d&#8217;autorisations<\/li>\n\n\n\n<li class=\"has-medium-font-size\">Rapports de conformit\u00e9 aux normes et r\u00e9glementations<\/li>\n\n\n\n<li class=\"has-medium-font-size\">Conseil en mati\u00e8re de Permis de construire<\/li>\n\n\n\n<li class=\"has-medium-font-size\">Liaison avec les autorit\u00e9s locales<\/li>\n\n\n\n<li class=\"has-medium-font-size\">Demandes et gestion de permis de construire<\/li>\n<\/ul>\n<\/div><\/div><\/div>\n\n\n\n<div class=\"wp-block-boldblocks-accordion-item cbb-block is-accordion-item has-parent has-border-color has-base-border-color\" style=\"border-width:1px\"><h3 class=\"accordion-header\" data-toggle-target=\"#accordion-1-item-4\" data-toggle-state=\"hidden\" data-toggle-state-hidden=\"hidden\" data-toggle-state-shown=\"shown\" data-toggle-collapse-transition-property=\"height\" aria-controls=\"accordion-1-item-4\"><a class=\"accordion-link\" href=\"#accordion-1-item-4\"><span class=\"title\">Construction preparation and management<\/span><\/a><\/h3><div role=\"region\" id=\"accordion-1-item-4\" class=\"accordion-collapse collapse\"><div class=\"accordion-body\">\n<ul class=\"wp-block-list\">\n<li class=\"has-medium-font-size\">Documentation relative \u00e0 la construction<\/li>\n\n\n\n<li class=\"has-medium-font-size\">Contrats de construction<\/li>\n\n\n\n<li class=\"has-medium-font-size\">Information et gestion des appels d&#8217;offres<\/li>\n\n\n\n<li class=\"has-medium-font-size\">Planification de la phase de construction<\/li>\n\n\n\n<li class=\"has-medium-font-size\">Administration des contrats de construction<\/li>\n\n\n\n<li class=\"has-medium-font-size\">Gestion de projet  <\/li>\n\n\n\n<li class=\"has-medium-font-size\">Gestion de la construction  <\/li>\n\n\n\n<li class=\"has-medium-font-size\">Qualit\u00e9 et conformit\u00e9 de la construction<\/li>\n\n\n\n<li class=\"has-medium-font-size\">Informations sur l&#8217;\u00e9tat des lieux de fin de chantier<\/li>\n\n\n\n<li class=\"has-medium-font-size\">Signer la documentation<\/li>\n\n\n\n<li class=\"has-medium-font-size\">Supervision de la mise en service<\/li>\n\n\n\n<li class=\"has-medium-font-size\">Post-construction  <\/li>\n\n\n\n<li class=\"has-medium-font-size\">\u00c9valuation apr\u00e8s occupation<\/li>\n<\/ul>\n<\/div><\/div><\/div>\n\n\n\n<div class=\"wp-block-boldblocks-accordion-item cbb-block is-accordion-item has-parent has-border-color has-base-border-color\" style=\"border-width:1px\"><h3 class=\"accordion-header\" data-toggle-target=\"#accordion-1-item-5\" data-toggle-state=\"hidden\" data-toggle-state-hidden=\"hidden\" data-toggle-state-shown=\"shown\" data-toggle-collapse-transition-property=\"height\" aria-controls=\"accordion-1-item-5\"><a class=\"accordion-link\" href=\"#accordion-1-item-5\"><span class=\"title\">Other services<\/span><\/a><\/h3><div role=\"region\" id=\"accordion-1-item-5\" class=\"accordion-collapse collapse\"><div class=\"accordion-body\">\n<ul class=\"wp-block-list\">\n<li class=\"has-medium-font-size\">Durabilit\u00e9<\/li>\n\n\n\n<li class=\"has-medium-font-size\">Visualisation<\/li>\n\n\n\n<li class=\"has-medium-font-size\">Conception MEP (commerce de d\u00e9tail et commercial)<\/li>\n<\/ul>\n<\/div><\/div><\/div>\n<\/div>\n<\/div>\n","protected":false},"excerpt":{"rendered":"<p>Notre flexibilit\u00e9 s&#8217;\u00e9tend \u00e0 une gamme vari\u00e9e de services, allant d&#8217;une offre compl\u00e8te en architecture traditionnelle \u00e0 des prestations sp\u00e9cifiques pour une \u00e9tape particuli\u00e8re du projet, ainsi qu&#8217;\u00e0 des conseils sp\u00e9cialis\u00e9s. Nous disposons des connaissances approfondies n\u00e9cessaires pour mener \u00e0 bien des projets de toutes tailles et de tous types, partout dans le monde. Notre [&hellip;]<\/p>\n","protected":false},"author":1,"featured_media":15809,"parent":0,"menu_order":0,"comment_status":"closed","ping_status":"closed","template":"page-epic","meta":{"_acf_changed":false,"CBBTypography":[],"footnotes":""},"expertise":[],"location":[],"sector":[],"class_list":["post-7316","page","type-page","status-publish","has-post-thumbnail","hentry"],"acf":[],"mb":[],"yoast_head":"<!-- This site is optimized with the Yoast SEO Premium plugin v25.9 (Yoast SEO v27.0) - https:\/\/yoast.com\/product\/yoast-seo-premium-wordpress\/ -->\n<title>Services - Hyphen<\/title>\n<meta name=\"description\" content=\"Notre flexibilit\u00e9 s&#039;\u00e9tend \u00e0 une gamme vari\u00e9e de services, allant d&#039;une offre compl\u00e8te en architecture traditionnelle \u00e0 des prestations sp\u00e9cifiques pour une \u00e9tape particuli\u00e8re du projet, ainsi qu&#039;\u00e0 des conseils sp\u00e9cialis\u00e9s.\" \/>\n<meta name=\"robots\" content=\"index, follow, max-snippet:-1, max-image-preview:large, max-video-preview:-1\" \/>\n<link rel=\"canonical\" href=\"https:\/\/hyphen.archi\/fr\/services\/\" \/>\n<meta property=\"og:locale\" content=\"fr_FR\" \/>\n<meta property=\"og:type\" content=\"article\" \/>\n<meta property=\"og:title\" content=\"Services\" \/>\n<meta property=\"og:description\" content=\"Notre flexibilit\u00e9 s&#039;\u00e9tend \u00e0 une gamme vari\u00e9e de services, allant d&#039;une offre compl\u00e8te en architecture traditionnelle \u00e0 des prestations sp\u00e9cifiques pour une \u00e9tape particuli\u00e8re du projet, ainsi qu&#039;\u00e0 des conseils sp\u00e9cialis\u00e9s.\" \/>\n<meta property=\"og:url\" content=\"https:\/\/hyphen.archi\/fr\/services\/\" \/>\n<meta property=\"og:site_name\" content=\"Hyphen\" \/>\n<meta property=\"article:modified_time\" content=\"2024-08-14T10:29:40+00:00\" \/>\n<meta property=\"og:image\" content=\"http:\/\/hyphen.archi\/app\/uploads\/2024\/04\/AR-Cover-image-edited.jpg\" \/>\n\t<meta property=\"og:image:width\" content=\"1142\" \/>\n\t<meta property=\"og:image:height\" content=\"713\" \/>\n\t<meta property=\"og:image:type\" content=\"image\/jpeg\" \/>\n<meta name=\"twitter:card\" content=\"summary_large_image\" \/>\n<meta name=\"twitter:label1\" content=\"Est. reading time\" \/>\n\t<meta name=\"twitter:data1\" content=\"2 minutes\" \/>\n<script type=\"application\/ld+json\" class=\"yoast-schema-graph\">{\"@context\":\"https:\/\/schema.org\",\"@graph\":[{\"@type\":\"WebPage\",\"@id\":\"https:\/\/hyphen.archi\/fr\/services\/\",\"url\":\"https:\/\/hyphen.archi\/fr\/services\/\",\"name\":\"Services - Hyphen\",\"isPartOf\":{\"@id\":\"https:\/\/hyphen.archi\/fr\/#website\"},\"primaryImageOfPage\":{\"@id\":\"https:\/\/hyphen.archi\/fr\/services\/#primaryimage\"},\"image\":{\"@id\":\"https:\/\/hyphen.archi\/fr\/services\/#primaryimage\"},\"thumbnailUrl\":\"https:\/\/hyphen.archi\/app\/uploads\/2026\/03\/TEST003_N3_medium.jpg\",\"datePublished\":\"2023-11-08T10:48:32+00:00\",\"dateModified\":\"2024-08-14T10:29:40+00:00\",\"description\":\"Notre flexibilit\u00e9 s'\u00e9tend \u00e0 une gamme vari\u00e9e de services, allant d'une offre compl\u00e8te en architecture traditionnelle \u00e0 des prestations sp\u00e9cifiques pour une \u00e9tape particuli\u00e8re du projet, ainsi qu'\u00e0 des conseils sp\u00e9cialis\u00e9s.\",\"breadcrumb\":{\"@id\":\"https:\/\/hyphen.archi\/fr\/services\/#breadcrumb\"},\"inLanguage\":\"fr-FR\",\"potentialAction\":[{\"@type\":\"ReadAction\",\"target\":[\"https:\/\/hyphen.archi\/fr\/services\/\"]}]},{\"@type\":\"ImageObject\",\"inLanguage\":\"fr-FR\",\"@id\":\"https:\/\/hyphen.archi\/fr\/services\/#primaryimage\",\"url\":\"https:\/\/hyphen.archi\/app\/uploads\/2026\/03\/TEST003_N3_medium.jpg\",\"contentUrl\":\"https:\/\/hyphen.archi\/app\/uploads\/2026\/03\/TEST003_N3_medium.jpg\",\"width\":1500,\"height\":844,\"caption\":\"Street-level view of a modern glass-fronted building entrance with the \u201cElea Digital\u201d logo, beside a large vertical green wall with climbing plants and flowers threaded through white slats, while three people stand and walk along the pavement.\"},{\"@type\":\"BreadcrumbList\",\"@id\":\"https:\/\/hyphen.archi\/fr\/services\/#breadcrumb\",\"itemListElement\":[{\"@type\":\"ListItem\",\"position\":1,\"name\":\"Home\",\"item\":\"https:\/\/hyphen.archi\/fr\/\"},{\"@type\":\"ListItem\",\"position\":2,\"name\":\"Services\"}]},{\"@type\":\"WebSite\",\"@id\":\"https:\/\/hyphen.archi\/fr\/#website\",\"url\":\"https:\/\/hyphen.archi\/fr\/\",\"name\":\"Hyphen\",\"description\":\"International Architecture Firm\",\"publisher\":{\"@id\":\"https:\/\/hyphen.archi\/fr\/#organization\"},\"potentialAction\":[{\"@type\":\"SearchAction\",\"target\":{\"@type\":\"EntryPoint\",\"urlTemplate\":\"https:\/\/hyphen.archi\/fr\/?s={search_term_string}\"},\"query-input\":{\"@type\":\"PropertyValueSpecification\",\"valueRequired\":true,\"valueName\":\"search_term_string\"}}],\"inLanguage\":\"fr-FR\"},{\"@type\":\"Organization\",\"@id\":\"https:\/\/hyphen.archi\/fr\/#organization\",\"name\":\"Hyphen\",\"url\":\"https:\/\/hyphen.archi\/fr\/\",\"logo\":{\"@type\":\"ImageObject\",\"inLanguage\":\"fr-FR\",\"@id\":\"https:\/\/hyphen.archi\/fr\/#\/schema\/logo\/image\/\",\"url\":\"https:\/\/hyphen.archi\/app\/uploads\/2024\/03\/Favicon-no_BG.png\",\"contentUrl\":\"https:\/\/hyphen.archi\/app\/uploads\/2024\/03\/Favicon-no_BG.png\",\"width\":792,\"height\":793,\"caption\":\"Hyphen\"},\"image\":{\"@id\":\"https:\/\/hyphen.archi\/fr\/#\/schema\/logo\/image\/\"},\"sameAs\":[\"https:\/\/www.linkedin.com\/company\/hyphen.archi\/\",\"https:\/\/www.instagram.com\/hyphen_archi\/\"]}]}<\/script>\n<!-- \/ Yoast SEO Premium plugin. -->","yoast_head_json":{"title":"Services - Hyphen","description":"Notre flexibilit\u00e9 s'\u00e9tend \u00e0 une gamme vari\u00e9e de services, allant d'une offre compl\u00e8te en architecture traditionnelle \u00e0 des prestations sp\u00e9cifiques pour une \u00e9tape particuli\u00e8re du projet, ainsi qu'\u00e0 des conseils sp\u00e9cialis\u00e9s.","robots":{"index":"index","follow":"follow","max-snippet":"max-snippet:-1","max-image-preview":"max-image-preview:large","max-video-preview":"max-video-preview:-1"},"canonical":"https:\/\/hyphen.archi\/fr\/services\/","og_locale":"fr_FR","og_type":"article","og_title":"Services","og_description":"Notre flexibilit\u00e9 s'\u00e9tend \u00e0 une gamme vari\u00e9e de services, allant d'une offre compl\u00e8te en architecture traditionnelle \u00e0 des prestations sp\u00e9cifiques pour une \u00e9tape particuli\u00e8re du projet, ainsi qu'\u00e0 des conseils sp\u00e9cialis\u00e9s.","og_url":"https:\/\/hyphen.archi\/fr\/services\/","og_site_name":"Hyphen","article_modified_time":"2024-08-14T10:29:40+00:00","og_image":[{"width":1142,"height":713,"url":"http:\/\/hyphen.archi\/app\/uploads\/2024\/04\/AR-Cover-image-edited.jpg","type":"image\/jpeg"}],"twitter_card":"summary_large_image","twitter_misc":{"Est. reading time":"2 minutes"},"schema":{"@context":"https:\/\/schema.org","@graph":[{"@type":"WebPage","@id":"https:\/\/hyphen.archi\/fr\/services\/","url":"https:\/\/hyphen.archi\/fr\/services\/","name":"Services - Hyphen","isPartOf":{"@id":"https:\/\/hyphen.archi\/fr\/#website"},"primaryImageOfPage":{"@id":"https:\/\/hyphen.archi\/fr\/services\/#primaryimage"},"image":{"@id":"https:\/\/hyphen.archi\/fr\/services\/#primaryimage"},"thumbnailUrl":"https:\/\/hyphen.archi\/app\/uploads\/2026\/03\/TEST003_N3_medium.jpg","datePublished":"2023-11-08T10:48:32+00:00","dateModified":"2024-08-14T10:29:40+00:00","description":"Notre flexibilit\u00e9 s'\u00e9tend \u00e0 une gamme vari\u00e9e de services, allant d'une offre compl\u00e8te en architecture traditionnelle \u00e0 des prestations sp\u00e9cifiques pour une \u00e9tape particuli\u00e8re du projet, ainsi qu'\u00e0 des conseils sp\u00e9cialis\u00e9s.","breadcrumb":{"@id":"https:\/\/hyphen.archi\/fr\/services\/#breadcrumb"},"inLanguage":"fr-FR","potentialAction":[{"@type":"ReadAction","target":["https:\/\/hyphen.archi\/fr\/services\/"]}]},{"@type":"ImageObject","inLanguage":"fr-FR","@id":"https:\/\/hyphen.archi\/fr\/services\/#primaryimage","url":"https:\/\/hyphen.archi\/app\/uploads\/2026\/03\/TEST003_N3_medium.jpg","contentUrl":"https:\/\/hyphen.archi\/app\/uploads\/2026\/03\/TEST003_N3_medium.jpg","width":1500,"height":844,"caption":"Street-level view of a modern glass-fronted building entrance with the \u201cElea Digital\u201d logo, beside a large vertical green wall with climbing plants and flowers threaded through white slats, while three people stand and walk along the pavement."},{"@type":"BreadcrumbList","@id":"https:\/\/hyphen.archi\/fr\/services\/#breadcrumb","itemListElement":[{"@type":"ListItem","position":1,"name":"Home","item":"https:\/\/hyphen.archi\/fr\/"},{"@type":"ListItem","position":2,"name":"Services"}]},{"@type":"WebSite","@id":"https:\/\/hyphen.archi\/fr\/#website","url":"https:\/\/hyphen.archi\/fr\/","name":"Hyphen","description":"International Architecture Firm","publisher":{"@id":"https:\/\/hyphen.archi\/fr\/#organization"},"potentialAction":[{"@type":"SearchAction","target":{"@type":"EntryPoint","urlTemplate":"https:\/\/hyphen.archi\/fr\/?s={search_term_string}"},"query-input":{"@type":"PropertyValueSpecification","valueRequired":true,"valueName":"search_term_string"}}],"inLanguage":"fr-FR"},{"@type":"Organization","@id":"https:\/\/hyphen.archi\/fr\/#organization","name":"Hyphen","url":"https:\/\/hyphen.archi\/fr\/","logo":{"@type":"ImageObject","inLanguage":"fr-FR","@id":"https:\/\/hyphen.archi\/fr\/#\/schema\/logo\/image\/","url":"https:\/\/hyphen.archi\/app\/uploads\/2024\/03\/Favicon-no_BG.png","contentUrl":"https:\/\/hyphen.archi\/app\/uploads\/2024\/03\/Favicon-no_BG.png","width":792,"height":793,"caption":"Hyphen"},"image":{"@id":"https:\/\/hyphen.archi\/fr\/#\/schema\/logo\/image\/"},"sameAs":["https:\/\/www.linkedin.com\/company\/hyphen.archi\/","https:\/\/www.instagram.com\/hyphen_archi\/"]}]}},"mfb_rest_fields":["title","yoast_head","yoast_head_json"],"_links":{"self":[{"href":"https:\/\/hyphen.archi\/fr\/wp-json\/wp\/v2\/pages\/7316","targetHints":{"allow":["GET"]}}],"collection":[{"href":"https:\/\/hyphen.archi\/fr\/wp-json\/wp\/v2\/pages"}],"about":[{"href":"https:\/\/hyphen.archi\/fr\/wp-json\/wp\/v2\/types\/page"}],"author":[{"embeddable":true,"href":"https:\/\/hyphen.archi\/fr\/wp-json\/wp\/v2\/users\/1"}],"replies":[{"embeddable":true,"href":"https:\/\/hyphen.archi\/fr\/wp-json\/wp\/v2\/comments?post=7316"}],"version-history":[{"count":2,"href":"https:\/\/hyphen.archi\/fr\/wp-json\/wp\/v2\/pages\/7316\/revisions"}],"predecessor-version":[{"id":11074,"href":"https:\/\/hyphen.archi\/fr\/wp-json\/wp\/v2\/pages\/7316\/revisions\/11074"}],"wp:featuredmedia":[{"embeddable":true,"href":"https:\/\/hyphen.archi\/fr\/wp-json\/wp\/v2\/media\/15809"}],"wp:attachment":[{"href":"https:\/\/hyphen.archi\/fr\/wp-json\/wp\/v2\/media?parent=7316"}],"wp:term":[{"taxonomy":"expertise","embeddable":true,"href":"https:\/\/hyphen.archi\/fr\/wp-json\/wp\/v2\/expertise?post=7316"},{"taxonomy":"location","embeddable":true,"href":"https:\/\/hyphen.archi\/fr\/wp-json\/wp\/v2\/location?post=7316"},{"taxonomy":"sector","embeddable":true,"href":"https:\/\/hyphen.archi\/fr\/wp-json\/wp\/v2\/sector?post=7316"}],"curies":[{"name":"wp","href":"https:\/\/api.w.org\/{rel}","templated":true}]}}