
{"id":8124,"date":"2024-02-28T12:36:02","date_gmt":"2024-02-28T12:36:02","guid":{"rendered":"http:\/\/hyphen.archi\/informations-juridiques\/"},"modified":"2024-05-16T10:53:10","modified_gmt":"2024-05-16T10:53:10","slug":"informations-juridiques","status":"publish","type":"page","link":"https:\/\/hyphen.archi\/fr\/informations-juridiques\/","title":{"rendered":"Informations juridiques"},"content":{"rendered":"\n<h2 class=\"wp-block-heading has-large-font-size\">Informations sur l&#8217;entreprise  <\/h2>\n\n<p>Hyphen Group Ltd  <\/p>\n\n<p>Hyphen est le nom commercial de la soci\u00e9t\u00e9 enregistr\u00e9e sous le nom de Hyphen Group Ltd.<\/p>\n\n<p>Hyphen est une marque d\u00e9pos\u00e9e au Royaume-Uni, dans l&#8217;UE, en Norv\u00e8ge, en Suisse, au Chili et au Mexique.<\/p>\n\n<p><strong>Adresse du si\u00e8ge social :<\/strong><br\/><strong>3 Charlecote Mews<\/strong><br\/><strong>Jardins de l&#8217;agrafeuse<\/strong><br\/><strong>Winchester<\/strong><br\/><strong>Hampshire<\/strong><br\/><strong>SO23 8SR<\/strong><\/p>\n\n<p>Num\u00e9ro d&#8217;entreprise enregistr\u00e9 : 3694027<br\/>Statut commercial : Soci\u00e9t\u00e9 priv\u00e9e \u00e0 responsabilit\u00e9 limit\u00e9e<\/p>\n\n<p>The Hyphen Group Ltd d\u00e9tient 100 % du capital social \u00e9mis par la soci\u00e9t\u00e9 au Royaume-Uni.<\/p>\n\n<p><strong>Les entreprises qui forment le groupe The Hyphen Group sont les suivantes :<\/strong><br\/>ROYAUME-UNI : Hyphen Archi Ltd Soci\u00e9t\u00e9 n\u00b0 2763353<br\/>IE : Hyphen Archi Ireland Ltd Num\u00e9ro de registre 685478<br\/>DE : Hyphen A GmbH No. HRB 72991<br\/>FR : Hyphen Archi SELARL SIRET 437 627 631 00033\/ APE 7111Z\/ONA SO4810<br\/>ES : Hyphen Archi SLU No. B-82782566<br\/>IT : Hyphen Archi Srl No. 09797440964<br\/>CL : Hyphen Archi SpA RUT 76.454.825-6<br\/>MX : Hyphen Arq MX HAM230921QU8<\/p>\n\n<p><\/p>\n\n<h2 class=\"wp-block-heading has-large-font-size\">Clause de non-responsabilit\u00e9<\/h2>\n\n<p>Les articles, blogs ou publications contenus dans ce site web ne sont pas destin\u00e9s \u00e0 fournir des conseils sp\u00e9cifiques en mati\u00e8re d&#8217;affaires ou d&#8217;investissement. Vous devriez prendre des conseils ind\u00e9pendants sp\u00e9cifiques avant de prendre une d\u00e9cision commerciale ou d&#8217;investissement.<\/p>\n","protected":false},"excerpt":{"rendered":"<p>Informations sur l&#8217;entreprise Hyphen Group Ltd Hyphen est le nom commercial de la soci\u00e9t\u00e9 enregistr\u00e9e sous le nom de Hyphen Group Ltd. Hyphen est une marque d\u00e9pos\u00e9e au Royaume-Uni, dans l&#8217;UE, en Norv\u00e8ge, en Suisse, au Chili et au Mexique. Adresse du si\u00e8ge social :3 Charlecote MewsJardins de l&#8217;agrafeuseWinchesterHampshireSO23 8SR Num\u00e9ro d&#8217;entreprise enregistr\u00e9 : 3694027Statut [&hellip;]<\/p>\n","protected":false},"author":1,"featured_media":0,"parent":0,"menu_order":0,"comment_status":"closed","ping_status":"closed","template":"","meta":{"_acf_changed":false,"CBBTypography":[],"footnotes":""},"expertise":[],"location":[],"sector":[],"class_list":["post-8124","page","type-page","status-publish","hentry"],"acf":[],"mb":[],"yoast_head":"<!-- This site is optimized with the Yoast SEO Premium plugin v25.9 (Yoast SEO v27.4) - https:\/\/yoast.com\/product\/yoast-seo-premium-wordpress\/ -->\n<title>Informations juridiques - Hyphen<\/title>\n<meta name=\"robots\" content=\"index, follow, max-snippet:-1, max-image-preview:large, max-video-preview:-1\" \/>\n<link rel=\"canonical\" href=\"https:\/\/hyphen.archi\/fr\/informations-juridiques\/\" \/>\n<meta property=\"og:locale\" content=\"fr_FR\" \/>\n<meta property=\"og:type\" content=\"article\" \/>\n<meta property=\"og:title\" content=\"Informations juridiques\" \/>\n<meta property=\"og:description\" content=\"Informations sur l&#8217;entreprise Hyphen Group Ltd Hyphen est le nom commercial de la soci\u00e9t\u00e9 enregistr\u00e9e sous le nom de Hyphen Group Ltd. Hyphen est une marque d\u00e9pos\u00e9e au Royaume-Uni, dans l&#8217;UE, en Norv\u00e8ge, en Suisse, au Chili et au Mexique. Adresse du si\u00e8ge social :3 Charlecote MewsJardins de l&#8217;agrafeuseWinchesterHampshireSO23 8SR Num\u00e9ro d&#8217;entreprise enregistr\u00e9 : 3694027Statut [&hellip;]\" \/>\n<meta property=\"og:url\" content=\"https:\/\/hyphen.archi\/fr\/informations-juridiques\/\" \/>\n<meta property=\"og:site_name\" content=\"Hyphen\" \/>\n<meta property=\"article:modified_time\" content=\"2024-05-16T10:53:10+00:00\" \/>\n<meta name=\"twitter:card\" content=\"summary_large_image\" \/>\n<meta name=\"twitter:label1\" content=\"Est. reading time\" \/>\n\t<meta name=\"twitter:data1\" content=\"1 minute\" \/>\n<script type=\"application\/ld+json\" class=\"yoast-schema-graph\">{\"@context\":\"https:\\\/\\\/schema.org\",\"@graph\":[{\"@type\":\"WebPage\",\"@id\":\"https:\\\/\\\/hyphen.archi\\\/fr\\\/informations-juridiques\\\/\",\"url\":\"https:\\\/\\\/hyphen.archi\\\/fr\\\/informations-juridiques\\\/\",\"name\":\"Informations juridiques - Hyphen\",\"isPartOf\":{\"@id\":\"https:\\\/\\\/hyphen.archi\\\/fr\\\/#website\"},\"datePublished\":\"2024-02-28T12:36:02+00:00\",\"dateModified\":\"2024-05-16T10:53:10+00:00\",\"breadcrumb\":{\"@id\":\"https:\\\/\\\/hyphen.archi\\\/fr\\\/informations-juridiques\\\/#breadcrumb\"},\"inLanguage\":\"fr-FR\",\"potentialAction\":[{\"@type\":\"ReadAction\",\"target\":[\"https:\\\/\\\/hyphen.archi\\\/fr\\\/informations-juridiques\\\/\"]}]},{\"@type\":\"BreadcrumbList\",\"@id\":\"https:\\\/\\\/hyphen.archi\\\/fr\\\/informations-juridiques\\\/#breadcrumb\",\"itemListElement\":[{\"@type\":\"ListItem\",\"position\":1,\"name\":\"Home\",\"item\":\"https:\\\/\\\/hyphen.archi\\\/fr\\\/\"},{\"@type\":\"ListItem\",\"position\":2,\"name\":\"Informations juridiques\"}]},{\"@type\":\"WebSite\",\"@id\":\"https:\\\/\\\/hyphen.archi\\\/fr\\\/#website\",\"url\":\"https:\\\/\\\/hyphen.archi\\\/fr\\\/\",\"name\":\"Hyphen\",\"description\":\"International Architecture Firm\",\"publisher\":{\"@id\":\"https:\\\/\\\/hyphen.archi\\\/fr\\\/#organization\"},\"potentialAction\":[{\"@type\":\"SearchAction\",\"target\":{\"@type\":\"EntryPoint\",\"urlTemplate\":\"https:\\\/\\\/hyphen.archi\\\/fr\\\/?s={search_term_string}\"},\"query-input\":{\"@type\":\"PropertyValueSpecification\",\"valueRequired\":true,\"valueName\":\"search_term_string\"}}],\"inLanguage\":\"fr-FR\"},{\"@type\":\"Organization\",\"@id\":\"https:\\\/\\\/hyphen.archi\\\/fr\\\/#organization\",\"name\":\"Hyphen\",\"url\":\"https:\\\/\\\/hyphen.archi\\\/fr\\\/\",\"logo\":{\"@type\":\"ImageObject\",\"inLanguage\":\"fr-FR\",\"@id\":\"https:\\\/\\\/hyphen.archi\\\/fr\\\/#\\\/schema\\\/logo\\\/image\\\/\",\"url\":\"https:\\\/\\\/hyphen.archi\\\/app\\\/uploads\\\/2024\\\/03\\\/Favicon-no_BG.png\",\"contentUrl\":\"https:\\\/\\\/hyphen.archi\\\/app\\\/uploads\\\/2024\\\/03\\\/Favicon-no_BG.png\",\"width\":792,\"height\":793,\"caption\":\"Hyphen\"},\"image\":{\"@id\":\"https:\\\/\\\/hyphen.archi\\\/fr\\\/#\\\/schema\\\/logo\\\/image\\\/\"},\"sameAs\":[\"https:\\\/\\\/www.linkedin.com\\\/company\\\/hyphen.archi\\\/\",\"https:\\\/\\\/www.instagram.com\\\/hyphen_archi\\\/\"]}]}<\/script>\n<!-- \/ Yoast SEO Premium plugin. -->","yoast_head_json":{"title":"Informations juridiques - Hyphen","robots":{"index":"index","follow":"follow","max-snippet":"max-snippet:-1","max-image-preview":"max-image-preview:large","max-video-preview":"max-video-preview:-1"},"canonical":"https:\/\/hyphen.archi\/fr\/informations-juridiques\/","og_locale":"fr_FR","og_type":"article","og_title":"Informations juridiques","og_description":"Informations sur l&#8217;entreprise Hyphen Group Ltd Hyphen est le nom commercial de la soci\u00e9t\u00e9 enregistr\u00e9e sous le nom de Hyphen Group Ltd. Hyphen est une marque d\u00e9pos\u00e9e au Royaume-Uni, dans l&#8217;UE, en Norv\u00e8ge, en Suisse, au Chili et au Mexique. Adresse du si\u00e8ge social :3 Charlecote MewsJardins de l&#8217;agrafeuseWinchesterHampshireSO23 8SR Num\u00e9ro d&#8217;entreprise enregistr\u00e9 : 3694027Statut [&hellip;]","og_url":"https:\/\/hyphen.archi\/fr\/informations-juridiques\/","og_site_name":"Hyphen","article_modified_time":"2024-05-16T10:53:10+00:00","twitter_card":"summary_large_image","twitter_misc":{"Est. reading time":"1 minute"},"schema":{"@context":"https:\/\/schema.org","@graph":[{"@type":"WebPage","@id":"https:\/\/hyphen.archi\/fr\/informations-juridiques\/","url":"https:\/\/hyphen.archi\/fr\/informations-juridiques\/","name":"Informations juridiques - Hyphen","isPartOf":{"@id":"https:\/\/hyphen.archi\/fr\/#website"},"datePublished":"2024-02-28T12:36:02+00:00","dateModified":"2024-05-16T10:53:10+00:00","breadcrumb":{"@id":"https:\/\/hyphen.archi\/fr\/informations-juridiques\/#breadcrumb"},"inLanguage":"fr-FR","potentialAction":[{"@type":"ReadAction","target":["https:\/\/hyphen.archi\/fr\/informations-juridiques\/"]}]},{"@type":"BreadcrumbList","@id":"https:\/\/hyphen.archi\/fr\/informations-juridiques\/#breadcrumb","itemListElement":[{"@type":"ListItem","position":1,"name":"Home","item":"https:\/\/hyphen.archi\/fr\/"},{"@type":"ListItem","position":2,"name":"Informations juridiques"}]},{"@type":"WebSite","@id":"https:\/\/hyphen.archi\/fr\/#website","url":"https:\/\/hyphen.archi\/fr\/","name":"Hyphen","description":"International Architecture Firm","publisher":{"@id":"https:\/\/hyphen.archi\/fr\/#organization"},"potentialAction":[{"@type":"SearchAction","target":{"@type":"EntryPoint","urlTemplate":"https:\/\/hyphen.archi\/fr\/?s={search_term_string}"},"query-input":{"@type":"PropertyValueSpecification","valueRequired":true,"valueName":"search_term_string"}}],"inLanguage":"fr-FR"},{"@type":"Organization","@id":"https:\/\/hyphen.archi\/fr\/#organization","name":"Hyphen","url":"https:\/\/hyphen.archi\/fr\/","logo":{"@type":"ImageObject","inLanguage":"fr-FR","@id":"https:\/\/hyphen.archi\/fr\/#\/schema\/logo\/image\/","url":"https:\/\/hyphen.archi\/app\/uploads\/2024\/03\/Favicon-no_BG.png","contentUrl":"https:\/\/hyphen.archi\/app\/uploads\/2024\/03\/Favicon-no_BG.png","width":792,"height":793,"caption":"Hyphen"},"image":{"@id":"https:\/\/hyphen.archi\/fr\/#\/schema\/logo\/image\/"},"sameAs":["https:\/\/www.linkedin.com\/company\/hyphen.archi\/","https:\/\/www.instagram.com\/hyphen_archi\/"]}]}},"mfb_rest_fields":["title","yoast_head","yoast_head_json"],"_links":{"self":[{"href":"https:\/\/hyphen.archi\/fr\/wp-json\/wp\/v2\/pages\/8124","targetHints":{"allow":["GET"]}}],"collection":[{"href":"https:\/\/hyphen.archi\/fr\/wp-json\/wp\/v2\/pages"}],"about":[{"href":"https:\/\/hyphen.archi\/fr\/wp-json\/wp\/v2\/types\/page"}],"author":[{"embeddable":true,"href":"https:\/\/hyphen.archi\/fr\/wp-json\/wp\/v2\/users\/1"}],"replies":[{"embeddable":true,"href":"https:\/\/hyphen.archi\/fr\/wp-json\/wp\/v2\/comments?post=8124"}],"version-history":[{"count":3,"href":"https:\/\/hyphen.archi\/fr\/wp-json\/wp\/v2\/pages\/8124\/revisions"}],"predecessor-version":[{"id":10954,"href":"https:\/\/hyphen.archi\/fr\/wp-json\/wp\/v2\/pages\/8124\/revisions\/10954"}],"wp:attachment":[{"href":"https:\/\/hyphen.archi\/fr\/wp-json\/wp\/v2\/media?parent=8124"}],"wp:term":[{"taxonomy":"expertise","embeddable":true,"href":"https:\/\/hyphen.archi\/fr\/wp-json\/wp\/v2\/expertise?post=8124"},{"taxonomy":"location","embeddable":true,"href":"https:\/\/hyphen.archi\/fr\/wp-json\/wp\/v2\/location?post=8124"},{"taxonomy":"sector","embeddable":true,"href":"https:\/\/hyphen.archi\/fr\/wp-json\/wp\/v2\/sector?post=8124"}],"curies":[{"name":"wp","href":"https:\/\/api.w.org\/{rel}","templated":true}]}}