
{"id":8389,"date":"2024-01-10T12:53:59","date_gmt":"2024-01-10T12:53:59","guid":{"rendered":"http:\/\/hyphen.archi\/politique-de-qualite\/"},"modified":"2024-08-01T14:16:47","modified_gmt":"2024-08-01T14:16:47","slug":"politique-de-qualite","status":"publish","type":"page","link":"https:\/\/hyphen.archi\/fr\/politiques\/politique-de-qualite\/","title":{"rendered":"Politique de qualit\u00e9"},"content":{"rendered":"\n<p>L&#8217;ambition de Hyphen est de devenir le r\u00e9seau d&#8217;agences d&#8217;architecture dirig\u00e9es par leurs propri\u00e9taires le mieux connect\u00e9 au monde, offrant le plus haut niveau de service \u00e0 nos clients dans le monde entier et rivalisant sur la sc\u00e8ne internationale dans nos secteurs de pr\u00e9dilection. Cet engagement est soutenu par nos valeurs et est essentiel \u00e0 la poursuite de notre croissance et de notre succ\u00e8s.<\/p>\n\n\n\n<p>Nous sommes synonymes de qualit\u00e9. Notre responsabilit\u00e9 en mati\u00e8re de qualit\u00e9 est essentielle dans tout ce que nous faisons. Nous nous engageons \u00e0 am\u00e9liorer continuellement nos services et \u00e0 satisfaire \u00e0 toutes les exigences applicables de notre certification ISO 9001:2015, qui soutient \u00e9galement notre syst\u00e8me de gestion de la qualit\u00e9 (SGQ).<\/p>\n\n\n\n<p>Nous nous effor\u00e7ons non seulement de satisfaire, voire de d\u00e9passer, les besoins de nos clients et des autres principales parties prenantes, mais nous allons encore plus loin en r\u00e9visant et en am\u00e9liorant continuellement notre syst\u00e8me de gestion de la qualit\u00e9 afin d&#8217;accro\u00eetre les performances, d&#8217;augmenter la satisfaction des clients et d&#8217;atteindre les buts et les objectifs de qualit\u00e9 de notre entreprise. Nous nous soucions des d\u00e9tails et dans tout ce que nous faisons, nous sommes fiers de dire &#8220;c&#8217;est nous qui l&#8217;avons fait&#8221;.<\/p>\n\n\n\n<p>Le champ d&#8217;application du syst\u00e8me de gestion de la qualit\u00e9 couvre les services de base que nous fournissons, notamment les services d&#8217;architecture compl\u00e8te, de gestion de projet et de conception principale.<\/p>\n\n\n\n<p>Gr\u00e2ce \u00e0 notre syst\u00e8me de gestion de la qualit\u00e9, nous v\u00e9rifions que des comp\u00e9tences, un soin et une efficacit\u00e9 raisonnables sont apport\u00e9s \u00e0 chaque aspect des services que nous fournissons. Le syst\u00e8me de gestion de la qualit\u00e9 est contr\u00f4l\u00e9 en permanence par nos responsables de la qualit\u00e9, notre associ\u00e9 charg\u00e9 des normes techniques et le directeur de l&#8217;exploitation afin de garantir son efficacit\u00e9 par le biais d&#8217;audits, de rapports et d&#8217;examens. Les rapports d&#8217;examen de la gestion de la qualit\u00e9 sont effectu\u00e9s \u00e0 des intervalles planifi\u00e9s et font l&#8217;objet d&#8217;un rapport au conseil d&#8217;administration. Toute recommandation de changement ou d&#8217;am\u00e9lioration est ensuite communiqu\u00e9e au conseil d&#8217;administration. Nous nous effor\u00e7ons continuellement de nous am\u00e9liorer et de tirer les le\u00e7ons de nos exp\u00e9riences.<\/p>\n\n\n\n<p>Des proc\u00e9dures sp\u00e9cifiques d\u00e9finissent les modalit\u00e9s de mise en \u0153uvre du syst\u00e8me de gestion de la qualit\u00e9 ; elles sont d\u00e9finies dans le cadre de qualit\u00e9.<\/p>\n\n\n\n<p>Nos objectifs de qualit\u00e9 sont les suivants<\/p>\n\n\n\n<ul class=\"wp-block-list\">\n<li>Veiller \u00e0 ce que tous nos services r\u00e9pondent aux normes professionnelles les plus \u00e9lev\u00e9es.<\/li>\n\n\n\n<li>Veiller \u00e0 ce que des syst\u00e8mes de contr\u00f4le soient en place pour surveiller la qualit\u00e9 et la coh\u00e9rence.<\/li>\n\n\n\n<li>Respecter les d\u00e9lais convenus.<\/li>\n\n\n\n<li>Produire tous les services dans le cadre des budgets convenus.<\/li>\n\n\n\n<li>Veiller \u00e0 ce que les attentes des clients soient satisfaites gr\u00e2ce \u00e0 un processus d&#8217;\u00e9valuation du retour d&#8217;information conduisant \u00e0 une am\u00e9lioration continue.<\/li>\n<\/ul>\n\n\n\n<p>Nous cherchons \u00e9galement \u00e0 \u00e9tablir des objectifs annuels de qualit\u00e9, le cas \u00e9ch\u00e9ant, et les responsables de la qualit\u00e9 mesurent nos progr\u00e8s par rapport \u00e0 ces objectifs.<\/p>\n\n\n\n<p>Les directeurs de Hyphen sont responsables en dernier ressort de l&#8217;examen du syst\u00e8me de gestion de la qualit\u00e9, de la formulation de cette politique et de la mise \u00e0 disposition des ressources n\u00e9cessaires \u00e0 sa mise en \u0153uvre efficace. Les responsables de la qualit\u00e9 veillent \u00e0 ce que le syst\u00e8me de gestion de la qualit\u00e9 soit conforme \u00e0 la norme BS EN ISO 9001:2015. Nous veillons \u00e0 nous conformer \u00e0 toutes les exigences l\u00e9gales et r\u00e9glementaires applicables et \u00e0 ce que cela soit compris par tous les employ\u00e9s de Hyphen. Nous nous approprions le processus et nous attendons de chaque employ\u00e9 qu&#8217;il partage cet engagement en faveur de la qualit\u00e9 et qu&#8217;il joue son r\u00f4le dans le maintien et l&#8217;am\u00e9lioration de la qualit\u00e9.<\/p>\n\n\n\n<p>La politique de qualit\u00e9 est accessible \u00e0 tous les employ\u00e9s via notre intranet &#8220;Hi&#8221; et \u00e0 toutes les parties externes sur notre site web. Chacun re\u00e7oit p\u00e9riodiquement des instructions et une formation de sensibilisation \u00e0 la politique de qualit\u00e9 et au syst\u00e8me de gestion de la qualit\u00e9. Le respect des exigences du syst\u00e8me de gestion de la qualit\u00e9 est obligatoire pour les employ\u00e9s et pour les fournisseurs externes lorsque leurs services ont une incidence sur notre syst\u00e8me de gestion de la qualit\u00e9.<\/p>\n\n\n\n<p>Nous travaillons avec les meilleurs. Nos fournisseurs sont conscients de leur contribution effective \u00e0 la r\u00e9ussite du service que nous leur fournissons. Ils sont nomm\u00e9s en sachant que leurs performances sont examin\u00e9es et contr\u00f4l\u00e9es et que leur statut peut \u00eatre remis en cause s&#8217;ils ne se conforment pas aux exigences pertinentes de notre syst\u00e8me de gestion de la qualit\u00e9.<\/p>\n\n\n\n<p>Notre engagement sans compromis en faveur de la qualit\u00e9 est essentiel \u00e0 notre r\u00e9ussite et nous travaillons dans un environnement motiv\u00e9 par l&#8217;am\u00e9lioration continue et conforme \u00e0 nos valeurs.<\/p>\n\n\n\n<p><\/p>\n","protected":false},"excerpt":{"rendered":"<p>L&#8217;ambition de Hyphen est de devenir le r\u00e9seau d&#8217;agences d&#8217;architecture dirig\u00e9es par leurs propri\u00e9taires le mieux connect\u00e9 au monde, offrant le plus haut niveau de service \u00e0 nos clients dans le monde entier et rivalisant sur la sc\u00e8ne internationale dans nos secteurs de pr\u00e9dilection. Cet engagement est soutenu par nos valeurs et est essentiel \u00e0 [&hellip;]<\/p>\n","protected":false},"author":1,"featured_media":0,"parent":8561,"menu_order":0,"comment_status":"closed","ping_status":"closed","template":"","meta":{"_acf_changed":false,"CBBTypography":[],"footnotes":""},"expertise":[],"location":[],"sector":[],"class_list":["post-8389","page","type-page","status-publish","hentry"],"acf":[],"mb":[],"yoast_head":"<!-- This site is optimized with the Yoast SEO Premium plugin v25.9 (Yoast SEO v27.4) - https:\/\/yoast.com\/product\/yoast-seo-premium-wordpress\/ -->\n<title>Politique de qualit\u00e9 - Hyphen<\/title>\n<meta name=\"robots\" content=\"index, follow, max-snippet:-1, max-image-preview:large, max-video-preview:-1\" \/>\n<link rel=\"canonical\" href=\"https:\/\/hyphen.archi\/fr\/politiques\/politique-de-qualite\/\" \/>\n<meta property=\"og:locale\" content=\"fr_FR\" \/>\n<meta property=\"og:type\" content=\"article\" \/>\n<meta property=\"og:title\" content=\"Politique de qualit\u00e9\" \/>\n<meta property=\"og:description\" content=\"L&#8217;ambition de Hyphen est de devenir le r\u00e9seau d&#8217;agences d&#8217;architecture dirig\u00e9es par leurs propri\u00e9taires le mieux connect\u00e9 au monde, offrant le plus haut niveau de service \u00e0 nos clients dans le monde entier et rivalisant sur la sc\u00e8ne internationale dans nos secteurs de pr\u00e9dilection. Cet engagement est soutenu par nos valeurs et est essentiel \u00e0 [&hellip;]\" \/>\n<meta property=\"og:url\" content=\"https:\/\/hyphen.archi\/fr\/politiques\/politique-de-qualite\/\" \/>\n<meta property=\"og:site_name\" content=\"Hyphen\" \/>\n<meta property=\"article:modified_time\" content=\"2024-08-01T14:16:47+00:00\" \/>\n<meta name=\"twitter:card\" content=\"summary_large_image\" \/>\n<meta name=\"twitter:label1\" content=\"Est. reading time\" \/>\n\t<meta name=\"twitter:data1\" content=\"4 minutes\" \/>\n<script type=\"application\/ld+json\" class=\"yoast-schema-graph\">{\"@context\":\"https:\\\/\\\/schema.org\",\"@graph\":[{\"@type\":\"WebPage\",\"@id\":\"https:\\\/\\\/hyphen.archi\\\/fr\\\/politiques\\\/politique-de-qualite\\\/\",\"url\":\"https:\\\/\\\/hyphen.archi\\\/fr\\\/politiques\\\/politique-de-qualite\\\/\",\"name\":\"Politique de qualit\u00e9 - Hyphen\",\"isPartOf\":{\"@id\":\"https:\\\/\\\/hyphen.archi\\\/fr\\\/#website\"},\"datePublished\":\"2024-01-10T12:53:59+00:00\",\"dateModified\":\"2024-08-01T14:16:47+00:00\",\"breadcrumb\":{\"@id\":\"https:\\\/\\\/hyphen.archi\\\/fr\\\/politiques\\\/politique-de-qualite\\\/#breadcrumb\"},\"inLanguage\":\"fr-FR\",\"potentialAction\":[{\"@type\":\"ReadAction\",\"target\":[\"https:\\\/\\\/hyphen.archi\\\/fr\\\/politiques\\\/politique-de-qualite\\\/\"]}]},{\"@type\":\"BreadcrumbList\",\"@id\":\"https:\\\/\\\/hyphen.archi\\\/fr\\\/politiques\\\/politique-de-qualite\\\/#breadcrumb\",\"itemListElement\":[{\"@type\":\"ListItem\",\"position\":1,\"name\":\"Home\",\"item\":\"https:\\\/\\\/hyphen.archi\\\/fr\\\/\"},{\"@type\":\"ListItem\",\"position\":2,\"name\":\"Politiques\",\"item\":\"https:\\\/\\\/hyphen.archi\\\/fr\\\/politiques\\\/\"},{\"@type\":\"ListItem\",\"position\":3,\"name\":\"Politique de qualit\u00e9\"}]},{\"@type\":\"WebSite\",\"@id\":\"https:\\\/\\\/hyphen.archi\\\/fr\\\/#website\",\"url\":\"https:\\\/\\\/hyphen.archi\\\/fr\\\/\",\"name\":\"Hyphen\",\"description\":\"International Architecture Firm\",\"publisher\":{\"@id\":\"https:\\\/\\\/hyphen.archi\\\/fr\\\/#organization\"},\"potentialAction\":[{\"@type\":\"SearchAction\",\"target\":{\"@type\":\"EntryPoint\",\"urlTemplate\":\"https:\\\/\\\/hyphen.archi\\\/fr\\\/?s={search_term_string}\"},\"query-input\":{\"@type\":\"PropertyValueSpecification\",\"valueRequired\":true,\"valueName\":\"search_term_string\"}}],\"inLanguage\":\"fr-FR\"},{\"@type\":\"Organization\",\"@id\":\"https:\\\/\\\/hyphen.archi\\\/fr\\\/#organization\",\"name\":\"Hyphen\",\"url\":\"https:\\\/\\\/hyphen.archi\\\/fr\\\/\",\"logo\":{\"@type\":\"ImageObject\",\"inLanguage\":\"fr-FR\",\"@id\":\"https:\\\/\\\/hyphen.archi\\\/fr\\\/#\\\/schema\\\/logo\\\/image\\\/\",\"url\":\"https:\\\/\\\/hyphen.archi\\\/app\\\/uploads\\\/2024\\\/03\\\/Favicon-no_BG.png\",\"contentUrl\":\"https:\\\/\\\/hyphen.archi\\\/app\\\/uploads\\\/2024\\\/03\\\/Favicon-no_BG.png\",\"width\":792,\"height\":793,\"caption\":\"Hyphen\"},\"image\":{\"@id\":\"https:\\\/\\\/hyphen.archi\\\/fr\\\/#\\\/schema\\\/logo\\\/image\\\/\"},\"sameAs\":[\"https:\\\/\\\/www.linkedin.com\\\/company\\\/hyphen.archi\\\/\",\"https:\\\/\\\/www.instagram.com\\\/hyphen_archi\\\/\"]}]}<\/script>\n<!-- \/ Yoast SEO Premium plugin. -->","yoast_head_json":{"title":"Politique de qualit\u00e9 - Hyphen","robots":{"index":"index","follow":"follow","max-snippet":"max-snippet:-1","max-image-preview":"max-image-preview:large","max-video-preview":"max-video-preview:-1"},"canonical":"https:\/\/hyphen.archi\/fr\/politiques\/politique-de-qualite\/","og_locale":"fr_FR","og_type":"article","og_title":"Politique de qualit\u00e9","og_description":"L&#8217;ambition de Hyphen est de devenir le r\u00e9seau d&#8217;agences d&#8217;architecture dirig\u00e9es par leurs propri\u00e9taires le mieux connect\u00e9 au monde, offrant le plus haut niveau de service \u00e0 nos clients dans le monde entier et rivalisant sur la sc\u00e8ne internationale dans nos secteurs de pr\u00e9dilection. Cet engagement est soutenu par nos valeurs et est essentiel \u00e0 [&hellip;]","og_url":"https:\/\/hyphen.archi\/fr\/politiques\/politique-de-qualite\/","og_site_name":"Hyphen","article_modified_time":"2024-08-01T14:16:47+00:00","twitter_card":"summary_large_image","twitter_misc":{"Est. reading time":"4 minutes"},"schema":{"@context":"https:\/\/schema.org","@graph":[{"@type":"WebPage","@id":"https:\/\/hyphen.archi\/fr\/politiques\/politique-de-qualite\/","url":"https:\/\/hyphen.archi\/fr\/politiques\/politique-de-qualite\/","name":"Politique de qualit\u00e9 - Hyphen","isPartOf":{"@id":"https:\/\/hyphen.archi\/fr\/#website"},"datePublished":"2024-01-10T12:53:59+00:00","dateModified":"2024-08-01T14:16:47+00:00","breadcrumb":{"@id":"https:\/\/hyphen.archi\/fr\/politiques\/politique-de-qualite\/#breadcrumb"},"inLanguage":"fr-FR","potentialAction":[{"@type":"ReadAction","target":["https:\/\/hyphen.archi\/fr\/politiques\/politique-de-qualite\/"]}]},{"@type":"BreadcrumbList","@id":"https:\/\/hyphen.archi\/fr\/politiques\/politique-de-qualite\/#breadcrumb","itemListElement":[{"@type":"ListItem","position":1,"name":"Home","item":"https:\/\/hyphen.archi\/fr\/"},{"@type":"ListItem","position":2,"name":"Politiques","item":"https:\/\/hyphen.archi\/fr\/politiques\/"},{"@type":"ListItem","position":3,"name":"Politique de qualit\u00e9"}]},{"@type":"WebSite","@id":"https:\/\/hyphen.archi\/fr\/#website","url":"https:\/\/hyphen.archi\/fr\/","name":"Hyphen","description":"International Architecture Firm","publisher":{"@id":"https:\/\/hyphen.archi\/fr\/#organization"},"potentialAction":[{"@type":"SearchAction","target":{"@type":"EntryPoint","urlTemplate":"https:\/\/hyphen.archi\/fr\/?s={search_term_string}"},"query-input":{"@type":"PropertyValueSpecification","valueRequired":true,"valueName":"search_term_string"}}],"inLanguage":"fr-FR"},{"@type":"Organization","@id":"https:\/\/hyphen.archi\/fr\/#organization","name":"Hyphen","url":"https:\/\/hyphen.archi\/fr\/","logo":{"@type":"ImageObject","inLanguage":"fr-FR","@id":"https:\/\/hyphen.archi\/fr\/#\/schema\/logo\/image\/","url":"https:\/\/hyphen.archi\/app\/uploads\/2024\/03\/Favicon-no_BG.png","contentUrl":"https:\/\/hyphen.archi\/app\/uploads\/2024\/03\/Favicon-no_BG.png","width":792,"height":793,"caption":"Hyphen"},"image":{"@id":"https:\/\/hyphen.archi\/fr\/#\/schema\/logo\/image\/"},"sameAs":["https:\/\/www.linkedin.com\/company\/hyphen.archi\/","https:\/\/www.instagram.com\/hyphen_archi\/"]}]}},"mfb_rest_fields":["title","yoast_head","yoast_head_json"],"_links":{"self":[{"href":"https:\/\/hyphen.archi\/fr\/wp-json\/wp\/v2\/pages\/8389","targetHints":{"allow":["GET"]}}],"collection":[{"href":"https:\/\/hyphen.archi\/fr\/wp-json\/wp\/v2\/pages"}],"about":[{"href":"https:\/\/hyphen.archi\/fr\/wp-json\/wp\/v2\/types\/page"}],"author":[{"embeddable":true,"href":"https:\/\/hyphen.archi\/fr\/wp-json\/wp\/v2\/users\/1"}],"replies":[{"embeddable":true,"href":"https:\/\/hyphen.archi\/fr\/wp-json\/wp\/v2\/comments?post=8389"}],"version-history":[{"count":3,"href":"https:\/\/hyphen.archi\/fr\/wp-json\/wp\/v2\/pages\/8389\/revisions"}],"predecessor-version":[{"id":12793,"href":"https:\/\/hyphen.archi\/fr\/wp-json\/wp\/v2\/pages\/8389\/revisions\/12793"}],"up":[{"embeddable":true,"href":"https:\/\/hyphen.archi\/fr\/wp-json\/wp\/v2\/pages\/8561"}],"wp:attachment":[{"href":"https:\/\/hyphen.archi\/fr\/wp-json\/wp\/v2\/media?parent=8389"}],"wp:term":[{"taxonomy":"expertise","embeddable":true,"href":"https:\/\/hyphen.archi\/fr\/wp-json\/wp\/v2\/expertise?post=8389"},{"taxonomy":"location","embeddable":true,"href":"https:\/\/hyphen.archi\/fr\/wp-json\/wp\/v2\/location?post=8389"},{"taxonomy":"sector","embeddable":true,"href":"https:\/\/hyphen.archi\/fr\/wp-json\/wp\/v2\/sector?post=8389"}],"curies":[{"name":"wp","href":"https:\/\/api.w.org\/{rel}","templated":true}]}}