
{"id":8523,"date":"2023-09-22T10:14:36","date_gmt":"2023-09-22T10:14:36","guid":{"rendered":"http:\/\/hyphen.archi\/emplacements\/"},"modified":"2024-08-14T10:37:12","modified_gmt":"2024-08-14T10:37:12","slug":"emplacements","status":"publish","type":"page","link":"https:\/\/hyphen.archi\/fr\/emplacements\/","title":{"rendered":"Localisation des projets"},"content":{"rendered":"\n<div class=\"wp-block-columns is-layout-flex wp-container-core-columns-is-layout-28f84493 wp-block-columns-is-layout-flex\">\n<div class=\"wp-block-column is-layout-flow wp-block-column-is-layout-flow\">\n<p class=\"has-large-font-size\">Avec plus de 200 <a href=\"https:\/\/hyphen.archi\/fr\/les-personnes\/\" data-type=\"link\" data-id=\"http:\/\/hyphen.archi\/our-people\/\">professionnels<\/a> travaillant ensemble sous le nom de <strong>One Hyphen<\/strong>, nos \u00e9quipes \u00e0 travers l&#8217;<strong>Europe<\/strong> et l&#8217;<strong>Am\u00e9rique latine<\/strong> sont r\u00e9put\u00e9es pour leur perspective internationale, leur connaissance des sp\u00e9cificit\u00e9s locales et leur souci du d\u00e9tail.  <\/p>\n<\/div>\n\n\n\n<div class=\"wp-block-column is-layout-flow wp-block-column-is-layout-flow\"><\/div>\n<\/div>\n\t<div id=\"mapbox-for-wp-69fe98fa5a76f\"\n\t\tdata-longitude=\"-38.780772162371\"\n\t\tdata-latitude=\"15.826639777648\"\n\t\tdata-zoom=\"2.1203756770243\"\n\t\tdata-pitch=\"0\"\n\t\tdata-bearing=\"0\"\n\t\tdata-height=\"40\"\n\t\tdata-style=\"mapbox:\/\/styles\/ineedsurgery\/clsxetibl00b301qwftw78j46\"\n\t\tdata-hide-controls=\"\"\n\t\tdata-static-map=\"\"\n\t\tdata-map-type=\"reach\"\n\t\tdata-language=\"fr\">\n\t<\/div>\n\t","protected":false},"excerpt":{"rendered":"<p>Avec plus de 200 professionnels travaillant ensemble sous le nom de One Hyphen, nos \u00e9quipes \u00e0 travers l&#8217;Europe et l&#8217;Am\u00e9rique latine sont r\u00e9put\u00e9es pour leur perspective internationale, leur connaissance des sp\u00e9cificit\u00e9s locales et leur souci du d\u00e9tail.<\/p>\n","protected":false},"author":1,"featured_media":0,"parent":0,"menu_order":0,"comment_status":"closed","ping_status":"closed","template":"","meta":{"_acf_changed":false,"CBBTypography":[],"footnotes":""},"expertise":[],"location":[],"sector":[],"class_list":["post-8523","page","type-page","status-publish","hentry"],"acf":[],"mb":[],"yoast_head":"<!-- This site is optimized with the Yoast SEO Premium plugin v25.9 (Yoast SEO v27.4) - https:\/\/yoast.com\/product\/yoast-seo-premium-wordpress\/ -->\n<title>Localisation des projets - Hyphen<\/title>\n<meta name=\"description\" content=\"Avec plus de 200 professionnels travaillant ensemble sous le nom de One Hyphen, nos \u00e9quipes \u00e0 travers l\u2019Europe et l\u2019Am\u00e9rique latine sont r\u00e9put\u00e9es pour leur perspective internationale, leur connaissance des sp\u00e9cificit\u00e9s locales et leur souci du d\u00e9tail.\" \/>\n<meta name=\"robots\" content=\"index, follow, max-snippet:-1, max-image-preview:large, max-video-preview:-1\" \/>\n<link rel=\"canonical\" href=\"https:\/\/hyphen.archi\/fr\/emplacements\/\" \/>\n<meta property=\"og:locale\" content=\"fr_FR\" \/>\n<meta property=\"og:type\" content=\"article\" \/>\n<meta property=\"og:title\" content=\"Localisation des projets\" \/>\n<meta property=\"og:description\" content=\"Avec plus de 200 professionnels travaillant ensemble sous le nom de One Hyphen, nos \u00e9quipes \u00e0 travers l\u2019Europe et l\u2019Am\u00e9rique latine sont r\u00e9put\u00e9es pour leur perspective internationale, leur connaissance des sp\u00e9cificit\u00e9s locales et leur souci du d\u00e9tail.\" \/>\n<meta property=\"og:url\" content=\"https:\/\/hyphen.archi\/fr\/emplacements\/\" \/>\n<meta property=\"og:site_name\" content=\"Hyphen\" \/>\n<meta property=\"article:modified_time\" content=\"2024-08-14T10:37:12+00:00\" \/>\n<meta name=\"twitter:card\" content=\"summary_large_image\" \/>\n<meta name=\"twitter:label1\" content=\"Est. reading time\" \/>\n\t<meta name=\"twitter:data1\" content=\"1 minute\" \/>\n<script type=\"application\/ld+json\" class=\"yoast-schema-graph\">{\"@context\":\"https:\\\/\\\/schema.org\",\"@graph\":[{\"@type\":\"WebPage\",\"@id\":\"https:\\\/\\\/hyphen.archi\\\/fr\\\/emplacements\\\/\",\"url\":\"https:\\\/\\\/hyphen.archi\\\/fr\\\/emplacements\\\/\",\"name\":\"Localisation des projets - Hyphen\",\"isPartOf\":{\"@id\":\"https:\\\/\\\/hyphen.archi\\\/fr\\\/#website\"},\"datePublished\":\"2023-09-22T10:14:36+00:00\",\"dateModified\":\"2024-08-14T10:37:12+00:00\",\"description\":\"Avec plus de 200 professionnels travaillant ensemble sous le nom de One Hyphen, nos \u00e9quipes \u00e0 travers l\u2019Europe et l\u2019Am\u00e9rique latine sont r\u00e9put\u00e9es pour leur perspective internationale, leur connaissance des sp\u00e9cificit\u00e9s locales et leur souci du d\u00e9tail.\",\"breadcrumb\":{\"@id\":\"https:\\\/\\\/hyphen.archi\\\/fr\\\/emplacements\\\/#breadcrumb\"},\"inLanguage\":\"fr-FR\",\"potentialAction\":[{\"@type\":\"ReadAction\",\"target\":[\"https:\\\/\\\/hyphen.archi\\\/fr\\\/emplacements\\\/\"]}]},{\"@type\":\"BreadcrumbList\",\"@id\":\"https:\\\/\\\/hyphen.archi\\\/fr\\\/emplacements\\\/#breadcrumb\",\"itemListElement\":[{\"@type\":\"ListItem\",\"position\":1,\"name\":\"Home\",\"item\":\"https:\\\/\\\/hyphen.archi\\\/fr\\\/\"},{\"@type\":\"ListItem\",\"position\":2,\"name\":\"Localisation des projets\"}]},{\"@type\":\"WebSite\",\"@id\":\"https:\\\/\\\/hyphen.archi\\\/fr\\\/#website\",\"url\":\"https:\\\/\\\/hyphen.archi\\\/fr\\\/\",\"name\":\"Hyphen\",\"description\":\"International Architecture Firm\",\"publisher\":{\"@id\":\"https:\\\/\\\/hyphen.archi\\\/fr\\\/#organization\"},\"potentialAction\":[{\"@type\":\"SearchAction\",\"target\":{\"@type\":\"EntryPoint\",\"urlTemplate\":\"https:\\\/\\\/hyphen.archi\\\/fr\\\/?s={search_term_string}\"},\"query-input\":{\"@type\":\"PropertyValueSpecification\",\"valueRequired\":true,\"valueName\":\"search_term_string\"}}],\"inLanguage\":\"fr-FR\"},{\"@type\":\"Organization\",\"@id\":\"https:\\\/\\\/hyphen.archi\\\/fr\\\/#organization\",\"name\":\"Hyphen\",\"url\":\"https:\\\/\\\/hyphen.archi\\\/fr\\\/\",\"logo\":{\"@type\":\"ImageObject\",\"inLanguage\":\"fr-FR\",\"@id\":\"https:\\\/\\\/hyphen.archi\\\/fr\\\/#\\\/schema\\\/logo\\\/image\\\/\",\"url\":\"https:\\\/\\\/hyphen.archi\\\/app\\\/uploads\\\/2024\\\/03\\\/Favicon-no_BG.png\",\"contentUrl\":\"https:\\\/\\\/hyphen.archi\\\/app\\\/uploads\\\/2024\\\/03\\\/Favicon-no_BG.png\",\"width\":792,\"height\":793,\"caption\":\"Hyphen\"},\"image\":{\"@id\":\"https:\\\/\\\/hyphen.archi\\\/fr\\\/#\\\/schema\\\/logo\\\/image\\\/\"},\"sameAs\":[\"https:\\\/\\\/www.linkedin.com\\\/company\\\/hyphen.archi\\\/\",\"https:\\\/\\\/www.instagram.com\\\/hyphen_archi\\\/\"]}]}<\/script>\n<!-- \/ Yoast SEO Premium plugin. -->","yoast_head_json":{"title":"Localisation des projets - Hyphen","description":"Avec plus de 200 professionnels travaillant ensemble sous le nom de One Hyphen, nos \u00e9quipes \u00e0 travers l\u2019Europe et l\u2019Am\u00e9rique latine sont r\u00e9put\u00e9es pour leur perspective internationale, leur connaissance des sp\u00e9cificit\u00e9s locales et leur souci du d\u00e9tail.","robots":{"index":"index","follow":"follow","max-snippet":"max-snippet:-1","max-image-preview":"max-image-preview:large","max-video-preview":"max-video-preview:-1"},"canonical":"https:\/\/hyphen.archi\/fr\/emplacements\/","og_locale":"fr_FR","og_type":"article","og_title":"Localisation des projets","og_description":"Avec plus de 200 professionnels travaillant ensemble sous le nom de One Hyphen, nos \u00e9quipes \u00e0 travers l\u2019Europe et l\u2019Am\u00e9rique latine sont r\u00e9put\u00e9es pour leur perspective internationale, leur connaissance des sp\u00e9cificit\u00e9s locales et leur souci du d\u00e9tail.","og_url":"https:\/\/hyphen.archi\/fr\/emplacements\/","og_site_name":"Hyphen","article_modified_time":"2024-08-14T10:37:12+00:00","twitter_card":"summary_large_image","twitter_misc":{"Est. reading time":"1 minute"},"schema":{"@context":"https:\/\/schema.org","@graph":[{"@type":"WebPage","@id":"https:\/\/hyphen.archi\/fr\/emplacements\/","url":"https:\/\/hyphen.archi\/fr\/emplacements\/","name":"Localisation des projets - Hyphen","isPartOf":{"@id":"https:\/\/hyphen.archi\/fr\/#website"},"datePublished":"2023-09-22T10:14:36+00:00","dateModified":"2024-08-14T10:37:12+00:00","description":"Avec plus de 200 professionnels travaillant ensemble sous le nom de One Hyphen, nos \u00e9quipes \u00e0 travers l\u2019Europe et l\u2019Am\u00e9rique latine sont r\u00e9put\u00e9es pour leur perspective internationale, leur connaissance des sp\u00e9cificit\u00e9s locales et leur souci du d\u00e9tail.","breadcrumb":{"@id":"https:\/\/hyphen.archi\/fr\/emplacements\/#breadcrumb"},"inLanguage":"fr-FR","potentialAction":[{"@type":"ReadAction","target":["https:\/\/hyphen.archi\/fr\/emplacements\/"]}]},{"@type":"BreadcrumbList","@id":"https:\/\/hyphen.archi\/fr\/emplacements\/#breadcrumb","itemListElement":[{"@type":"ListItem","position":1,"name":"Home","item":"https:\/\/hyphen.archi\/fr\/"},{"@type":"ListItem","position":2,"name":"Localisation des projets"}]},{"@type":"WebSite","@id":"https:\/\/hyphen.archi\/fr\/#website","url":"https:\/\/hyphen.archi\/fr\/","name":"Hyphen","description":"International Architecture Firm","publisher":{"@id":"https:\/\/hyphen.archi\/fr\/#organization"},"potentialAction":[{"@type":"SearchAction","target":{"@type":"EntryPoint","urlTemplate":"https:\/\/hyphen.archi\/fr\/?s={search_term_string}"},"query-input":{"@type":"PropertyValueSpecification","valueRequired":true,"valueName":"search_term_string"}}],"inLanguage":"fr-FR"},{"@type":"Organization","@id":"https:\/\/hyphen.archi\/fr\/#organization","name":"Hyphen","url":"https:\/\/hyphen.archi\/fr\/","logo":{"@type":"ImageObject","inLanguage":"fr-FR","@id":"https:\/\/hyphen.archi\/fr\/#\/schema\/logo\/image\/","url":"https:\/\/hyphen.archi\/app\/uploads\/2024\/03\/Favicon-no_BG.png","contentUrl":"https:\/\/hyphen.archi\/app\/uploads\/2024\/03\/Favicon-no_BG.png","width":792,"height":793,"caption":"Hyphen"},"image":{"@id":"https:\/\/hyphen.archi\/fr\/#\/schema\/logo\/image\/"},"sameAs":["https:\/\/www.linkedin.com\/company\/hyphen.archi\/","https:\/\/www.instagram.com\/hyphen_archi\/"]}]}},"mfb_rest_fields":["title","yoast_head","yoast_head_json"],"_links":{"self":[{"href":"https:\/\/hyphen.archi\/fr\/wp-json\/wp\/v2\/pages\/8523","targetHints":{"allow":["GET"]}}],"collection":[{"href":"https:\/\/hyphen.archi\/fr\/wp-json\/wp\/v2\/pages"}],"about":[{"href":"https:\/\/hyphen.archi\/fr\/wp-json\/wp\/v2\/types\/page"}],"author":[{"embeddable":true,"href":"https:\/\/hyphen.archi\/fr\/wp-json\/wp\/v2\/users\/1"}],"replies":[{"embeddable":true,"href":"https:\/\/hyphen.archi\/fr\/wp-json\/wp\/v2\/comments?post=8523"}],"version-history":[{"count":6,"href":"https:\/\/hyphen.archi\/fr\/wp-json\/wp\/v2\/pages\/8523\/revisions"}],"predecessor-version":[{"id":11056,"href":"https:\/\/hyphen.archi\/fr\/wp-json\/wp\/v2\/pages\/8523\/revisions\/11056"}],"wp:attachment":[{"href":"https:\/\/hyphen.archi\/fr\/wp-json\/wp\/v2\/media?parent=8523"}],"wp:term":[{"taxonomy":"expertise","embeddable":true,"href":"https:\/\/hyphen.archi\/fr\/wp-json\/wp\/v2\/expertise?post=8523"},{"taxonomy":"location","embeddable":true,"href":"https:\/\/hyphen.archi\/fr\/wp-json\/wp\/v2\/location?post=8523"},{"taxonomy":"sector","embeddable":true,"href":"https:\/\/hyphen.archi\/fr\/wp-json\/wp\/v2\/sector?post=8523"}],"curies":[{"name":"wp","href":"https:\/\/api.w.org\/{rel}","templated":true}]}}