
{"id":8561,"date":"2023-09-19T15:44:04","date_gmt":"2023-09-19T15:44:04","guid":{"rendered":"http:\/\/hyphen.archi\/politiques\/"},"modified":"2024-04-30T10:06:15","modified_gmt":"2024-04-30T10:06:15","slug":"politiques","status":"publish","type":"page","link":"https:\/\/hyphen.archi\/fr\/politiques\/","title":{"rendered":"Politiques"},"content":{"rendered":"\n<h2 class=\"wp-block-heading has-large-font-size\">D\u00e9claration de politique g\u00e9n\u00e9rale BIM<\/h2>\n\n<p>Cette d\u00e9claration d\u00e9finit la politique de Hyphen en mati\u00e8re de mod\u00e9lisation des donn\u00e9es du b\u00e2timent (BIM). Il couvre les services architecturaux entrepris par The Hyphen Group Ltd depuis le d\u00e9but jusqu&#8217;\u00e0 l&#8217;ach\u00e8vement de nos projets. Cette d\u00e9claration sera r\u00e9examin\u00e9e chaque ann\u00e9e et les changements seront adopt\u00e9s dans l&#8217;ensemble de l&#8217;entreprise.<\/p>\n\n<p><a href=\"https:\/\/hyphen.archi\/fr\/politiques\/declaration-de-politique-generale-bim\/\" data-type=\"page\" data-id=\"2878\">En savoir plus<\/a><\/p>\n\n<h2 class=\"wp-block-heading has-large-font-size\">Politique commerciale \u00e9thique<\/h2>\n\n<p>Cette politique s&#8217;applique \u00e0 tous les directeurs et employ\u00e9s de Hyphen dans l&#8217;ensemble du groupe de soci\u00e9t\u00e9s Hyphen. Nous recherchons l&#8217;excellence dans tous les aspects de notre activit\u00e9. Nous pensons qu&#8217;il est de notre responsabilit\u00e9 d&#8217;adh\u00e9rer aux normes les plus \u00e9lev\u00e9es en mati\u00e8re de comportement et de soins. Nous sommes conscients de nos responsabilit\u00e9s en tant qu&#8217;entreprise internationale et nous nous effor\u00e7ons de fixer, d&#8217;encourager et de maintenir les normes les plus \u00e9lev\u00e9es en mati\u00e8re de responsabilit\u00e9 d&#8217;entreprise dans tout ce que nous faisons dans le cadre de nos activit\u00e9s. Nous pensons qu&#8217;il s&#8217;agit non seulement d&#8217;une bonne d\u00e9cision commerciale, mais aussi d&#8217;un moyen d&#8217;am\u00e9liorer nos relations de travail avec nos clients, nos fournisseurs, nos coll\u00e8gues et la communaut\u00e9 qui nous entoure.<\/p>\n\n<p><a href=\"https:\/\/hyphen.archi\/fr\/politiques\/politique-commerciale-ethique\/\" data-type=\"page\" data-id=\"2880\">En savoir plus<\/a><\/p>\n\n<h2 class=\"wp-block-heading has-large-font-size\">D\u00e9claration Net Zero<\/h2>\n\n<p>Dans notre <a href=\"https:\/\/hyphen.archi\/fr\/politiques\/declaration-net-zero\/\" data-type=\"page\" data-id=\"2882\">d\u00e9claration &#8220;Net Zero&#8221;<\/a>, nous nous engageons \u00e0 r\u00e9duire de moiti\u00e9 nos \u00e9missions de gaz \u00e0 effet de serre d&#8217;ici \u00e0 2030 et \u00e0 atteindre le niveau z\u00e9ro avant 2050. Bien que 2050 semble encore loin, cet engagement est bas\u00e9 sur le cadre du <a href=\"https:\/\/businessclimatehub.org\/\" target=\"_blank\" rel=\"noreferrer noopener\">SME Climate Hub<\/a> qui aide les petites et moyennes entreprises, telles que Hyphen, \u00e0 s&#8217;engager \u00e0 atteindre des objectifs de z\u00e9ro net et qui est reconnu par la <a href=\"https:\/\/unfccc.int\/climate-action\/race-to-zero-campaign\" target=\"_blank\" rel=\"noreferrer noopener\">campagne Race to Zero<\/a> des Nations Unies.<\/p>\n\n<p><a href=\"https:\/\/hyphen.archi\/fr\/politiques\/declaration-net-zero\/\" data-type=\"page\" data-id=\"2882\">En savoir plus<\/a><\/p>\n\n<h2 class=\"wp-block-heading has-large-font-size\">Politique de qualit\u00e9<\/h2>\n\n<p>L&#8217;ambition de Hyphen est de devenir le r\u00e9seau d&#8217;agences d&#8217;architecture dirig\u00e9es par leurs propri\u00e9taires le mieux connect\u00e9 au monde, offrant le plus haut niveau de service \u00e0 nos clients dans le monde entier et rivalisant sur la sc\u00e8ne internationale dans nos secteurs de pr\u00e9dilection. Cet engagement est soutenu par nos valeurs et est essentiel \u00e0 la poursuite de notre croissance et de notre succ\u00e8s.<\/p>\n\n<p>Nous sommes synonymes de qualit\u00e9. Notre responsabilit\u00e9 en mati\u00e8re de qualit\u00e9 est essentielle dans tout ce que nous faisons. Nous nous engageons \u00e0 am\u00e9liorer continuellement nos services et \u00e0 satisfaire \u00e0 toutes les exigences applicables de notre certification ISO 9001:2015, qui soutient \u00e9galement notre syst\u00e8me de gestion de la qualit\u00e9 (SGQ).<\/p>\n\n<p><a href=\"https:\/\/hyphen.archi\/fr\/politiques\/politique-de-qualite\/\" data-type=\"page\" data-id=\"2884\">En savoir plus<\/a><\/p>\n","protected":false},"excerpt":{"rendered":"<p>D\u00e9claration de politique g\u00e9n\u00e9rale BIM Cette d\u00e9claration d\u00e9finit la politique de Hyphen en mati\u00e8re de mod\u00e9lisation des donn\u00e9es du b\u00e2timent (BIM). Il couvre les services architecturaux entrepris par The Hyphen Group Ltd depuis le d\u00e9but jusqu&#8217;\u00e0 l&#8217;ach\u00e8vement de nos projets. Cette d\u00e9claration sera r\u00e9examin\u00e9e chaque ann\u00e9e et les changements seront adopt\u00e9s dans l&#8217;ensemble de l&#8217;entreprise. [&hellip;]<\/p>\n","protected":false},"author":1,"featured_media":0,"parent":0,"menu_order":0,"comment_status":"closed","ping_status":"open","template":"","meta":{"_acf_changed":false,"CBBTypography":[],"footnotes":""},"expertise":[],"location":[],"sector":[],"class_list":["post-8561","page","type-page","status-publish","hentry"],"acf":[],"mb":[],"yoast_head":"<!-- This site is optimized with the Yoast SEO Premium plugin v25.9 (Yoast SEO v27.4) - https:\/\/yoast.com\/product\/yoast-seo-premium-wordpress\/ -->\n<title>Politiques - Hyphen<\/title>\n<meta name=\"robots\" content=\"index, follow, max-snippet:-1, max-image-preview:large, max-video-preview:-1\" \/>\n<link rel=\"canonical\" href=\"https:\/\/hyphen.archi\/fr\/politiques\/\" \/>\n<meta property=\"og:locale\" content=\"fr_FR\" \/>\n<meta property=\"og:type\" content=\"article\" \/>\n<meta property=\"og:title\" content=\"Politiques\" \/>\n<meta property=\"og:description\" content=\"D\u00e9claration de politique g\u00e9n\u00e9rale BIM Cette d\u00e9claration d\u00e9finit la politique de Hyphen en mati\u00e8re de mod\u00e9lisation des donn\u00e9es du b\u00e2timent (BIM). Il couvre les services architecturaux entrepris par The Hyphen Group Ltd depuis le d\u00e9but jusqu&#8217;\u00e0 l&#8217;ach\u00e8vement de nos projets. Cette d\u00e9claration sera r\u00e9examin\u00e9e chaque ann\u00e9e et les changements seront adopt\u00e9s dans l&#8217;ensemble de l&#8217;entreprise. [&hellip;]\" \/>\n<meta property=\"og:url\" content=\"https:\/\/hyphen.archi\/fr\/politiques\/\" \/>\n<meta property=\"og:site_name\" content=\"Hyphen\" \/>\n<meta property=\"article:modified_time\" content=\"2024-04-30T10:06:15+00:00\" \/>\n<meta name=\"twitter:card\" content=\"summary_large_image\" \/>\n<meta name=\"twitter:label1\" content=\"Est. reading time\" \/>\n\t<meta name=\"twitter:data1\" content=\"2 minutes\" \/>\n<script type=\"application\/ld+json\" class=\"yoast-schema-graph\">{\"@context\":\"https:\\\/\\\/schema.org\",\"@graph\":[{\"@type\":\"WebPage\",\"@id\":\"https:\\\/\\\/hyphen.archi\\\/fr\\\/politiques\\\/\",\"url\":\"https:\\\/\\\/hyphen.archi\\\/fr\\\/politiques\\\/\",\"name\":\"Politiques - Hyphen\",\"isPartOf\":{\"@id\":\"https:\\\/\\\/hyphen.archi\\\/fr\\\/#website\"},\"datePublished\":\"2023-09-19T15:44:04+00:00\",\"dateModified\":\"2024-04-30T10:06:15+00:00\",\"breadcrumb\":{\"@id\":\"https:\\\/\\\/hyphen.archi\\\/fr\\\/politiques\\\/#breadcrumb\"},\"inLanguage\":\"fr-FR\",\"potentialAction\":[{\"@type\":\"ReadAction\",\"target\":[\"https:\\\/\\\/hyphen.archi\\\/fr\\\/politiques\\\/\"]}]},{\"@type\":\"BreadcrumbList\",\"@id\":\"https:\\\/\\\/hyphen.archi\\\/fr\\\/politiques\\\/#breadcrumb\",\"itemListElement\":[{\"@type\":\"ListItem\",\"position\":1,\"name\":\"Home\",\"item\":\"https:\\\/\\\/hyphen.archi\\\/fr\\\/\"},{\"@type\":\"ListItem\",\"position\":2,\"name\":\"Politiques\"}]},{\"@type\":\"WebSite\",\"@id\":\"https:\\\/\\\/hyphen.archi\\\/fr\\\/#website\",\"url\":\"https:\\\/\\\/hyphen.archi\\\/fr\\\/\",\"name\":\"Hyphen\",\"description\":\"International Architecture Firm\",\"publisher\":{\"@id\":\"https:\\\/\\\/hyphen.archi\\\/fr\\\/#organization\"},\"potentialAction\":[{\"@type\":\"SearchAction\",\"target\":{\"@type\":\"EntryPoint\",\"urlTemplate\":\"https:\\\/\\\/hyphen.archi\\\/fr\\\/?s={search_term_string}\"},\"query-input\":{\"@type\":\"PropertyValueSpecification\",\"valueRequired\":true,\"valueName\":\"search_term_string\"}}],\"inLanguage\":\"fr-FR\"},{\"@type\":\"Organization\",\"@id\":\"https:\\\/\\\/hyphen.archi\\\/fr\\\/#organization\",\"name\":\"Hyphen\",\"url\":\"https:\\\/\\\/hyphen.archi\\\/fr\\\/\",\"logo\":{\"@type\":\"ImageObject\",\"inLanguage\":\"fr-FR\",\"@id\":\"https:\\\/\\\/hyphen.archi\\\/fr\\\/#\\\/schema\\\/logo\\\/image\\\/\",\"url\":\"https:\\\/\\\/hyphen.archi\\\/app\\\/uploads\\\/2024\\\/03\\\/Favicon-no_BG.png\",\"contentUrl\":\"https:\\\/\\\/hyphen.archi\\\/app\\\/uploads\\\/2024\\\/03\\\/Favicon-no_BG.png\",\"width\":792,\"height\":793,\"caption\":\"Hyphen\"},\"image\":{\"@id\":\"https:\\\/\\\/hyphen.archi\\\/fr\\\/#\\\/schema\\\/logo\\\/image\\\/\"},\"sameAs\":[\"https:\\\/\\\/www.linkedin.com\\\/company\\\/hyphen.archi\\\/\",\"https:\\\/\\\/www.instagram.com\\\/hyphen_archi\\\/\"]}]}<\/script>\n<!-- \/ Yoast SEO Premium plugin. -->","yoast_head_json":{"title":"Politiques - Hyphen","robots":{"index":"index","follow":"follow","max-snippet":"max-snippet:-1","max-image-preview":"max-image-preview:large","max-video-preview":"max-video-preview:-1"},"canonical":"https:\/\/hyphen.archi\/fr\/politiques\/","og_locale":"fr_FR","og_type":"article","og_title":"Politiques","og_description":"D\u00e9claration de politique g\u00e9n\u00e9rale BIM Cette d\u00e9claration d\u00e9finit la politique de Hyphen en mati\u00e8re de mod\u00e9lisation des donn\u00e9es du b\u00e2timent (BIM). Il couvre les services architecturaux entrepris par The Hyphen Group Ltd depuis le d\u00e9but jusqu&#8217;\u00e0 l&#8217;ach\u00e8vement de nos projets. Cette d\u00e9claration sera r\u00e9examin\u00e9e chaque ann\u00e9e et les changements seront adopt\u00e9s dans l&#8217;ensemble de l&#8217;entreprise. [&hellip;]","og_url":"https:\/\/hyphen.archi\/fr\/politiques\/","og_site_name":"Hyphen","article_modified_time":"2024-04-30T10:06:15+00:00","twitter_card":"summary_large_image","twitter_misc":{"Est. reading time":"2 minutes"},"schema":{"@context":"https:\/\/schema.org","@graph":[{"@type":"WebPage","@id":"https:\/\/hyphen.archi\/fr\/politiques\/","url":"https:\/\/hyphen.archi\/fr\/politiques\/","name":"Politiques - Hyphen","isPartOf":{"@id":"https:\/\/hyphen.archi\/fr\/#website"},"datePublished":"2023-09-19T15:44:04+00:00","dateModified":"2024-04-30T10:06:15+00:00","breadcrumb":{"@id":"https:\/\/hyphen.archi\/fr\/politiques\/#breadcrumb"},"inLanguage":"fr-FR","potentialAction":[{"@type":"ReadAction","target":["https:\/\/hyphen.archi\/fr\/politiques\/"]}]},{"@type":"BreadcrumbList","@id":"https:\/\/hyphen.archi\/fr\/politiques\/#breadcrumb","itemListElement":[{"@type":"ListItem","position":1,"name":"Home","item":"https:\/\/hyphen.archi\/fr\/"},{"@type":"ListItem","position":2,"name":"Politiques"}]},{"@type":"WebSite","@id":"https:\/\/hyphen.archi\/fr\/#website","url":"https:\/\/hyphen.archi\/fr\/","name":"Hyphen","description":"International Architecture Firm","publisher":{"@id":"https:\/\/hyphen.archi\/fr\/#organization"},"potentialAction":[{"@type":"SearchAction","target":{"@type":"EntryPoint","urlTemplate":"https:\/\/hyphen.archi\/fr\/?s={search_term_string}"},"query-input":{"@type":"PropertyValueSpecification","valueRequired":true,"valueName":"search_term_string"}}],"inLanguage":"fr-FR"},{"@type":"Organization","@id":"https:\/\/hyphen.archi\/fr\/#organization","name":"Hyphen","url":"https:\/\/hyphen.archi\/fr\/","logo":{"@type":"ImageObject","inLanguage":"fr-FR","@id":"https:\/\/hyphen.archi\/fr\/#\/schema\/logo\/image\/","url":"https:\/\/hyphen.archi\/app\/uploads\/2024\/03\/Favicon-no_BG.png","contentUrl":"https:\/\/hyphen.archi\/app\/uploads\/2024\/03\/Favicon-no_BG.png","width":792,"height":793,"caption":"Hyphen"},"image":{"@id":"https:\/\/hyphen.archi\/fr\/#\/schema\/logo\/image\/"},"sameAs":["https:\/\/www.linkedin.com\/company\/hyphen.archi\/","https:\/\/www.instagram.com\/hyphen_archi\/"]}]}},"mfb_rest_fields":["title","yoast_head","yoast_head_json"],"_links":{"self":[{"href":"https:\/\/hyphen.archi\/fr\/wp-json\/wp\/v2\/pages\/8561","targetHints":{"allow":["GET"]}}],"collection":[{"href":"https:\/\/hyphen.archi\/fr\/wp-json\/wp\/v2\/pages"}],"about":[{"href":"https:\/\/hyphen.archi\/fr\/wp-json\/wp\/v2\/types\/page"}],"author":[{"embeddable":true,"href":"https:\/\/hyphen.archi\/fr\/wp-json\/wp\/v2\/users\/1"}],"replies":[{"embeddable":true,"href":"https:\/\/hyphen.archi\/fr\/wp-json\/wp\/v2\/comments?post=8561"}],"version-history":[{"count":2,"href":"https:\/\/hyphen.archi\/fr\/wp-json\/wp\/v2\/pages\/8561\/revisions"}],"predecessor-version":[{"id":10521,"href":"https:\/\/hyphen.archi\/fr\/wp-json\/wp\/v2\/pages\/8561\/revisions\/10521"}],"wp:attachment":[{"href":"https:\/\/hyphen.archi\/fr\/wp-json\/wp\/v2\/media?parent=8561"}],"wp:term":[{"taxonomy":"expertise","embeddable":true,"href":"https:\/\/hyphen.archi\/fr\/wp-json\/wp\/v2\/expertise?post=8561"},{"taxonomy":"location","embeddable":true,"href":"https:\/\/hyphen.archi\/fr\/wp-json\/wp\/v2\/location?post=8561"},{"taxonomy":"sector","embeddable":true,"href":"https:\/\/hyphen.archi\/fr\/wp-json\/wp\/v2\/sector?post=8561"}],"curies":[{"name":"wp","href":"https:\/\/api.w.org\/{rel}","templated":true}]}}