
{"id":8135,"date":"2024-02-28T12:36:02","date_gmt":"2024-02-28T12:36:02","guid":{"rendered":"http:\/\/hyphen.archi\/informazioni-legali\/"},"modified":"2024-05-16T11:26:29","modified_gmt":"2024-05-16T11:26:29","slug":"informazioni-legali","status":"publish","type":"page","link":"https:\/\/hyphen.archi\/it\/informazioni-legali\/","title":{"rendered":"Informazioni legali"},"content":{"rendered":"\n<h2 class=\"wp-block-heading has-large-font-size\">Informazioni sull&#8217;azienda  <\/h2>\n\n<p>\u00a9 Hyphen Group Ltd  <\/p>\n\n<p>Hyphen \u00e8 il nome commerciale della Societ\u00e0 registrata come Hyphen Group Ltd.<\/p>\n\n<p>Hyphen \u00e8 un marchio registrato nel Regno Unito, nell&#8217;UE, in Norvegia, in Svizzera, in Cile e in Messico.<\/p>\n\n<p><strong>Indirizzo della sede legale:<\/strong><br\/><strong>3 Charlecote Mews<\/strong><br\/><strong>Giardini della graffetta<\/strong><br\/><strong>Winchester<\/strong><br\/><strong>Hampshire<\/strong><br\/><strong>SO23 8SR<\/strong><\/p>\n\n<p>Numero di societ\u00e0 registrata: 3694027<br\/>Stato commerciale: Societ\u00e0 privata a responsabilit\u00e0 limitata<\/p>\n\n<p>Hyphen Group Ltd detiene il 100% del capitale azionario emesso dalla societ\u00e0 nel Regno Unito.<\/p>\n\n<p><strong>Le aziende che formano il gruppo Hyphen sono:<\/strong><br\/>REGNO UNITO: Hyphen Archi Ltd Societ\u00e0 n. 2763353<br\/>IE: Hyphen Archi Ireland Ltd Numero di registro 685478<br\/>DE: Hyphen A GmbH No. HRB 72991<br\/>FR: Hyphen Archi SELARL SIRET 437 627 631 00033\/ APE 7111Z\/ONA SO4810<br\/>ES: Hyphen Archi SLU No. B-82782566<br\/>IT: Hyphen Archi Srl No. 09797440964<br\/>CL: Hyphen Archi SpA RUT 76.454.825-6<br\/>MX: Hyphen Arq MX HAM230921QU8<\/p>\n\n<p><\/p>\n\n<h2 class=\"wp-block-heading has-large-font-size\">Esclusione di responsabilit\u00e0<\/h2>\n\n<p>Tutti gli articoli, i blog o le pubblicazioni contenute in questo sito non intendono fornire consigli specifici in materia di affari o investimenti. Prima di prendere qualsiasi decisione commerciale o di investimento, \u00e8 necessario avvalersi di una consulenza specifica e indipendente.<\/p>\n","protected":false},"excerpt":{"rendered":"<p>Informazioni sull&#8217;azienda \u00a9 Hyphen Group Ltd Hyphen \u00e8 il nome commerciale della Societ\u00e0 registrata come Hyphen Group Ltd. Hyphen \u00e8 un marchio registrato nel Regno Unito, nell&#8217;UE, in Norvegia, in Svizzera, in Cile e in Messico. Indirizzo della sede legale:3 Charlecote MewsGiardini della graffettaWinchesterHampshireSO23 8SR Numero di societ\u00e0 registrata: 3694027Stato commerciale: Societ\u00e0 privata a responsabilit\u00e0 [&hellip;]<\/p>\n","protected":false},"author":1,"featured_media":0,"parent":0,"menu_order":0,"comment_status":"closed","ping_status":"closed","template":"","meta":{"_acf_changed":false,"CBBTypography":[],"footnotes":""},"expertise":[],"location":[],"sector":[],"class_list":["post-8135","page","type-page","status-publish","hentry"],"acf":[],"mb":[],"yoast_head":"<!-- This site is optimized with the Yoast SEO Premium plugin v25.9 (Yoast SEO v27.0) - https:\/\/yoast.com\/product\/yoast-seo-premium-wordpress\/ -->\n<title>Informazioni legali - Hyphen<\/title>\n<meta name=\"robots\" content=\"index, follow, max-snippet:-1, max-image-preview:large, max-video-preview:-1\" \/>\n<link rel=\"canonical\" href=\"https:\/\/hyphen.archi\/it\/informazioni-legali\/\" \/>\n<meta property=\"og:locale\" content=\"it_IT\" \/>\n<meta property=\"og:type\" content=\"article\" \/>\n<meta property=\"og:title\" content=\"Informazioni legali\" \/>\n<meta property=\"og:description\" content=\"Informazioni sull&#8217;azienda \u00a9 Hyphen Group Ltd Hyphen \u00e8 il nome commerciale della Societ\u00e0 registrata come Hyphen Group Ltd. Hyphen \u00e8 un marchio registrato nel Regno Unito, nell&#8217;UE, in Norvegia, in Svizzera, in Cile e in Messico. Indirizzo della sede legale:3 Charlecote MewsGiardini della graffettaWinchesterHampshireSO23 8SR Numero di societ\u00e0 registrata: 3694027Stato commerciale: Societ\u00e0 privata a responsabilit\u00e0 [&hellip;]\" \/>\n<meta property=\"og:url\" content=\"https:\/\/hyphen.archi\/it\/informazioni-legali\/\" \/>\n<meta property=\"og:site_name\" content=\"Hyphen\" \/>\n<meta property=\"article:modified_time\" content=\"2024-05-16T11:26:29+00:00\" \/>\n<meta name=\"twitter:card\" content=\"summary_large_image\" \/>\n<meta name=\"twitter:label1\" content=\"Est. reading time\" \/>\n\t<meta name=\"twitter:data1\" content=\"1 minute\" \/>\n<script type=\"application\/ld+json\" class=\"yoast-schema-graph\">{\"@context\":\"https:\/\/schema.org\",\"@graph\":[{\"@type\":\"WebPage\",\"@id\":\"https:\/\/hyphen.archi\/it\/informazioni-legali\/\",\"url\":\"https:\/\/hyphen.archi\/it\/informazioni-legali\/\",\"name\":\"Informazioni legali - Hyphen\",\"isPartOf\":{\"@id\":\"https:\/\/hyphen.archi\/it\/#website\"},\"datePublished\":\"2024-02-28T12:36:02+00:00\",\"dateModified\":\"2024-05-16T11:26:29+00:00\",\"breadcrumb\":{\"@id\":\"https:\/\/hyphen.archi\/it\/informazioni-legali\/#breadcrumb\"},\"inLanguage\":\"it-IT\",\"potentialAction\":[{\"@type\":\"ReadAction\",\"target\":[\"https:\/\/hyphen.archi\/it\/informazioni-legali\/\"]}]},{\"@type\":\"BreadcrumbList\",\"@id\":\"https:\/\/hyphen.archi\/it\/informazioni-legali\/#breadcrumb\",\"itemListElement\":[{\"@type\":\"ListItem\",\"position\":1,\"name\":\"Home\",\"item\":\"https:\/\/hyphen.archi\/it\/\"},{\"@type\":\"ListItem\",\"position\":2,\"name\":\"Informazioni legali\"}]},{\"@type\":\"WebSite\",\"@id\":\"https:\/\/hyphen.archi\/it\/#website\",\"url\":\"https:\/\/hyphen.archi\/it\/\",\"name\":\"Hyphen\",\"description\":\"International Architecture Firm\",\"publisher\":{\"@id\":\"https:\/\/hyphen.archi\/it\/#organization\"},\"potentialAction\":[{\"@type\":\"SearchAction\",\"target\":{\"@type\":\"EntryPoint\",\"urlTemplate\":\"https:\/\/hyphen.archi\/it\/?s={search_term_string}\"},\"query-input\":{\"@type\":\"PropertyValueSpecification\",\"valueRequired\":true,\"valueName\":\"search_term_string\"}}],\"inLanguage\":\"it-IT\"},{\"@type\":\"Organization\",\"@id\":\"https:\/\/hyphen.archi\/it\/#organization\",\"name\":\"Hyphen\",\"url\":\"https:\/\/hyphen.archi\/it\/\",\"logo\":{\"@type\":\"ImageObject\",\"inLanguage\":\"it-IT\",\"@id\":\"https:\/\/hyphen.archi\/it\/#\/schema\/logo\/image\/\",\"url\":\"https:\/\/hyphen.archi\/app\/uploads\/2024\/03\/Favicon-no_BG.png\",\"contentUrl\":\"https:\/\/hyphen.archi\/app\/uploads\/2024\/03\/Favicon-no_BG.png\",\"width\":792,\"height\":793,\"caption\":\"Hyphen\"},\"image\":{\"@id\":\"https:\/\/hyphen.archi\/it\/#\/schema\/logo\/image\/\"},\"sameAs\":[\"https:\/\/www.linkedin.com\/company\/hyphen.archi\/\",\"https:\/\/www.instagram.com\/hyphen_archi\/\"]}]}<\/script>\n<!-- \/ Yoast SEO Premium plugin. -->","yoast_head_json":{"title":"Informazioni legali - Hyphen","robots":{"index":"index","follow":"follow","max-snippet":"max-snippet:-1","max-image-preview":"max-image-preview:large","max-video-preview":"max-video-preview:-1"},"canonical":"https:\/\/hyphen.archi\/it\/informazioni-legali\/","og_locale":"it_IT","og_type":"article","og_title":"Informazioni legali","og_description":"Informazioni sull&#8217;azienda \u00a9 Hyphen Group Ltd Hyphen \u00e8 il nome commerciale della Societ\u00e0 registrata come Hyphen Group Ltd. Hyphen \u00e8 un marchio registrato nel Regno Unito, nell&#8217;UE, in Norvegia, in Svizzera, in Cile e in Messico. Indirizzo della sede legale:3 Charlecote MewsGiardini della graffettaWinchesterHampshireSO23 8SR Numero di societ\u00e0 registrata: 3694027Stato commerciale: Societ\u00e0 privata a responsabilit\u00e0 [&hellip;]","og_url":"https:\/\/hyphen.archi\/it\/informazioni-legali\/","og_site_name":"Hyphen","article_modified_time":"2024-05-16T11:26:29+00:00","twitter_card":"summary_large_image","twitter_misc":{"Est. reading time":"1 minute"},"schema":{"@context":"https:\/\/schema.org","@graph":[{"@type":"WebPage","@id":"https:\/\/hyphen.archi\/it\/informazioni-legali\/","url":"https:\/\/hyphen.archi\/it\/informazioni-legali\/","name":"Informazioni legali - Hyphen","isPartOf":{"@id":"https:\/\/hyphen.archi\/it\/#website"},"datePublished":"2024-02-28T12:36:02+00:00","dateModified":"2024-05-16T11:26:29+00:00","breadcrumb":{"@id":"https:\/\/hyphen.archi\/it\/informazioni-legali\/#breadcrumb"},"inLanguage":"it-IT","potentialAction":[{"@type":"ReadAction","target":["https:\/\/hyphen.archi\/it\/informazioni-legali\/"]}]},{"@type":"BreadcrumbList","@id":"https:\/\/hyphen.archi\/it\/informazioni-legali\/#breadcrumb","itemListElement":[{"@type":"ListItem","position":1,"name":"Home","item":"https:\/\/hyphen.archi\/it\/"},{"@type":"ListItem","position":2,"name":"Informazioni legali"}]},{"@type":"WebSite","@id":"https:\/\/hyphen.archi\/it\/#website","url":"https:\/\/hyphen.archi\/it\/","name":"Hyphen","description":"International Architecture Firm","publisher":{"@id":"https:\/\/hyphen.archi\/it\/#organization"},"potentialAction":[{"@type":"SearchAction","target":{"@type":"EntryPoint","urlTemplate":"https:\/\/hyphen.archi\/it\/?s={search_term_string}"},"query-input":{"@type":"PropertyValueSpecification","valueRequired":true,"valueName":"search_term_string"}}],"inLanguage":"it-IT"},{"@type":"Organization","@id":"https:\/\/hyphen.archi\/it\/#organization","name":"Hyphen","url":"https:\/\/hyphen.archi\/it\/","logo":{"@type":"ImageObject","inLanguage":"it-IT","@id":"https:\/\/hyphen.archi\/it\/#\/schema\/logo\/image\/","url":"https:\/\/hyphen.archi\/app\/uploads\/2024\/03\/Favicon-no_BG.png","contentUrl":"https:\/\/hyphen.archi\/app\/uploads\/2024\/03\/Favicon-no_BG.png","width":792,"height":793,"caption":"Hyphen"},"image":{"@id":"https:\/\/hyphen.archi\/it\/#\/schema\/logo\/image\/"},"sameAs":["https:\/\/www.linkedin.com\/company\/hyphen.archi\/","https:\/\/www.instagram.com\/hyphen_archi\/"]}]}},"mfb_rest_fields":["title","yoast_head","yoast_head_json"],"_links":{"self":[{"href":"https:\/\/hyphen.archi\/it\/wp-json\/wp\/v2\/pages\/8135","targetHints":{"allow":["GET"]}}],"collection":[{"href":"https:\/\/hyphen.archi\/it\/wp-json\/wp\/v2\/pages"}],"about":[{"href":"https:\/\/hyphen.archi\/it\/wp-json\/wp\/v2\/types\/page"}],"author":[{"embeddable":true,"href":"https:\/\/hyphen.archi\/it\/wp-json\/wp\/v2\/users\/1"}],"replies":[{"embeddable":true,"href":"https:\/\/hyphen.archi\/it\/wp-json\/wp\/v2\/comments?post=8135"}],"version-history":[{"count":6,"href":"https:\/\/hyphen.archi\/it\/wp-json\/wp\/v2\/pages\/8135\/revisions"}],"predecessor-version":[{"id":10981,"href":"https:\/\/hyphen.archi\/it\/wp-json\/wp\/v2\/pages\/8135\/revisions\/10981"}],"wp:attachment":[{"href":"https:\/\/hyphen.archi\/it\/wp-json\/wp\/v2\/media?parent=8135"}],"wp:term":[{"taxonomy":"expertise","embeddable":true,"href":"https:\/\/hyphen.archi\/it\/wp-json\/wp\/v2\/expertise?post=8135"},{"taxonomy":"location","embeddable":true,"href":"https:\/\/hyphen.archi\/it\/wp-json\/wp\/v2\/location?post=8135"},{"taxonomy":"sector","embeddable":true,"href":"https:\/\/hyphen.archi\/it\/wp-json\/wp\/v2\/sector?post=8135"}],"curies":[{"name":"wp","href":"https:\/\/api.w.org\/{rel}","templated":true}]}}