
{"id":8568,"date":"2023-09-19T15:44:04","date_gmt":"2023-09-19T15:44:04","guid":{"rendered":"http:\/\/hyphen.archi\/politiche\/"},"modified":"2024-04-30T10:06:15","modified_gmt":"2024-04-30T10:06:15","slug":"politiche","status":"publish","type":"page","link":"https:\/\/hyphen.archi\/it\/politiche\/","title":{"rendered":"Politiche"},"content":{"rendered":"\n<h2 class=\"wp-block-heading has-large-font-size\">Dichiarazione sulla politica BIM<\/h2>\n\n<p>La presente dichiarazione definisce la politica BIM (Building Information Modelling) di Hyphen. Copre i servizi architettonici intrapresi da The Hyphen Group Ltd dall&#8217;inizio al completamento dei nostri progetti. Questa dichiarazione sar\u00e0 rivista su base annuale e le modifiche saranno adottate in tutta l&#8217;azienda.<\/p>\n\n<p><a href=\"https:\/\/hyphen.archi\/it\/politiche\/dichiarazione-sulla-politica-bim\/\" data-type=\"page\" data-id=\"2878\">Leggi tutto<\/a><\/p>\n\n<h2 class=\"wp-block-heading has-large-font-size\">Politica aziendale etica<\/h2>\n\n<p>Questa politica riguarda tutti i direttori e il personale di Hyphen in tutto il Gruppo Hyphen. Cerchiamo l&#8217;eccellenza in ogni aspetto della nostra attivit\u00e0. Crediamo di avere la responsabilit\u00e0 di aderire ai pi\u00f9 alti standard di comportamento e di cura. Riconosciamo le nostre responsabilit\u00e0 in quanto azienda internazionale e ci proponiamo di stabilire, incoraggiare e sostenere i pi\u00f9 alti standard di responsabilit\u00e0 aziendale in tutto ci\u00f2 che facciamo nelle nostre attivit\u00e0. Riteniamo che questo non solo abbia un buon senso dal punto di vista commerciale, ma che abbia anche il potenziale per migliorare i rapporti di lavoro con i nostri clienti, fornitori, tra di noi e con la comunit\u00e0 che ci circonda.<\/p>\n\n<p><a href=\"https:\/\/hyphen.archi\/it\/politiche\/politica-aziendale-etica\/\" data-type=\"page\" data-id=\"2880\">Leggi tutto<\/a><\/p>\n\n<h2 class=\"wp-block-heading has-large-font-size\">Dichiarazione Net Zero<\/h2>\n\n<p>Nella nostra <a href=\"https:\/\/hyphen.archi\/it\/politiche\/dichiarazione-net-zero\/\" data-type=\"page\" data-id=\"2882\">dichiarazione Net Zero<\/a>, ci impegniamo a dimezzare le nostre emissioni di gas serra entro il 2030 e a raggiungere lo zero assoluto entro il 2050. Anche se il 2050 sembra molto lontano, questo impegno si basa sul framework <a href=\"https:\/\/businessclimatehub.org\/\" target=\"_blank\" rel=\"noreferrer noopener\">SME Climate Hub<\/a> che supporta le piccole e medie imprese, come Hyphen, a impegnarsi per raggiungere obiettivi netti zero ed \u00e8 riconosciuto dalla <a href=\"https:\/\/unfccc.int\/climate-action\/race-to-zero-campaign\" target=\"_blank\" rel=\"noreferrer noopener\">campagna Race to Zero<\/a> delle Nazioni Unite.<\/p>\n\n<p><a href=\"https:\/\/hyphen.archi\/it\/politiche\/dichiarazione-net-zero\/\" data-type=\"page\" data-id=\"2882\">Leggi tutto<\/a><\/p>\n\n<h2 class=\"wp-block-heading has-large-font-size\">Politica della qualit\u00e0<\/h2>\n\n<p>L&#8217;ambizione di Hyphen \u00e8 quella di diventare la rete di uffici di architettura con i migliori collegamenti al mondo, offrendo il pi\u00f9 alto livello di servizio ai nostri clienti in tutto il mondo e competendo a livello globale nei settori da noi scelti. Questo impegno \u00e8 sostenuto dai nostri valori ed \u00e8 essenziale per la nostra crescita e il nostro successo.<\/p>\n\n<p>Siamo sinonimo di qualit\u00e0. La nostra responsabilit\u00e0 nei confronti della qualit\u00e0 \u00e8 fondamentale per tutto ci\u00f2 che facciamo. Ci impegniamo a migliorare continuamente i nostri servizi e a soddisfare tutti i requisiti applicabili della nostra certificazione ISO 9001:2015, che supporta anche il nostro Sistema di Gestione della Qualit\u00e0 (SGQ).<\/p>\n\n<p><a href=\"https:\/\/hyphen.archi\/it\/politiche\/politica-della-qualita\/\" data-type=\"page\" data-id=\"2884\">Leggi tutto<\/a><\/p>\n","protected":false},"excerpt":{"rendered":"<p>Dichiarazione sulla politica BIM La presente dichiarazione definisce la politica BIM (Building Information Modelling) di Hyphen. Copre i servizi architettonici intrapresi da The Hyphen Group Ltd dall&#8217;inizio al completamento dei nostri progetti. Questa dichiarazione sar\u00e0 rivista su base annuale e le modifiche saranno adottate in tutta l&#8217;azienda. Leggi tutto Politica aziendale etica Questa politica riguarda [&hellip;]<\/p>\n","protected":false},"author":1,"featured_media":0,"parent":0,"menu_order":0,"comment_status":"closed","ping_status":"open","template":"","meta":{"_acf_changed":false,"CBBTypography":[],"footnotes":""},"expertise":[],"location":[],"sector":[],"class_list":["post-8568","page","type-page","status-publish","hentry"],"acf":[],"mb":[],"yoast_head":"<!-- This site is optimized with the Yoast SEO Premium plugin v25.9 (Yoast SEO v27.4) - https:\/\/yoast.com\/product\/yoast-seo-premium-wordpress\/ -->\n<title>Politiche - Hyphen<\/title>\n<meta name=\"robots\" content=\"index, follow, max-snippet:-1, max-image-preview:large, max-video-preview:-1\" \/>\n<link rel=\"canonical\" href=\"https:\/\/hyphen.archi\/it\/politiche\/\" \/>\n<meta property=\"og:locale\" content=\"it_IT\" \/>\n<meta property=\"og:type\" content=\"article\" \/>\n<meta property=\"og:title\" content=\"Politiche\" \/>\n<meta property=\"og:description\" content=\"Dichiarazione sulla politica BIM La presente dichiarazione definisce la politica BIM (Building Information Modelling) di Hyphen. Copre i servizi architettonici intrapresi da The Hyphen Group Ltd dall&#8217;inizio al completamento dei nostri progetti. Questa dichiarazione sar\u00e0 rivista su base annuale e le modifiche saranno adottate in tutta l&#8217;azienda. Leggi tutto Politica aziendale etica Questa politica riguarda [&hellip;]\" \/>\n<meta property=\"og:url\" content=\"https:\/\/hyphen.archi\/it\/politiche\/\" \/>\n<meta property=\"og:site_name\" content=\"Hyphen\" \/>\n<meta property=\"article:modified_time\" content=\"2024-04-30T10:06:15+00:00\" \/>\n<meta name=\"twitter:card\" content=\"summary_large_image\" \/>\n<meta name=\"twitter:label1\" content=\"Est. reading time\" \/>\n\t<meta name=\"twitter:data1\" content=\"2 minutes\" \/>\n<script type=\"application\/ld+json\" class=\"yoast-schema-graph\">{\"@context\":\"https:\\\/\\\/schema.org\",\"@graph\":[{\"@type\":\"WebPage\",\"@id\":\"https:\\\/\\\/hyphen.archi\\\/it\\\/politiche\\\/\",\"url\":\"https:\\\/\\\/hyphen.archi\\\/it\\\/politiche\\\/\",\"name\":\"Politiche - Hyphen\",\"isPartOf\":{\"@id\":\"https:\\\/\\\/hyphen.archi\\\/it\\\/#website\"},\"datePublished\":\"2023-09-19T15:44:04+00:00\",\"dateModified\":\"2024-04-30T10:06:15+00:00\",\"breadcrumb\":{\"@id\":\"https:\\\/\\\/hyphen.archi\\\/it\\\/politiche\\\/#breadcrumb\"},\"inLanguage\":\"it-IT\",\"potentialAction\":[{\"@type\":\"ReadAction\",\"target\":[\"https:\\\/\\\/hyphen.archi\\\/it\\\/politiche\\\/\"]}]},{\"@type\":\"BreadcrumbList\",\"@id\":\"https:\\\/\\\/hyphen.archi\\\/it\\\/politiche\\\/#breadcrumb\",\"itemListElement\":[{\"@type\":\"ListItem\",\"position\":1,\"name\":\"Home\",\"item\":\"https:\\\/\\\/hyphen.archi\\\/it\\\/\"},{\"@type\":\"ListItem\",\"position\":2,\"name\":\"Politiche\"}]},{\"@type\":\"WebSite\",\"@id\":\"https:\\\/\\\/hyphen.archi\\\/it\\\/#website\",\"url\":\"https:\\\/\\\/hyphen.archi\\\/it\\\/\",\"name\":\"Hyphen\",\"description\":\"International Architecture Firm\",\"publisher\":{\"@id\":\"https:\\\/\\\/hyphen.archi\\\/it\\\/#organization\"},\"potentialAction\":[{\"@type\":\"SearchAction\",\"target\":{\"@type\":\"EntryPoint\",\"urlTemplate\":\"https:\\\/\\\/hyphen.archi\\\/it\\\/?s={search_term_string}\"},\"query-input\":{\"@type\":\"PropertyValueSpecification\",\"valueRequired\":true,\"valueName\":\"search_term_string\"}}],\"inLanguage\":\"it-IT\"},{\"@type\":\"Organization\",\"@id\":\"https:\\\/\\\/hyphen.archi\\\/it\\\/#organization\",\"name\":\"Hyphen\",\"url\":\"https:\\\/\\\/hyphen.archi\\\/it\\\/\",\"logo\":{\"@type\":\"ImageObject\",\"inLanguage\":\"it-IT\",\"@id\":\"https:\\\/\\\/hyphen.archi\\\/it\\\/#\\\/schema\\\/logo\\\/image\\\/\",\"url\":\"https:\\\/\\\/hyphen.archi\\\/app\\\/uploads\\\/2024\\\/03\\\/Favicon-no_BG.png\",\"contentUrl\":\"https:\\\/\\\/hyphen.archi\\\/app\\\/uploads\\\/2024\\\/03\\\/Favicon-no_BG.png\",\"width\":792,\"height\":793,\"caption\":\"Hyphen\"},\"image\":{\"@id\":\"https:\\\/\\\/hyphen.archi\\\/it\\\/#\\\/schema\\\/logo\\\/image\\\/\"},\"sameAs\":[\"https:\\\/\\\/www.linkedin.com\\\/company\\\/hyphen.archi\\\/\",\"https:\\\/\\\/www.instagram.com\\\/hyphen_archi\\\/\"]}]}<\/script>\n<!-- \/ Yoast SEO Premium plugin. -->","yoast_head_json":{"title":"Politiche - Hyphen","robots":{"index":"index","follow":"follow","max-snippet":"max-snippet:-1","max-image-preview":"max-image-preview:large","max-video-preview":"max-video-preview:-1"},"canonical":"https:\/\/hyphen.archi\/it\/politiche\/","og_locale":"it_IT","og_type":"article","og_title":"Politiche","og_description":"Dichiarazione sulla politica BIM La presente dichiarazione definisce la politica BIM (Building Information Modelling) di Hyphen. Copre i servizi architettonici intrapresi da The Hyphen Group Ltd dall&#8217;inizio al completamento dei nostri progetti. Questa dichiarazione sar\u00e0 rivista su base annuale e le modifiche saranno adottate in tutta l&#8217;azienda. Leggi tutto Politica aziendale etica Questa politica riguarda [&hellip;]","og_url":"https:\/\/hyphen.archi\/it\/politiche\/","og_site_name":"Hyphen","article_modified_time":"2024-04-30T10:06:15+00:00","twitter_card":"summary_large_image","twitter_misc":{"Est. reading time":"2 minutes"},"schema":{"@context":"https:\/\/schema.org","@graph":[{"@type":"WebPage","@id":"https:\/\/hyphen.archi\/it\/politiche\/","url":"https:\/\/hyphen.archi\/it\/politiche\/","name":"Politiche - Hyphen","isPartOf":{"@id":"https:\/\/hyphen.archi\/it\/#website"},"datePublished":"2023-09-19T15:44:04+00:00","dateModified":"2024-04-30T10:06:15+00:00","breadcrumb":{"@id":"https:\/\/hyphen.archi\/it\/politiche\/#breadcrumb"},"inLanguage":"it-IT","potentialAction":[{"@type":"ReadAction","target":["https:\/\/hyphen.archi\/it\/politiche\/"]}]},{"@type":"BreadcrumbList","@id":"https:\/\/hyphen.archi\/it\/politiche\/#breadcrumb","itemListElement":[{"@type":"ListItem","position":1,"name":"Home","item":"https:\/\/hyphen.archi\/it\/"},{"@type":"ListItem","position":2,"name":"Politiche"}]},{"@type":"WebSite","@id":"https:\/\/hyphen.archi\/it\/#website","url":"https:\/\/hyphen.archi\/it\/","name":"Hyphen","description":"International Architecture Firm","publisher":{"@id":"https:\/\/hyphen.archi\/it\/#organization"},"potentialAction":[{"@type":"SearchAction","target":{"@type":"EntryPoint","urlTemplate":"https:\/\/hyphen.archi\/it\/?s={search_term_string}"},"query-input":{"@type":"PropertyValueSpecification","valueRequired":true,"valueName":"search_term_string"}}],"inLanguage":"it-IT"},{"@type":"Organization","@id":"https:\/\/hyphen.archi\/it\/#organization","name":"Hyphen","url":"https:\/\/hyphen.archi\/it\/","logo":{"@type":"ImageObject","inLanguage":"it-IT","@id":"https:\/\/hyphen.archi\/it\/#\/schema\/logo\/image\/","url":"https:\/\/hyphen.archi\/app\/uploads\/2024\/03\/Favicon-no_BG.png","contentUrl":"https:\/\/hyphen.archi\/app\/uploads\/2024\/03\/Favicon-no_BG.png","width":792,"height":793,"caption":"Hyphen"},"image":{"@id":"https:\/\/hyphen.archi\/it\/#\/schema\/logo\/image\/"},"sameAs":["https:\/\/www.linkedin.com\/company\/hyphen.archi\/","https:\/\/www.instagram.com\/hyphen_archi\/"]}]}},"mfb_rest_fields":["title","yoast_head","yoast_head_json"],"_links":{"self":[{"href":"https:\/\/hyphen.archi\/it\/wp-json\/wp\/v2\/pages\/8568","targetHints":{"allow":["GET"]}}],"collection":[{"href":"https:\/\/hyphen.archi\/it\/wp-json\/wp\/v2\/pages"}],"about":[{"href":"https:\/\/hyphen.archi\/it\/wp-json\/wp\/v2\/types\/page"}],"author":[{"embeddable":true,"href":"https:\/\/hyphen.archi\/it\/wp-json\/wp\/v2\/users\/1"}],"replies":[{"embeddable":true,"href":"https:\/\/hyphen.archi\/it\/wp-json\/wp\/v2\/comments?post=8568"}],"version-history":[{"count":2,"href":"https:\/\/hyphen.archi\/it\/wp-json\/wp\/v2\/pages\/8568\/revisions"}],"predecessor-version":[{"id":10525,"href":"https:\/\/hyphen.archi\/it\/wp-json\/wp\/v2\/pages\/8568\/revisions\/10525"}],"wp:attachment":[{"href":"https:\/\/hyphen.archi\/it\/wp-json\/wp\/v2\/media?parent=8568"}],"wp:term":[{"taxonomy":"expertise","embeddable":true,"href":"https:\/\/hyphen.archi\/it\/wp-json\/wp\/v2\/expertise?post=8568"},{"taxonomy":"location","embeddable":true,"href":"https:\/\/hyphen.archi\/it\/wp-json\/wp\/v2\/location?post=8568"},{"taxonomy":"sector","embeddable":true,"href":"https:\/\/hyphen.archi\/it\/wp-json\/wp\/v2\/sector?post=8568"}],"curies":[{"name":"wp","href":"https:\/\/api.w.org\/{rel}","templated":true}]}}